{"id":9,"date":"2013-05-04T17:43:12","date_gmt":"2013-05-04T17:43:12","guid":{"rendered":"http:\/\/localhost\/wordpress\/?page_id=9"},"modified":"2021-02-07T12:50:54","modified_gmt":"2021-02-07T12:50:54","slug":"aktuality-a-akce-2013","status":"publish","type":"page","link":"https:\/\/arcus-oc.org\/?page_id=9","title":{"rendered":"Aktuality a akce 2013"},"content":{"rendered":"<p>Vy\u0161lo dal\u0161\u00ed \u010d\u00edslo \u010dasopisu ARCUS\u00a0\u00a0<em><strong><span style=\"color: #000080;\"><a href=\"http:\/\/arcus-oc.org\/wordpress\/wp-content\/uploads\/2013\/05\/arcus-155.pdf\"><span style=\"color: #000080;\"> \u010d.155<\/span><\/a><\/span><\/strong><\/em>\u00a0. Ji\u017e m\u00e1me tak\u00e9 <span style=\"color: #008000;\">term\u00edny<\/span> rekondi\u010dn\u00edch pobyt\u016f na Montanii v Jizersk\u00fdch hor\u00e1ch a v Karlov\u00fdch Varech. Mezin\u00e1rodn\u00ed onkologick\u00fd kongres ve Znojm\u011b bude od <span style=\"color: #000000;\">3.10. do 4.10.2014<\/span>. Prvn\u00ed benefi\u010dn\u00ed akce v roce 2014 se uskute\u010dn\u00ed V kulturn\u00edm centru v Mohelnici <strong><span style=\"color: #008000;\">19.4.2014<\/span><\/strong> od 18 hod. s L\u00e1\u010fou K\u0159\u00ed\u017ekem a kapelou Herrgott.<\/p>\n<p><strong><span style=\"color: #008000;\">Mikul\u00e1\u0161k\u00e1 z\u00e1bava 30.11.2013 Kulturn\u00ed d\u016fm Lo\u0161tice<\/span><\/strong><\/p>\n<p>V Lostic\u00edch se uskute\u010dnila Mikul\u00e1\u0161sk\u00e1 z\u00e1bava na podporu vzd\u011bl\u00e1vac\u00edch program\u016f onkologick\u00fdch pacient\u016f. V programu vystoupil\u00a0Zlat\u00fd slav\u00edk 2012 a St\u0159\u00edbrn\u00fd slav\u00edk 2013 Tom\u00e1\u0161 Klus a kapela Herrgott.<\/p>\n<p><strong><span style=\"color: #0000ff;\"><a href=\"https:\/\/www.youtube.com\/watch?v=-S7dDMOgEfY\"><span style=\"color: #0000ff;\">videouk\u00e1zka z akce<\/span><\/a><\/span><\/strong><\/p>\n<p><a href=\"http:\/\/arcus-oc.org\/wordpress\/wp-content\/uploads\/2013\/05\/tom\u00e1\u0161-klus-3.jpg\"><img decoding=\"async\" loading=\"lazy\" class=\"alignnone size-medium wp-image-778\" alt=\"30.11.2013\" src=\"http:\/\/arcus-oc.org\/wordpress\/wp-content\/uploads\/2013\/05\/tom\u00e1\u0161-klus-3-211x300.jpg\" width=\"211\" height=\"300\" srcset=\"https:\/\/arcus-oc.org\/wordpress\/wp-content\/uploads\/2013\/05\/tom\u00e1\u0161-klus-3-211x300.jpg 211w, https:\/\/arcus-oc.org\/wordpress\/wp-content\/uploads\/2013\/05\/tom\u00e1\u0161-klus-3-176x250.jpg 176w, https:\/\/arcus-oc.org\/wordpress\/wp-content\/uploads\/2013\/05\/tom\u00e1\u0161-klus-3.jpg 494w\" sizes=\"(max-width: 211px) 100vw, 211px\" \/><\/a><\/p>\n<p><span style=\"color: #ff00ff;\"><a href=\"http:\/\/arcus-oc.org\/wordpress\/wp-content\/uploads\/2013\/05\/sponzo\u0159i-benef.akce_.pdf\"><span style=\"color: #ff00ff;\">sponzo\u0159i benefi\u010dn\u00ed akce 30.11.2013<\/span><\/a><\/span><\/p>\n<p><a href=\"http:\/\/www.irockshock.net\/modules.php?name=News&amp;file=article&amp;sid=3846\">\u010dl\u00e1nek z benefi\u010dn\u00ed akce<\/a><\/p>\n<p><strong><span style=\"color: #008000;\">Rekondi\u010dn\u00ed pobyt pro onkologick\u00e9 pacienty 5.11.-15.11.2013<\/span><\/strong><\/p>\n<p>Ve dnech 5.11.-15.11.2013 prob\u011bhl rekondi\u010dn\u00ed pobyt pro onkologick\u00e9 pacienty v Karlov\u00fdch Varech. V r\u00e1mci tohoto pobytu se uskute\u010dnil tak\u00e9 <strong><span style=\"color: #008000;\">Mezin\u00e1rodn\u00ed onkologick\u00fd kongres ve dnech 8.11. -10.11.2013\u00a0<\/span><\/strong> &#8211;\u00a0\u00a0<span style=\"color: #0000ff;\"><a href=\"http:\/\/arcus-oc.org\/wordpress\/wp-content\/uploads\/2013\/05\/MOK-2013-podzim-Karlovy-Vary.pdf\"><span style=\"color: #0000ff;\">program MOK 2013 Karlovy Vary<\/span><\/a>\u00a0a <strong><span style=\"color: #800080;\"><a href=\"http:\/\/arcus-oc.rajce.idnes.cz\/13.11.2013%2C_Karlovy_Vary_2013_podzim\/\"><span style=\"color: #800080;\">foto MOK 2013 Karlovy Vary<\/span><\/a><\/span><\/strong><\/span><strong><\/strong><\/p>\n<p><span style=\"color: #008000;\"><strong>Mezin\u00e1rodn\u00ed onkologick\u00fd kongres Znojmo 2013<\/strong><\/span><\/p>\n<p>Ve dnech 4.10.- 5.10.2013 prob\u011bhl ji\u017e tradi\u010dn\u011b ve Znojm\u011b v Louck\u00e9m kl\u00e1\u0161te\u0159e\u00a0 dal\u0161\u00ed Mezin\u00e1rodn\u00ed onkologick\u00fd kongres v Louck\u00e9m kl\u00e1\u0161te\u0159e ve Znojm\u011b viz<span style=\"color: #0000ff;\"><strong><em>\u00a0<a href=\"http:\/\/arcus-oc.org\/wordpress\/wp-content\/uploads\/2013\/05\/kongres-program.pdf\"><span style=\"color: #0000ff;\">program MOK 2013 Znojmo<\/span><\/a>\u00a0 a\u00a0\u00a0<\/em><\/strong><strong><em><a href=\"http:\/\/arcus-oc.rajce.idnes.cz\/06.10.2013%2C_Mezinarodni_onkologicky_kongres_Znojmo_2013%2C_www.arcus-oc.org\/\"><span style=\"color: #0000ff;\">foto z kongresu<\/span><\/a><\/em><\/strong><\/span><\/p>\n<p><strong><span style=\"font-family: Arial, sans-serif; color: #008000;\">Nov\u00e1 poradna pro rodiny s rakovinou v Prost\u011bjov\u011b<\/span><\/strong><\/p>\n<p><span style=\"font-family: Arial, sans-serif;\">Ob\u010dansk\u00e9 sdru\u017een\u00ed ARCUS \u2013 ONKO CENTRUM otev\u00edr\u00e1 od 4.9.2013 v\u00a0Prost\u011bjov\u011b novou poradnu pro rodiny s\u00a0rakovinou, d\u00edky podpo\u0159e sen\u00e1torky Bo\u017eeny Sekaninov\u00e9. Poradnu najdete p\u0159\u00edmo v\u00a0jej\u00ed region\u00e1ln\u00ed sen\u00e1torsk\u00e9 kancel\u00e1\u0159i na adrese: Prost\u011bjov,<\/span><span style=\"font-family: Arial, sans-serif;\">Rostislavova 5.<\/span><\/p>\n<p><span style=\"font-family: Arial, sans-serif;\">Posl\u00e1n\u00ed a c\u00edl poradny sm\u011b\u0159uje k tomu, aby lid\u00e9 v nep\u0159\u00edzniv\u00e9 \u017eivotn\u00ed situaci (p\u0159edev\u0161\u00edm onkologicky nemocn\u00ed klienti, jejich rodinn\u00ed p\u0159\u00edslu\u0161n\u00edci aj.) mohli \u017e\u00edt co nejl\u00e9pe b\u011b\u017en\u00fdm zp\u016fsobem \u017eivota a dostalo se jim z\u00e1kladn\u00edch pot\u0159ebn\u00fdch informac\u00ed, kter\u00e9 slou\u017e\u00ed k \u0159e\u0161en\u00ed jejich situace. Tato<\/span> <span style=\"font-family: Arial, sans-serif;\">poradna vznik\u00e1 v \u00a0r\u00e1mci projektu \u201eNejste sami\u201c, kter\u00fd je zam\u011b\u0159en na pomoc rodin\u00e1m, je\u017e maj\u00ed soci\u00e1ln\u00ed probl\u00e9my spojen\u00e9 s rakovinou. V\u00a0poradn\u011b se klienti dozv\u00ed o mo\u017enostech pomoci v soci\u00e1ln\u00ed oblasti a mo\u017enostech n\u00e1sledn\u00e9 p\u00e9\u010de apod. Touto poradnou nab\u00eddneme nov\u00e9 slu\u017eby v regionu s lep\u0161\u00ed dostupnost\u00ed pro seniory. Klient\u016fm pom\u016f\u017eeme zlep\u0161en\u00edm soci\u00e1ln\u00ed situace zapojit se zp\u011bt do norm\u00e1ln\u00edho \u017eivota. <\/span><\/p>\n<p><span style=\"font-family: Arial, sans-serif;\">Ka\u017edou st\u0159edu od 8 hod. do 12 hod. a od 12,30 hod. 16,30 hod. bude Bc.Hana \u0160op\u00edkov\u00e1 poskytovat poradenstv\u00ed zdarma a v\u00a0ostatn\u00ed dny dle telefonick\u00e9 domluvy na \u010d\u00edsle : 606\u00a0076\u00a0063 nebo e-mailem na <\/span><span style=\"color: #0000ff;\"><span style=\"text-decoration: underline;\"><a href=\"mailto:hana.sopikova.arcus@mail.cz\"><span style=\"font-family: Bookman Old Style, serif;\"><span style=\"font-size: large;\"><b>hana.sopikova.arcus@email.cz<\/b><\/span><\/span><\/a><\/span><\/span><\/p>\n<p>&nbsp;<\/p>\n<p><strong><span style=\"color: #008000;\">Benefi\u010dn\u00ed akce Rockov\u00e9 l\u00e9to 20.7.2013 are\u00e1l Ol\u0161e, \u010cERVENKA<\/span><\/strong><\/p>\n<p><a href=\"http:\/\/arcus-oc.org\/wordpress\/wp-content\/uploads\/2013\/05\/MSt1bPeyofdlP87eTrn5k7jLW455Jdzhhof0z2mtwy0EkCjSbLYSLMkc0-ZVKF_y0DTr_l4.jpg\"><img decoding=\"async\" loading=\"lazy\" class=\"alignnone size-medium wp-image-689\" alt=\"rockov\u00e9 l\u00e9to 2013\" src=\"http:\/\/arcus-oc.org\/wordpress\/wp-content\/uploads\/2013\/05\/MSt1bPeyofdlP87eTrn5k7jLW455Jdzhhof0z2mtwy0EkCjSbLYSLMkc0-ZVKF_y0DTr_l4-214x300.jpg\" width=\"214\" height=\"300\" srcset=\"https:\/\/arcus-oc.org\/wordpress\/wp-content\/uploads\/2013\/05\/MSt1bPeyofdlP87eTrn5k7jLW455Jdzhhof0z2mtwy0EkCjSbLYSLMkc0-ZVKF_y0DTr_l4-214x300.jpg 214w, https:\/\/arcus-oc.org\/wordpress\/wp-content\/uploads\/2013\/05\/MSt1bPeyofdlP87eTrn5k7jLW455Jdzhhof0z2mtwy0EkCjSbLYSLMkc0-ZVKF_y0DTr_l4-178x250.jpg 178w, https:\/\/arcus-oc.org\/wordpress\/wp-content\/uploads\/2013\/05\/MSt1bPeyofdlP87eTrn5k7jLW455Jdzhhof0z2mtwy0EkCjSbLYSLMkc0-ZVKF_y0DTr_l4.jpg 501w\" sizes=\"(max-width: 214px) 100vw, 214px\" \/><\/a><a href=\"http:\/\/arcus-oc.org\/wordpress\/wp-content\/uploads\/2013\/05\/HANAweb90x90.jpg\"><img decoding=\"async\" loading=\"lazy\" class=\"alignnone size-full wp-image-696\" alt=\"HANAweb90x90\" src=\"http:\/\/arcus-oc.org\/wordpress\/wp-content\/uploads\/2013\/05\/HANAweb90x90.jpg\" width=\"90\" height=\"90\" srcset=\"https:\/\/arcus-oc.org\/wordpress\/wp-content\/uploads\/2013\/05\/HANAweb90x90.jpg 90w, https:\/\/arcus-oc.org\/wordpress\/wp-content\/uploads\/2013\/05\/HANAweb90x90-48x48.jpg 48w\" sizes=\"(max-width: 90px) 100vw, 90px\" \/><\/a><a href=\"http:\/\/arcus-oc.org\/wordpress\/wp-content\/uploads\/2013\/05\/spot.mpeg\">spot<\/a><\/p>\n<p><strong><span style=\"color: #0000ff;\"><a href=\"http:\/\/arcus-oc.rajce.idnes.cz\/NOVE\"><span style=\"color: #0000ff;\">Area\u00e1l Ol\u0161e a TJ Sokol \u010cervenka-foto Luk\u00e1\u0161 Nosek<\/span><\/a><\/span><\/strong><a href=\"http:\/\/arcus-oc.org\/wordpress\/wp-content\/uploads\/2013\/05\/Logo-Luk\u00e1\u0161-Nosek.jpg\"><img decoding=\"async\" loading=\"lazy\" class=\"alignnone size-medium wp-image-707\" alt=\"Logo Luk\u00e1\u0161 Nosek\" src=\"http:\/\/arcus-oc.org\/wordpress\/wp-content\/uploads\/2013\/05\/Logo-Luk\u00e1\u0161-Nosek-300x93.jpg\" width=\"300\" height=\"93\" srcset=\"https:\/\/arcus-oc.org\/wordpress\/wp-content\/uploads\/2013\/05\/Logo-Luk\u00e1\u0161-Nosek-300x93.jpg 300w, https:\/\/arcus-oc.org\/wordpress\/wp-content\/uploads\/2013\/05\/Logo-Luk\u00e1\u0161-Nosek-1024x320.jpg 1024w, https:\/\/arcus-oc.org\/wordpress\/wp-content\/uploads\/2013\/05\/Logo-Luk\u00e1\u0161-Nosek-250x78.jpg 250w\" sizes=\"(max-width: 300px) 100vw, 300px\" \/><\/a><\/p>\n<p><strong><a href=\"http:\/\/www.rajce.net\/a8488282\">foto Vladim\u00edr Va\u0159eka<\/a><\/strong><\/p>\n<p><strong><span style=\"color: #008000;\">sp<a href=\"http:\/\/arcus-oc.org\/wordpress\/wp-content\/uploads\/2013\/05\/sponzo\u0159i-benef.akce-20.7.2013.doc\"><span style=\"color: #008000;\">onzo\u0159i benefi\u010dn\u00ed akce 20.7.2013<\/span><\/a><\/span><\/strong><\/p>\n<p>P\u0159e\u010dt\u011bte si zaj\u00edmav\u00fd\u00a0<strong><span style=\"color: #0000ff;\"><em><a href=\"http:\/\/arcus-oc.org\/wordpress\/wp-content\/uploads\/2013\/05\/Paraleln\u00ed-export-l\u00e9\u010div_MT.pdf\"><span style=\"color: #0000ff;\">\u010dl\u00e1nek Praleln\u00ed export l\u00e9\u010div<\/span><\/a>\u00a0<\/em><\/span><em><\/em><\/strong>o d\u016fsledc\u00edch p\u0159\u00edli\u0161 n\u00edzk\u00fdch cen l\u00e9k\u016f v\u00a0\u010cR \u2013 o v\u00fdvozu l\u00e9k\u016f do zahrani\u010d\u00ed, p\u0159i\u010dem\u017e se projevuje jejich nedostatek pro \u010desk\u00e9 pacienty.Jedn\u00e1 se paraleln\u00ed import neboli soub\u011b\u017en\u00fd dovoz l\u00e9k\u016f (fakticky to pro \u010cR znamen\u00e1 v\u00fdvoz), kter\u00fd je zaru\u010den evropskou sm\u011brnic\u00ed a pokud \u010desk\u00fd Parlament nep\u0159ijme zvl\u00e1\u0161tn\u00ed legislativn\u00ed opat\u0159en\u00ed (kter\u00e9 p\u0159ijali nap\u0159. Slovensk\u00e1 republika nebo Estonsko a uva\u017euj\u00ed o nich dal\u0161\u00ed st\u00e1ty), bude tento probl\u00e9m pokra\u010dovat a vzhledem ke st\u00e1le se sni\u017euj\u00edc\u00edm cen\u00e1m l\u00e9k\u016f se bude pravd\u011bpodobn\u011b i zvy\u0161ovat.<\/p>\n<p><strong><span style=\"color: #0000ff;\"><em><a href=\"http:\/\/arcus-oc.org\/wordpress\/wp-content\/uploads\/2013\/05\/arcus-154.pdf\"><span style=\"color: #0000ff;\">\u010casopis ARCUS \u010d.154<\/span><\/a><\/em><\/span><\/strong><\/p>\n<p><strong><em><span style=\"color: #008080;\"><span style=\"color: #008080;\"><span style=\"color: #008080;\"><a href=\"http:\/\/www.novinky.cz\/zena\/zdravi\/301598-celozivotni-boj-s-nadory-pani-ince-pomohla-az-specialni-protonova-lecba.html\">Speci\u00e1ln\u00ed protonov\u00e1 l\u00e9\u010dba<\/a><\/span><\/span><\/span><\/em><\/strong><\/p>\n<p>zpr\u00e1vy z protonov\u00e9ho centra: <em><span style=\"color: #008080;\"><a href=\"http:\/\/www.blesk.cz\/clanek\/zpravy-udalosti\/197916\/dana-36-ma-nador-u-mozku-dcera-vi-ze-uz-se-z-nemocnice-vratit-nemusim.html\"><span style=\"color: #008080;\">Dana m\u00e1 n\u00e1dor u mozku<\/span><\/a>\u00a0 ,\u00a0 <\/span><a href=\"http:\/\/www.ptc.cz\/media\/novinky\/z-ptc\/odchod-zamestnancu-od-vzp\/\">Odchod zam\u011bstnanc\u016f centra od VZP<\/a><\/em><\/p>\n<p>Rekondi\u010dn\u00ed pobyt Montanie &#8211; Jizersk\u00e9 hory <span style=\"color: #800000;\">14.5.-21.5.2013<\/span><\/p>\n<p>Pobytu se \u00fa\u010dastnili onkologi\u010dt\u00ed pacienti s rodinn\u00fdmi p\u0159\u00edslu\u0161n\u00edky z cel\u00e9 \u010cR. Pod\u00edvejte se na\u00a0<strong><span style=\"color: #0000ff;\"><a href=\"http:\/\/arcus-oc.rajce.idnes.cz\/21.05.2013%2C_Jizerske_hory_2013\/\"><span style=\"color: #0000ff;\">foto<\/span><\/a><\/span> <\/strong>z pobytu. <em><span style=\"color: #800000;\"><a href=\"http:\/\/www.jizerky.eu\/bila_nyni.php\"><span style=\"color: #800000;\">Protr\u017een\u00e1 p\u0159ehrada<\/span><\/a>.<\/span><\/em><\/p>\n<p><span style=\"color: #800000;\">8.4.2013<\/span> od 13 hod. do 17 hod. Horn\u00ed n\u00e1m\u011bst\u00ed Olomouc &#8211;\u00a0 <strong><span style=\"color: #008080;\"><a href=\"http:\/\/arcus-oc.rajce.idnes.cz\/08.04.2013%2C_SVETOVY_DEN_ZDRAVI_Olomouc\/#SVETOVY_DEN_ZDRAVI_Olomouc_011.jpg\"><span style=\"color: #008080;\">Sv\u011btov\u00fd den zdrav\u00ed<\/span><\/a><\/span><\/strong><\/p>\n<p><strong><em><span style=\"color: #0000ff;\"><a href=\"http:\/\/arcus-oc.rajce.idnes.cz\/08.04.2013%2C_SVETOVY_DEN_ZDRAVI_Olomouc\/\"><span style=\"color: #0000ff;\">foto a videa z akce<\/span><\/a><\/span><\/em><\/strong><\/p>\n<p><a href=\"http:\/\/arcus-oc.org\/wordpress\/wp-content\/uploads\/2013\/05\/SVETOVY_DEN_ZDRAVI_Olomouc_018.jpg\"><img decoding=\"async\" loading=\"lazy\" class=\"alignnone size-medium wp-image-547\" alt=\"SVETOVY_DEN_ZDRAVI_Olomouc_018\" src=\"http:\/\/arcus-oc.org\/wordpress\/wp-content\/uploads\/2013\/05\/SVETOVY_DEN_ZDRAVI_Olomouc_018-300x225.jpg\" width=\"265\" height=\"200\" srcset=\"https:\/\/arcus-oc.org\/wordpress\/wp-content\/uploads\/2013\/05\/SVETOVY_DEN_ZDRAVI_Olomouc_018-300x225.jpg 300w, https:\/\/arcus-oc.org\/wordpress\/wp-content\/uploads\/2013\/05\/SVETOVY_DEN_ZDRAVI_Olomouc_018-1024x768.jpg 1024w, https:\/\/arcus-oc.org\/wordpress\/wp-content\/uploads\/2013\/05\/SVETOVY_DEN_ZDRAVI_Olomouc_018.jpg 2000w\" sizes=\"(max-width: 265px) 100vw, 265px\" \/><\/a>\u00a0<a href=\"http:\/\/arcus-oc.org\/wordpress\/wp-content\/uploads\/2013\/05\/SVETOVY_DEN_ZDRAVI_Olomouc_016.jpg\"><img decoding=\"async\" loading=\"lazy\" class=\"alignnone size-medium wp-image-584\" alt=\"V.Va\u0159eka SVETOVY_DEN_ZDRAVI_Olomouc_016\" src=\"http:\/\/arcus-oc.org\/wordpress\/wp-content\/uploads\/2013\/05\/SVETOVY_DEN_ZDRAVI_Olomouc_016-300x225.jpg\" width=\"272\" height=\"209\" \/><\/a><\/p>\n<p>Benefi\u010dn\u00ed akce\u00a0 <strong><span style=\"color: #008080;\">Rockov\u00e9 velikonoce<\/span> <\/strong>dne <span style=\"color: #800000;\">30.3.2013<\/span> prob\u011bhla od 18 hod v Z\u00e1lo\u017en\u011b v Litovli na podporu pacientsk\u00fdch onkologick\u00fdch program\u016f bl\u00ed\u017ee BENEFI\u010cN\u00cd AKCE &#8211; Litovel 2013.<\/p>\n<p>Dne <span style=\"color: #800000;\">29.3.2013<\/span> od 12,30 hod. na \u010cT 1 v po\u0159adu <strong><span style=\"color: #008080;\"><a href=\"http:\/\/www.ceskatelevize.cz\/porady\/1148499747-sama-doma\/413236100171007\"><span style=\"color: #008080;\">Sama doma<\/span><\/a><\/span><\/strong>\u00a0<span style=\"color: #000000;\"> vystoupila <\/span>\u00a0Jana Ko\u017eelsk\u00e1 na onkologick\u00e9 t\u00e9ma.<\/p>\n<p><a href=\"http:\/\/arcus-oc.org\/wordpress\/wp-content\/uploads\/2013\/05\/Ct1_Ostrava_020.jpg\"><img decoding=\"async\" loading=\"lazy\" class=\"alignnone size-medium wp-image-597\" alt=\"Ct1_Ostrava_020\" src=\"http:\/\/arcus-oc.org\/wordpress\/wp-content\/uploads\/2013\/05\/Ct1_Ostrava_020-300x225.jpg\" width=\"169\" height=\"192\" \/><\/a>\u00a0 <a href=\"http:\/\/arcus-oc.org\/wordpress\/wp-content\/uploads\/2013\/05\/Ct1_Ostrava_002.jpg\"><img decoding=\"async\" loading=\"lazy\" class=\"alignnone size-medium wp-image-598\" alt=\"Ct1_Ostrava_002\" src=\"http:\/\/arcus-oc.org\/wordpress\/wp-content\/uploads\/2013\/05\/Ct1_Ostrava_002-300x225.jpg\" width=\"178\" height=\"135\" srcset=\"https:\/\/arcus-oc.org\/wordpress\/wp-content\/uploads\/2013\/05\/Ct1_Ostrava_002-300x225.jpg 300w, https:\/\/arcus-oc.org\/wordpress\/wp-content\/uploads\/2013\/05\/Ct1_Ostrava_002-1024x768.jpg 1024w, https:\/\/arcus-oc.org\/wordpress\/wp-content\/uploads\/2013\/05\/Ct1_Ostrava_002.jpg 2000w\" sizes=\"(max-width: 178px) 100vw, 178px\" \/><\/a>\u00a0\u00a0<a href=\"http:\/\/arcus-oc.org\/wordpress\/wp-content\/uploads\/2013\/05\/Ct1_Ostrava_013.jpg\"><img decoding=\"async\" loading=\"lazy\" class=\"alignnone size-medium wp-image-600\" alt=\"Ct1_Ostrava_013\" src=\"http:\/\/arcus-oc.org\/wordpress\/wp-content\/uploads\/2013\/05\/Ct1_Ostrava_013-300x225.jpg\" width=\"173\" height=\"137\" \/><\/a><\/p>\n<p><strong><span style=\"color: #0000ff;\">\u00a0\u00a0\u00a0\u00a0\u00a0\u00a0\u00a0\u00a0<\/span><\/strong><span style=\"color: #0000ff;\"><em>\u00a0<a href=\"http:\/\/arcus-oc.rajce.idnes.cz\/10.05.2013%2C_Ct1_Ostrava\/\"><span style=\"color: #0000ff;\">foto ze studia<\/span><\/a><\/em><\/span><strong><span style=\"color: #0000ff;\">\u00a0\u00a0\u00a0\u00a0\u00a0\u00a0\u00a0\u00a0\u00a0\u00a0\u00a0\u00a0\u00a0<\/span> <\/strong><span style=\"color: #0000ff;\"><em><a href=\"http:\/\/www.ceskatelevize.cz\/porady\/1148499747-sama-doma\/413236100171007\"><span style=\"color: #0000ff;\">po\u0159ad Sama doma<\/span><\/a><\/em><\/span><\/p>\n<p><strong><span style=\"color: #008080;\">Smutn\u00e9 ud\u00e1losti<\/span><\/strong><\/p>\n<p>Dne 30.3.2013 zem\u0159ela <strong><span style=\"color: #008080;\">Anna Kubov\u00e1<\/span> <\/strong>z Ma\u0161ovic, kter\u00e1 n\u00e1m pom\u00e1hala od vzniku v ARCUS &#8211; OC ve Znojm\u011b. Bude st\u00e1le v na\u0161ich srdc\u00edch.<\/p>\n<p><a href=\"http:\/\/arcus-oc.org\/wordpress\/wp-content\/uploads\/2013\/05\/Anna-Kubova.jpg\"><img decoding=\"async\" loading=\"lazy\" class=\"alignnone size-medium wp-image-605\" alt=\"Anna Kubov\u00e1\" src=\"http:\/\/arcus-oc.org\/wordpress\/wp-content\/uploads\/2013\/05\/Anna-Kubova-199x300.jpg\" width=\"151\" height=\"222\" \/><\/a>\u00a0\u00a0\u00a0\u00a0\u00a0\u00a0\u00a0<a href=\"http:\/\/arcus-oc.org\/wordpress\/wp-content\/uploads\/2013\/05\/osobnost-dusek_pavel1.jpg\"><img decoding=\"async\" loading=\"lazy\" class=\"alignnone size-medium wp-image-613\" alt=\"osobnost-dusek_pavel1\" src=\"http:\/\/arcus-oc.org\/wordpress\/wp-content\/uploads\/2013\/05\/osobnost-dusek_pavel1-221x300.jpg\" width=\"173\" height=\"233\" \/><\/a><\/p>\n<p>Zem\u0159el <strong><span style=\"color: #008080;\"><a href=\"http:\/\/www.vlada.cz\/cz\/ppov\/vvzpo\/aktuality\/zemrel-ing--pavel-dusek-102378\/\"><span style=\"color: #008080;\">Ing.Pavel Du\u0161ek<\/span><\/a><\/span><\/strong>\u00a0inici\u00e1tor a ispir\u00e1tor hnut\u00ed osob se zdravotn\u00edm posto\u017een\u00edm, spojovatel lid\u00ed.<\/p>\n<p><strong><span style=\"color: #008080;\"><a href=\"http:\/\/arcticheat.cz\/index.php\/chemoterapie-a-chlazeni-hlavy\"><span style=\"color: #008080;\">Chladiv\u00e9 \u010dapky<\/span><\/a>&#8211;<\/span><\/strong> nov\u00e1 pomoc pacient\u016fm, kte\u0159\u00ed podstupuj\u00ed chemoterapii<\/p>\n<p>Od <span style=\"color: #800000;\">14.3. do 24.3. 2013<\/span> prob\u011bhl rekondi\u010dn\u00ed pobyt v Karlov\u00fdch Varech.<\/p>\n<p><em><strong><span style=\"color: #0000ff;\"><a href=\"http:\/\/arcus-oc.rajce.idnes.cz\/08.04.2013_Karlovy_Vary_jaro\/\"><span style=\"color: #0000ff;\">foto Karlovy Vary jaro 2013<\/span><\/a><\/span><\/strong><\/em><\/p>\n<p>Dne 20.3.2013 od 16 hod.Praha &#8211; p\u0159edn\u00e1\u0161ka Jak se (ne)otr\u00e1vit &#8211; o nevhodn\u00fdch kombinac\u00edch potravin, zp\u016fsobech \u00fapravy a nevhodn\u00fdch \u00fa\u010dinc\u00edch na organizmus<\/p>\n<p>Hl\u00edda\u010d koul\u00ed\u00a0 pro chytr\u00e9 telefony\u00a0 O n\u00e1dorech varlat se moc nemluv\u00ed a p\u0159itom by mu\u017ei od 15 do 40 let m\u011bli b\u00fdt o tomto informov\u00e1ni. Bl\u00ed\u017ee na <strong><span style=\"color: #008080;\"><a href=\"http:\/\/www.hlidackouli.cz\/\" target=\"_blank\"><span style=\"color: #008080;\">www.hlidackouli.cz<\/span><\/a><\/span><\/strong><\/p>\n<p><strong><span style=\"color: #008000;\"><a href=\"http:\/\/www.hlasprozivot.cz\/\"><span style=\"color: #008000;\">hlas pro \u017eivot<\/span><\/a>\u00a0\u00a0 &#8211; <span style=\"color: #800000;\">h<\/span><span style=\"color: #800000;\">lasujte pro podporu\u00a0tohoto \u0161pi\u010dkov\u00e9ho \u00a0centra na sv\u011bt\u011b pro l\u00e9\u010dbu rakoviny<\/span><\/span><\/strong><\/p>\n<p><span style=\"font-family: Arial;\"><b><span style=\"color: #008080;\">Semin\u00e1\u0159 26.2.2013<\/span> <\/b>\u201eRealizovan\u00e9 projekty v \u010desko-polsk\u00e9m p\u0159\u00edhrani\u010d\u00ed Olomouck\u00e9ho kraje a p\u0159\u00edprava budouc\u00edho programov\u00e9ho obdob\u00ed 2014-2020\u201c. \u010cl\u00e1nek o semin\u00e1\u0159i je na str\u00e1nk\u00e1ch kraje http:\/\/www.kr-olomoucky.cz\/olomoucky-kraj-usporadal-seminar-k-preshranicni-spolupraci-s-polskem-aktuality-1648.html a bude tak\u00e9 v b\u0159eznov\u00e9m vyd\u00e1n\u00ed M\u011bs\u00ed\u010dn\u00edku Olomouck\u00fd kraj.<\/span><\/p>\n<p><a href=\"http:\/\/arcus-oc.org\/wordpress\/wp-content\/uploads\/2013\/05\/seminar-26.2.2013-kraj-2.jpg\"><img decoding=\"async\" loading=\"lazy\" class=\"alignnone size-medium wp-image-614\" alt=\"seminar 26.2.2013 kraj 2\" src=\"http:\/\/arcus-oc.org\/wordpress\/wp-content\/uploads\/2013\/05\/seminar-26.2.2013-kraj-2-300x225.jpg\" width=\"169\" height=\"160\" \/><\/a><a href=\"http:\/\/arcus-oc.org\/wordpress\/wp-content\/uploads\/2013\/05\/seminar-26.2.2013-kraj-3.jpg\"><img decoding=\"async\" loading=\"lazy\" class=\"alignnone size-medium wp-image-615\" alt=\"seminar 26.2.2013 kraj 3\" src=\"http:\/\/arcus-oc.org\/wordpress\/wp-content\/uploads\/2013\/05\/seminar-26.2.2013-kraj-3-300x225.jpg\" width=\"171\" height=\"141\" \/><\/a><a href=\"http:\/\/arcus-oc.org\/wordpress\/wp-content\/uploads\/2013\/05\/semin\u00e1\u0159-26.2.2013-kraj.jpg\"><img decoding=\"async\" loading=\"lazy\" class=\"alignnone size-medium wp-image-616\" alt=\"semin\u00e1\u0159 26.2.2013 kraj\" src=\"http:\/\/arcus-oc.org\/wordpress\/wp-content\/uploads\/2013\/05\/semin\u00e1\u0159-26.2.2013-kraj-300x225.jpg\" width=\"166\" height=\"134\" \/><\/a><\/p>\n","protected":false},"excerpt":{"rendered":"<p>Vy\u0161lo dal\u0161\u00ed \u010d\u00edslo \u010dasopisu ARCUS\u00a0\u00a0 \u010d.155\u00a0. Ji\u017e m\u00e1me tak\u00e9 term\u00edny rekondi\u010dn\u00edch pobyt\u016f na Montanii v Jizersk\u00fdch hor\u00e1ch a v Karlov\u00fdch Varech. Mezin\u00e1rodn\u00ed onkologick\u00fd kongres ve Znojm\u011b bude od 3.10. do 4.10.2014. Prvn\u00ed benefi\u010dn\u00ed akce v roce 2014 se uskute\u010dn\u00ed V kulturn\u00edm centru v Mohelnici 19.4.2014 od 18 hod. s L\u00e1\u010fou K\u0159\u00ed\u017ekem a kapelou Herrgott. Mikul\u00e1\u0161k\u00e1 [&hellip;]<\/p>\n","protected":false},"author":1,"featured_media":344,"parent":0,"menu_order":0,"comment_status":"open","ping_status":"open","template":"","meta":[],"_links":{"self":[{"href":"https:\/\/arcus-oc.org\/index.php?rest_route=\/wp\/v2\/pages\/9"}],"collection":[{"href":"https:\/\/arcus-oc.org\/index.php?rest_route=\/wp\/v2\/pages"}],"about":[{"href":"https:\/\/arcus-oc.org\/index.php?rest_route=\/wp\/v2\/types\/page"}],"author":[{"embeddable":true,"href":"https:\/\/arcus-oc.org\/index.php?rest_route=\/wp\/v2\/users\/1"}],"replies":[{"embeddable":true,"href":"https:\/\/arcus-oc.org\/index.php?rest_route=%2Fwp%2Fv2%2Fcomments&post=9"}],"version-history":[{"count":84,"href":"https:\/\/arcus-oc.org\/index.php?rest_route=\/wp\/v2\/pages\/9\/revisions"}],"predecessor-version":[{"id":3079,"href":"https:\/\/arcus-oc.org\/index.php?rest_route=\/wp\/v2\/pages\/9\/revisions\/3079"}],"wp:featuredmedia":[{"embeddable":true,"href":"https:\/\/arcus-oc.org\/index.php?rest_route=\/wp\/v2\/media\/344"}],"wp:attachment":[{"href":"https:\/\/arcus-oc.org\/index.php?rest_route=%2Fwp%2Fv2%2Fmedia&parent=9"}],"curies":[{"name":"wp","href":"https:\/\/api.w.org\/{rel}","templated":true}]}}