{"id":890,"date":"2014-01-26T17:08:18","date_gmt":"2014-01-26T17:08:18","guid":{"rendered":"http:\/\/arcus-oc.org\/?page_id=890"},"modified":"2016-02-04T06:29:15","modified_gmt":"2016-02-04T06:29:15","slug":"parizska-charta-proti-rakovine-a-svetovy-den-proti-rakovine","status":"publish","type":"page","link":"https:\/\/arcus-oc.org\/?page_id=890","title":{"rendered":"Pa\u0159\u00ed\u017esk\u00e1 charta proti rakovin\u011b a sv\u011btov\u00fd den proti rakovin\u011b"},"content":{"rendered":"<p align=\"LEFT\">Po\u010d\u00e1tkem roku 2000 se na Pa\u0159\u00ed\u017esk\u00e9 radnici se\u0161la v\u00edce ne\u017e stovka z\u00e1stupc\u016f vl\u00e1d, sdru\u017een\u00ed na obranu pr\u00e1v pacient\u016f a organizac\u00ed a podnik\u016f zapojen\u00fdch ve v\u00fdzkumu rakoviny p\u0159i p\u0159\u00edle\u017eitosti prvn\u00edho Sv\u011btov\u00e9ho summitu proti rakovin\u011b. Sv\u00e9 \u00fasil\u00ed vym\u00fdtit tuto z\u00e1ke\u0159nou nemoc z na\u0161\u00ed planety stvrdili podeps\u00e1n\u00edm Pa\u0159\u00ed\u017esk\u00e9 charty proti rakovin\u011b,kter\u00e1 zahajuje prvn\u00ed mezin\u00e1rodn\u00ed kampa\u0148 proti rakovin\u011b nov\u00e9ho tis\u00edcilet\u00ed. Jej\u00edm c\u00edlem je zlep\u0161it l\u00e9\u010dbu a v\u00fdzkum n\u00e1dorov\u00fdch onemocn\u011bn\u00ed v\u0161ude ve sv\u011bt\u011b umo\u017enit pacient\u016fm dobrou informovanost\u00ed bojovat s nemoc\u00ed. Tohoto v\u00fdznamn\u00e9ho aktu se z \u010cesk\u00e9 republiky z\u00fa\u010dastnila Jana Ko\u017eelsk\u00e1, p\u0159edsedkyn\u011b p\u0159edstavenstva ARCUS &#8211; ONKO CE3NTRUM.<\/p>\n<p align=\"LEFT\"><strong><em><span style=\"color: #33cccc;\"><a href=\"http:\/\/www.youtube.com\/watch?v=CsBQHXdKOEI\" target=\"_blank\"><span style=\"color: #33cccc;\">http:\/\/www.youtube.com\/watch?v=CsBQHXdKOEI<\/span><\/a><\/span><\/em><\/strong><\/p>\n<p>\u00a0<a href=\"http:\/\/arcus-oc.org\/wordpress\/wp-content\/uploads\/2014\/01\/Obrzek5.jpg\"><img decoding=\"async\" loading=\"lazy\" class=\"alignnone size-medium wp-image-877\" style=\"width: 341px;\" alt=\"pospis charty\" src=\"http:\/\/arcus-oc.org\/wordpress\/wp-content\/uploads\/2014\/01\/Obrzek5-300x212.jpg\" width=\"223\" height=\"213\" \/><\/a>\u00a0 <a href=\"http:\/\/arcus-oc.org\/wordpress\/wp-content\/uploads\/2014\/01\/Obrzek9.jpg\"><img decoding=\"async\" loading=\"lazy\" class=\"alignnone size-medium wp-image-874\" style=\"width: 185px;\" alt=\"Oblouk Pa\u0159\u00ed\u017e\" src=\"http:\/\/arcus-oc.org\/wordpress\/wp-content\/uploads\/2014\/01\/Obrzek9-300x292.jpg\" width=\"300\" height=\"139\" \/><\/a><a href=\"http:\/\/arcus-oc.org\/wordpress\/wp-content\/uploads\/2014\/01\/foto-Charta.jpg\"><img decoding=\"async\" loading=\"lazy\" class=\"alignnone size-full wp-image-873\" alt=\"foto Charta\" src=\"http:\/\/arcus-oc.org\/wordpress\/wp-content\/uploads\/2014\/01\/foto-Charta.jpg\" width=\"204\" height=\"152\" \/><\/a>\u00a0<a href=\"http:\/\/arcus-oc.org\/wordpress\/wp-content\/uploads\/2014\/01\/Obrzek3.jpg\"><img decoding=\"async\" loading=\"lazy\" class=\"alignnone size-medium wp-image-871\" style=\"width: 142px;\" alt=\"Chiracov\u00e1 prezident.pal\u00e1c\" src=\"http:\/\/arcus-oc.org\/wordpress\/wp-content\/uploads\/2014\/01\/Obrzek3-300x225.jpg\" width=\"169\" height=\"96\" \/><\/a>\u00a0<a href=\"http:\/\/arcus-oc.org\/wordpress\/wp-content\/uploads\/2014\/01\/foto-pariz-jana.jpg\"><img decoding=\"async\" loading=\"lazy\" class=\"alignnone size-full wp-image-870\" alt=\"Jana Ko\u017eelsk\u00e1 Pa\u0159\u00ed\u017esk\u00e1 radnice\" src=\"http:\/\/arcus-oc.org\/wordpress\/wp-content\/uploads\/2014\/01\/foto-pariz-jana.jpg\" width=\"148\" height=\"107\" \/><\/a><\/p>\n<p><span style=\"color: #008000;\"><em><strong><a href=\"http:\/\/arcus-oc.org\/wordpress\/wp-content\/uploads\/2014\/01\/Pa\u0159\u00ed\u017esk\u00e1-charta-proti-rakovin\u011b-nov\u00e9-2.pdf\"><span style=\"color: #008000;\">Pa\u0159\u00ed\u017esk\u00e1 charta proti rakovin\u011b<\/span><\/a><\/strong><\/em><\/span><\/p>\n<p><strong><span style=\"color: #800000;\">Informace a t\u00e9mata v roce 2016 :<\/span> <em><span style=\"color: #0000ff;\"><span style=\"color: #000080;\">\u00a0<a href=\"http:\/\/arcus-oc.org\/?page_id=1615\"><span style=\"color: #000080;\">Sv\u011btov\u00fd den 4.2.2016<\/span><\/a><\/span><a href=\"http:\/\/arcus-oc.org\/?page_id=164\"><span style=\"color: #0000ff;\"><br \/>\n<\/span><\/a><\/span><\/em><\/strong><\/p>\n<p><span style=\"color: #008000;\"><strong><em><a href=\"http:\/\/arcus-oc.org\/wordpress\/wp-content\/uploads\/2014\/01\/20140204_TZ_V-prevenci-a-dostupnosti-modern\u00ed-l\u00e9\u010dby-onkologick\u00fdch-pacient\u016f-m\u00e1me-v-\u010cesku-st\u00e1le-rezervy.pdf\"><span style=\"color: #008000;\">V prevenci a dostupnosti modern\u00ed l\u00e9\u010dby onkologick\u00fdch pacient\u016f m\u00e1me v \u010cesku st\u00e1le rezervy<\/span><\/a><\/em><\/strong><\/span><\/p>\n<p><strong><em><span style=\"color: #ff0000;\"><a href=\"http:\/\/www.worldcancerday.org\/dosomething\"><span style=\"color: #ff0000;\">Sv\u011btov\u00fd den proti rakovin\u011b 4.2.2014<\/span><\/a><\/span><\/em><\/strong><\/p>\n<p><strong><em><span style=\"color: #993300;\">\u00a0<a href=\"http:\/\/arcus-oc.org\/wordpress\/wp-content\/uploads\/2014\/01\/Talking-Points_Xalkori_Aug2013.pdf\"><span style=\"color: #993300;\">XALKORI<\/span><\/a>\u00a0<\/span><\/em><\/strong><\/p>\n<p align=\"LEFT\">Xalkori je p\u0159\u00edpravek indikovan\u00fd k l\u00e9\u010db\u011b dosp\u011bl\u00fdch pacient\u016f s ji\u017e d\u0159\u00edve l\u00e9\u010den\u00fdm pokro\u010dil\u00fdm nemalobun\u011b\u010dn\u00fdm karcinomem plic<span style=\"font-family: Calibri; font-size: medium;\"><span style=\"font-family: Calibri; font-size: medium;\">(NSCLC) <\/span><\/span><span style=\"font-family: Calibri; font-size: medium;\"><span style=\"font-family: Calibri; font-size: medium;\">pozitivn\u00edm na kin\u00e1zu anaplastick\u00e9ho lymfomu<\/span><\/span><\/p>\n<p align=\"LEFT\"><strong><em><span style=\"color: #0000ff;\"><a href=\"http:\/\/arcus-oc.org\/wordpress\/wp-content\/uploads\/2014\/01\/Ceska-onkologicka-pece-ma-rezervy.pdf\"><span style=\"color: #0000ff;\">\u010cesk\u00e1 onkologick\u00e1 p\u00e9\u010de m\u00e1 rezervy<\/span><\/a><\/span><\/em><\/strong><\/p>\n<p align=\"LEFT\"><strong><em><span style=\"color: #000080;\"><a href=\"http:\/\/arcus-oc.org\/wordpress\/wp-content\/uploads\/2014\/01\/koment\u00e1\u0159e-k-l\u00e9\u010db\u011b-onkologick\u00fdch-onemocn\u011bn\u00ed.pdf\"><span style=\"color: #000080;\">Koment\u00e1\u0159e k l\u00e9\u010db\u011b onkologick\u00fdch onemocn\u011bn\u00ed<\/span><\/a><\/span><\/em><\/strong><\/p>\n","protected":false},"excerpt":{"rendered":"<p>Po\u010d\u00e1tkem roku 2000 se na Pa\u0159\u00ed\u017esk\u00e9 radnici se\u0161la v\u00edce ne\u017e stovka z\u00e1stupc\u016f vl\u00e1d, sdru\u017een\u00ed na obranu pr\u00e1v pacient\u016f a organizac\u00ed a podnik\u016f zapojen\u00fdch ve v\u00fdzkumu rakoviny p\u0159i p\u0159\u00edle\u017eitosti prvn\u00edho Sv\u011btov\u00e9ho summitu proti rakovin\u011b. Sv\u00e9 \u00fasil\u00ed vym\u00fdtit tuto z\u00e1ke\u0159nou nemoc z na\u0161\u00ed planety stvrdili podeps\u00e1n\u00edm Pa\u0159\u00ed\u017esk\u00e9 charty proti rakovin\u011b,kter\u00e1 zahajuje prvn\u00ed mezin\u00e1rodn\u00ed kampa\u0148 proti rakovin\u011b nov\u00e9ho [&hellip;]<\/p>\n","protected":false},"author":1,"featured_media":0,"parent":0,"menu_order":0,"comment_status":"closed","ping_status":"open","template":"","meta":[],"_links":{"self":[{"href":"https:\/\/arcus-oc.org\/index.php?rest_route=\/wp\/v2\/pages\/890"}],"collection":[{"href":"https:\/\/arcus-oc.org\/index.php?rest_route=\/wp\/v2\/pages"}],"about":[{"href":"https:\/\/arcus-oc.org\/index.php?rest_route=\/wp\/v2\/types\/page"}],"author":[{"embeddable":true,"href":"https:\/\/arcus-oc.org\/index.php?rest_route=\/wp\/v2\/users\/1"}],"replies":[{"embeddable":true,"href":"https:\/\/arcus-oc.org\/index.php?rest_route=%2Fwp%2Fv2%2Fcomments&post=890"}],"version-history":[{"count":15,"href":"https:\/\/arcus-oc.org\/index.php?rest_route=\/wp\/v2\/pages\/890\/revisions"}],"predecessor-version":[{"id":1674,"href":"https:\/\/arcus-oc.org\/index.php?rest_route=\/wp\/v2\/pages\/890\/revisions\/1674"}],"wp:attachment":[{"href":"https:\/\/arcus-oc.org\/index.php?rest_route=%2Fwp%2Fv2%2Fmedia&parent=890"}],"curies":[{"name":"wp","href":"https:\/\/api.w.org\/{rel}","templated":true}]}}