{"id":853,"date":"2014-01-07T23:36:55","date_gmt":"2014-01-07T23:36:55","guid":{"rendered":"http:\/\/arcus-oc.org\/?page_id=853"},"modified":"2016-03-02T09:58:30","modified_gmt":"2016-03-02T09:58:30","slug":"darcovska-sms","status":"publish","type":"page","link":"https:\/\/arcus-oc.org\/?page_id=853","title":{"rendered":"DMS"},"content":{"rendered":"<p><strong><span style=\"color: #ff0000;\">Zas\u00edl\u00e1n\u00ed na DMS bylo ukon\u010deno 20.10.2014!<\/span><\/strong><\/p>\n<p><a href=\"http:\/\/www.darcovskasms.cz\/\"><img decoding=\"async\" loading=\"lazy\" class=\" wp-image-854\" style=\"width: 454px;\" alt=\"dms\" src=\"http:\/\/arcus-oc.org\/wordpress\/wp-content\/uploads\/2014\/01\/dms.png\" width=\"600\" height=\"296\" \/><\/a><\/p>\n","protected":false},"excerpt":{"rendered":"<p>Zas\u00edl\u00e1n\u00ed na DMS bylo ukon\u010deno 20.10.2014!<\/p>\n","protected":false},"author":1,"featured_media":0,"parent":0,"menu_order":0,"comment_status":"closed","ping_status":"open","template":"","meta":[],"_links":{"self":[{"href":"https:\/\/arcus-oc.org\/index.php?rest_route=\/wp\/v2\/pages\/853"}],"collection":[{"href":"https:\/\/arcus-oc.org\/index.php?rest_route=\/wp\/v2\/pages"}],"about":[{"href":"https:\/\/arcus-oc.org\/index.php?rest_route=\/wp\/v2\/types\/page"}],"author":[{"embeddable":true,"href":"https:\/\/arcus-oc.org\/index.php?rest_route=\/wp\/v2\/users\/1"}],"replies":[{"embeddable":true,"href":"https:\/\/arcus-oc.org\/index.php?rest_route=%2Fwp%2Fv2%2Fcomments&post=853"}],"version-history":[{"count":6,"href":"https:\/\/arcus-oc.org\/index.php?rest_route=\/wp\/v2\/pages\/853\/revisions"}],"predecessor-version":[{"id":1719,"href":"https:\/\/arcus-oc.org\/index.php?rest_route=\/wp\/v2\/pages\/853\/revisions\/1719"}],"wp:attachment":[{"href":"https:\/\/arcus-oc.org\/index.php?rest_route=%2Fwp%2Fv2%2Fmedia&parent=853"}],"curies":[{"name":"wp","href":"https:\/\/api.w.org\/{rel}","templated":true}]}}