{"id":84,"date":"2013-05-04T17:46:47","date_gmt":"2013-05-04T17:46:47","guid":{"rendered":"http:\/\/localhost\/wordpress\/?page_id=84"},"modified":"2024-10-01T18:44:30","modified_gmt":"2024-10-01T18:44:30","slug":"clenska-prihlaska","status":"publish","type":"page","link":"https:\/\/arcus-oc.org\/?page_id=84","title":{"rendered":"\u010dlensk\u00e1 p\u0159ihl\u00e1\u0161ka"},"content":{"rendered":"<p>\u010clenem ARCUS &#8211; OC se stanete po vypln\u011bn\u00ed p\u0159ihl\u00e1\u0161ky, \u00a0jej\u00edm odesl\u00e1n\u00edm na ARCUS &#8211; ONKO CENTRUM Je\u0161ov 24, 783 24 Slav\u011bt\u00edn a uhrazen\u00edm \u010dlensk\u00e9ho p\u0159\u00edsp\u011bvku v minim\u00e1ln\u00ed v\u00fd\u0161i 500 K\u010d na \u00fa\u010det \u010d\u00edslo 2700226536 k\u00f3d banky 2010 &#8211; FIO Banka Olomouc. Stanete se tak na\u0161\u00edm dotuj\u00edc\u00edm \u010dlenem.<\/p>\n<p><strong><em><span style=\"color: #008000;\"><a href=\"http:\/\/arcus-oc.org\/wordpress\/wp-content\/uploads\/2013\/05\/dotujici-clen-nova.pdf\"><span style=\"color: #008000;\">\u010dlensk\u00e1 p\u0159ihl\u00e1\u0161ka<\/span><\/a><\/span><\/em><\/strong><\/p>\n","protected":false},"excerpt":{"rendered":"<p>\u010clenem ARCUS &#8211; OC se stanete po vypln\u011bn\u00ed p\u0159ihl\u00e1\u0161ky, \u00a0jej\u00edm odesl\u00e1n\u00edm na ARCUS &#8211; ONKO CENTRUM Je\u0161ov 24, 783 24 Slav\u011bt\u00edn a uhrazen\u00edm \u010dlensk\u00e9ho p\u0159\u00edsp\u011bvku v minim\u00e1ln\u00ed v\u00fd\u0161i 500 K\u010d na \u00fa\u010det \u010d\u00edslo 2700226536 k\u00f3d banky 2010 &#8211; FIO Banka Olomouc. Stanete se tak na\u0161\u00edm dotuj\u00edc\u00edm \u010dlenem. \u010dlensk\u00e1 p\u0159ihl\u00e1\u0161ka<\/p>\n","protected":false},"author":1,"featured_media":0,"parent":0,"menu_order":0,"comment_status":"open","ping_status":"open","template":"","meta":[],"_links":{"self":[{"href":"https:\/\/arcus-oc.org\/index.php?rest_route=\/wp\/v2\/pages\/84"}],"collection":[{"href":"https:\/\/arcus-oc.org\/index.php?rest_route=\/wp\/v2\/pages"}],"about":[{"href":"https:\/\/arcus-oc.org\/index.php?rest_route=\/wp\/v2\/types\/page"}],"author":[{"embeddable":true,"href":"https:\/\/arcus-oc.org\/index.php?rest_route=\/wp\/v2\/users\/1"}],"replies":[{"embeddable":true,"href":"https:\/\/arcus-oc.org\/index.php?rest_route=%2Fwp%2Fv2%2Fcomments&post=84"}],"version-history":[{"count":6,"href":"https:\/\/arcus-oc.org\/index.php?rest_route=\/wp\/v2\/pages\/84\/revisions"}],"predecessor-version":[{"id":3521,"href":"https:\/\/arcus-oc.org\/index.php?rest_route=\/wp\/v2\/pages\/84\/revisions\/3521"}],"wp:attachment":[{"href":"https:\/\/arcus-oc.org\/index.php?rest_route=%2Fwp%2Fv2%2Fmedia&parent=84"}],"curies":[{"name":"wp","href":"https:\/\/api.w.org\/{rel}","templated":true}]}}