{"id":837,"date":"2014-01-07T22:48:31","date_gmt":"2014-01-07T22:48:31","guid":{"rendered":"http:\/\/arcus-oc.org\/?page_id=837"},"modified":"2015-01-10T18:34:00","modified_gmt":"2015-01-10T18:34:00","slug":"beneficni-akce-2014","status":"publish","type":"page","link":"https:\/\/arcus-oc.org\/?page_id=837","title":{"rendered":"Benefi\u010dn\u00ed akce 2014"},"content":{"rendered":"<p><span style=\"color: #339966;\">13.12.2014<\/span> prob\u011bhla v\u00a0kulturn\u00edm dom\u011b v \u00a0Mohelnici benefi\u010dn\u00ed akce od 18 hod. V programu vystoupila kapela <span style=\"color: #0000ff;\"><strong><em><a href=\"http:\/\/www.argema.cz\/\"><span style=\"color: #0000ff;\">Argema<\/span><\/a>\u00a0<span style=\"color: #000000;\">a kapela<\/span> Herrgott. <\/em><\/strong><\/span><\/p>\n<p><span style=\"color: #000080;\"><strong><em>\u00a0<span style=\"color: #0000ff;\"><a href=\"https:\/\/www.youtube.com\/watch?v=bUjorl6k1TI#t=52\"><span style=\"color: #0000ff;\">Benefi\u010dn\u00ed akce 13.12.2014 &#8211; video<\/span><\/a><\/span><\/em><\/strong><\/span><\/p>\n<p><span style=\"color: #000080;\"><strong><em>\u00a0foto na:<\/em><\/strong><\/span><\/p>\n<p><span style=\"color: #000080;\"><strong><em><span style=\"color: #008000;\"><a href=\"http:\/\/arcus-oc.rajce.idnes.cz\/13.12.2014_Mikulasska_s_Argemou\" target=\"_blank\"><span style=\"color: #008000;\">http:\/\/arcus-oc.rajce.idnes.cz\/13.12.2014_Mikulasska_s_Argemou<\/span><\/a><\/span><\/em><br \/>\n<em><span style=\"color: #008000;\"><a href=\"http:\/\/arcus-oc.rajce.idnes.cz\/Mikulasska_Mohelnice_13.12.2014_Argema_a_Herrgott\" target=\"_blank\"><span style=\"color: #008000;\">http:\/\/arcus-oc.rajce.idnes.cz\/Mikulasska_Mohelnice_13.12.2014_Argema_a_Herrgott<\/span><\/a><\/span><\/em><br \/>\n<em><span style=\"color: #008000;\"><a href=\"http:\/\/arcus-oc.rajce.idnes.cz\/D_Mikulasska_13.12.Mohelnice_Argema_a_Herrgott\" target=\"_blank\"><span style=\"color: #008000;\">http:\/\/arcus-oc.rajce.idnes.cz\/D_Mikulasska_13.12.Mohelnice_Argema_a_Herrgott<\/span><\/a><\/span><\/em><br \/>\n<em><span style=\"color: #008000;\"><a href=\"http:\/\/arcus-oc.rajce.idnes.cz\/D_Mikulasska_13.12.Mohelnice_Argema_a_Herrgott_2\" target=\"_blank\"><span style=\"color: #008000;\">http:\/\/arcus-oc.rajce.idnes.cz\/D_Mikulasska_13.12.Mohelnice_Argema_a_Herrgott_2<\/span><\/a><\/span><\/em><br \/>\n<span style=\"color: #008000;\"><em><a href=\"http:\/\/arcus-oc.rajce.idnes.cz\/D_Mikulasska_13.12.Mohelnice_Argema_a_Herrgott_3\" target=\"_blank\"><span style=\"color: #008000;\">http:\/\/arcus-oc.rajce.idnes.cz\/D_Mikulasska_13.12.Mohelnice_Argema_a_Herrgott_3<\/span><\/a><\/em><\/span><\/strong><\/span><\/p>\n<p><strong><em><span style=\"color: #0000ff;\"><a href=\"http:\/\/arcus-oc.rajce.idnes.cz\/13.12.2014_Mikulasska_s_Argemou\"><span style=\"color: #0000ff;\">foto z benefi\u010dn\u00ed akce 13.12.2014<\/span><\/a><\/span><\/em><\/strong><\/p>\n<p><em><strong><span style=\"color: #0000ff;\"><a href=\"http:\/\/arcus-oc.org\/wordpress\/wp-content\/uploads\/2014\/01\/sponzo\u0159i-benef.akce_.pdf\"><span style=\"color: #0000ff;\">sponzo\u0159i benefi\u010dn\u00ed akce 13.12.2014<\/span><\/a><\/span><\/strong><\/em><\/p>\n<p><span style=\"color: #ff0000;\"><strong><em><a href=\"http:\/\/www.youtube.com\/watch?v=dRINKct4-8Q#t=11\"><span style=\"color: #ff0000;\">pozv\u00e1nka na koncert<\/span><\/a><\/em><\/strong><\/span><\/p>\n<p><a href=\"http:\/\/arcus-oc.org\/wordpress\/wp-content\/uploads\/2014\/01\/Untitled-1.jpg\"><img decoding=\"async\" loading=\"lazy\" class=\"alignnone  wp-image-1283\" style=\"width: 371px;\" alt=\"plak\u00e1t 13.12.2014\" src=\"http:\/\/arcus-oc.org\/wordpress\/wp-content\/uploads\/2014\/01\/Untitled-1-300x280.jpg\" width=\"300\" height=\"313\" \/><\/a><\/p>\n<p><strong><span style=\"color: #339966;\">Benefi\u010dn\u00ed akce 19.7.2014 v \u010cervence u Litovle<\/span> &#8211; venkovn\u00ed are \u00e1l Ol\u0161e :<\/strong><strong>V sobotu se uskute\u010dnila benefi\u010dn\u00ed akce Rockov\u00e9 l\u00e9to na podporu ARCUS &#8211; ONKO CENTRA . Akce byla zah\u00e1jena v are\u00e1lu Ol\u0161e na \u010cervence od 13. hod. V programu vystoupily rockov\u00e9 skupiny Spocen\u00e1 ukl\u00edze\u010dka, Kobl\u00ed\u017eci,o5 a Rade\u010dek, Venefica, Perseus a Black Bull.\u00a0 V\u0161echny kapely se z\u0159ekly honor\u00e1\u0159e. Medi\u00e1ln\u00ed partnerstv\u00ed nad akc\u00ed p\u0159evzalo r\u00e1dio Han\u00e1. Akci moderoval Luk\u00e1\u0161 Kobza, kter\u00fd p\u0159iv\u00edtal s pan\u00ed Janou Ko\u017eelskou, p\u0159edsedkyn\u00ed\u00a0 p\u0159edstavenstva ARCUS \u2013 ONKO CENTRA, \u00fa\u010dastn\u00edky benefi\u010dn\u00ed akce. Po\u010das\u00ed\u00a0 akci\u00a0 nep\u0159\u00e1lo a\u00a0 v tropick\u00e9m po\u010das\u00ed kolem 200 \u00fa\u010dastn\u00edk\u016f si mohlo poslechnout\u00a0 kvalitn\u00ed rockovou hudbu a\u017e do konce akce. Pro d\u011bti byl tak\u00e9 program: j\u00edzda na pon\u00edc\u00edch nebo malov\u00e1n\u00ed na obli\u010dej. Moc d\u011bkujeme v\u0161em, kte\u0159\u00ed se akce z\u00fa\u010dastnili a podpo\u0159ili j\u00ed. R\u00e1dio Han\u00e1 nato\u010dilo kr\u00e1tk\u00fd spot s\u00a0 pozv\u00e1nkou na na\u0161i akci, kterou 50x odvys\u00edlalo.<br \/>\nTato benefi\u010dn\u00ed akce na Olomoucku pomohla ob\u010dan\u016fm se dozv\u011bd\u011bt o \u010dinnosti na\u0161eho<br \/>\nob\u010dansk\u00e9ho sdru\u017een\u00ed. Dal\u0161\u00ed benefi\u010dn\u00ed akce pod n\u00e1zvem Mikul\u00e1\u0161sk\u00e1 prob\u011bhne v prosinci. \u00da\u010dastn\u00edci se mohou t\u011b\u0161it na skv\u011bl\u00fd program.<\/strong><\/p>\n<p><em><span style=\"color: #0000ff;\"><strong><a href=\"http:\/\/arcus-oc.org\/wordpress\/wp-content\/uploads\/2014\/01\/Arockcervenka.mpeg\"><span style=\"color: #0000ff;\">spot\u00a0 R\u00e1dio Han\u00e119.7.2014<\/span><\/a>\u00a0<\/strong><\/span> <a href=\"http:\/\/radiohana.cz\/clanek-2242\/TIPY:-Kulturni-akce-u-vas.html\"><span style=\"color: #008000;\">vstup na st\u00e1nky Radio Han\u00e1<\/span><\/a> <a href=\"http:\/\/arcus-oc.org\/wordpress\/wp-content\/uploads\/2013\/05\/Logo-RH.jpg\"><img decoding=\"async\" loading=\"lazy\" alt=\"Logo RH\" src=\"http:\/\/arcus-oc.org\/wordpress\/wp-content\/uploads\/2013\/05\/Logo-RH-300x167.jpg\" width=\"142\" height=\"49\" \/><\/a><\/em><\/p>\n<p><strong>FAJN ROCK MUSIC PROJEKT : <span style=\"color: #0000ff;\"><a href=\"http:\/\/www.rockparada.cz\/\" target=\"_blank\"><span style=\"color: #0000ff;\">www.rockparada.cz<\/span><\/a> , <a href=\"http:\/\/www.fajnrockmusic.cz\/radio\" target=\"_blank\"><span style=\"color: #0000ff;\">www.fajnrockmusic.cz\/radio<\/span><\/a> , <a href=\"http:\/\/www.fajnrockmusic.cz\/porad\" target=\"_blank\"><span style=\"color: #0000ff;\">www.fajnrockmusic.cz\/porad<\/span><\/a> , <a href=\"http:\/\/www.fajnrockmusic.cz\/\" target=\"_blank\"><span style=\"color: #0000ff;\">www.fajnrockmusic.cz<\/span><\/a> <\/span><\/strong><\/p>\n<p><a href=\"http:\/\/arcus-oc.org\/wordpress\/wp-content\/uploads\/2014\/01\/image001.jpg\"><img decoding=\"async\" loading=\"lazy\" alt=\"image001\" src=\"http:\/\/arcus-oc.org\/wordpress\/wp-content\/uploads\/2014\/01\/image001.jpg\" width=\"104\" height=\"34\" \/><\/a><a href=\"http:\/\/arcus-oc.org\/wordpress\/wp-content\/uploads\/2014\/01\/image002.jpg\"><img decoding=\"async\" loading=\"lazy\" alt=\"image002\" src=\"http:\/\/arcus-oc.org\/wordpress\/wp-content\/uploads\/2014\/01\/image002.jpg\" width=\"57\" height=\"21\" \/><\/a><a href=\"http:\/\/arcus-oc.org\/wordpress\/wp-content\/uploads\/2014\/01\/image003.jpg\"><img decoding=\"async\" loading=\"lazy\" alt=\"image003\" src=\"http:\/\/arcus-oc.org\/wordpress\/wp-content\/uploads\/2014\/01\/image003.jpg\" width=\"71\" height=\"30\" \/><\/a><a href=\"http:\/\/arcus-oc.org\/wordpress\/wp-content\/uploads\/2014\/01\/image004.jpg\"><img decoding=\"async\" loading=\"lazy\" alt=\"image004\" src=\"http:\/\/arcus-oc.org\/wordpress\/wp-content\/uploads\/2014\/01\/image004.jpg\" width=\"82\" height=\"26\" \/><\/a><\/p>\n<p>Na akci n\u00e1s tak\u00e9 podporuje <a href=\"http:\/\/arcus-oc.org\/wordpress\/wp-content\/uploads\/2014\/01\/header_CS.png\"><img decoding=\"async\" loading=\"lazy\" class=\"alignnone  wp-image-1150\" style=\"width: 66px;\" alt=\"header_CS\" src=\"http:\/\/arcus-oc.org\/wordpress\/wp-content\/uploads\/2014\/01\/header_CS.png\" width=\"76\" height=\"31\" \/><\/a><\/p>\n<p><a href=\"http:\/\/arcus-oc.org\/wordpress\/wp-content\/uploads\/2014\/01\/Rockov\u00e9-l\u00e9to-19.7.2014.jpg\"><img decoding=\"async\" loading=\"lazy\" class=\"alignnone  wp-image-1085\" style=\"width: 354px;\" alt=\"Rockov\u00e9 l\u00e9to 19.7.2014\" src=\"http:\/\/arcus-oc.org\/wordpress\/wp-content\/uploads\/2014\/01\/Rockov\u00e9-l\u00e9to-19.7.2014-211x300.jpg\" width=\"211\" height=\"316\" \/><\/a><\/p>\n<p><strong><span style=\"color: #008000;\">19.4.2014 v Mohelnici vystoupil La\u010fa K\u0159\u00ed\u017eek a kapela Hergott Rock na akci Rockov\u00e9 velikonoce.\u00a0\u00a0\u00a0\u00a0\u00a0\u00a0\u00a0\u00a0\u00a0\u00a0\u00a0\u00a0\u00a0\u00a0\u00a0\u00a0\u00a0\u00a0\u00a0\u00a0\u00a0\u00a0\u00a0\u00a0\u00a0\u00a0\u00a0\u00a0\u00a0\u00a0\u00a0\u00a0\u00a0 <\/span><\/strong><span style=\"color: #008000;\"><em><span style=\"color: #800000;\">\u00a0<a href=\"https:\/\/www.youtube.com\/watch?v=mRSquu4GbmY\"><span style=\"color: #800000;\">vidouk\u00e1zka z benefi\u010dn\u00ed akce<\/span><\/a><\/span><\/em><\/span><\/p>\n<p><span style=\"color: #0000ff;\">Vstupenky\u00a0byly slosovateln\u00e9<\/span>, Lubom\u00edr \u0160m\u00edda z Konice a Vladim\u00edr Kil\u010dick\u00fd z \u0160umperku do tomboly dali hodnotn\u00e9 dary, letenky horkovzdu\u0161n\u00fdmi balony, nad Bouzovem. Byly i dal\u0161\u00ed ceny.<\/p>\n<p><a href=\"http:\/\/arcus-oc.org\/wordpress\/wp-content\/uploads\/2014\/01\/lada-k\u0159\u00ed\u017eek-2.jpg\"><img decoding=\"async\" loading=\"lazy\" class=\"alignnone size-medium wp-image-1005\" alt=\"lada k\u0159\u00ed\u017eek 2\" src=\"http:\/\/arcus-oc.org\/wordpress\/wp-content\/uploads\/2014\/01\/lada-k\u0159\u00ed\u017eek-2-300x211.jpg\" width=\"300\" height=\"211\" srcset=\"https:\/\/arcus-oc.org\/wordpress\/wp-content\/uploads\/2014\/01\/lada-k\u0159\u00ed\u017eek-2-300x211.jpg 300w, https:\/\/arcus-oc.org\/wordpress\/wp-content\/uploads\/2014\/01\/lada-k\u0159\u00ed\u017eek-2-1024x723.jpg 1024w, https:\/\/arcus-oc.org\/wordpress\/wp-content\/uploads\/2014\/01\/lada-k\u0159\u00ed\u017eek-2-250x176.jpg 250w, https:\/\/arcus-oc.org\/wordpress\/wp-content\/uploads\/2014\/01\/lada-k\u0159\u00ed\u017eek-2.jpg 2048w\" sizes=\"(max-width: 300px) 100vw, 300px\" \/><\/a>\u00a0\u00a0 <a href=\"http:\/\/arcus-oc.org\/wordpress\/wp-content\/uploads\/2014\/01\/balonykonice_logo_kopie.jpg\"><img decoding=\"async\" loading=\"lazy\" class=\"alignnone  wp-image-1042\" style=\"width: 167px;\" alt=\"balonykonice_logo_kopie\" src=\"http:\/\/arcus-oc.org\/wordpress\/wp-content\/uploads\/2014\/01\/balonykonice_logo_kopie-215x300.jpg\" width=\"167\" height=\"199\" \/><\/a><\/p>\n<p><a href=\"http:\/\/arcus-oc.org\/wordpress\/wp-content\/uploads\/2014\/01\/Logo-OK-9009.jpg\"><img decoding=\"async\" loading=\"lazy\" class=\" wp-image-1049\" alt=\"balony \u0160umperk\" src=\"http:\/\/arcus-oc.org\/wordpress\/wp-content\/uploads\/2014\/01\/Logo-OK-9009-300x172.jpg\" width=\"302\" height=\"160\" \/><\/a><\/p>\n<p><strong><em><span style=\"color: #0000ff;\"><a href=\"http:\/\/arcus-oc.org\/wordpress\/wp-content\/uploads\/2014\/01\/spot-k.avi\"><span style=\"color: #0000ff;\">R\u00e1dio Han\u00e1<\/span><\/a>\u00a0\u00a0\u00a0\u00a0\u00a0\u00a0\u00a0\u00a0<a href=\"http:\/\/arcus-oc.org\/wordpress\/wp-content\/uploads\/2013\/05\/Logo-RH.jpg\"><img decoding=\"async\" loading=\"lazy\" class=\"alignnone size-medium wp-image-1079\" alt=\"Logo RH\" src=\"http:\/\/arcus-oc.org\/wordpress\/wp-content\/uploads\/2013\/05\/Logo-RH-300x167.jpg\" width=\"300\" height=\"167\" srcset=\"https:\/\/arcus-oc.org\/wordpress\/wp-content\/uploads\/2013\/05\/Logo-RH-300x167.jpg 300w, https:\/\/arcus-oc.org\/wordpress\/wp-content\/uploads\/2013\/05\/Logo-RH-1024x572.jpg 1024w, https:\/\/arcus-oc.org\/wordpress\/wp-content\/uploads\/2013\/05\/Logo-RH-250x139.jpg 250w, https:\/\/arcus-oc.org\/wordpress\/wp-content\/uploads\/2013\/05\/Logo-RH.jpg 1726w\" sizes=\"(max-width: 300px) 100vw, 300px\" \/><\/a>\u00a0\u00a0\u00a0\u00a0\u00a0\u00a0\u00a0\u00a0\u00a0\u00a0\u00a0\u00a0\u00a0\u00a0 <span style=\"color: #008000;\"><a href=\"http:\/\/arcus-oc.org\/wordpress\/wp-content\/uploads\/2014\/01\/sponzo\u0159i-benefi\u010dn\u00ed-akce-19.4.2014.pdf\"><span style=\"color: #008000;\">sponzo\u0159i a medi\u00e1ln\u00ed partne\u0159i benefi\u010dn\u00ed akce 19.4.2014<\/span><\/a><\/span><\/span><\/em><\/strong><\/p>\n<p><em><span style=\"color: #ff6600;\"><a href=\"http:\/\/www.balonsumperk.cz\/galerie-3.html\" target=\"_blank\"><span style=\"color: #ff6600;\">http:\/\/www.balonsumperk.cz\/galerie-3.html<\/span><\/a>\u00a0\u00a0\u00a0\u00a0 \u00a0 <a href=\"http:\/\/www.balonykonice.cz\/prodejni_mista.php\" target=\"_blank\"><span style=\"color: #ff6600;\">http:\/\/www.balonykonice.cz\/prodejni_mista.php<\/span><\/a><\/span><\/em><\/p>\n<p>&nbsp;<\/p>\n<p>&nbsp;<\/p>\n<p>&nbsp;<\/p>\n","protected":false},"excerpt":{"rendered":"<p>13.12.2014 prob\u011bhla v\u00a0kulturn\u00edm dom\u011b v \u00a0Mohelnici benefi\u010dn\u00ed akce od 18 hod. V programu vystoupila kapela Argema\u00a0a kapela Herrgott. \u00a0Benefi\u010dn\u00ed akce 13.12.2014 &#8211; video \u00a0foto na: http:\/\/arcus-oc.rajce.idnes.cz\/13.12.2014_Mikulasska_s_Argemou http:\/\/arcus-oc.rajce.idnes.cz\/Mikulasska_Mohelnice_13.12.2014_Argema_a_Herrgott http:\/\/arcus-oc.rajce.idnes.cz\/D_Mikulasska_13.12.Mohelnice_Argema_a_Herrgott http:\/\/arcus-oc.rajce.idnes.cz\/D_Mikulasska_13.12.Mohelnice_Argema_a_Herrgott_2 http:\/\/arcus-oc.rajce.idnes.cz\/D_Mikulasska_13.12.Mohelnice_Argema_a_Herrgott_3 foto z benefi\u010dn\u00ed akce 13.12.2014 sponzo\u0159i benefi\u010dn\u00ed akce 13.12.2014 pozv\u00e1nka na koncert Benefi\u010dn\u00ed akce 19.7.2014 v \u010cervence u Litovle &#8211; venkovn\u00ed are \u00e1l Ol\u0161e :V [&hellip;]<\/p>\n","protected":false},"author":1,"featured_media":0,"parent":0,"menu_order":0,"comment_status":"closed","ping_status":"open","template":"","meta":[],"_links":{"self":[{"href":"https:\/\/arcus-oc.org\/index.php?rest_route=\/wp\/v2\/pages\/837"}],"collection":[{"href":"https:\/\/arcus-oc.org\/index.php?rest_route=\/wp\/v2\/pages"}],"about":[{"href":"https:\/\/arcus-oc.org\/index.php?rest_route=\/wp\/v2\/types\/page"}],"author":[{"embeddable":true,"href":"https:\/\/arcus-oc.org\/index.php?rest_route=\/wp\/v2\/users\/1"}],"replies":[{"embeddable":true,"href":"https:\/\/arcus-oc.org\/index.php?rest_route=%2Fwp%2Fv2%2Fcomments&post=837"}],"version-history":[{"count":33,"href":"https:\/\/arcus-oc.org\/index.php?rest_route=\/wp\/v2\/pages\/837\/revisions"}],"predecessor-version":[{"id":3238,"href":"https:\/\/arcus-oc.org\/index.php?rest_route=\/wp\/v2\/pages\/837\/revisions\/3238"}],"wp:attachment":[{"href":"https:\/\/arcus-oc.org\/index.php?rest_route=%2Fwp%2Fv2%2Fmedia&parent=837"}],"curies":[{"name":"wp","href":"https:\/\/api.w.org\/{rel}","templated":true}]}}