{"id":83,"date":"2013-05-04T17:57:42","date_gmt":"2013-05-04T17:57:42","guid":{"rendered":"http:\/\/localhost\/wordpress\/?page_id=83"},"modified":"2024-12-30T13:45:31","modified_gmt":"2024-12-30T13:45:31","slug":"vyrocni-zpravy","status":"publish","type":"page","link":"https:\/\/arcus-oc.org\/?page_id=83","title":{"rendered":"V\u00fdro\u010dn\u00ed zpr\u00e1vy"},"content":{"rendered":"<p><strong><span style=\"color: #008080;\"><a href=\"http:\/\/arcus-oc.org\/wordpress\/wp-content\/uploads\/2024\/12\/VZ-2023.pdf\">V\u00fdro\u010dn\u00ed zpr\u00e1va 2023<\/a><\/span><\/strong><\/p>\n<p><strong><span style=\"color: #008080;\"><a href=\"http:\/\/arcus-oc.org\/wordpress\/wp-content\/uploads\/2024\/12\/VZ-2022-.pdf\">V\u00fdro\u010dn\u00ed zpr\u00e1va 2022<\/a><\/span><\/strong><\/p>\n<p><strong><span style=\"color: #008080;\"><a href=\"http:\/\/arcus-oc.org\/wordpress\/wp-content\/uploads\/2024\/12\/VZ-2021-.pdf\">V\u00fdro\u010dn\u00ed zpr\u00e1va 2021<\/a><\/span><\/strong><\/p>\n<p><strong><span style=\"color: #008080;\"><a href=\"http:\/\/arcus-oc.org\/wordpress\/wp-content\/uploads\/2013\/05\/2020-V\u00fdro\u010dn\u00ed-zpr\u00e1va-ARCUS-onko-centrum-z.s..pdf\"><span style=\"color: #008080;\">V\u00fdro\u010dn\u00ed zpr\u00e1va 2020<\/span><\/a><\/span><\/strong><\/p>\n<p><span style=\"color: #008080;\"><strong><a href=\"http:\/\/arcus-oc.org\/wordpress\/wp-content\/uploads\/2013\/05\/V\u00fdro\u010dn\u00ed-zpr\u00e1va-ARCUS-2019.pdf\"><span style=\"color: #008080;\">V\u00fdro\u010dn\u00ed zpr\u00e1va 2019<\/span><\/a><\/strong><\/span><\/p>\n<p><span style=\"color: #008080;\"><strong><a href=\"http:\/\/arcus-oc.org\/wordpress\/wp-content\/uploads\/2013\/05\/V\u00fdro\u010dn\u00ed-zpr\u00e1va-2018.pdf\"><span style=\"color: #008080;\">V\u00fdro\u010dn\u00ed zpr\u00e1va 2018<\/span><\/a><\/strong><\/span><\/p>\n<p><strong><span style=\"color: #008080;\"><a href=\"http:\/\/arcus-oc.org\/wordpress\/wp-content\/uploads\/2013\/05\/V\u00fdro\u010dn\u00ed-zpr\u00e1va-ARCUS-2017.pdf\"><span style=\"color: #008080;\">V\u00fdro\u010dn\u00ed zpr\u00e1va 2017<\/span><\/a><\/span><\/strong><\/p>\n<p><span style=\"color: #008080;\"><strong><a href=\"http:\/\/arcus-oc.org\/wordpress\/wp-content\/uploads\/2013\/05\/V\u00fdro\u010dn\u00ed-zpr\u00e1va-ARCUS-onko-centrumz.s.-2016.pdf\"><span style=\"color: #008080;\">V\u00fdro\u010dn\u00ed zpr\u00e1va 2016<\/span><\/a><\/strong><\/span><\/p>\n<p><span style=\"color: #008080;\"><strong><a href=\"http:\/\/arcus-oc.org\/wordpress\/wp-content\/uploads\/2013\/05\/V\u00fdro\u010dn\u00ed-zpr\u00e1va-ARCUS-OC-2015-1.pdf\"><span style=\"color: #008080;\">V\u00fdro\u010dn\u00ed zpr\u00e1va 2015 <\/span><\/a><\/strong><\/span><\/p>\n<p><span style=\"color: #008080;\"><strong><a href=\"http:\/\/arcus-oc.org\/wordpress\/wp-content\/uploads\/2013\/05\/V\u00fdro\u010dn\u00ed-zpr\u00e1va-2014-PV-2.pdf\"><span style=\"color: #008080;\">V\u00fdro\u010dn\u00ed zpr\u00e1va 2014 <\/span><\/a><\/strong><\/span><\/p>\n<p><span style=\"color: #008080;\"><strong><a href=\"http:\/\/arcus-oc.org\/wordpress\/wp-content\/uploads\/2013\/05\/v\u00fdro\u010dn\u00ed-zpr\u00e1va-2013.pdf\"><span style=\"color: #008080;\">V\u00fdro\u010dn\u00ed zpr\u00e1va 2013<\/span><\/a><\/strong><\/span><\/p>\n<p><span style=\"color: #008080;\"><strong><a href=\"http:\/\/arcus-oc.org\/wordpress\/wp-content\/uploads\/2013\/05\/v\u00fdro\u010dn\u00ed-zpr\u00e1va-2012-.pdf\"><span style=\"color: #008080;\">V\u00fdro\u010dn\u00ed zpr\u00e1va 2012<\/span><\/a><\/strong><\/span><\/p>\n<p><strong><span style=\"color: #008080;\"><a href=\"http:\/\/arcus-oc.org\/wordpress\/wp-content\/uploads\/2013\/05\/VZ-arcus.pdf\"><span style=\"color: #008080;\">V\u00fdro\u010dn\u00ed zpr\u00e1va 2011<\/span><\/a><\/span><\/strong><\/p>\n<p><strong><span style=\"color: #008080;\"><a href=\"http:\/\/arcus-oc.org\/wordpress\/wp-content\/uploads\/2013\/05\/vyrocni_zprava_2010.pdf\"><span style=\"color: #008080;\">V\u00fdro\u010dn\u00ed zpr\u00e1va 2010<\/span><\/a><\/span><\/strong><\/p>\n<p><strong><span style=\"color: #008080;\"><a href=\"http:\/\/arcus-oc.org\/wordpress\/wp-content\/uploads\/2013\/05\/vyrocni_zprava_2009.pdf\"><span style=\"color: #008080;\">V\u00fdro\u010dn\u00ed zpr\u00e1va 2009<\/span><\/a><\/span><\/strong><\/p>\n","protected":false},"excerpt":{"rendered":"<p>V\u00fdro\u010dn\u00ed zpr\u00e1va 2023 V\u00fdro\u010dn\u00ed zpr\u00e1va 2022 V\u00fdro\u010dn\u00ed zpr\u00e1va 2021 V\u00fdro\u010dn\u00ed zpr\u00e1va 2020 V\u00fdro\u010dn\u00ed zpr\u00e1va 2019 V\u00fdro\u010dn\u00ed zpr\u00e1va 2018 V\u00fdro\u010dn\u00ed zpr\u00e1va 2017 V\u00fdro\u010dn\u00ed zpr\u00e1va 2016 V\u00fdro\u010dn\u00ed zpr\u00e1va 2015 V\u00fdro\u010dn\u00ed zpr\u00e1va 2014 V\u00fdro\u010dn\u00ed zpr\u00e1va 2013 V\u00fdro\u010dn\u00ed zpr\u00e1va 2012 V\u00fdro\u010dn\u00ed zpr\u00e1va 2011 V\u00fdro\u010dn\u00ed zpr\u00e1va 2010 V\u00fdro\u010dn\u00ed zpr\u00e1va 2009<\/p>\n","protected":false},"author":1,"featured_media":0,"parent":0,"menu_order":0,"comment_status":"open","ping_status":"open","template":"","meta":[],"_links":{"self":[{"href":"https:\/\/arcus-oc.org\/index.php?rest_route=\/wp\/v2\/pages\/83"}],"collection":[{"href":"https:\/\/arcus-oc.org\/index.php?rest_route=\/wp\/v2\/pages"}],"about":[{"href":"https:\/\/arcus-oc.org\/index.php?rest_route=\/wp\/v2\/types\/page"}],"author":[{"embeddable":true,"href":"https:\/\/arcus-oc.org\/index.php?rest_route=\/wp\/v2\/users\/1"}],"replies":[{"embeddable":true,"href":"https:\/\/arcus-oc.org\/index.php?rest_route=%2Fwp%2Fv2%2Fcomments&post=83"}],"version-history":[{"count":19,"href":"https:\/\/arcus-oc.org\/index.php?rest_route=\/wp\/v2\/pages\/83\/revisions"}],"predecessor-version":[{"id":3564,"href":"https:\/\/arcus-oc.org\/index.php?rest_route=\/wp\/v2\/pages\/83\/revisions\/3564"}],"wp:attachment":[{"href":"https:\/\/arcus-oc.org\/index.php?rest_route=%2Fwp%2Fv2%2Fmedia&parent=83"}],"curies":[{"name":"wp","href":"https:\/\/api.w.org\/{rel}","templated":true}]}}