{"id":820,"date":"2013-12-13T18:03:24","date_gmt":"2013-12-13T18:03:24","guid":{"rendered":"http:\/\/arcus-oc.org\/?page_id=820"},"modified":"2014-10-05T11:34:51","modified_gmt":"2014-10-05T11:34:51","slug":"onkologicke-kongresy-2014","status":"publish","type":"page","link":"https:\/\/arcus-oc.org\/?page_id=820","title":{"rendered":"Onkologick\u00e9 kongresy 2014"},"content":{"rendered":"<p>Ji\u017e 9.ro\u010dn\u00edk Mezin\u00e1rodn\u00edho onkologick\u00e9ho kongresu ve Znojm\u011b se konal\u00a0ve dnech 3.10.- 4.10.2014 ji\u017e tradi\u010dn\u011b v Louck\u00e9m kl\u00e1\u0161te\u0159e, kde se mohli op\u011bt mo\u017enost setkat onkologi\u010dt\u00ed pacienti\u00a0, l\u00e9ka\u0159i, zdravotn\u00ed sestry a\u00a0radiologi\u010dt\u00ed pracovn\u00edci\u00a0s p\u0159edn\u00edmi odborn\u00edky z\u00a0\u010cR i ze zahrani\u010d\u00ed.<\/p>\n<p><strong><em><span style=\"color: #008000;\"><a href=\"http:\/\/www.rajce.net\/a10494742\"><span style=\"color: #008000;\">foto z akce MOK 2014 Znojmo<\/span><\/a><\/span><\/em><\/strong><\/p>\n<p>\u010cesk\u00e1 asociace sester\u00a0za\u0159adila MOK 2014 Znojmo do archivu \u010cAS: <span style=\"color: #800080;\">KK\/1493\/2014<\/span> pro v\u0161eobecn\u00e9 sestry, porodn\u00ed asistentky, zdravotn\u00ed laboranty, asistenty ochrany ve\u0159ejn\u00e9ho zdrav\u00ed, nutri\u010dn\u00ed terapeuty, zdravotnick\u00e9 z\u00e1chran\u00e1\u0159e, farmaceutick\u00e9 asistenty a zdravotn\u011b soci\u00e1ln\u00ed pracovn\u00edky. Za \u00fa\u010dast na dva dny je 10 kredit\u016f.<\/p>\n<p>SRLA \u010cR\u00a0za\u0159adila akci pro radiologick\u00e9 pracovn\u00edky\u00a0 pod \u010d\u00edslem : <span style=\"color: #800080;\">SS28\/2014\/KH<\/span> a za\u00a0\u00fa\u010dast na dva dny je 10 kredit\u016f.<\/p>\n<p>U \u010cLK\u00a0je\u00a0akce je registrov\u00e1na pod \u010d\u00edslem <span style=\"color: #800080;\">36486<\/span><span style=\"color: #000000;\"> a l\u00e9ka\u0159i z\u00edsk\u00e1vaj\u00ed za \u00fa\u010dast 7 kredit\u016f.<\/span><\/p>\n<p><span style=\"color: #339966;\"><strong><em>P<a href=\"http:\/\/arcus-oc.org\/wordpress\/wp-content\/uploads\/2013\/12\/program-MOK-2014-Znojmo.pdf\"><span style=\"color: #339966;\">rogram MOK 2014 Znojmo<\/span><\/a><\/em><\/strong><\/span><\/p>\n<p>V r\u00e1mci doprovodn\u00e9ho programu bude po p\u0159edn\u00e1\u0161k\u00e1ch v p\u00e1tek 3.10.2014 raut, degustace v\u00edn a hudba k tanci p\u0159\u00edmo v Louck\u00e9m kl\u00e1\u0161te\u0159e.<\/p>\n<p><span style=\"color: #0000ff;\"><strong><em><a href=\"http:\/\/arcus-oc.org\/wordpress\/wp-content\/uploads\/2013\/12\/Prihlaska-MOK-Znojmo-2014-pro-l\u00e9ka\u0159e1.doc\"><span style=\"color: #0000ff;\">P\u0159ihl\u00e1\u0161ka MOK Znojmo 2014 pro l\u00e9ka\u0159e<\/span><\/a><\/em><\/strong><\/span><\/p>\n<p><span style=\"color: #0000ff;\"><strong><em><a href=\"http:\/\/arcus-oc.org\/wordpress\/wp-content\/uploads\/2013\/12\/Prihlaska-MOK-Znojmo-2014.doc\"><span style=\"color: #0000ff;\">P\u0159ihl\u00e1\u0161ka MOK Znojmo 2014 pro akreditaci z \u010cAS a SRLA:<\/span><\/a>\u00a0<\/em><\/strong><\/span><\/p>\n<p><strong><em><span style=\"color: #0000ff;\"><a href=\"http:\/\/arcus-oc.org\/wordpress\/wp-content\/uploads\/2013\/12\/Prihlaska-MOK-Znojmo-2014-pro-onkologick\u00e9-pacienty.doc\"><span style=\"color: #0000ff;\">P\u0159ihl\u00e1\u0161ka MOK Znojmo 2014 pro onkologick\u00e9 pacienty<\/span><\/a><\/span><\/em><\/strong><\/p>\n<p>P\u0159ihl\u00e1\u0161ky zas\u00edlejte na adresu: ARCUS &#8211; ONKO CENTRUM, Je\u0161ov 24, 783 24 Slav\u011bt\u00edn<\/p>\n<p>nebo na e-mail:\u00a0<strong><span style=\"color: #993300;\"><a href=\"mailto:MOK2014Znojmo@email.cz\"><span style=\"color: #993300;\">MOK2014Znojmo@email.cz<\/span><\/a><\/span><\/strong> \u00a0.<\/p>\n<p>Nad kongresem p\u0159evzal z\u00e1\u0161titu ministr zdravotnictv\u00ed \u010cR Svatopluk N\u011bme\u010dek.<\/p>\n<p><a href=\"http:\/\/arcus-oc.org\/wordpress\/wp-content\/uploads\/2013\/12\/z\u00e1\u0161tita-MZ.jpg\"><img decoding=\"async\" loading=\"lazy\" class=\"alignnone size-medium wp-image-1108\" alt=\"z\u00e1\u0161tita ministra zdravotnictv\u00ed\" src=\"http:\/\/arcus-oc.org\/wordpress\/wp-content\/uploads\/2013\/12\/z\u00e1\u0161tita-MZ-219x300.jpg\" width=\"219\" height=\"300\" srcset=\"https:\/\/arcus-oc.org\/wordpress\/wp-content\/uploads\/2013\/12\/z\u00e1\u0161tita-MZ-219x300.jpg 219w, https:\/\/arcus-oc.org\/wordpress\/wp-content\/uploads\/2013\/12\/z\u00e1\u0161tita-MZ-748x1024.jpg 748w, https:\/\/arcus-oc.org\/wordpress\/wp-content\/uploads\/2013\/12\/z\u00e1\u0161tita-MZ-182x250.jpg 182w, https:\/\/arcus-oc.org\/wordpress\/wp-content\/uploads\/2013\/12\/z\u00e1\u0161tita-MZ.jpg 1648w\" sizes=\"(max-width: 219px) 100vw, 219px\" \/><\/a><\/p>\n<p><span style=\"color: #000000;\">P\u0159edstavjeme nov\u00e9 p\u0159edn\u00e1\u0161ej\u00edc\u00ed:<\/span><\/p>\n<p><em><strong><span style=\"color: #33cccc;\"><span style=\"color: #333333;\">\u00a0<span style=\"color: #008080;\"><a href=\"http:\/\/arcus-oc.org\/wordpress\/wp-content\/uploads\/2013\/12\/Crriculeng-Tibor-Hajt\u00f3.pdf\"><span style=\"color: #008080;\">Prof.Dr.habil.Tibor Hajt\u00f3 MD,PhD. ( Ma\u010farsko):<\/span><\/a><\/span><\/span><\/span><\/strong><\/em><\/p>\n<p><span style=\"color: #008080;\">RNDr.Petr \u0160\u00edma, CSc<\/span>.\u00a0imunolog<br \/>\nZab\u00fdv\u00e1 se evoluc\u00ed imunity a vlivem v\u00fd\u017eivy na imunitu. Od r. 1967 a\u017e do nyn\u011bj\u0161\u00ed doby st\u00e1le pracuje v Mikrobiologick\u00e9m \u00fastavu AV \u010cR. Mimoto p\u016fsobil v Boce Kotorsk\u00e9 v Jugosl\u00e1vii v Institutu pro v\u00fdzkum mo\u0159sk\u00fdch \u017eivo\u010dich\u016f, v Basileji v Institute for Immunology a tak\u00e9 jako specialista hematolog-imunolog v univerzitn\u00ed nemocnici v angolsk\u00e9 Luand\u011b. Je nositelem Medaile <a href=\"http:\/\/J.E.Purkyn\u011b\" target=\"_blank\">J.E.Purkyn\u011b<\/a> za rozvoj biologick\u00fdch v\u011bd a je autorem nebo spoluautorem v\u00edce jak 200 v\u011bdeck\u00fdch publikac\u00ed. Od r.1990 je \u0159e\u0161itelem a spolu\u0159e\u0161itelem 19 grantov\u00fdch projekt\u016f. Je \u010dlenem \u010desk\u00fdch i mezin\u00e1rodn\u00edch v\u011bdeck\u00fdch spole\u010dnost\u00ed.<\/p>\n","protected":false},"excerpt":{"rendered":"<p>Ji\u017e 9.ro\u010dn\u00edk Mezin\u00e1rodn\u00edho onkologick\u00e9ho kongresu ve Znojm\u011b se konal\u00a0ve dnech 3.10.- 4.10.2014 ji\u017e tradi\u010dn\u011b v Louck\u00e9m kl\u00e1\u0161te\u0159e, kde se mohli op\u011bt mo\u017enost setkat onkologi\u010dt\u00ed pacienti\u00a0, l\u00e9ka\u0159i, zdravotn\u00ed sestry a\u00a0radiologi\u010dt\u00ed pracovn\u00edci\u00a0s p\u0159edn\u00edmi odborn\u00edky z\u00a0\u010cR i ze zahrani\u010d\u00ed. foto z akce MOK 2014 Znojmo \u010cesk\u00e1 asociace sester\u00a0za\u0159adila MOK 2014 Znojmo do archivu \u010cAS: KK\/1493\/2014 pro v\u0161eobecn\u00e9 sestry, [&hellip;]<\/p>\n","protected":false},"author":1,"featured_media":0,"parent":157,"menu_order":0,"comment_status":"closed","ping_status":"open","template":"","meta":[],"_links":{"self":[{"href":"https:\/\/arcus-oc.org\/index.php?rest_route=\/wp\/v2\/pages\/820"}],"collection":[{"href":"https:\/\/arcus-oc.org\/index.php?rest_route=\/wp\/v2\/pages"}],"about":[{"href":"https:\/\/arcus-oc.org\/index.php?rest_route=\/wp\/v2\/types\/page"}],"author":[{"embeddable":true,"href":"https:\/\/arcus-oc.org\/index.php?rest_route=\/wp\/v2\/users\/1"}],"replies":[{"embeddable":true,"href":"https:\/\/arcus-oc.org\/index.php?rest_route=%2Fwp%2Fv2%2Fcomments&post=820"}],"version-history":[{"count":58,"href":"https:\/\/arcus-oc.org\/index.php?rest_route=\/wp\/v2\/pages\/820\/revisions"}],"predecessor-version":[{"id":1267,"href":"https:\/\/arcus-oc.org\/index.php?rest_route=\/wp\/v2\/pages\/820\/revisions\/1267"}],"up":[{"embeddable":true,"href":"https:\/\/arcus-oc.org\/index.php?rest_route=\/wp\/v2\/pages\/157"}],"wp:attachment":[{"href":"https:\/\/arcus-oc.org\/index.php?rest_route=%2Fwp%2Fv2%2Fmedia&parent=820"}],"curies":[{"name":"wp","href":"https:\/\/api.w.org\/{rel}","templated":true}]}}