{"id":6,"date":"2013-04-20T16:33:32","date_gmt":"2013-04-20T16:33:32","guid":{"rendered":"http:\/\/localhost\/wordpress\/?page_id=5"},"modified":"2013-05-08T22:33:43","modified_gmt":"2013-05-08T22:33:43","slug":"akce","status":"publish","type":"page","link":"https:\/\/arcus-oc.org\/?page_id=6","title":{"rendered":"Projekty ARCUS &#8211; OC"},"content":{"rendered":"<h2><span style=\"font-size: medium;\"><b><span style=\"color: #008080;\">Z HISTORIE<\/span><\/b><\/span><\/h2>\n<h2>\u00a0<span style=\"font-size: medium;\">Do roku 2008: Praha, Na Slovance 1963\/42a, 182 00 Praha 8<\/span><\/h2>\n<h3><span style=\"font-size: medium;\">kancel\u00e1\u0159 \u010c. L\u00edpa: n\u00e1m\u011bst\u00ed OSVOBOZEN\u00cd 451, 470 01 \u010cESK\u00c1 L\u00cdPA\u00a0\u00a0 do roku 2009, nyn\u00ed pouze archiv<\/span><\/h3>\n<h3><span style=\"font-size: medium;\">kancel\u00e1\u0159 Praha do roku 2008: FTN \u2013 V\u00edde\u0148sk\u00e1 800, 140 59 Praha 4 <\/span><\/h3>\n<h3><span style=\"font-size: medium;\"><i>Onkologick\u00e1 linka<\/i><\/span><\/h3>\n<h3><span style=\"font-size: medium;\">kancel\u00e1\u0159 Znojmo: Nemocnice Znojmo , MUDr. Jana Jansk\u00e9ho 11 <\/span><\/h3>\n<h3><span style=\"font-size: medium;\">\u00fat 14,00 \u2013 17,00 <\/span><\/h3>\n<h3><span style=\"font-size: medium;\">tel.<\/span><span style=\"font-size: medium;\">\/<\/span><span style=\"font-size: medium;\">fax: 515 215 515, mobil: 728 916 783\u2013 J. Duck\u00e1 9,00 &#8211; 12,00 <\/span><\/h3>\n<h3><span style=\"font-size: medium;\">Psycho-soci\u00e1ln\u00ed poradny:<\/span><\/h3>\n<h3><span style=\"font-size: medium;\">Praha : po 13,30 &#8211; 17,30 Mgr.Marie Koudelkov\u00e1 do roku 2008<\/span><\/h3>\n<h3><span style=\"font-size: medium;\">Havl\u00ed\u010dk\u016fv Brod: po-p\u00e1 17,00 &#8211; 20,00 PhDr.Svatava Kocinov\u00e1 do 1\/2007<\/span><\/h3>\n<h3><span style=\"font-size: medium;\">Zl\u00edn: po\u2013p\u00e1 9,00 &#8211; 11,00 PhDr.N\u011bme\u010dkov\u00e1 Radka do roku 2008<\/span><\/h3>\n<h3><span style=\"font-size: medium;\">Centrum technick\u00e9 pomoci \u010cesk\u00e1 L\u00edpa: po \u2013 p\u00e1 9,00 &#8211; 15,00 do roku 2009\u00a0 &#8211; <\/span><span style=\"font-size: medium;\">Ilsa Pliczkov\u00e1<\/span><\/h3>\n<h2>\u00a0<span style=\"color: #008080; font-size: medium;\">Programy ARCUS &#8211; OC<\/span><\/h2>\n<h2>Informa\u010dn\u00ed a vzd\u011bl\u00e1vac\u00ed programy:<\/h2>\n<p>Onkologick\u00e9 informa\u010dn\u00ed centrum \u2013 zah\u00e1jeno v r\u00e1mci Phare v roce 1998.<\/p>\n<p><strong>Vydavatelsk\u00e1 \u010dinnost:<\/strong><\/p>\n<ul>\n<li><a href=\"http:\/\/arcus-oc.org\/stare_www\/aktivity-brozury.php\">Vyd\u00e1v\u00e1n\u00ed bro\u017eur<\/a> a let\u00e1k\u016f.<\/li>\n<li>Vyd\u00e1v\u00e1n\u00ed \u010dasopisu <a href=\"http:\/\/arcus-oc.org\/stare_www\/aktivity-bulletiny.php\">ARCUS<\/a>.<\/li>\n<li>Webov\u00e9 str\u00e1nky &#8222;Arcus Online&#8220;.<\/li>\n<\/ul>\n<p><strong>P\u0159edn\u00e1\u0161kov\u00e1 \u010dinnost:<\/strong><\/p>\n<ul>\n<li>Semin\u00e1\u0159e v \u010cech\u00e1ch.<\/li>\n<li>Mezin\u00e1rodn\u00ed semin\u00e1\u0159e.<\/li>\n<li>P\u0159edn\u00e1\u0161ky pro ve\u0159ejnost.<\/li>\n<\/ul>\n<h2>Soci\u00e1ln\u00ed programy:<\/h2>\n<ul>\n<li><strong>Soci\u00e1ln\u00ed a pr\u00e1vn\u00ed poradenstv\u00ed bylo ukon\u010deno 31.1.2008 d\u00edky nov\u00e9mu z\u00e1konu.<\/strong><\/li>\n<li><strong>Centrum technick\u00e9 pomoci.<\/strong> Vyd\u00e1v\u00e1n\u00ed pom\u016fcek pro \u017eeny po ablaci mammy.<\/li>\n<\/ul>\n<h2>Preventivn\u00ed a rehabilita\u010dn\u00ed programy:<\/h2>\n<ul>\n<li><strong>Kv\u00edtky \u017eivota.<\/strong> Kampa\u0148 na podporu prevence n\u00e1dorov\u00fdch onemocn\u011bn\u00ed<\/li>\n<li><strong>Rekondi\u010dn\u00ed pobyty v \u010cR<\/strong> (Karlovy Vary, Jesen\u00edky)<\/li>\n<li><strong>Ozdravn\u00e9 pobyty v zahrani\u010d\u00ed<\/strong> (\u0160v\u00fdcarsko, Chorvatsko, Francie)<\/li>\n<li><strong>Linka proti bolesti<\/strong> (tel.: 266 199 571, z\u00e1znamn\u00edk: 266 199 572)<\/li>\n<li><strong>Onkologick\u00e1 linka &#8222;\u017divot bez \u00fanavy&#8220;<\/strong> (tel.: 224 152 133)<\/li>\n<li><strong>Cvi\u010den\u00ed s prvky j\u00f3gy<\/strong><\/li>\n<\/ul>\n<h2>Mezin\u00e1rodn\u00ed spolupr\u00e1ce:<\/h2>\n<ul>\n<li>Spolupr\u00e1ce v r\u00e1mci <strong>EUROPA DONNA<\/strong><\/li>\n<li><strong>Spolupr\u00e1ce se Slovenskem<\/strong> &#8211; zas\u00edl\u00e1n\u00ed bulletinu ARCUS, \u00fa\u010dast na akc\u00edch pro pacienty a odborn\u00edky apod.<\/li>\n<li><strong>Spolupr\u00e1ce s N\u011bmeckem<\/strong> &#8211; v\u00fdm\u011bnn\u00e9 semin\u00e1\u0159e onkologick\u00fdch pacient\u016f apod.<\/li>\n<li>Mezin\u00e1rodn\u00ed korespondence a v\u00fdm\u011bna periodik (publikac\u00ed, \u010dasopis\u016f apod.)<\/li>\n<\/ul>\n","protected":false},"excerpt":{"rendered":"<p>Z HISTORIE \u00a0Do roku 2008: Praha, Na Slovance 1963\/42a, 182 00 Praha 8 kancel\u00e1\u0159 \u010c. L\u00edpa: n\u00e1m\u011bst\u00ed OSVOBOZEN\u00cd 451, 470 01 \u010cESK\u00c1 L\u00cdPA\u00a0\u00a0 do roku 2009, nyn\u00ed pouze archiv kancel\u00e1\u0159 Praha do roku 2008: FTN \u2013 V\u00edde\u0148sk\u00e1 800, 140 59 Praha 4 Onkologick\u00e1 linka kancel\u00e1\u0159 Znojmo: Nemocnice Znojmo , MUDr. Jana Jansk\u00e9ho 11 \u00fat 14,00 [&hellip;]<\/p>\n","protected":false},"author":1,"featured_media":0,"parent":0,"menu_order":0,"comment_status":"open","ping_status":"open","template":"","meta":[],"_links":{"self":[{"href":"https:\/\/arcus-oc.org\/index.php?rest_route=\/wp\/v2\/pages\/6"}],"collection":[{"href":"https:\/\/arcus-oc.org\/index.php?rest_route=\/wp\/v2\/pages"}],"about":[{"href":"https:\/\/arcus-oc.org\/index.php?rest_route=\/wp\/v2\/types\/page"}],"author":[{"embeddable":true,"href":"https:\/\/arcus-oc.org\/index.php?rest_route=\/wp\/v2\/users\/1"}],"replies":[{"embeddable":true,"href":"https:\/\/arcus-oc.org\/index.php?rest_route=%2Fwp%2Fv2%2Fcomments&post=6"}],"version-history":[{"count":2,"href":"https:\/\/arcus-oc.org\/index.php?rest_route=\/wp\/v2\/pages\/6\/revisions"}],"predecessor-version":[{"id":485,"href":"https:\/\/arcus-oc.org\/index.php?rest_route=\/wp\/v2\/pages\/6\/revisions\/485"}],"wp:attachment":[{"href":"https:\/\/arcus-oc.org\/index.php?rest_route=%2Fwp%2Fv2%2Fmedia&parent=6"}],"curies":[{"name":"wp","href":"https:\/\/api.w.org\/{rel}","templated":true}]}}