{"id":3490,"date":"2024-07-19T20:49:33","date_gmt":"2024-07-19T20:49:33","guid":{"rendered":"http:\/\/arcus-oc.org\/?page_id=3490"},"modified":"2024-11-08T15:37:46","modified_gmt":"2024-11-08T15:37:46","slug":"beneficni-akce-2024","status":"publish","type":"page","link":"https:\/\/arcus-oc.org\/?page_id=3490","title":{"rendered":"Benefi\u010dn\u00ed akce 2024"},"content":{"rendered":"\n<figure class=\"wp-block-image size-large\"><img decoding=\"async\" loading=\"lazy\" width=\"1024\" height=\"536\" src=\"http:\/\/arcus-oc.org\/wordpress\/wp-content\/uploads\/2024\/08\/735b90b1-d730-4ab8-aee3-bcd550afd29a-1-1024x536.jpeg\" alt=\"\" class=\"wp-image-3506\" srcset=\"https:\/\/arcus-oc.org\/wordpress\/wp-content\/uploads\/2024\/08\/735b90b1-d730-4ab8-aee3-bcd550afd29a-1-1024x536.jpeg 1024w, https:\/\/arcus-oc.org\/wordpress\/wp-content\/uploads\/2024\/08\/735b90b1-d730-4ab8-aee3-bcd550afd29a-1-300x157.jpeg 300w, https:\/\/arcus-oc.org\/wordpress\/wp-content\/uploads\/2024\/08\/735b90b1-d730-4ab8-aee3-bcd550afd29a-1-150x78.jpeg 150w, https:\/\/arcus-oc.org\/wordpress\/wp-content\/uploads\/2024\/08\/735b90b1-d730-4ab8-aee3-bcd550afd29a-1-768x402.jpeg 768w, https:\/\/arcus-oc.org\/wordpress\/wp-content\/uploads\/2024\/08\/735b90b1-d730-4ab8-aee3-bcd550afd29a-1-250x131.jpeg 250w, https:\/\/arcus-oc.org\/wordpress\/wp-content\/uploads\/2024\/08\/735b90b1-d730-4ab8-aee3-bcd550afd29a-1.jpeg 1080w\" sizes=\"(max-width: 1024px) 100vw, 1024px\" \/><\/figure>\n\n\n\n<p>Spolek ARCUS \u2013 onko centrum, z.s. v\u00e1s srde\u010dn\u011b zve na benefi\u010dn\u00ed akci Rockov\u00fd podzim Mohelnice, kter\u00e1 se kon\u00e1 v sobotu 9. listopadu 2024. P\u0159ij\u010fte si u\u017e\u00edt skv\u011blou hudbu a podpo\u0159it dobrou v\u011bc!<\/p>\n\n\n\n<p>Na t\u00e9to hudebn\u00ed ud\u00e1losti vystoup\u00ed zn\u00e1m\u00e9 kapely Doga, Al\u017eb\u011bta a Donor. V\u00fdt\u011b\u017eek z akce bude v\u011bnov\u00e1n na podporu ARCUS \u2013 onko centra, z.s., kter\u00e9 pom\u00e1h\u00e1 lidem po cel\u00e9 \u010cesk\u00e9 republice v boji proti zhoubn\u00fdm n\u00e1dorov\u00fdm onemocn\u011bn\u00edm.<\/p>\n\n\n\n<p>D\u011bkujeme v\u0161em kapel\u00e1m, partner\u016fm, dobrovoln\u00edk\u016fm a n\u00e1v\u0161t\u011bvn\u00edk\u016fm za jejich podporu. Spole\u010dn\u011b m\u016f\u017eeme p\u0159in\u00e9st nad\u011bji a pot\u0159ebnou pomoc t\u011bm, kte\u0159\u00ed to nejv\u00edce pot\u0159ebuj\u00ed.<\/p>\n\n\n\n<p>T\u011b\u0161\u00edme se na v\u00e1s 9. listopadu 2024 v Dom\u011b kultury v Mohelnici!<\/p>\n\n\n\n<p><strong>P\u0159edprodej vstupenek na Rockov\u00fd podzim Mohelnice 2024 za\u010dne 1. srpna 2024. Vstupenky m\u016f\u017eete zakoupit na n\u00e1sleduj\u00edc\u00edch m\u00edstech:<\/strong><\/p>\n\n\n\n<ul>\n<li>TIC Litovel<\/li>\n\n\n\n<li>TIC Mohelnice<\/li>\n\n\n\n<li>TIC Konice<\/li>\n\n\n\n<li>IC Olomouc<\/li>\n\n\n\n<li>S\u00eddlo spolku ARCUS \u2013 onko centrum<\/li>\n<\/ul>\n\n\n\n<p><strong>Cena vstupenky:<\/strong><\/p>\n\n\n\n<ul>\n<li>V p\u0159edprodeji: 550 K\u010d (+ 70 K\u010d po\u0161tovn\u00e9, pokud si p\u0159ejete zaslat vstupenky po\u0161tou)<\/li>\n\n\n\n<li>Na m\u00edst\u011b: 650 K\u010d<\/li>\n<\/ul>\n\n\n\n<p><strong>Pokud chcete vstupenky zaslat po\u0161tou:<\/strong><\/p>\n\n\n\n<ol type=\"1\">\n<li>Po\u0161lete platbu na \u00fa\u010det spolku ARCUS \u2013 onko centrum, \u010d.\u00fa: 2700226536\/2010 (Fio Banka)<\/li>\n\n\n\n<li>Variabiln\u00ed symbol: Va\u0161e mobiln\u00ed \u010d\u00edslo<\/li>\n\n\n\n<li>Zpr\u00e1va pro p\u0159\u00edjemce: Va\u0161e jm\u00e9no a p\u0159\u00edjmen\u00ed<\/li>\n\n\n\n<li>Po proveden\u00ed platby za\u0161lete svou adresu pro zasl\u00e1n\u00ed vstupenek na e-mail: Denisa.Varekova@seznam.cz nebo na telefonn\u00ed \u010d\u00edslo: 608 733 761.<\/li>\n<\/ol>\n\n\n\n<p>V\u00edce informac\u00ed o akci V\u00e1m poskytneme na tel. \u010d\u00edsle: 777 761&nbsp;717<\/p>\n\n\n\n<p>Cht\u011bli bychom znovu srde\u010dn\u011b pod\u011bkovat na\u0161im skv\u011bl\u00fdm partner\u016fm, bez kter\u00fdch by tato benefi\u010dn\u00ed akce nemohla prob\u011bhnout. V\u00e1\u017e\u00edme si podpory V\u0161eobecn\u00e9 zdravotn\u00ed poji\u0161\u0165ovny \u010cesk\u00e9 republiky, OSA \u2013 Ochrann\u00e9ho svazu autorsk\u00e9ho (@ochranny_svaz_autorsky) a na\u0161ich medi\u00e1ln\u00edch partner\u016f: R\u00c1DIA FAJN ROCK MUSIC &nbsp;<a rel=\"noreferrer noopener\" href=\"https:\/\/www.fajnrockmusic.cz\/playradio192\" target=\"_blank\">https:\/\/www.fajnrockmusic.cz\/playradio192<\/a>&nbsp; a TV ROCKPAR\u00c1DA &nbsp;<a rel=\"noreferrer noopener\" href=\"http:\/\/www.rockparada.cz\/\" target=\"_blank\">www.rockparada.cz<\/a>. D\u00edky va\u0161\u00ed neoceniteln\u00e9 spolupr\u00e1ci m\u016f\u017eeme spole\u010dn\u011b p\u0159in\u00e1\u0161et radost a pot\u0159ebnou pomoc tam, kde je to nejv\u00edce t\u0159eba. D\u011bkujeme, \u017ee stoj\u00edte p\u0159i n\u00e1s!Kompletn\u00ed seznam v\u0161ech partner\u016f a d\u00e1rc\u016f bude po dopln\u011bn\u00ed uveden v sekci &#8222;D\u00c1RCI&#8220;.<\/p>\n\n\n\n<figure class=\"is-layout-flex wp-block-gallery-1 wp-block-gallery has-nested-images columns-default is-cropped\">\n<figure class=\"wp-block-image size-full\"><img decoding=\"async\" loading=\"lazy\" width=\"1179\" height=\"1185\" data-id=\"3534\"  src=\"http:\/\/arcus-oc.org\/wordpress\/wp-content\/uploads\/2024\/11\/RADIO-FRM-net-adresa-1200x1200-2015-1.png\" alt=\"\" class=\"wp-image-3534\" srcset=\"https:\/\/arcus-oc.org\/wordpress\/wp-content\/uploads\/2024\/11\/RADIO-FRM-net-adresa-1200x1200-2015-1.png 1179w, https:\/\/arcus-oc.org\/wordpress\/wp-content\/uploads\/2024\/11\/RADIO-FRM-net-adresa-1200x1200-2015-1-298x300.png 298w, https:\/\/arcus-oc.org\/wordpress\/wp-content\/uploads\/2024\/11\/RADIO-FRM-net-adresa-1200x1200-2015-1-1019x1024.png 1019w, https:\/\/arcus-oc.org\/wordpress\/wp-content\/uploads\/2024\/11\/RADIO-FRM-net-adresa-1200x1200-2015-1-150x150.png 150w, https:\/\/arcus-oc.org\/wordpress\/wp-content\/uploads\/2024\/11\/RADIO-FRM-net-adresa-1200x1200-2015-1-768x772.png 768w, https:\/\/arcus-oc.org\/wordpress\/wp-content\/uploads\/2024\/11\/RADIO-FRM-net-adresa-1200x1200-2015-1-250x250.png 250w, https:\/\/arcus-oc.org\/wordpress\/wp-content\/uploads\/2024\/11\/RADIO-FRM-net-adresa-1200x1200-2015-1-48x48.png 48w\" sizes=\"(max-width: 1179px) 100vw, 1179px\" \/><\/figure>\n\n\n\n<figure class=\"wp-block-image size-full\"><img decoding=\"async\" loading=\"lazy\" width=\"277\" height=\"277\" data-id=\"3556\"  src=\"http:\/\/arcus-oc.org\/wordpress\/wp-content\/uploads\/2024\/11\/rockp.jpg\" alt=\"\" class=\"wp-image-3556\" srcset=\"https:\/\/arcus-oc.org\/wordpress\/wp-content\/uploads\/2024\/11\/rockp.jpg 277w, https:\/\/arcus-oc.org\/wordpress\/wp-content\/uploads\/2024\/11\/rockp-150x150.jpg 150w, https:\/\/arcus-oc.org\/wordpress\/wp-content\/uploads\/2024\/11\/rockp-250x250.jpg 250w, https:\/\/arcus-oc.org\/wordpress\/wp-content\/uploads\/2024\/11\/rockp-48x48.jpg 48w\" sizes=\"(max-width: 277px) 100vw, 277px\" \/><\/figure>\n\n\n\n<figure class=\"wp-block-image size-full\"><img decoding=\"async\" loading=\"lazy\" width=\"611\" height=\"427\" data-id=\"3549\"  src=\"http:\/\/arcus-oc.org\/wordpress\/wp-content\/uploads\/2024\/11\/osa-1.png\" alt=\"\" class=\"wp-image-3549\" srcset=\"https:\/\/arcus-oc.org\/wordpress\/wp-content\/uploads\/2024\/11\/osa-1.png 611w, https:\/\/arcus-oc.org\/wordpress\/wp-content\/uploads\/2024\/11\/osa-1-300x210.png 300w, https:\/\/arcus-oc.org\/wordpress\/wp-content\/uploads\/2024\/11\/osa-1-150x105.png 150w, https:\/\/arcus-oc.org\/wordpress\/wp-content\/uploads\/2024\/11\/osa-1-250x175.png 250w\" sizes=\"(max-width: 611px) 100vw, 611px\" \/><\/figure>\n\n\n\n<figure class=\"wp-block-image size-full\"><img decoding=\"async\" loading=\"lazy\" width=\"656\" height=\"188\" data-id=\"3544\"  src=\"http:\/\/arcus-oc.org\/wordpress\/wp-content\/uploads\/2024\/11\/image-1.png\" alt=\"\" class=\"wp-image-3544\" srcset=\"https:\/\/arcus-oc.org\/wordpress\/wp-content\/uploads\/2024\/11\/image-1.png 656w, https:\/\/arcus-oc.org\/wordpress\/wp-content\/uploads\/2024\/11\/image-1-300x86.png 300w, https:\/\/arcus-oc.org\/wordpress\/wp-content\/uploads\/2024\/11\/image-1-150x43.png 150w, https:\/\/arcus-oc.org\/wordpress\/wp-content\/uploads\/2024\/11\/image-1-250x72.png 250w\" sizes=\"(max-width: 656px) 100vw, 656px\" \/><\/figure>\n<\/figure>\n","protected":false},"excerpt":{"rendered":"<p>Spolek ARCUS \u2013 onko centrum, z.s. v\u00e1s srde\u010dn\u011b zve na benefi\u010dn\u00ed akci Rockov\u00fd podzim Mohelnice, kter\u00e1 se kon\u00e1 v sobotu 9. listopadu 2024. P\u0159ij\u010fte si u\u017e\u00edt skv\u011blou hudbu a podpo\u0159it dobrou v\u011bc! Na t\u00e9to hudebn\u00ed ud\u00e1losti vystoup\u00ed zn\u00e1m\u00e9 kapely Doga, Al\u017eb\u011bta a Donor. V\u00fdt\u011b\u017eek z akce bude v\u011bnov\u00e1n na podporu ARCUS \u2013 onko centra, z.s., [&hellip;]<\/p>\n","protected":false},"author":1,"featured_media":0,"parent":106,"menu_order":5,"comment_status":"closed","ping_status":"closed","template":"","meta":[],"_links":{"self":[{"href":"https:\/\/arcus-oc.org\/index.php?rest_route=\/wp\/v2\/pages\/3490"}],"collection":[{"href":"https:\/\/arcus-oc.org\/index.php?rest_route=\/wp\/v2\/pages"}],"about":[{"href":"https:\/\/arcus-oc.org\/index.php?rest_route=\/wp\/v2\/types\/page"}],"author":[{"embeddable":true,"href":"https:\/\/arcus-oc.org\/index.php?rest_route=\/wp\/v2\/users\/1"}],"replies":[{"embeddable":true,"href":"https:\/\/arcus-oc.org\/index.php?rest_route=%2Fwp%2Fv2%2Fcomments&post=3490"}],"version-history":[{"count":14,"href":"https:\/\/arcus-oc.org\/index.php?rest_route=\/wp\/v2\/pages\/3490\/revisions"}],"predecessor-version":[{"id":3557,"href":"https:\/\/arcus-oc.org\/index.php?rest_route=\/wp\/v2\/pages\/3490\/revisions\/3557"}],"up":[{"embeddable":true,"href":"https:\/\/arcus-oc.org\/index.php?rest_route=\/wp\/v2\/pages\/106"}],"wp:attachment":[{"href":"https:\/\/arcus-oc.org\/index.php?rest_route=%2Fwp%2Fv2%2Fmedia&parent=3490"}],"curies":[{"name":"wp","href":"https:\/\/api.w.org\/{rel}","templated":true}]}}