{"id":3254,"date":"2023-01-30T14:21:09","date_gmt":"2023-01-30T14:21:09","guid":{"rendered":"http:\/\/arcus-oc.org\/?page_id=3254"},"modified":"2023-07-10T13:54:26","modified_gmt":"2023-07-10T13:54:26","slug":"beneficni-akce-2023","status":"publish","type":"page","link":"https:\/\/arcus-oc.org\/?page_id=3254","title":{"rendered":"Benefi\u010dn\u00ed akce 2023"},"content":{"rendered":"\n<h3>Rockov\u00e9 l\u00e9to \u010cervenka 15. 7. 2023<\/h3>\n\n\n\n<p>Ji\u017e tradi\u010dn\u011b tento rok po\u0159\u00e1d\u00e1me Rockov\u00e9 l\u00e9to v \u010cervence u Litovle 15. 7. 2023, kde oslav\u00edme 30 let fungov\u00e1n\u00ed na\u0161eho spolku. Nenechte si tedy naposledy uj\u00edt jedine\u010dnou p\u0159\u00edle\u017eitost podpo\u0159it my\u0161lenku pomoci lidem, kter\u00fdm zkomplikovalo \u017eivot onkologick\u00e9 onemocn\u011bn\u00ed. Svou \u00fa\u010dast\u00ed tak z\u00edsk\u00e1te dobr\u00fd pocit z akce pln\u00e9 nev\u0161edn\u00edch z\u00e1\u017eitk\u016f, nejen z vystupuj\u00edc\u00edch kapel. Srde\u010dn\u011b V\u00e1s zve Komun\u00e1l, Al\u017eb\u011bta, Rimortis, Donor, Vanaheim, Sarkonia, Absolut Deafers a Headfire, kter\u00e9 op\u011bt vystoup\u00ed bez n\u00e1roku na honor\u00e1\u0159. Milovn\u00edci zlatav\u00e9ho moku si tradi\u010dn\u011b mohou u\u017e\u00edt neomezenou degustaci piva va\u0159en\u00e9ho s l\u00e1skou a z nejkvalitn\u011bj\u0161\u00edch surovin. I letos se m\u016f\u017eete t\u011b\u0161it na fascinuj\u00edc\u00ed vizu\u00e1ln\u00ed efekty oh\u0148ov\u00e9 show. Samoz\u0159ejmost\u00ed bude i bohat\u00e9 ob\u010derstven\u00ed a rovn\u011b\u017e i program pro d\u011bti. Na m\u00edst\u011b budou drobn\u00e9 d\u00e1rkov\u00e9 p\u0159edm\u011bty, jejich\u017e koup\u00ed lze tak\u00e9 podpo\u0159it dobro\u010dinn\u00e9 \u00fa\u010dely. Parkov\u00e1n\u00ed a stanov\u00e1n\u00ed ze soboty 15. 7. na ned\u011bli 16. 7. bude mo\u017en\u00e9 p\u0159\u00edmo v are\u00e1lu. Kdo by cht\u011bl p\u0159ijet na del\u0161\u00ed dobu, tak m\u016f\u017ee stanovat v kempu v Litovli.<\/p>\n\n\n\n<p>V\u00fdt\u011b\u017eek z benefi\u010dn\u00ed akce bude sm\u011b\u0159ovat stejn\u011b jako v minul\u00fdch letech ARCUS \u2013 onko centru, z.s., kter\u00e9 poskytuje na \u00fazem\u00ed cel\u00e9 \u010cesk\u00e9 republiky pomoc lidem, kte\u0159\u00ed onemocn\u011bli n\u011bkter\u00fdm z mnoha zhoubn\u00fdch n\u00e1dorov\u00fdch onemocn\u011bn\u00ed. P\u0159edem velk\u00e9 d\u00edky v\u0161em vystupuj\u00edc\u00edm, partner\u016fm, dobrovoln\u00edk\u016fm a v\u0161em empatick\u00fdm a \u0161t\u011bdr\u00fdm n\u00e1v\u0161t\u011bvn\u00edk\u016fm za jejich podporu a napln\u011bn\u00ed samotn\u00e9 my\u0161lenky benefice.<\/p>\n\n\n\n<p><strong>Vstupenku je nyn\u00ed mo\u017en\u00e9 zakoupit v TIC Litovel a IC Olomouc na Horn\u00edm n\u00e1m\u011bst\u00ed. Cena vstupenky v p\u0159edprodeji je 450 K\u010d, cena po\u0161tovn\u00e9ho 70 K\u010d. Budete-li cht\u00edt vstupenky zaslat po\u0161tou, mus\u00edte zaplatit na \u00fa\u010det spolku ARCUS \u2013 onko centrum, \u010d. \u00fa\u010dtu: 2700226536\/2010 (Fio Banka), VS: uve\u010fte Va\u0161e mobiln\u00ed \u010d\u00edslo, zpr\u00e1va pro p\u0159\u00edjemce: uve\u010fte Va\u0161e jm\u00e9no a p\u0159\u00edjmen\u00ed. Adresu pro zasl\u00e1n\u00ed vstupenek po\u0161lete na e-mail: <a rel=\"noreferrer noopener\" href=\"mailto:Denisa.Varekova@seznam.cz\" target=\"_blank\">Denisa.Varekova@seznam.cz<\/a> nebo na mobil: 608 733 761.<\/strong><\/p>\n\n\n\n<p>D\u011bti do 10-ti let maj\u00ed vstup zdarma. Parkov\u00e1n\u00ed zdarma. Stanovan\u00ed ze soboty na ned\u011bli zdarma. T\u011b\u0161\u00edme se op\u011bt na skv\u011blou atmosf\u00e9ru s V\u00e1mi!<\/p>\n\n\n\n<h4><strong><a rel=\"noreferrer noopener\" href=\"http:\/\/arcus-oc.org\/wordpress\/wp-content\/uploads\/2023\/07\/sponzori.doc\" target=\"_blank\">Sponzo\u0159i benefi\u010dn\u00ed akce Rockov\u00e9 l\u00e9to 2023<\/a><\/strong><\/h4>\n\n\n\n<h3>Audio pozv\u00e1nka<\/h3>\n\n\n\n<figure class=\"wp-block-audio\"><audio controls src=\"http:\/\/arcus-oc.org\/wordpress\/wp-content\/uploads\/2023\/06\/fest.mp3\"><\/audio><\/figure>\n\n\n\n<figure class=\"wp-block-image size-full\"><img decoding=\"async\" loading=\"lazy\" width=\"448\" height=\"657\" src=\"http:\/\/arcus-oc.org\/wordpress\/wp-content\/uploads\/2023\/06\/351476061_788843799558297_7479518612793749304_n.jpg\" alt=\"\" class=\"wp-image-3363\" srcset=\"https:\/\/arcus-oc.org\/wordpress\/wp-content\/uploads\/2023\/06\/351476061_788843799558297_7479518612793749304_n.jpg 448w, https:\/\/arcus-oc.org\/wordpress\/wp-content\/uploads\/2023\/06\/351476061_788843799558297_7479518612793749304_n-205x300.jpg 205w, https:\/\/arcus-oc.org\/wordpress\/wp-content\/uploads\/2023\/06\/351476061_788843799558297_7479518612793749304_n-102x150.jpg 102w, https:\/\/arcus-oc.org\/wordpress\/wp-content\/uploads\/2023\/06\/351476061_788843799558297_7479518612793749304_n-170x250.jpg 170w\" sizes=\"(max-width: 448px) 100vw, 448px\" \/><\/figure>\n","protected":false},"excerpt":{"rendered":"<p>Rockov\u00e9 l\u00e9to \u010cervenka 15. 7. 2023 Ji\u017e tradi\u010dn\u011b tento rok po\u0159\u00e1d\u00e1me Rockov\u00e9 l\u00e9to v \u010cervence u Litovle 15. 7. 2023, kde oslav\u00edme 30 let fungov\u00e1n\u00ed na\u0161eho spolku. Nenechte si tedy naposledy uj\u00edt jedine\u010dnou p\u0159\u00edle\u017eitost podpo\u0159it my\u0161lenku pomoci lidem, kter\u00fdm zkomplikovalo \u017eivot onkologick\u00e9 onemocn\u011bn\u00ed. Svou \u00fa\u010dast\u00ed tak z\u00edsk\u00e1te dobr\u00fd pocit z akce pln\u00e9 nev\u0161edn\u00edch z\u00e1\u017eitk\u016f, nejen [&hellip;]<\/p>\n","protected":false},"author":1,"featured_media":0,"parent":0,"menu_order":0,"comment_status":"closed","ping_status":"open","template":"","meta":[],"_links":{"self":[{"href":"https:\/\/arcus-oc.org\/index.php?rest_route=\/wp\/v2\/pages\/3254"}],"collection":[{"href":"https:\/\/arcus-oc.org\/index.php?rest_route=\/wp\/v2\/pages"}],"about":[{"href":"https:\/\/arcus-oc.org\/index.php?rest_route=\/wp\/v2\/types\/page"}],"author":[{"embeddable":true,"href":"https:\/\/arcus-oc.org\/index.php?rest_route=\/wp\/v2\/users\/1"}],"replies":[{"embeddable":true,"href":"https:\/\/arcus-oc.org\/index.php?rest_route=%2Fwp%2Fv2%2Fcomments&post=3254"}],"version-history":[{"count":12,"href":"https:\/\/arcus-oc.org\/index.php?rest_route=\/wp\/v2\/pages\/3254\/revisions"}],"predecessor-version":[{"id":3379,"href":"https:\/\/arcus-oc.org\/index.php?rest_route=\/wp\/v2\/pages\/3254\/revisions\/3379"}],"wp:attachment":[{"href":"https:\/\/arcus-oc.org\/index.php?rest_route=%2Fwp%2Fv2%2Fmedia&parent=3254"}],"curies":[{"name":"wp","href":"https:\/\/api.w.org\/{rel}","templated":true}]}}