{"id":3249,"date":"2023-01-30T13:20:23","date_gmt":"2023-01-30T13:20:23","guid":{"rendered":"http:\/\/arcus-oc.org\/?page_id=3249"},"modified":"2023-04-14T09:08:03","modified_gmt":"2023-04-14T09:08:03","slug":"rekondicne-edukacni-pobyty-2023","status":"publish","type":"page","link":"https:\/\/arcus-oc.org\/?page_id=3249","title":{"rendered":"Rekondi\u010dn\u011b eduka\u010dn\u00ed pobyty 2023"},"content":{"rendered":"<p>Roce 2023 po\u0159\u00e1d\u00e1me tyto pobyty:<\/p>\n<p><span style=\"color: #0000ff;\">v Harrachov\u011b<\/span>, hotel INN<\/p>\n<p>od\u00a0 4.6. &#8211; 11.6.2023<\/p>\n<p>od 11.6. &#8211; 18.6.2023<\/p>\n<p>Cena v\u010detn\u011b pln\u00e9 penze za t\u00fddenn\u00ed pobyt je 8.050 K\u010d.<\/p>\n<p>Pobyt v\u00a0 <span style=\"color: #0000ff;\">Karlov\u00fdch Varech<\/span>. Mo\u017eno jet na t\u00fdden nebo 14 dn\u016f.<\/p>\n<p>12.10. &#8211; 19.10.2023<\/p>\n<p>19.10. &#8211; 26.10.2023<\/p>\n<p>Term\u00edny jsou\u00a0 pln\u011b obsazen\u00e9.<\/p>\n<p>Cena za t\u00fddenn\u00ed pobyt v\u010detn\u011b pln\u00e9 penze je 6860 K\u010d.<\/p>\n<div><a href=\"http:\/\/arcus-oc.org\/wordpress\/wp-content\/uploads\/2020\/01\/Slide_51-1920x5001.jpg\"><img decoding=\"async\" loading=\"lazy\" class=\"alignleft size-medium wp-image-2838\" src=\"http:\/\/arcus-oc.org\/wordpress\/wp-content\/uploads\/2020\/01\/Slide_51-1920x5001-300x78.jpg\" alt=\"Slide_51-1920x500\" width=\"300\" height=\"78\" srcset=\"https:\/\/arcus-oc.org\/wordpress\/wp-content\/uploads\/2020\/01\/Slide_51-1920x5001-300x78.jpg 300w, https:\/\/arcus-oc.org\/wordpress\/wp-content\/uploads\/2020\/01\/Slide_51-1920x5001-150x39.jpg 150w, https:\/\/arcus-oc.org\/wordpress\/wp-content\/uploads\/2020\/01\/Slide_51-1920x5001-1024x266.jpg 1024w, https:\/\/arcus-oc.org\/wordpress\/wp-content\/uploads\/2020\/01\/Slide_51-1920x5001-250x65.jpg 250w, https:\/\/arcus-oc.org\/wordpress\/wp-content\/uploads\/2020\/01\/Slide_51-1920x5001.jpg 1920w\" sizes=\"(max-width: 300px) 100vw, 300px\" \/><\/a>\u00a0<a href=\"http:\/\/arcus-oc.org\/wordpress\/wp-content\/uploads\/2020\/05\/g52.jpg\"><img decoding=\"async\" loading=\"lazy\" class=\"alignleft size-medium wp-image-2880\" src=\"http:\/\/arcus-oc.org\/wordpress\/wp-content\/uploads\/2020\/05\/g52-300x200.jpg\" alt=\"Hotel INN Harrachov\" width=\"300\" height=\"200\" srcset=\"https:\/\/arcus-oc.org\/wordpress\/wp-content\/uploads\/2020\/05\/g52-300x200.jpg 300w, https:\/\/arcus-oc.org\/wordpress\/wp-content\/uploads\/2020\/05\/g52-150x100.jpg 150w, https:\/\/arcus-oc.org\/wordpress\/wp-content\/uploads\/2020\/05\/g52-250x166.jpg 250w, https:\/\/arcus-oc.org\/wordpress\/wp-content\/uploads\/2020\/05\/g52.jpg 720w\" sizes=\"(max-width: 300px) 100vw, 300px\" \/><\/a><\/div>\n","protected":false},"excerpt":{"rendered":"<p>Roce 2023 po\u0159\u00e1d\u00e1me tyto pobyty: v Harrachov\u011b, hotel INN od\u00a0 4.6. &#8211; 11.6.2023 od 11.6. &#8211; 18.6.2023 Cena v\u010detn\u011b pln\u00e9 penze za t\u00fddenn\u00ed pobyt je 8.050 K\u010d. Pobyt v\u00a0 Karlov\u00fdch Varech. Mo\u017eno jet na t\u00fdden nebo 14 dn\u016f. 12.10. &#8211; 19.10.2023 19.10. &#8211; 26.10.2023 Term\u00edny jsou\u00a0 pln\u011b obsazen\u00e9. Cena za t\u00fddenn\u00ed pobyt v\u010detn\u011b pln\u00e9 penze [&hellip;]<\/p>\n","protected":false},"author":1,"featured_media":0,"parent":0,"menu_order":0,"comment_status":"closed","ping_status":"open","template":"","meta":[],"_links":{"self":[{"href":"https:\/\/arcus-oc.org\/index.php?rest_route=\/wp\/v2\/pages\/3249"}],"collection":[{"href":"https:\/\/arcus-oc.org\/index.php?rest_route=\/wp\/v2\/pages"}],"about":[{"href":"https:\/\/arcus-oc.org\/index.php?rest_route=\/wp\/v2\/types\/page"}],"author":[{"embeddable":true,"href":"https:\/\/arcus-oc.org\/index.php?rest_route=\/wp\/v2\/users\/1"}],"replies":[{"embeddable":true,"href":"https:\/\/arcus-oc.org\/index.php?rest_route=%2Fwp%2Fv2%2Fcomments&post=3249"}],"version-history":[{"count":5,"href":"https:\/\/arcus-oc.org\/index.php?rest_route=\/wp\/v2\/pages\/3249\/revisions"}],"predecessor-version":[{"id":3321,"href":"https:\/\/arcus-oc.org\/index.php?rest_route=\/wp\/v2\/pages\/3249\/revisions\/3321"}],"wp:attachment":[{"href":"https:\/\/arcus-oc.org\/index.php?rest_route=%2Fwp%2Fv2%2Fmedia&parent=3249"}],"curies":[{"name":"wp","href":"https:\/\/api.w.org\/{rel}","templated":true}]}}