{"id":3244,"date":"2023-01-30T13:09:50","date_gmt":"2023-01-30T13:09:50","guid":{"rendered":"http:\/\/arcus-oc.org\/?page_id=3244"},"modified":"2023-10-03T05:35:56","modified_gmt":"2023-10-03T05:35:56","slug":"kongresy-a-seminare-2023","status":"publish","type":"page","link":"https:\/\/arcus-oc.org\/?page_id=3244","title":{"rendered":"Kongresy a semin\u00e1\u0159e 2023"},"content":{"rendered":"\n<h3>Mezin\u00e1rodn\u00ed onkologick\u00fd kongres Znojmo<\/h3>\n\n\n<p>Ji\u017e tradi\u010dn\u011b tento rok po\u0159\u00e1d\u00e1me Mezin\u00e1rodn\u00ed onkologick\u00fd kongres ve Znojm\u011b, v Louck\u00e9m kl\u00e1\u0161te\u0159e ve dnech 5. 10. \u2013 7. 10. 2023. Na kongrese bude p\u0159edn\u00e1\u0161et \u0159ada p\u0159edn\u00edch odborn\u00edk\u016f jak \u010desk\u00fdch, tak i zahrani\u010dn\u00edch. Jakmile bude program kongresu kone\u010dn\u00fd, bude zde p\u0159\u00edstupn\u00fd. Budete-li m\u00edt z\u00e1jem \u00fa\u010dastnit se kongresu, tak na e-mail: <a href=\"mailto:Denisa.Varekova@seznam.cz\">Denisa.Varekova@seznam.cz<\/a> nahlaste Va\u0161e jm\u00e9no, p\u0159\u00edjmen\u00ed, titul, datum narozen\u00ed a pracovn\u00ed odbornost.<\/p>\n<p><a href=\"http:\/\/arcus-oc.org\/wordpress\/wp-content\/uploads\/2023\/10\/MOK-2023-program.pdf\" data-type=\"URL\" data-id=\"http:\/\/arcus-oc.org\/wordpress\/wp-content\/uploads\/2023\/10\/MOK-2023-program.pdf\" data-rich-text-format-boundary=\"true\">zde najdete ke sta\u017een\u00ed soubor PDF s podrobnostmi<\/a><\/p>\n<p><a href=\"http:\/\/arcus-oc.org\/wordpress\/wp-content\/uploads\/2023\/03\/zastita.pdf\">z\u00e1\u0161tita MZ \u010cR<\/a><\/p>\n<p><a href=\"http:\/\/arcus-oc.org\/wordpress\/wp-content\/uploads\/2023\/09\/zastita_2.pdf\">z\u00e1\u0161tita PS \u010cR<\/a><\/p>\n\n\n<h3>APO Letn\u00ed \u0161kola VIII<\/h3>\n\n\n\n<figure class=\"wp-block-image size-full\"><img decoding=\"async\" loading=\"lazy\" width=\"600\" height=\"450\" src=\"http:\/\/arcus-oc.org\/wordpress\/wp-content\/uploads\/2023\/07\/previewx.png\" alt=\"\" class=\"wp-image-3381\" srcset=\"https:\/\/arcus-oc.org\/wordpress\/wp-content\/uploads\/2023\/07\/previewx.png 600w, https:\/\/arcus-oc.org\/wordpress\/wp-content\/uploads\/2023\/07\/previewx-300x225.png 300w, https:\/\/arcus-oc.org\/wordpress\/wp-content\/uploads\/2023\/07\/previewx-150x113.png 150w, https:\/\/arcus-oc.org\/wordpress\/wp-content\/uploads\/2023\/07\/previewx-250x188.png 250w\" sizes=\"(max-width: 600px) 100vw, 600px\" \/><\/figure>\n\n\n\n<p>V\u00edce informac\u00ed v n\u00e1sleduj\u00edc\u00edm odkazu :&nbsp;<a rel=\"noreferrer noopener\" href=\"https:\/\/www.pacientskaakademie.cz\/cs\/kalendar-akci\/apo-letni-skola-viii\/\" target=\"_blank\">https:\/\/www.pacientskaakademie.cz\/\u2026ii\/<\/a><\/p>\n\n\n\n<p><\/p>\n\n\n\n<h3>Vzd\u011bl\u00e1vac\u00ed semin\u00e1\u0159 7. 6. 2023 v Harrachov\u011b<\/h3>\n\n\n\n<p>Semin\u00e1\u0159 prob\u011bhne v r\u00e1mci Eduka\u010dn\u00edho pacientsk\u00e9ho programu ONKO, kter\u00fd finan\u010dn\u011b podporuje Vl\u00e1dn\u00ed v\u00fdbor pro osoby se zdravotn\u00edm posti\u017een\u00edm \u00da\u0159adu vl\u00e1dy \u010cR. Hlavn\u00edm t\u00e9matem semin\u00e1\u0159e je \u201eP\u00e9\u010de o lymfed\u00e9m s praktickou uk\u00e1zkou a pom\u016fckami pro on-kologick\u00e9 pacienty\u201c. Semin\u00e1\u0159 zajist\u00edme ve spolupr\u00e1ci a p\u0159edn\u00edmi odborn\u00edky zab\u00fdvaj\u00edc\u00ed se onkologickou problematikou a povede ho Robert Z\u00edtko. Pacienti i ve\u0159ejnost mohou z\u00edskat z\u00e1kladn\u00ed informace v prevenci n\u00e1dorov\u00fdch onemocn\u011bn\u00ed, mo\u017enostech l\u00e9\u010dby a n\u00e1sledn\u00e9 p\u00e9\u010de.<\/p>\n\n\n\n<figure class=\"wp-block-image size-large\"><a href=\"http:\/\/arcus-oc.org\/wordpress\/wp-content\/uploads\/2023\/06\/pozv-onko-scaled.jpg\"><img decoding=\"async\" loading=\"lazy\" width=\"1024\" height=\"697\" src=\"http:\/\/arcus-oc.org\/wordpress\/wp-content\/uploads\/2023\/06\/pozv-onko-1024x697.jpg\" alt=\"\" class=\"wp-image-3359\" srcset=\"https:\/\/arcus-oc.org\/wordpress\/wp-content\/uploads\/2023\/06\/pozv-onko-1024x697.jpg 1024w, https:\/\/arcus-oc.org\/wordpress\/wp-content\/uploads\/2023\/06\/pozv-onko-300x204.jpg 300w, https:\/\/arcus-oc.org\/wordpress\/wp-content\/uploads\/2023\/06\/pozv-onko-150x102.jpg 150w, https:\/\/arcus-oc.org\/wordpress\/wp-content\/uploads\/2023\/06\/pozv-onko-768x522.jpg 768w, https:\/\/arcus-oc.org\/wordpress\/wp-content\/uploads\/2023\/06\/pozv-onko-1536x1045.jpg 1536w, https:\/\/arcus-oc.org\/wordpress\/wp-content\/uploads\/2023\/06\/pozv-onko-2048x1393.jpg 2048w, https:\/\/arcus-oc.org\/wordpress\/wp-content\/uploads\/2023\/06\/pozv-onko-250x170.jpg 250w\" sizes=\"(max-width: 1024px) 100vw, 1024px\" \/><\/a><\/figure>\n\n\n\n<h3>Semin\u00e1\u0159 k projektu \u201eNejde jen o prsa\u2026\u201c<\/h3>\n<p>\n\n\n\n<\/p>\n<p>Dne 21. b\u0159ezna 2023 prob\u011bhl v Praze semin\u00e1\u0159, kter\u00e9ho se z na\u0161eho spolku z\u00fa\u010dastnily 4 dobrovolnice. Tyto dobrovolnice z\u00edskaly Osv\u011bd\u010den\u00ed a mohou tak ukazovat metodu samovy\u0161et\u0159en\u00ed prsu na na\u0161ich akc\u00edch.<\/p>\n<p>\n\n\n\n<\/p>\n<p><a href=\"http:\/\/arcus-oc.org\/wordpress\/wp-content\/uploads\/2023\/04\/program-seminare-nejde-jen-o-prsa-1.pdf\" target=\"_blank\" rel=\"noreferrer noopener\">Program semin\u00e1\u0159e<\/a><\/p>\n<p>\n\n\n\n<\/p>\n<figure class=\"wp-block-image size-large\"><img decoding=\"async\" loading=\"lazy\" width=\"1024\" height=\"768\" class=\"wp-image-3315\" src=\"http:\/\/arcus-oc.org\/wordpress\/wp-content\/uploads\/2023\/04\/336622727_1699784660493510_5084690965355898701_n-1024x768.jpg\" alt=\"\" srcset=\"https:\/\/arcus-oc.org\/wordpress\/wp-content\/uploads\/2023\/04\/336622727_1699784660493510_5084690965355898701_n-1024x768.jpg 1024w, https:\/\/arcus-oc.org\/wordpress\/wp-content\/uploads\/2023\/04\/336622727_1699784660493510_5084690965355898701_n-300x225.jpg 300w, https:\/\/arcus-oc.org\/wordpress\/wp-content\/uploads\/2023\/04\/336622727_1699784660493510_5084690965355898701_n-150x113.jpg 150w, https:\/\/arcus-oc.org\/wordpress\/wp-content\/uploads\/2023\/04\/336622727_1699784660493510_5084690965355898701_n-768x576.jpg 768w, https:\/\/arcus-oc.org\/wordpress\/wp-content\/uploads\/2023\/04\/336622727_1699784660493510_5084690965355898701_n-1536x1152.jpg 1536w, https:\/\/arcus-oc.org\/wordpress\/wp-content\/uploads\/2023\/04\/336622727_1699784660493510_5084690965355898701_n-250x188.jpg 250w, https:\/\/arcus-oc.org\/wordpress\/wp-content\/uploads\/2023\/04\/336622727_1699784660493510_5084690965355898701_n.jpg 2048w\" sizes=\"(max-width: 1024px) 100vw, 1024px\" \/><\/figure>\n<p>\n\n\n\n<\/p>\n<h3>\u00a0<\/h3>\n<p>\n\n\n\n<\/p>\n<p>\u00a0<\/p>\n<p>\n\n\n\n<\/p>\n<h3>Semin\u00e1\u0159 ke Sv\u011btov\u00e9mu dni proti rakovin\u011b<\/h3>\n<p>\n\n\n\n<\/p>\n<p>Dne 1. \u00fanora 2023 prob\u011bhl v Praze v budov\u011b IBC semin\u00e1\u0159 ke Sv\u011btov\u00e9mu dni proti rakovin\u011b, kter\u00fd zorganizoval spolek ARCUS \u2013 onko centrum, z.s. Semin\u00e1\u0159 prob\u011bhl v r\u00e1mci Eduka\u010dn\u00edho pacientsk\u00e9ho programu ONKO, kter\u00fd finan\u010dn\u011b podporuje Vl\u00e1dn\u00ed v\u00fdbor pro osoby se zdravotn\u00edm posti\u017een\u00edm \u00da\u0159adu vl\u00e1dy \u010cR.<\/p>\n<p>\n\n\n\n<\/p>\n<p><a href=\"http:\/\/arcus-oc.org\/wordpress\/wp-content\/uploads\/2023\/01\/pozv\u00e1nka.jpg\" target=\"_blank\" rel=\"noreferrer noopener\">Pozv\u00e1nka na semin\u00e1\u0159 1. 2. 2023<\/a><\/p>\n<p>\n\n\n\n<\/p>\n<p><a href=\"http:\/\/arcus-oc.org\/wordpress\/wp-content\/uploads\/2023\/01\/TK-pro-CTK-1.2.2023-semin%C3%A1%C5%99.pdf\" target=\"_blank\" rel=\"noreferrer noopener\">Tiskov\u00e1 zpr\u00e1va ze dne 1. 2. 2023<\/a><\/p>\n<p>\n\n\n\n<\/p>\n<figure class=\"wp-block-image\"><img decoding=\"async\" loading=\"lazy\" width=\"1024\" height=\"768\" class=\"wp-image-3274\" src=\"http:\/\/arcus-oc.org\/wordpress\/wp-content\/uploads\/2023\/02\/327866689_871370027446433_9027277346641743027_n-1024x768.jpg\" alt=\"\" srcset=\"https:\/\/arcus-oc.org\/wordpress\/wp-content\/uploads\/2023\/02\/327866689_871370027446433_9027277346641743027_n-1024x768.jpg 1024w, https:\/\/arcus-oc.org\/wordpress\/wp-content\/uploads\/2023\/02\/327866689_871370027446433_9027277346641743027_n-300x225.jpg 300w, https:\/\/arcus-oc.org\/wordpress\/wp-content\/uploads\/2023\/02\/327866689_871370027446433_9027277346641743027_n-150x113.jpg 150w, https:\/\/arcus-oc.org\/wordpress\/wp-content\/uploads\/2023\/02\/327866689_871370027446433_9027277346641743027_n-768x576.jpg 768w, https:\/\/arcus-oc.org\/wordpress\/wp-content\/uploads\/2023\/02\/327866689_871370027446433_9027277346641743027_n-1536x1152.jpg 1536w, https:\/\/arcus-oc.org\/wordpress\/wp-content\/uploads\/2023\/02\/327866689_871370027446433_9027277346641743027_n-250x188.jpg 250w, https:\/\/arcus-oc.org\/wordpress\/wp-content\/uploads\/2023\/02\/327866689_871370027446433_9027277346641743027_n.jpg 2048w\" sizes=\"(max-width: 1024px) 100vw, 1024px\" \/><\/figure>\n<p>\n\n\n\n<\/p>\n<p>Fotografie ze semin\u00e1\u0159e: <a href=\"https:\/\/arcus-oc.rajce.idnes.cz\/2023_seminar_ke_Svetovemu_dni_proti_rakovine_1.2.2023\/\" target=\"_blank\" rel=\"noreferrer noopener\">https:\/\/arcus-oc.rajce.idnes.cz\/2023_seminar_ke_Svetovemu_dni_proti_rakovine_1.2.2023\/<\/a><\/p>\n<p>\u00a0<\/p>\n\n\n\n\n\n\n<figure class=\"wp-block-image\"><img alt=\"\"\/><\/figure>\n\n\n<figure class=\"is-layout-flex wp-block-gallery-1 wp-block-gallery has-nested-images columns-default is-cropped\"><\/figure>\n\n\n<figure class=\"is-layout-flex wp-block-gallery-3 wp-block-gallery has-nested-images columns-default is-cropped\"><\/figure>\n\n","protected":false},"excerpt":{"rendered":"<p>Mezin\u00e1rodn\u00ed onkologick\u00fd kongres Znojmo Ji\u017e tradi\u010dn\u011b tento rok po\u0159\u00e1d\u00e1me Mezin\u00e1rodn\u00ed onkologick\u00fd kongres ve Znojm\u011b, v Louck\u00e9m kl\u00e1\u0161te\u0159e ve dnech 5. 10. \u2013 7. 10. 2023. Na kongrese bude p\u0159edn\u00e1\u0161et \u0159ada p\u0159edn\u00edch odborn\u00edk\u016f jak \u010desk\u00fdch, tak i zahrani\u010dn\u00edch. Jakmile bude program kongresu kone\u010dn\u00fd, bude zde p\u0159\u00edstupn\u00fd. Budete-li m\u00edt z\u00e1jem \u00fa\u010dastnit se kongresu, tak na e-mail: Denisa.Varekova@seznam.cz [&hellip;]<\/p>\n","protected":false},"author":1,"featured_media":0,"parent":0,"menu_order":0,"comment_status":"closed","ping_status":"open","template":"","meta":[],"_links":{"self":[{"href":"https:\/\/arcus-oc.org\/index.php?rest_route=\/wp\/v2\/pages\/3244"}],"collection":[{"href":"https:\/\/arcus-oc.org\/index.php?rest_route=\/wp\/v2\/pages"}],"about":[{"href":"https:\/\/arcus-oc.org\/index.php?rest_route=\/wp\/v2\/types\/page"}],"author":[{"embeddable":true,"href":"https:\/\/arcus-oc.org\/index.php?rest_route=\/wp\/v2\/users\/1"}],"replies":[{"embeddable":true,"href":"https:\/\/arcus-oc.org\/index.php?rest_route=%2Fwp%2Fv2%2Fcomments&post=3244"}],"version-history":[{"count":14,"href":"https:\/\/arcus-oc.org\/index.php?rest_route=\/wp\/v2\/pages\/3244\/revisions"}],"predecessor-version":[{"id":3440,"href":"https:\/\/arcus-oc.org\/index.php?rest_route=\/wp\/v2\/pages\/3244\/revisions\/3440"}],"wp:attachment":[{"href":"https:\/\/arcus-oc.org\/index.php?rest_route=%2Fwp%2Fv2%2Fmedia&parent=3244"}],"curies":[{"name":"wp","href":"https:\/\/api.w.org\/{rel}","templated":true}]}}