{"id":3169,"date":"2022-05-05T21:11:50","date_gmt":"2022-05-05T21:11:50","guid":{"rendered":"http:\/\/arcus-oc.org\/?page_id=3169"},"modified":"2022-08-30T10:16:33","modified_gmt":"2022-08-30T10:16:33","slug":"rekondicne-edukacni-pobyty-v-roce-2022","status":"publish","type":"page","link":"https:\/\/arcus-oc.org\/?page_id=3169","title":{"rendered":"Rekondi\u010dn\u011b eduka\u010dn\u00ed pobyty v roce 2022"},"content":{"rendered":"<p>V roce 2022 jsme p\u0159ipravili tyto rekondi\u010dn\u011b eduka\u010dn\u00ed pobyty pro onkologick\u00e9 pacienty a jejich rodiny:<\/p>\n<p>2.4. -9.4. 2022 Karlovy Vary, Sanatorium Kriv\u00e1\u0148<\/p>\n<p>5.6. -12.6. 2022 Harrachov, Hotel INN<\/p>\n<p>12.6. -19.6.2022 Harrachov, Hotel INN<\/p>\n<p>3.9. &#8211; 17.9.2022 Chorvatsko, Crikvenica<\/p>\n<p>9.10. -16.10.2022 Karlovy Vary, Sanatorium Kriv\u00e1\u0148<\/p>\n<p>V\u0161echny tyto pobyty jsou ji\u017e obsazen\u00e9.<\/p>\n","protected":false},"excerpt":{"rendered":"<p>V roce 2022 jsme p\u0159ipravili tyto rekondi\u010dn\u011b eduka\u010dn\u00ed pobyty pro onkologick\u00e9 pacienty a jejich rodiny: 2.4. -9.4. 2022 Karlovy Vary, Sanatorium Kriv\u00e1\u0148 5.6. -12.6. 2022 Harrachov, Hotel INN 12.6. -19.6.2022 Harrachov, Hotel INN 3.9. &#8211; 17.9.2022 Chorvatsko, Crikvenica 9.10. -16.10.2022 Karlovy Vary, Sanatorium Kriv\u00e1\u0148 V\u0161echny tyto pobyty jsou ji\u017e obsazen\u00e9.<\/p>\n","protected":false},"author":1,"featured_media":0,"parent":0,"menu_order":0,"comment_status":"closed","ping_status":"open","template":"","meta":[],"_links":{"self":[{"href":"https:\/\/arcus-oc.org\/index.php?rest_route=\/wp\/v2\/pages\/3169"}],"collection":[{"href":"https:\/\/arcus-oc.org\/index.php?rest_route=\/wp\/v2\/pages"}],"about":[{"href":"https:\/\/arcus-oc.org\/index.php?rest_route=\/wp\/v2\/types\/page"}],"author":[{"embeddable":true,"href":"https:\/\/arcus-oc.org\/index.php?rest_route=\/wp\/v2\/users\/1"}],"replies":[{"embeddable":true,"href":"https:\/\/arcus-oc.org\/index.php?rest_route=%2Fwp%2Fv2%2Fcomments&post=3169"}],"version-history":[{"count":4,"href":"https:\/\/arcus-oc.org\/index.php?rest_route=\/wp\/v2\/pages\/3169\/revisions"}],"predecessor-version":[{"id":3200,"href":"https:\/\/arcus-oc.org\/index.php?rest_route=\/wp\/v2\/pages\/3169\/revisions\/3200"}],"wp:attachment":[{"href":"https:\/\/arcus-oc.org\/index.php?rest_route=%2Fwp%2Fv2%2Fmedia&parent=3169"}],"curies":[{"name":"wp","href":"https:\/\/api.w.org\/{rel}","templated":true}]}}