{"id":3066,"date":"2021-02-04T18:23:39","date_gmt":"2021-02-04T18:23:39","guid":{"rendered":"http:\/\/arcus-oc.org\/?page_id=3066"},"modified":"2021-07-19T18:04:20","modified_gmt":"2021-07-19T18:04:20","slug":"beneficni-akce-2021","status":"publish","type":"page","link":"https:\/\/arcus-oc.org\/?page_id=3066","title":{"rendered":"Benefi\u010dn\u00ed akce 2021"},"content":{"rendered":"<p><span style=\"color: #800080;\"><em><strong><a href=\"http:\/\/arcus-oc.org\/wordpress\/wp-content\/uploads\/2021\/02\/sponzo\u0159i-benef.akce-Rockov\u00e9-l\u00e9to-2021.pdf\"><span style=\"color: #800080;\"><a href=\"http:\/\/arcus-oc.org\/wordpress\/wp-content\/uploads\/2021\/02\/sponzo\u0159i-benef.akce-Rockov\u00e9-l\u00e9to-2021.pdf\"><span style=\"color: #800080;\">D\u00e1rci a partne\u0159i benefi\u010dn\u00ed akce Rockov\u00e9 l\u00e9to 2021<\/span><\/a><\/span><\/a><\/strong><\/em><\/span><\/p>\n<p><a href=\"https:\/\/vedomizdravi.cz\/\"><strong><span style=\"color: #000000;\">17.7.2021 Benefi\u010dn\u00ed akce Rockov\u00e9 l\u00e9to \u010cervenka<\/span><\/strong><\/a><\/p>\n<p>ARCUS \u2013 onko centrum,z.s. poskytuje na \u00fazem\u00ed cel\u00e9 \u010cesk\u00e9 republiky pomoc lidem, kte\u0159\u00ed onemocn\u011bli n\u011bkter\u00fdm z mnoha zhoubn\u00fdch n\u00e1dorov\u00fdch onemocn\u011bn\u00ed. Z tohoto d\u016fvodu po\u0159\u00e1d\u00e1me tradi\u010dn\u00ed benefi\u010dn\u00ed akci v \u010cervence u Litovle ve venkovn\u00edm are\u00e1lu Ol\u0161e na podporu na\u0161\u00ed \u010dinnosti.\u00a0 Hlavn\u00edm programem benefi\u010dn\u00ed akce je\u00a0 vystoupen\u00ed\u00a0 rockov\u00fdch skupin. V\u00fdt\u011b\u017eek z benefi\u010dn\u00edch akc\u00ed jde p\u0159\u00edmo na programy pomoci onkologick\u00fdm pacient\u016fm a na preventivn\u00ed program proti rakovin\u011b.<\/p>\n<p>Sledujte na\u00a0\u00a0<a href=\"https:\/\/www.facebook.com\/events\/238712897647267\">(20+) Rockov\u00e9 l\u00e9to: VITACIT, AL\u017dB\u011aTA, ORTEL, SARKONIA, OBEREG, BASTARD, ORCHIDEA, ADVERSARIOS | Facebook<\/a><\/p>\n<p><a href=\"http:\/\/arcus-oc.org\/wordpress\/wp-content\/uploads\/2021\/04\/131539653_3519996608056104_4861837918808415843_n.jpg\"><img decoding=\"async\" loading=\"lazy\" class=\"alignleft size-thumbnail wp-image-3123\" alt=\"131539653_3519996608056104_4861837918808415843_n\" src=\"http:\/\/arcus-oc.org\/wordpress\/wp-content\/uploads\/2021\/04\/131539653_3519996608056104_4861837918808415843_n-150x131.jpg\" width=\"150\" height=\"131\" srcset=\"https:\/\/arcus-oc.org\/wordpress\/wp-content\/uploads\/2021\/04\/131539653_3519996608056104_4861837918808415843_n-150x131.jpg 150w, https:\/\/arcus-oc.org\/wordpress\/wp-content\/uploads\/2021\/04\/131539653_3519996608056104_4861837918808415843_n-300x262.jpg 300w, https:\/\/arcus-oc.org\/wordpress\/wp-content\/uploads\/2021\/04\/131539653_3519996608056104_4861837918808415843_n-250x218.jpg 250w, https:\/\/arcus-oc.org\/wordpress\/wp-content\/uploads\/2021\/04\/131539653_3519996608056104_4861837918808415843_n.jpg 616w\" sizes=\"(max-width: 150px) 100vw, 150px\" \/><\/a><\/p>\n<p><a href=\"http:\/\/arcus-oc.org\/wordpress\/wp-content\/uploads\/2021\/02\/146071640_3656650837724013_3255990937051791327_n.jpg\"><img decoding=\"async\" loading=\"lazy\" class=\"alignleft size-thumbnail wp-image-3067\" alt=\"146071640_3656650837724013_3255990937051791327_n\" src=\"http:\/\/arcus-oc.org\/wordpress\/wp-content\/uploads\/2021\/02\/146071640_3656650837724013_3255990937051791327_n-106x150.jpg\" width=\"106\" height=\"150\" srcset=\"https:\/\/arcus-oc.org\/wordpress\/wp-content\/uploads\/2021\/02\/146071640_3656650837724013_3255990937051791327_n-106x150.jpg 106w, https:\/\/arcus-oc.org\/wordpress\/wp-content\/uploads\/2021\/02\/146071640_3656650837724013_3255990937051791327_n-212x300.jpg 212w, https:\/\/arcus-oc.org\/wordpress\/wp-content\/uploads\/2021\/02\/146071640_3656650837724013_3255990937051791327_n-177x250.jpg 177w, https:\/\/arcus-oc.org\/wordpress\/wp-content\/uploads\/2021\/02\/146071640_3656650837724013_3255990937051791327_n.jpg 598w\" sizes=\"(max-width: 106px) 100vw, 106px\" \/><\/a><\/p>\n","protected":false},"excerpt":{"rendered":"<p>D\u00e1rci a partne\u0159i benefi\u010dn\u00ed akce Rockov\u00e9 l\u00e9to 2021 17.7.2021 Benefi\u010dn\u00ed akce Rockov\u00e9 l\u00e9to \u010cervenka ARCUS \u2013 onko centrum,z.s. poskytuje na \u00fazem\u00ed cel\u00e9 \u010cesk\u00e9 republiky pomoc lidem, kte\u0159\u00ed onemocn\u011bli n\u011bkter\u00fdm z mnoha zhoubn\u00fdch n\u00e1dorov\u00fdch onemocn\u011bn\u00ed. Z tohoto d\u016fvodu po\u0159\u00e1d\u00e1me tradi\u010dn\u00ed benefi\u010dn\u00ed akci v \u010cervence u Litovle ve venkovn\u00edm are\u00e1lu Ol\u0161e na podporu na\u0161\u00ed \u010dinnosti.\u00a0 Hlavn\u00edm programem [&hellip;]<\/p>\n","protected":false},"author":1,"featured_media":0,"parent":0,"menu_order":0,"comment_status":"closed","ping_status":"open","template":"","meta":[],"_links":{"self":[{"href":"https:\/\/arcus-oc.org\/index.php?rest_route=\/wp\/v2\/pages\/3066"}],"collection":[{"href":"https:\/\/arcus-oc.org\/index.php?rest_route=\/wp\/v2\/pages"}],"about":[{"href":"https:\/\/arcus-oc.org\/index.php?rest_route=\/wp\/v2\/types\/page"}],"author":[{"embeddable":true,"href":"https:\/\/arcus-oc.org\/index.php?rest_route=\/wp\/v2\/users\/1"}],"replies":[{"embeddable":true,"href":"https:\/\/arcus-oc.org\/index.php?rest_route=%2Fwp%2Fv2%2Fcomments&post=3066"}],"version-history":[{"count":7,"href":"https:\/\/arcus-oc.org\/index.php?rest_route=\/wp\/v2\/pages\/3066\/revisions"}],"predecessor-version":[{"id":3141,"href":"https:\/\/arcus-oc.org\/index.php?rest_route=\/wp\/v2\/pages\/3066\/revisions\/3141"}],"wp:attachment":[{"href":"https:\/\/arcus-oc.org\/index.php?rest_route=%2Fwp%2Fv2%2Fmedia&parent=3066"}],"curies":[{"name":"wp","href":"https:\/\/api.w.org\/{rel}","templated":true}]}}