{"id":2799,"date":"2020-01-31T13:01:40","date_gmt":"2020-01-31T13:01:40","guid":{"rendered":"http:\/\/arcus-oc.org\/?page_id=2799"},"modified":"2021-01-21T13:38:33","modified_gmt":"2021-01-21T13:38:33","slug":"kongresy-a-seminare-2020","status":"publish","type":"page","link":"https:\/\/arcus-oc.org\/?page_id=2799","title":{"rendered":"Kongresy a semin\u00e1\u0159e 2020"},"content":{"rendered":"<div>\n<p><span style=\"color: #0000ff;\"><strong>Mezin\u00e1rodn\u00ed onkologick\u00fd kongres Znojmo 5.12.2020 od 9 hod. \u017eiv\u00e9 vys\u00edl\u00e1n\u00ed\u00a0<\/strong><\/span><\/p>\n<p><a href=\"http:\/\/arcus-oc.org\/wordpress\/wp-content\/uploads\/2020\/01\/3.jpg\"><img decoding=\"async\" loading=\"lazy\" class=\"alignleft size-thumbnail wp-image-3040\" alt=\"3\" src=\"http:\/\/arcus-oc.org\/wordpress\/wp-content\/uploads\/2020\/01\/3-150x84.jpg\" width=\"150\" height=\"84\" srcset=\"https:\/\/arcus-oc.org\/wordpress\/wp-content\/uploads\/2020\/01\/3-150x84.jpg 150w, https:\/\/arcus-oc.org\/wordpress\/wp-content\/uploads\/2020\/01\/3-300x168.jpg 300w, https:\/\/arcus-oc.org\/wordpress\/wp-content\/uploads\/2020\/01\/3-1024x576.jpg 1024w, https:\/\/arcus-oc.org\/wordpress\/wp-content\/uploads\/2020\/01\/3-250x140.jpg 250w, https:\/\/arcus-oc.org\/wordpress\/wp-content\/uploads\/2020\/01\/3.jpg 1920w\" sizes=\"(max-width: 150px) 100vw, 150px\" \/><\/a><a href=\"http:\/\/arcus-oc.org\/wordpress\/wp-content\/uploads\/2020\/01\/1-2.jpg\"><img decoding=\"async\" loading=\"lazy\" class=\"alignleft size-thumbnail wp-image-3038\" alt=\"1 (2)\" src=\"http:\/\/arcus-oc.org\/wordpress\/wp-content\/uploads\/2020\/01\/1-2-150x84.jpg\" width=\"150\" height=\"84\" srcset=\"https:\/\/arcus-oc.org\/wordpress\/wp-content\/uploads\/2020\/01\/1-2-150x84.jpg 150w, https:\/\/arcus-oc.org\/wordpress\/wp-content\/uploads\/2020\/01\/1-2-300x168.jpg 300w, https:\/\/arcus-oc.org\/wordpress\/wp-content\/uploads\/2020\/01\/1-2-1024x576.jpg 1024w, https:\/\/arcus-oc.org\/wordpress\/wp-content\/uploads\/2020\/01\/1-2-250x140.jpg 250w, https:\/\/arcus-oc.org\/wordpress\/wp-content\/uploads\/2020\/01\/1-2.jpg 1280w\" sizes=\"(max-width: 150px) 100vw, 150px\" \/><\/a><a href=\"http:\/\/arcus-oc.org\/wordpress\/wp-content\/uploads\/2020\/01\/IMG_20201205_123953.jpg\"><img decoding=\"async\" loading=\"lazy\" class=\"alignleft size-thumbnail wp-image-3037\" alt=\"IMG_20201205_123953\" src=\"http:\/\/arcus-oc.org\/wordpress\/wp-content\/uploads\/2020\/01\/IMG_20201205_123953-150x112.jpg\" width=\"150\" height=\"112\" srcset=\"https:\/\/arcus-oc.org\/wordpress\/wp-content\/uploads\/2020\/01\/IMG_20201205_123953-150x112.jpg 150w, https:\/\/arcus-oc.org\/wordpress\/wp-content\/uploads\/2020\/01\/IMG_20201205_123953-300x225.jpg 300w, https:\/\/arcus-oc.org\/wordpress\/wp-content\/uploads\/2020\/01\/IMG_20201205_123953-250x187.jpg 250w, https:\/\/arcus-oc.org\/wordpress\/wp-content\/uploads\/2020\/01\/IMG_20201205_123953.jpg 1000w\" sizes=\"(max-width: 150px) 100vw, 150px\" \/><\/a><\/p>\n<p>&nbsp;<\/p>\n<p>&nbsp;<\/p>\n<p>&nbsp;<\/p>\n<p>&nbsp;<\/p>\n<p>&nbsp;<\/p>\n<p><a href=\"http:\/\/arcus-oc.org\/wordpress\/wp-content\/uploads\/2020\/01\/loukaext.jpg\"><img decoding=\"async\" loading=\"lazy\" class=\"alignleft size-thumbnail wp-image-2833\" alt=\"loukaext\" src=\"http:\/\/arcus-oc.org\/wordpress\/wp-content\/uploads\/2020\/01\/loukaext-150x99.jpg\" width=\"150\" height=\"99\" srcset=\"https:\/\/arcus-oc.org\/wordpress\/wp-content\/uploads\/2020\/01\/loukaext-150x99.jpg 150w, https:\/\/arcus-oc.org\/wordpress\/wp-content\/uploads\/2020\/01\/loukaext-300x198.jpg 300w, https:\/\/arcus-oc.org\/wordpress\/wp-content\/uploads\/2020\/01\/loukaext-250x165.jpg 250w, https:\/\/arcus-oc.org\/wordpress\/wp-content\/uploads\/2020\/01\/loukaext.jpg 680w\" sizes=\"(max-width: 150px) 100vw, 150px\" \/><\/a><\/p>\n<p>Pro ve\u0159ejnost a pro sponzory bude videostream z\u00a0kongresu um\u00edst\u011bn na facebookov\u00e9m profilu Arcus\u00a0Onko Centra, kde jej budou moci shl\u00e9dnout v\u00a0pr\u016fb\u011bhu kon\u00e1n\u00ed kongresu i po jeho skon\u010den\u00ed.\u00a0Obecn\u00fd odkaz na Arcus Onko Centrum je:\u00a0<span style=\"color: #0000ff;\"><strong><em><a href=\"https:\/\/www.facebook.com\/ARCUS-ONKO-Centrum-1541758819413181\" target=\"_blank\" rel=\"noopener\"><span style=\"color: #0000ff;\">https:\/\/www.facebook.com\/ARCUS-ONKO-Centrum-1541758819413181<\/span><\/a><\/em><\/strong><\/span><\/p>\n<\/div>\n<div><strong><em><span style=\"color: #800000;\"><a href=\"http:\/\/arcus-oc.org\/wordpress\/wp-content\/uploads\/2020\/01\/MOK_shrnut\u00ed-program-2020.pdf\"><span style=\"color: #800000;\">MOK Znojmo program 2020<\/span><\/a><\/span><\/em><\/strong><\/div>\n<div><\/div>\n<div>D\u00e1le je na FB ud\u00e1lost<strong><em><span style=\"color: #008000;\">\u00a0<a href=\"https:\/\/www.facebook.com\/events\/428508184823667\" target=\"_blank\" rel=\"noopener\"><span style=\"color: #008000;\">https:\/\/www.facebook.com\/events\/428508184823667<\/span><\/a><\/span><\/em><\/strong>\u00a0 na kter\u00e9 bude prob\u00edhat v\u00a0sobotu od 9 hodin<strong>\u00a0<span style=\"color: #ff0000;\">\u017eiv\u00e9 vys\u00edl\u00e1n\u00ed z\u00a0kongresu<\/span><\/strong><span style=\"color: #ff0000;\">.<\/span><\/p>\n<div><span style=\"color: #ff0000;\">\u00a0<\/span><\/div>\n<\/div>\n<p>Webov\u00fd semin\u00e1\u0159\u00a0na t\u00e9ma\u00a0<span style=\"color: #800080;\">&#8222;<strong>Zvl\u00e1d\u00e1n\u00ed pocit\u016f nejistoty pro onkologicky nemocn\u00e9<\/strong>&#8220;\u00a0<\/span>a to v souvislosti se sou\u010dasnou pandemickou situac\u00ed je ur\u010den\u00fd onkologicky nemocn\u00fdm, lidem po nemoci nebo jejich bl\u00edzk\u00fdm.\u00a0Semin\u00e1\u0159 vede PhDr. Ing. Martin Posp\u00edchal z \u010cesk\u00e9 onkologick\u00e9 spole\u010dnosti, psychoonkologick\u00e9 sekce.\u00a0 Prob\u011bhne\u00a0<span style=\"color: #0000ff;\"><strong>v\u00a0p\u00e1tek\u00a013.11.2020 od 17 hodin<\/strong><\/span><strong>.<\/strong>\u00a0Je\u00a0<strong>zdarma<\/strong>,\u00a0<strong>on-line\u00a0<\/strong>a tedy nen\u00ed pot\u0159eba n\u011bkam jezdit.\u00a0Sta\u010d\u00ed se pouze vzd\u00e1len\u011b p\u0159ipojit z klidu domova \u010di nemocnice p\u0159es jak\u00fdkoliv po\u010d\u00edta\u010d s internetem:\u00a0<span style=\"color: #800000;\"><em><a href=\"https:\/\/www.linkos.cz\/ceska-onkologicka-spolecnost-cls-jep\/o-portalu\/zive-prenosy\/zvladani-pocitu-nejistoty-v-soucasne-pandemicke-situaci-webinar-pro-onkologicky\/\" target=\"_blank\" rel=\"noopener\"><span style=\"color: #800000;\">https:\/\/www.linkos.cz\/ceska-onkologicka-spolecnost-cls-jep\/o-portalu\/zive-prenosy\/zvladani-pocitu-nejistoty-v-soucasne-pandemicke-situaci-webinar-pro-onkologicky\/<\/span><\/a><\/em><\/span><\/p>\n<div data-block=\"true\" data-editor=\"2ugeh\" data-offset-key=\"91o2b-0-0\">\n<div data-offset-key=\"91o2b-0-0\"><a href=\"http:\/\/arcus-oc.org\/wordpress\/wp-content\/uploads\/2020\/01\/loukaext.jpg\"><img decoding=\"async\" loading=\"lazy\" class=\"alignleft size-thumbnail wp-image-2833\" alt=\"loukaext\" src=\"http:\/\/arcus-oc.org\/wordpress\/wp-content\/uploads\/2020\/01\/loukaext-150x99.jpg\" width=\"150\" height=\"99\" srcset=\"https:\/\/arcus-oc.org\/wordpress\/wp-content\/uploads\/2020\/01\/loukaext-150x99.jpg 150w, https:\/\/arcus-oc.org\/wordpress\/wp-content\/uploads\/2020\/01\/loukaext-300x198.jpg 300w, https:\/\/arcus-oc.org\/wordpress\/wp-content\/uploads\/2020\/01\/loukaext-250x165.jpg 250w, https:\/\/arcus-oc.org\/wordpress\/wp-content\/uploads\/2020\/01\/loukaext.jpg 680w\" sizes=\"(max-width: 150px) 100vw, 150px\" \/><\/a>V\u00e1\u017een\u00ed p\u0159\u00e1tel\u00e9!<\/div>\n<\/div>\n<div data-block=\"true\" data-editor=\"2ugeh\" data-offset-key=\"3k7dc-0-0\">\n<div data-offset-key=\"3k7dc-0-0\">S l\u00edtost\u00ed V\u00e1m oznamujeme, \u017ee jsme se po zased\u00e1n\u00ed a elektronick\u00e9 komunikaci velmi neradi rozhodli kon\u00e1n\u00ed na\u0161eho kongresu odlo\u017eit. Ud\u00e1losti n\u00e1m, bohu\u017eel, neumo\u017e\u0148uj\u00ed d\u016fstojn\u011b a smyslupln\u011b uspo\u0159\u00e1dat jubilejn\u00ed ro\u010dn\u00edk. Uva\u017eovali jsme i o okle\u0161t\u011bn\u00e9m programu, ale mysl\u00edme, \u017ee se ve Znojm\u011b v\u0161ichni setk\u00e1v\u00e1me nejen pro odborn\u00fd program, ale tak\u00e9 pro p\u0159\u00edjemn\u00e9 popov\u00edd\u00e1n\u00ed, nev\u00e1zan\u00e9 diskuze a kulo\u00e1rn\u00ed jedn\u00e1n\u00ed, ale v neposledn\u00ed \u0159ad\u011b, abychom na tradi\u010dn\u00edm ve\u010deru okusili n\u011bco znojemsk\u00fdch produkt\u016f a kultury.<\/div>\n<\/div>\n<div data-block=\"true\" data-editor=\"2ugeh\" data-offset-key=\"377ff-0-0\">\n<div data-offset-key=\"377ff-0-0\">Pro leto\u0161n\u00ed ro\u010dn\u00edk jsme p\u0159ipravovali \u0159adu p\u0159\u00edjemn\u00fdch doprovodn\u00fdch zpest\u0159en\u00ed, kter\u00e9 n\u00e1m st\u00e1le p\u0159\u00edsn\u011bj\u0161\u00ed opat\u0159en\u00ed nedovoluj\u00ed za\u0159adit. Tak\u00e9 \u00fa\u010dastn\u00edci po posledn\u00edch zpr\u00e1v\u00e1ch za\u010dali zva\u017eovat \u00fa\u010dast.<\/div>\n<\/div>\n<div data-block=\"true\" data-editor=\"2ugeh\" data-offset-key=\"dev63-0-0\">\n<div data-offset-key=\"dev63-0-0\">Dal\u0161\u00edm momentem pro na\u0161e rozhodnut\u00ed byly reakce n\u011bkter\u00fdch p\u0159edn\u00e1\u0161ej\u00edc\u00edch, kte\u0159\u00ed by se \u00fa\u010dast\u00ed dostali do konfliktu s doporu\u010den\u00edm sv\u00fdch nad\u0159\u00edzen\u00fdch slo\u017eek. O to v\u00edce si v\u00e1\u017e\u00edme t\u011bch, kte\u0159\u00ed projevili p\u0159ipravenost se \u00fa\u010dastnit i p\u0159es tento fakt a moc jim za toto gesto d\u011bkujeme.<\/div>\n<\/div>\n<div data-block=\"true\" data-editor=\"2ugeh\" data-offset-key=\"3bdvb-0-0\">\n<div data-offset-key=\"3bdvb-0-0\">Chceme V\u00e1s ubezpe\u010dit, \u017ee na\u0161e p\u0159\u00edpravy jsou velmi daleko a pokud se situace jen trochu zlep\u0161\u00ed, jsme schopni akci do 1 m\u011bs\u00edce(\u010dasov\u011b) znovu o\u017eivit.<\/div>\n<\/div>\n<div data-block=\"true\" data-editor=\"2ugeh\" data-offset-key=\"c7328-0-0\">\n<div data-offset-key=\"c7328-0-0\">Pros\u00edme proto v\u0161echny spolupracovn\u00edky, sponzory a partnery, ale tak\u00e9 p\u0159edev\u0161\u00edm p\u0159edn\u00e1\u0161ej\u00edc\u00ed, zda by byli ochotni aktu\u00e1ln\u011b reagovat na, doufejme, zlep\u0161uj\u00edc\u00ed se podm\u00ednky a pomoci n\u00e1m v tomto sna\u017een\u00ed i v n\u00e1hradn\u00edm term\u00ednu.<\/div>\n<\/div>\n<div data-block=\"true\" data-editor=\"2ugeh\" data-offset-key=\"a7n66-0-0\">\n<div data-offset-key=\"a7n66-0-0\">V\u0161ichni, kdo zaplatili \u00fa\u010dast, \u010di poskytli finan\u010dn\u00ed prost\u0159edky, mohou je vyu\u017e\u00edt p\u0159i n\u00e1hradn\u00ed akci, ale pochopiteln\u011b v\u0161em kdo o to projev\u00ed z\u00e1jem neprodlen\u011b finance navr\u00e1t\u00edme.<\/div>\n<\/div>\n<div data-block=\"true\" data-editor=\"2ugeh\" data-offset-key=\"elrsj-0-0\">\n<div data-offset-key=\"elrsj-0-0\">Zachovejte n\u00e1m p\u0159\u00edze\u0148 a t\u011b\u0161\u00edme se na spole\u010dn\u00e9 setk\u00e1n\u00ed v co nejkrat\u0161\u00edm \u010dase!!<\/div>\n<\/div>\n<p>MUDr. Dalibor \u0160tambera, MBA\u00a0 \u00a0 Jana Ko\u017eelsk\u00e1\u00a0 \u00a0 \u00a0 \u00a0 MUDr. Milan Vantuch<\/p>\n<p>&nbsp;<\/p>\n<p>&nbsp;<\/p>\n<p>&nbsp;<\/p>\n<p>Ve dnech <strong><span style=\"color: #008000;\">2.10. -3.10. 2020<\/span><\/strong> prob\u011bhne 15.ro\u010dn\u00edk <strong><span style=\"color: #800080;\">Mezin\u00e1rodn\u00edho onkologick\u00e9ho kongresu ve Znojm\u011b v Louck\u00e9m kl\u00e1\u0161te\u0159e<\/span><\/strong>.\u00a0 Kongres op\u011bt bude akreditovan\u00fd pro l\u00e9ka\u0159e a pracovn\u00edky ve zdravotnictv\u00ed. Program bude vhodn\u00fd i pro onkologick\u00e9 pacienty.<\/p>\n<p>L\u00e9ka\u0159i se mohou registrovat p\u0159es IPVZ,\u00a0K\u00f3d akce: 212002270:<\/p>\n<p><em><strong><span style=\"color: #0000ff;\"><a href=\"https:\/\/www.ipvz.cz\/vzdelavaci-akce\/55157-mezinarodni-onkologicky-kongres-znojmo\"><span style=\"color: #0000ff;\">https:\/\/www.ipvz.cz\/vzdelavaci-akce\/55157-mezinarodni-onkologicky-kongres-znojmo<\/span><\/a>\u00a0<\/span><\/strong><\/em><\/p>\n<p><span style=\"color: #ff0000;\"><em><strong><a href=\"http:\/\/arcus-oc.org\/wordpress\/wp-content\/uploads\/2020\/01\/Program_MOKZnojmo2020.pdf\"><span style=\"color: #ff0000;\">Program MOK Znojmo 2020<\/span><\/a><\/strong><\/em><\/span><\/p>\n<p>P\u0159ihl\u00e1\u0161ky krom\u011b l\u00e9ka\u0159\u016f zas\u00edlejte na ARCUS &#8211; onko centrum, z.s. Je\u0161ov 24, 783 24 Luk\u00e1 nebo na e-mail: arcus.onko@email.cz .<\/p>\n<p>Registrace u \u010cesk\u00e9 asociace sester, z.s. je pod \u010d\u00edslem 322\/2020 a je ur\u010dena pro v\u0161eobecn\u00e9 sestry, praktick\u00e9 sestry, porodn\u00ed asistentky, zdravotn\u00ed laboranty, asistenty ochrany ve\u0159ejn\u00e9ho zdrav\u00ed, nutri\u010dn\u00ed terapeuty, zubn\u00ed techniky, dent\u00e1ln\u00ed hygienisty, zdravotnick\u00e9 z\u00e1chran\u00e1\u0159e, farmaceutick\u00e9 asistentky, zdravotn\u011b soci\u00e1ln\u00ed pracovn\u00edky a radiologick\u00e9 pracovn\u00edky, kte\u0159\u00ed hrad\u00ed 1\u00a0000 K\u010d v\u010detn\u011b vydan\u00e9ho certifik\u00e1tu, rautu a kulturn\u00edho programu.<\/p>\n<p>Onko pacienti za dva dny hrad\u00ed 200 K\u010d. Pro onko pacienty je \u00fa\u010dast pouze na p\u0159edn\u00e1\u0161k\u00e1ch\u00a0 v sobotu 5.10.2018 zdarma.<\/p>\n<p>Dne <span style=\"color: #008000;\"><strong>4.2.2020 prob\u011bhl v Praze<\/strong> <\/span>v IBC semin\u00e1\u0159 ke &#8222;Sv\u011btov\u00e9mu dni proti rakovin\u011b&#8220; v r\u00e1mci Eduka\u010dn\u00edho pacientsk\u00e9ho programu ONKO, kter\u00fd finan\u010dn\u011b podporuje \u00da\u0159ad vl\u00e1dy \u010cR a Vl\u00e1dn\u00ed v\u00fdbor pro osoby se zdravotn\u00edm posti\u017een\u00edm. <span style=\"color: #0000ff;\"><a href=\"http:\/\/arcus-oc.org\/wordpress\/wp-content\/uploads\/2020\/01\/Pozv\u00e1nka-na-semin\u00e1\u0159-4.2.2020-Praha.pdf\"><span style=\"color: #0000ff;\">Pozv\u00e1nka na semin\u00e1\u0159 4.2.2020 Praha<\/span><\/a>.<\/span><em><strong>\u00a0<span style=\"color: #800080;\"><a href=\"http:\/\/arcus-oc.org\/wordpress\/wp-content\/uploads\/2020\/01\/Tiskov\u00e1-zpr\u00e1va-4.2.2020-Sv\u011btov\u00fd-den-proti-rakovin\u011b-Praha.pdf\"><span style=\"color: #800080;\">Tiskov\u00e1 zpr\u00e1va 4.2.2020 Sv\u011btov\u00fd den proti rakovin\u011b Praha<\/span><\/a><\/span><\/strong><\/em><\/p>\n<p><a href=\"http:\/\/arcus-oc.org\/wordpress\/wp-content\/uploads\/2020\/01\/yu86yj.jpg\"><img decoding=\"async\" loading=\"lazy\" class=\"alignleft size-thumbnail wp-image-2803\" alt=\"yu86yj\" src=\"http:\/\/arcus-oc.org\/wordpress\/wp-content\/uploads\/2020\/01\/yu86yj-150x84.jpg\" width=\"150\" height=\"84\" srcset=\"https:\/\/arcus-oc.org\/wordpress\/wp-content\/uploads\/2020\/01\/yu86yj-150x84.jpg 150w, https:\/\/arcus-oc.org\/wordpress\/wp-content\/uploads\/2020\/01\/yu86yj-300x168.jpg 300w, https:\/\/arcus-oc.org\/wordpress\/wp-content\/uploads\/2020\/01\/yu86yj.jpg 400w, https:\/\/arcus-oc.org\/wordpress\/wp-content\/uploads\/2020\/01\/yu86yj-250x140.jpg 250w\" sizes=\"(max-width: 150px) 100vw, 150px\" \/><\/a><a href=\"http:\/\/arcus-oc.org\/wordpress\/wp-content\/uploads\/2020\/01\/IMG-20200212-WA0028.jpg\"><img decoding=\"async\" loading=\"lazy\" class=\"alignleft size-thumbnail wp-image-2830\" alt=\"IMG-20200212-WA0028\" src=\"http:\/\/arcus-oc.org\/wordpress\/wp-content\/uploads\/2020\/01\/IMG-20200212-WA0028-150x112.jpg\" width=\"150\" height=\"112\" srcset=\"https:\/\/arcus-oc.org\/wordpress\/wp-content\/uploads\/2020\/01\/IMG-20200212-WA0028-150x112.jpg 150w, https:\/\/arcus-oc.org\/wordpress\/wp-content\/uploads\/2020\/01\/IMG-20200212-WA0028-300x225.jpg 300w, https:\/\/arcus-oc.org\/wordpress\/wp-content\/uploads\/2020\/01\/IMG-20200212-WA0028-1024x768.jpg 1024w, https:\/\/arcus-oc.org\/wordpress\/wp-content\/uploads\/2020\/01\/IMG-20200212-WA0028-250x187.jpg 250w, https:\/\/arcus-oc.org\/wordpress\/wp-content\/uploads\/2020\/01\/IMG-20200212-WA0028.jpg 1600w\" sizes=\"(max-width: 150px) 100vw, 150px\" \/><\/a><a href=\"http:\/\/arcus-oc.org\/wordpress\/wp-content\/uploads\/2020\/01\/IMG-20200212-WA0019.jpg\"><img decoding=\"async\" loading=\"lazy\" class=\"alignleft size-thumbnail wp-image-2828\" alt=\"IMG-20200212-WA0019\" src=\"http:\/\/arcus-oc.org\/wordpress\/wp-content\/uploads\/2020\/01\/IMG-20200212-WA0019-150x112.jpg\" width=\"150\" height=\"112\" srcset=\"https:\/\/arcus-oc.org\/wordpress\/wp-content\/uploads\/2020\/01\/IMG-20200212-WA0019-150x112.jpg 150w, https:\/\/arcus-oc.org\/wordpress\/wp-content\/uploads\/2020\/01\/IMG-20200212-WA0019-300x225.jpg 300w, https:\/\/arcus-oc.org\/wordpress\/wp-content\/uploads\/2020\/01\/IMG-20200212-WA0019-1024x768.jpg 1024w, https:\/\/arcus-oc.org\/wordpress\/wp-content\/uploads\/2020\/01\/IMG-20200212-WA0019-250x187.jpg 250w, https:\/\/arcus-oc.org\/wordpress\/wp-content\/uploads\/2020\/01\/IMG-20200212-WA0019.jpg 1600w\" sizes=\"(max-width: 150px) 100vw, 150px\" \/><\/a><\/p>\n<p>&nbsp;<\/p>\n<p>&nbsp;<\/p>\n<p>&nbsp;<\/p>\n<p>&nbsp;<\/p>\n<p>&nbsp;<\/p>\n<p>Dal\u0161\u00ed p\u0159ipravovan\u00e9 semin\u00e1\u0159e budou , v \u010dervnu\u00a0 Olomouci v kongresov\u00e9m s\u00e1le Krajsk\u00e9ho \u00fa\u0159adu Olomouck\u00e9ho kraje, v \u0159\u00edjnu ve Znojm\u011b v Louck\u00e9m kl\u00e1\u0161te\u0159e, v \u0159\u00edjnu v hotelu M\u011bd\u00ednek v Kutn\u00e9 Ho\u0159e a v listopadu v hotelu Slovan v Karlov\u00fdch Varech<span style=\"color: #0b0122;\">. P\u016fvodn\u011b ozn\u00e1men\u00e9 term\u00edny jsme museli z d\u016fvodu nouzov\u00e9ho stavu kv\u016fli koronaviru zm\u011bnit.<\/span><\/p>\n<p><a href=\"http:\/\/arcus-oc.org\/wordpress\/wp-content\/uploads\/2017\/01\/Seminar_Spolu_proti_rakovine_2.2.2016_Olomouc_037.jpg\"><img decoding=\"async\" loading=\"lazy\" class=\"alignleft size-thumbnail wp-image-2185\" alt=\"Seminar_Spolu_proti_rakovine_2.2.2016_Olomouc_037\" src=\"http:\/\/arcus-oc.org\/wordpress\/wp-content\/uploads\/2017\/01\/Seminar_Spolu_proti_rakovine_2.2.2016_Olomouc_037-150x112.jpg\" width=\"150\" height=\"112\" srcset=\"https:\/\/arcus-oc.org\/wordpress\/wp-content\/uploads\/2017\/01\/Seminar_Spolu_proti_rakovine_2.2.2016_Olomouc_037-150x112.jpg 150w, https:\/\/arcus-oc.org\/wordpress\/wp-content\/uploads\/2017\/01\/Seminar_Spolu_proti_rakovine_2.2.2016_Olomouc_037-300x225.jpg 300w, https:\/\/arcus-oc.org\/wordpress\/wp-content\/uploads\/2017\/01\/Seminar_Spolu_proti_rakovine_2.2.2016_Olomouc_037-1024x768.jpg 1024w, https:\/\/arcus-oc.org\/wordpress\/wp-content\/uploads\/2017\/01\/Seminar_Spolu_proti_rakovine_2.2.2016_Olomouc_037-250x187.jpg 250w, https:\/\/arcus-oc.org\/wordpress\/wp-content\/uploads\/2017\/01\/Seminar_Spolu_proti_rakovine_2.2.2016_Olomouc_037.jpg 2000w\" sizes=\"(max-width: 150px) 100vw, 150px\" \/><\/a><a href=\"http:\/\/arcus-oc.org\/?attachment_id=2838\" rel=\"attachment wp-att-2838\"><img decoding=\"async\" loading=\"lazy\" class=\"alignleft size-thumbnail wp-image-2838\" alt=\"Slide_51-1920x500\" src=\"http:\/\/arcus-oc.org\/wordpress\/wp-content\/uploads\/2020\/01\/Slide_51-1920x5001-150x39.jpg\" width=\"150\" height=\"39\" srcset=\"https:\/\/arcus-oc.org\/wordpress\/wp-content\/uploads\/2020\/01\/Slide_51-1920x5001-150x39.jpg 150w, https:\/\/arcus-oc.org\/wordpress\/wp-content\/uploads\/2020\/01\/Slide_51-1920x5001-300x78.jpg 300w, https:\/\/arcus-oc.org\/wordpress\/wp-content\/uploads\/2020\/01\/Slide_51-1920x5001-1024x266.jpg 1024w, https:\/\/arcus-oc.org\/wordpress\/wp-content\/uploads\/2020\/01\/Slide_51-1920x5001-250x65.jpg 250w, https:\/\/arcus-oc.org\/wordpress\/wp-content\/uploads\/2020\/01\/Slide_51-1920x5001.jpg 1920w\" sizes=\"(max-width: 150px) 100vw, 150px\" \/><\/a><\/p>\n<p><a href=\"http:\/\/arcus-oc.org\/wordpress\/wp-content\/uploads\/2020\/01\/20160205113706_UIJLyQ.jpg\"><img decoding=\"async\" loading=\"lazy\" class=\"size-thumbnail wp-image-2837\" alt=\"hotel M\u011bd\u00ednek Kutn\u00e1 Hora\" src=\"http:\/\/arcus-oc.org\/wordpress\/wp-content\/uploads\/2020\/01\/20160205113706_UIJLyQ-150x112.jpg\" width=\"150\" height=\"112\" srcset=\"https:\/\/arcus-oc.org\/wordpress\/wp-content\/uploads\/2020\/01\/20160205113706_UIJLyQ-150x112.jpg 150w, https:\/\/arcus-oc.org\/wordpress\/wp-content\/uploads\/2020\/01\/20160205113706_UIJLyQ-300x225.jpg 300w, https:\/\/arcus-oc.org\/wordpress\/wp-content\/uploads\/2020\/01\/20160205113706_UIJLyQ-250x187.jpg 250w, https:\/\/arcus-oc.org\/wordpress\/wp-content\/uploads\/2020\/01\/20160205113706_UIJLyQ.jpg 1000w\" sizes=\"(max-width: 150px) 100vw, 150px\" \/><\/a><\/p>\n<p>&nbsp;<\/p>\n","protected":false},"excerpt":{"rendered":"<p>Mezin\u00e1rodn\u00ed onkologick\u00fd kongres Znojmo 5.12.2020 od 9 hod. \u017eiv\u00e9 vys\u00edl\u00e1n\u00ed\u00a0 &nbsp; &nbsp; &nbsp; &nbsp; &nbsp; Pro ve\u0159ejnost a pro sponzory bude videostream z\u00a0kongresu um\u00edst\u011bn na facebookov\u00e9m profilu Arcus\u00a0Onko Centra, kde jej budou moci shl\u00e9dnout v\u00a0pr\u016fb\u011bhu kon\u00e1n\u00ed kongresu i po jeho skon\u010den\u00ed.\u00a0Obecn\u00fd odkaz na Arcus Onko Centrum je:\u00a0https:\/\/www.facebook.com\/ARCUS-ONKO-Centrum-1541758819413181 MOK Znojmo program 2020 D\u00e1le je na FB [&hellip;]<\/p>\n","protected":false},"author":1,"featured_media":0,"parent":157,"menu_order":0,"comment_status":"closed","ping_status":"open","template":"","meta":[],"_links":{"self":[{"href":"https:\/\/arcus-oc.org\/index.php?rest_route=\/wp\/v2\/pages\/2799"}],"collection":[{"href":"https:\/\/arcus-oc.org\/index.php?rest_route=\/wp\/v2\/pages"}],"about":[{"href":"https:\/\/arcus-oc.org\/index.php?rest_route=\/wp\/v2\/types\/page"}],"author":[{"embeddable":true,"href":"https:\/\/arcus-oc.org\/index.php?rest_route=\/wp\/v2\/users\/1"}],"replies":[{"embeddable":true,"href":"https:\/\/arcus-oc.org\/index.php?rest_route=%2Fwp%2Fv2%2Fcomments&post=2799"}],"version-history":[{"count":16,"href":"https:\/\/arcus-oc.org\/index.php?rest_route=\/wp\/v2\/pages\/2799\/revisions"}],"predecessor-version":[{"id":3043,"href":"https:\/\/arcus-oc.org\/index.php?rest_route=\/wp\/v2\/pages\/2799\/revisions\/3043"}],"up":[{"embeddable":true,"href":"https:\/\/arcus-oc.org\/index.php?rest_route=\/wp\/v2\/pages\/157"}],"wp:attachment":[{"href":"https:\/\/arcus-oc.org\/index.php?rest_route=%2Fwp%2Fv2%2Fmedia&parent=2799"}],"curies":[{"name":"wp","href":"https:\/\/api.w.org\/{rel}","templated":true}]}}