{"id":2711,"date":"2020-05-20T11:11:32","date_gmt":"2020-05-20T11:11:32","guid":{"rendered":"http:\/\/arcus-oc.org\/?page_id=2711"},"modified":"2020-11-06T07:43:47","modified_gmt":"2020-11-06T07:43:47","slug":"rekondicne-edukacni-pobyty-2020","status":"publish","type":"page","link":"https:\/\/arcus-oc.org\/?page_id=2711","title":{"rendered":"Rekondi\u010dn\u011b eduka\u010dn\u00ed pobyty 2020"},"content":{"rendered":"<p>Z d\u016fvodu n\u00e1r\u016fstu nemocn\u00fdch na COVID &#8211; 19 v zemi,\u00a0 nouzov\u00e9ho stavu a omezen\u00ed \u0159ady aktivit a dal\u0161\u00ed zp\u0159\u00edsn\u011bn\u00ed dot\u00fdkaj\u00edc\u00edch se zejm\u00e9na kultury, sportu a voln\u00e9ho \u010dasu,<strong><span style=\"color: #0000ff;\">\u00a0ru\u0161\u00edme rekondi\u010dn\u011b eduka\u010dn\u00ed pobyt v Karlov\u00fdch Varech od 7.11. do 14.11.2020.<\/span><\/strong><\/p>\n<p>Z d\u016fvodu n\u00e1r\u016fstu nemocn\u00fdch na COVID &#8211; 19 v zemi,\u00a0 nouzov\u00e9ho stavu a omezen\u00ed \u0159ady aktivit a dal\u0161\u00edch zp\u0159\u00edsn\u011bn\u00ed dot\u00fdkaj\u00edc\u00ed se zejm\u00e9na kultury, sportu a voln\u00e9ho \u010dasu,<strong><span style=\"color: #0000ff;\">\u00a0ru\u0161\u00edme rekondi\u010dn\u011b eduka\u010dn\u00ed pobyt v Kutn\u00e9 Ho\u0159e od 18.10. do 25.11.2020.<\/span><\/strong><\/p>\n<p>V roce 2020 jsme op\u011bt p\u0159ipravili d\u00edky dotaci MZ \u010cR rekondi\u010dn\u011b eduka\u010dn\u00ed pobyty pro onkologick\u00e9 pacienty z \u010cR.<\/p>\n<p>Prvn\u00ed p\u016fvodn\u011b pl\u00e1novan\u00fd term\u00edn v b\u0159eznu v Karlov\u00fdch Varech jsme museli p\u0159esunout kv\u016fli vyhl\u00e1\u0161en\u00ed nouzov\u00e9ho stavu ohledn\u011b koronaviru na term\u00edn od 14.11. do 21.11.2020. Pozor zm\u011bna : Bude nakonec o t\u00fdden d\u0159\u00edve a to od <strong><span style=\"color: #ff0000;\">7.11. do 14.11.2020.<\/span><\/strong><\/p>\n<p><a href=\"http:\/\/arcus-oc.org\/wordpress\/wp-content\/uploads\/2020\/01\/Slide_51-1920x500.jpg\"><img decoding=\"async\" loading=\"lazy\" class=\"alignleft size-thumbnail wp-image-2836\" alt=\"Slide_51-1920x500\" src=\"http:\/\/arcus-oc.org\/wordpress\/wp-content\/uploads\/2020\/01\/Slide_51-1920x500-150x39.jpg\" width=\"150\" height=\"39\" srcset=\"https:\/\/arcus-oc.org\/wordpress\/wp-content\/uploads\/2020\/01\/Slide_51-1920x500-150x39.jpg 150w, https:\/\/arcus-oc.org\/wordpress\/wp-content\/uploads\/2020\/01\/Slide_51-1920x500-300x78.jpg 300w, https:\/\/arcus-oc.org\/wordpress\/wp-content\/uploads\/2020\/01\/Slide_51-1920x500-1024x266.jpg 1024w, https:\/\/arcus-oc.org\/wordpress\/wp-content\/uploads\/2020\/01\/Slide_51-1920x500-250x65.jpg 250w, https:\/\/arcus-oc.org\/wordpress\/wp-content\/uploads\/2020\/01\/Slide_51-1920x500.jpg 1920w\" sizes=\"(max-width: 150px) 100vw, 150px\" \/><\/a><\/p>\n<p>&nbsp;<\/p>\n<p>&nbsp;<\/p>\n<p>&nbsp;<\/p>\n<p>Druh\u00fd rekondi\u010dn\u011b eduka\u010dn\u00ed pobyt pro onkologick\u00e9 pacienty se uskute\u010dnil od 22.08. do 05.09.2020 v Harrachov\u011b v hotelu Inn.<\/p>\n<p>&nbsp;<\/p>\n<p><a href=\"http:\/\/arcus-oc.org\/wordpress\/wp-content\/uploads\/2020\/05\/g52.jpg\"><img decoding=\"async\" loading=\"lazy\" class=\"alignleft size-thumbnail wp-image-2880\" alt=\"Hotel INN Harrachov\" src=\"http:\/\/arcus-oc.org\/wordpress\/wp-content\/uploads\/2020\/05\/g52-150x100.jpg\" width=\"150\" height=\"100\" srcset=\"https:\/\/arcus-oc.org\/wordpress\/wp-content\/uploads\/2020\/05\/g52-150x100.jpg 150w, https:\/\/arcus-oc.org\/wordpress\/wp-content\/uploads\/2020\/05\/g52-300x200.jpg 300w, https:\/\/arcus-oc.org\/wordpress\/wp-content\/uploads\/2020\/05\/g52-250x166.jpg 250w, https:\/\/arcus-oc.org\/wordpress\/wp-content\/uploads\/2020\/05\/g52.jpg 720w\" sizes=\"(max-width: 150px) 100vw, 150px\" \/><\/a><\/p>\n<p>&nbsp;<\/p>\n<p>&nbsp;<\/p>\n<p>&nbsp;<\/p>\n<p>&nbsp;<\/p>\n<p>Dal\u0161\u00ed rekondi\u010dn\u011b eduka\u010dn\u00ed pobyt je pl\u00e1novan\u00fd na 18.10. -25.10.2020 v Kutn\u00e9 Ho\u0159e v hotelu M\u011bd\u00ednek.<\/p>\n<div id=\"attachment_2837\" style=\"width: 160px\" class=\"wp-caption alignleft\"><a href=\"http:\/\/arcus-oc.org\/wordpress\/wp-content\/uploads\/2020\/01\/20160205113706_UIJLyQ.jpg\"><img aria-describedby=\"caption-attachment-2837\" decoding=\"async\" loading=\"lazy\" class=\"size-thumbnail wp-image-2837\" alt=\"hotel M\u011bd\u00ednek Kutn\u00e1 Hora\" src=\"http:\/\/arcus-oc.org\/wordpress\/wp-content\/uploads\/2020\/01\/20160205113706_UIJLyQ-150x112.jpg\" width=\"150\" height=\"112\" srcset=\"https:\/\/arcus-oc.org\/wordpress\/wp-content\/uploads\/2020\/01\/20160205113706_UIJLyQ-150x112.jpg 150w, https:\/\/arcus-oc.org\/wordpress\/wp-content\/uploads\/2020\/01\/20160205113706_UIJLyQ-300x225.jpg 300w, https:\/\/arcus-oc.org\/wordpress\/wp-content\/uploads\/2020\/01\/20160205113706_UIJLyQ-250x187.jpg 250w, https:\/\/arcus-oc.org\/wordpress\/wp-content\/uploads\/2020\/01\/20160205113706_UIJLyQ.jpg 1000w\" sizes=\"(max-width: 150px) 100vw, 150px\" \/><\/a><p id=\"caption-attachment-2837\" class=\"wp-caption-text\">hotel M\u011bd\u00ednek Kutn\u00e1 Hora<\/p><\/div>\n<p>&nbsp;<\/p>\n<p>&nbsp;<\/p>\n<p>&nbsp;<\/p>\n<p>&nbsp;<\/p>\n<p>&nbsp;<\/p>\n<p>&nbsp;<\/p>\n<p>Bli\u017e\u0161\u00ed informace a p\u0159ihl\u00e1\u0161ky na jana.kozelska.arcus@email.cz nebo mobil: 603 533 288.<\/p>\n<p>&nbsp;<\/p>\n","protected":false},"excerpt":{"rendered":"<p>Z d\u016fvodu n\u00e1r\u016fstu nemocn\u00fdch na COVID &#8211; 19 v zemi,\u00a0 nouzov\u00e9ho stavu a omezen\u00ed \u0159ady aktivit a dal\u0161\u00ed zp\u0159\u00edsn\u011bn\u00ed dot\u00fdkaj\u00edc\u00edch se zejm\u00e9na kultury, sportu a voln\u00e9ho \u010dasu,\u00a0ru\u0161\u00edme rekondi\u010dn\u011b eduka\u010dn\u00ed pobyt v Karlov\u00fdch Varech od 7.11. do 14.11.2020. Z d\u016fvodu n\u00e1r\u016fstu nemocn\u00fdch na COVID &#8211; 19 v zemi,\u00a0 nouzov\u00e9ho stavu a omezen\u00ed \u0159ady aktivit a dal\u0161\u00edch [&hellip;]<\/p>\n","protected":false},"author":1,"featured_media":0,"parent":167,"menu_order":0,"comment_status":"closed","ping_status":"open","template":"","meta":[],"_links":{"self":[{"href":"https:\/\/arcus-oc.org\/index.php?rest_route=\/wp\/v2\/pages\/2711"}],"collection":[{"href":"https:\/\/arcus-oc.org\/index.php?rest_route=\/wp\/v2\/pages"}],"about":[{"href":"https:\/\/arcus-oc.org\/index.php?rest_route=\/wp\/v2\/types\/page"}],"author":[{"embeddable":true,"href":"https:\/\/arcus-oc.org\/index.php?rest_route=\/wp\/v2\/users\/1"}],"replies":[{"embeddable":true,"href":"https:\/\/arcus-oc.org\/index.php?rest_route=%2Fwp%2Fv2%2Fcomments&post=2711"}],"version-history":[{"count":9,"href":"https:\/\/arcus-oc.org\/index.php?rest_route=\/wp\/v2\/pages\/2711\/revisions"}],"predecessor-version":[{"id":2998,"href":"https:\/\/arcus-oc.org\/index.php?rest_route=\/wp\/v2\/pages\/2711\/revisions\/2998"}],"up":[{"embeddable":true,"href":"https:\/\/arcus-oc.org\/index.php?rest_route=\/wp\/v2\/pages\/167"}],"wp:attachment":[{"href":"https:\/\/arcus-oc.org\/index.php?rest_route=%2Fwp%2Fv2%2Fmedia&parent=2711"}],"curies":[{"name":"wp","href":"https:\/\/api.w.org\/{rel}","templated":true}]}}