{"id":2538,"date":"2018-11-26T14:43:00","date_gmt":"2018-11-26T14:43:00","guid":{"rendered":"http:\/\/arcus-oc.org\/?page_id=2538"},"modified":"2019-07-09T14:55:14","modified_gmt":"2019-07-09T14:55:14","slug":"beneficni-akce-2019","status":"publish","type":"page","link":"https:\/\/arcus-oc.org\/?page_id=2538","title":{"rendered":"Benefi\u010dn\u00ed akce 2019"},"content":{"rendered":"<p><strong><em><span style=\"color: #000080;\"><a href=\"http:\/\/rockoveleto.bart-tour.cz\/ubytovani-a19\"><span style=\"color: #000080;\">Dal\u0161\u00ed informace k Rockov\u00e9mu l\u00e9tu v \u010cervence<\/span><\/a><a href=\"http:\/\/arcus-oc.org\/wordpress\/wp-content\/uploads\/2018\/11\/plak\u00e1t-2018-2.jpg\"><span style=\"color: #000080;\"><br \/>\n<\/span><\/a><\/span><\/em><\/strong><\/p>\n<p><strong><em><span style=\"color: #800080;\"><a href=\"http:\/\/arcus-oc.org\/wordpress\/wp-content\/uploads\/2018\/11\/rozpis.pdf\"><span style=\"color: #800080;\">Rozpis kapel<\/span><\/a><\/span><\/em><\/strong><\/p>\n<p><a href=\"http:\/\/arcus-oc.org\/?attachment_id=2664\" rel=\"attachment wp-att-2664\"><img decoding=\"async\" loading=\"lazy\" class=\"alignleft size-full wp-image-2664\" alt=\"plak\u00e1t Rockov\u00e9 l\u00e9to 2019 2\" src=\"http:\/\/arcus-oc.org\/wordpress\/wp-content\/uploads\/2018\/11\/plak\u00e1t-Rockov\u00e9-l\u00e9to-2019-21.jpg\" width=\"463\" height=\"651\" srcset=\"https:\/\/arcus-oc.org\/wordpress\/wp-content\/uploads\/2018\/11\/plak\u00e1t-Rockov\u00e9-l\u00e9to-2019-21.jpg 463w, https:\/\/arcus-oc.org\/wordpress\/wp-content\/uploads\/2018\/11\/plak\u00e1t-Rockov\u00e9-l\u00e9to-2019-21-106x150.jpg 106w, https:\/\/arcus-oc.org\/wordpress\/wp-content\/uploads\/2018\/11\/plak\u00e1t-Rockov\u00e9-l\u00e9to-2019-21-213x300.jpg 213w, https:\/\/arcus-oc.org\/wordpress\/wp-content\/uploads\/2018\/11\/plak\u00e1t-Rockov\u00e9-l\u00e9to-2019-21-177x250.jpg 177w\" sizes=\"(max-width: 463px) 100vw, 463px\" \/><\/a><\/p>\n","protected":false},"excerpt":{"rendered":"<p>Dal\u0161\u00ed informace k Rockov\u00e9mu l\u00e9tu v \u010cervence Rozpis kapel<\/p>\n","protected":false},"author":1,"featured_media":0,"parent":0,"menu_order":0,"comment_status":"closed","ping_status":"open","template":"","meta":[],"_links":{"self":[{"href":"https:\/\/arcus-oc.org\/index.php?rest_route=\/wp\/v2\/pages\/2538"}],"collection":[{"href":"https:\/\/arcus-oc.org\/index.php?rest_route=\/wp\/v2\/pages"}],"about":[{"href":"https:\/\/arcus-oc.org\/index.php?rest_route=\/wp\/v2\/types\/page"}],"author":[{"embeddable":true,"href":"https:\/\/arcus-oc.org\/index.php?rest_route=\/wp\/v2\/users\/1"}],"replies":[{"embeddable":true,"href":"https:\/\/arcus-oc.org\/index.php?rest_route=%2Fwp%2Fv2%2Fcomments&post=2538"}],"version-history":[{"count":8,"href":"https:\/\/arcus-oc.org\/index.php?rest_route=\/wp\/v2\/pages\/2538\/revisions"}],"predecessor-version":[{"id":2899,"href":"https:\/\/arcus-oc.org\/index.php?rest_route=\/wp\/v2\/pages\/2538\/revisions\/2899"}],"wp:attachment":[{"href":"https:\/\/arcus-oc.org\/index.php?rest_route=%2Fwp%2Fv2%2Fmedia&parent=2538"}],"curies":[{"name":"wp","href":"https:\/\/api.w.org\/{rel}","templated":true}]}}