{"id":2330,"date":"2017-12-03T10:46:49","date_gmt":"2017-12-03T10:46:49","guid":{"rendered":"http:\/\/arcus-oc.org\/?page_id=2330"},"modified":"2018-09-19T18:43:24","modified_gmt":"2018-09-19T18:43:24","slug":"rekondicne-edukacni-pobyty-2018","status":"publish","type":"page","link":"https:\/\/arcus-oc.org\/?page_id=2330","title":{"rendered":"Rekondi\u010dn\u011b eduka\u010dn\u00ed pobyty 2018"},"content":{"rendered":"<p><span style=\"color: #008000;\">Pl\u00e1novan\u00e9 rekondi\u010dn\u011b eduka\u010dn\u00ed pobyty se zdravotn\u00edm programem v\u00a0roce 2018<\/span><\/p>\n<table width=\"0\" border=\"1\" cellspacing=\"0\" cellpadding=\"0\">\n<tbody>\n<tr>\n<td valign=\"top\" width=\"283\">\n<p align=\"left\">M\u00edsto<\/p>\n<\/td>\n<td valign=\"top\" width=\"164\">\n<p align=\"left\">Term\u00edn<\/p>\n<\/td>\n<td valign=\"top\" width=\"130\"><\/td>\n<\/tr>\n<tr>\n<td valign=\"top\" width=\"283\">\n<p align=\"left\">Hotel Jizerka 4, Ko\u0159enov, Jizersk\u00e9 hory<\/p>\n<\/td>\n<td valign=\"top\" width=\"164\">\n<p align=\"left\">14.04 &#8211;\u00a0\u00a0 21.04.2018<\/p>\n<\/td>\n<td valign=\"top\" width=\"130\">obsazen<\/td>\n<\/tr>\n<tr>\n<td valign=\"top\" width=\"283\">\n<p align=\"left\">Hotel Jizerka 4, Ko\u0159enov, Jizersk\u00e9 hory<\/p>\n<\/td>\n<td valign=\"top\" width=\"164\">\n<p align=\"left\">21.04 &#8211;\u00a0\u00a0 28.04.2018<\/p>\n<\/td>\n<td valign=\"top\" width=\"130\">\n<p align=\"left\">obsazen<\/p>\n<\/td>\n<\/tr>\n<tr>\n<td valign=\"top\" width=\"283\">\n<p align=\"left\">Hotel Jizerka 4, Ko\u0159enov, Jizersk\u00e9 hory<\/p>\n<\/td>\n<td valign=\"top\" width=\"164\">\n<p align=\"left\">13.10. &#8211; 20.10.2018<\/p>\n<\/td>\n<td valign=\"top\" width=\"130\">\u00a0obsazen<\/td>\n<\/tr>\n<tr>\n<td valign=\"top\" width=\"283\">\n<p align=\"left\">Hotel Jizerka 4, Ko\u0159enov, \u00a0Jizersk\u00e9 hory<\/p>\n<\/td>\n<td valign=\"top\" width=\"164\">\n<p align=\"left\">20.10. &#8211; 27.10.2018<\/p>\n<\/td>\n<td valign=\"top\" width=\"130\">\u00a0uvolnila se 2 m\u00edsta<\/td>\n<\/tr>\n<tr>\n<td valign=\"top\" width=\"283\">\n<p align=\"left\">Hotel M\u011bd\u00ednek, Kutn\u00e1 hora<\/p>\n<\/td>\n<td valign=\"top\" width=\"164\">\n<p align=\"left\">03.11. &#8211; 10.11.2018<\/p>\n<\/td>\n<td valign=\"top\" width=\"130\">uvolnilo se 6 m\u00edst<\/td>\n<\/tr>\n<\/tbody>\n<\/table>\n<p>Bli\u017e\u0161\u00ed informace V\u00e1m poskytne Jana Ko\u017eelsk\u00e1, mobil: 603\u00a0533\u00a0288. V jedn\u00e1n\u00ed je dotace z MZ \u010cR a podle v\u00fdsledku bude zve\u0159ejn\u011bna cena jednotliv\u00fdch pobyt\u016f v\u010detn\u011b p\u0159ihl\u00e1\u0161ek a pokyn\u016f k \u00fahrad\u011b. Zat\u00edm p\u0159ij\u00edm\u00e1me p\u0159edb\u011b\u017en\u00e9 p\u0159ihl\u00e1\u0161ky na email: jana.kozelska.arcus@email.cz.<\/p>\n","protected":false},"excerpt":{"rendered":"<p>Pl\u00e1novan\u00e9 rekondi\u010dn\u011b eduka\u010dn\u00ed pobyty se zdravotn\u00edm programem v\u00a0roce 2018 M\u00edsto Term\u00edn Hotel Jizerka 4, Ko\u0159enov, Jizersk\u00e9 hory 14.04 &#8211;\u00a0\u00a0 21.04.2018 obsazen Hotel Jizerka 4, Ko\u0159enov, Jizersk\u00e9 hory 21.04 &#8211;\u00a0\u00a0 28.04.2018 obsazen Hotel Jizerka 4, Ko\u0159enov, Jizersk\u00e9 hory 13.10. &#8211; 20.10.2018 \u00a0obsazen Hotel Jizerka 4, Ko\u0159enov, \u00a0Jizersk\u00e9 hory 20.10. &#8211; 27.10.2018 \u00a0uvolnila se 2 m\u00edsta Hotel [&hellip;]<\/p>\n","protected":false},"author":1,"featured_media":0,"parent":0,"menu_order":0,"comment_status":"closed","ping_status":"open","template":"","meta":[],"_links":{"self":[{"href":"https:\/\/arcus-oc.org\/index.php?rest_route=\/wp\/v2\/pages\/2330"}],"collection":[{"href":"https:\/\/arcus-oc.org\/index.php?rest_route=\/wp\/v2\/pages"}],"about":[{"href":"https:\/\/arcus-oc.org\/index.php?rest_route=\/wp\/v2\/types\/page"}],"author":[{"embeddable":true,"href":"https:\/\/arcus-oc.org\/index.php?rest_route=\/wp\/v2\/users\/1"}],"replies":[{"embeddable":true,"href":"https:\/\/arcus-oc.org\/index.php?rest_route=%2Fwp%2Fv2%2Fcomments&post=2330"}],"version-history":[{"count":11,"href":"https:\/\/arcus-oc.org\/index.php?rest_route=\/wp\/v2\/pages\/2330\/revisions"}],"predecessor-version":[{"id":2488,"href":"https:\/\/arcus-oc.org\/index.php?rest_route=\/wp\/v2\/pages\/2330\/revisions\/2488"}],"wp:attachment":[{"href":"https:\/\/arcus-oc.org\/index.php?rest_route=%2Fwp%2Fv2%2Fmedia&parent=2330"}],"curies":[{"name":"wp","href":"https:\/\/api.w.org\/{rel}","templated":true}]}}