{"id":2328,"date":"2017-12-03T10:42:17","date_gmt":"2017-12-03T10:42:17","guid":{"rendered":"http:\/\/arcus-oc.org\/?page_id=2328"},"modified":"2018-10-10T08:11:52","modified_gmt":"2018-10-10T08:11:52","slug":"kongresy-a-seminare-2018","status":"publish","type":"page","link":"https:\/\/arcus-oc.org\/?page_id=2328","title":{"rendered":"Kongresy a semin\u00e1\u0159e 2018"},"content":{"rendered":"<p>Foto z Mezin\u00e1rodn\u00edho onkologick\u00e9ho kongresu ze Znojma, Louck\u00e9ho kl\u00e1\u0161tera. P\u0159ipravujeme DVD s p\u0159edn\u00e1\u0161kami a celou fotogaleri\u00ed. Moc d\u011bkujeme za foto Ludv\u00edkovi Hubicsakovi z Brna.<a style=\"font-weight: 300;\" href=\"http:\/\/arcus-oc.org\/wordpress\/wp-content\/uploads\/2017\/11\/PA056137.jpg\"><img decoding=\"async\" loading=\"lazy\" alt=\"PA056137\" src=\"http:\/\/arcus-oc.org\/wordpress\/wp-content\/uploads\/2017\/11\/PA056137-150x112.jpg\" width=\"150\" height=\"112\" \/><\/a><a style=\"font-weight: 300;\" href=\"http:\/\/arcus-oc.org\/wordpress\/wp-content\/uploads\/2017\/11\/PA056209.jpg\"><img decoding=\"async\" loading=\"lazy\" alt=\"PA056209\" src=\"http:\/\/arcus-oc.org\/wordpress\/wp-content\/uploads\/2017\/11\/PA056209-150x112.jpg\" width=\"150\" height=\"112\" \/><\/a><a style=\"font-weight: 300;\" href=\"http:\/\/arcus-oc.org\/wordpress\/wp-content\/uploads\/2017\/11\/PA056172.jpg\"><img decoding=\"async\" loading=\"lazy\" alt=\"PA056172\" src=\"http:\/\/arcus-oc.org\/wordpress\/wp-content\/uploads\/2017\/11\/PA056172-150x112.jpg\" width=\"150\" height=\"112\" \/><\/a><a href=\"http:\/\/arcus-oc.org\/wordpress\/wp-content\/uploads\/2017\/11\/PA056153.jpg\"><img decoding=\"async\" loading=\"lazy\" class=\"alignleft size-thumbnail wp-image-2510\" alt=\"PA056153\" src=\"http:\/\/arcus-oc.org\/wordpress\/wp-content\/uploads\/2017\/11\/PA056153-150x112.jpg\" width=\"150\" height=\"112\" srcset=\"https:\/\/arcus-oc.org\/wordpress\/wp-content\/uploads\/2017\/11\/PA056153-150x112.jpg 150w, https:\/\/arcus-oc.org\/wordpress\/wp-content\/uploads\/2017\/11\/PA056153-300x225.jpg 300w, https:\/\/arcus-oc.org\/wordpress\/wp-content\/uploads\/2017\/11\/PA056153-1024x768.jpg 1024w, https:\/\/arcus-oc.org\/wordpress\/wp-content\/uploads\/2017\/11\/PA056153-250x187.jpg 250w\" sizes=\"(max-width: 150px) 100vw, 150px\" \/><\/a><a href=\"http:\/\/arcus-oc.org\/wordpress\/wp-content\/uploads\/2017\/11\/PA056311.jpg\"><img decoding=\"async\" loading=\"lazy\" class=\"alignleft size-thumbnail wp-image-2515\" alt=\"PA056311\" src=\"http:\/\/arcus-oc.org\/wordpress\/wp-content\/uploads\/2017\/11\/PA056311-150x112.jpg\" width=\"150\" height=\"112\" srcset=\"https:\/\/arcus-oc.org\/wordpress\/wp-content\/uploads\/2017\/11\/PA056311-150x112.jpg 150w, https:\/\/arcus-oc.org\/wordpress\/wp-content\/uploads\/2017\/11\/PA056311-300x225.jpg 300w, https:\/\/arcus-oc.org\/wordpress\/wp-content\/uploads\/2017\/11\/PA056311-1024x768.jpg 1024w, https:\/\/arcus-oc.org\/wordpress\/wp-content\/uploads\/2017\/11\/PA056311-250x187.jpg 250w\" sizes=\"(max-width: 150px) 100vw, 150px\" \/><\/a><a href=\"http:\/\/arcus-oc.org\/wordpress\/wp-content\/uploads\/2017\/11\/PA056153.jpg\"><br \/>\n<\/a><\/p>\n<p><a href=\"http:\/\/arcus-oc.org\/wordpress\/wp-content\/uploads\/2017\/11\/PA056386.jpg\"><img decoding=\"async\" loading=\"lazy\" class=\"alignleft size-thumbnail wp-image-2514\" alt=\"PA056386\" src=\"http:\/\/arcus-oc.org\/wordpress\/wp-content\/uploads\/2017\/11\/PA056386-150x61.jpg\" width=\"150\" height=\"61\" srcset=\"https:\/\/arcus-oc.org\/wordpress\/wp-content\/uploads\/2017\/11\/PA056386-150x61.jpg 150w, https:\/\/arcus-oc.org\/wordpress\/wp-content\/uploads\/2017\/11\/PA056386-300x123.jpg 300w, https:\/\/arcus-oc.org\/wordpress\/wp-content\/uploads\/2017\/11\/PA056386-1024x421.jpg 1024w, https:\/\/arcus-oc.org\/wordpress\/wp-content\/uploads\/2017\/11\/PA056386-250x102.jpg 250w\" sizes=\"(max-width: 150px) 100vw, 150px\" \/><\/a><\/p>\n<p>&nbsp;<\/p>\n<p>&nbsp;<\/p>\n<p>&nbsp;<\/p>\n<p>&nbsp;<\/p>\n<p><strong style=\"color: #0000ff;\">Mezin\u00e1rodn\u00ed onkologick\u00fd kongres Znojmo 5.10. &#8211; 6.10.2018 Louck\u00fd kl\u00e1\u0161ter<\/strong><\/p>\n<p><strong><em><span style=\"color: #008000;\"><a href=\"http:\/\/arcus-oc.org\/wordpress\/wp-content\/uploads\/2017\/11\/MOK+z\u00e1\u0159\u00ed+++dopl\u0148ky.pdf\"><span style=\"color: #008000;\">Program MOK 2018 Znojmo<\/span><\/a><\/span>\u00a0<\/em><\/strong><\/p>\n<p>Z\u00e1\u0161titu nad kongresem p\u0159evzala p\u0159edsedkyn\u011b V\u00fdboru pro zdravotnictv\u00ed Poslaneck\u00e9 sn\u011bmovny Parlamentu \u010cR prof. MUDr. V\u011bra Ad\u00e1mkov\u00e1, CSc..\u00a0 \u00a0 \u00a0 \u00a0 \u00a0 \u00a0 \u00a0 \u00a0 \u00a0 \u00a0 \u00a0 \u00a0\u00a0<span style=\"color: #800080;\"><a href=\"http:\/\/arcus-oc.org\/wordpress\/wp-content\/uploads\/2017\/11\/z\u00e1\u0161tita-MOK-2018.pdf\"><span style=\"color: #800080;\">z\u00e1\u0161tita MOK 2018<\/span><\/a><\/span><\/p>\n<p>Registrace<span style=\"color: #000080;\"> l\u00e9ka\u0159\u016f<\/span> je na akc\u00edch IPVZ &#8211; k\u00f3d akce: 212082270. Registra\u010dn\u00ed poplatek\u00a0 1.400 K\u010d.<\/p>\n<p>P\u0159ihl\u00e1\u0161ky krom\u011b l\u00e9ka\u0159\u016f zas\u00edlejte na ARCUS &#8211; onko centrum, z.s. Je\u0161ov 24, 783 24 Luk\u00e1 nebo na e-mail: arcus.onko@email.cz .\u00a0<span style=\"color: #008000;\"><strong><em><a href=\"http:\/\/arcus-oc.org\/wordpress\/wp-content\/uploads\/2017\/12\/Prihlaska-MOK-Znojmo-2018.doc\"><span style=\"color: #008000;\">P\u0159ihl\u00e1\u0161ka MOK Znojmo 2018<\/span><\/a>.<\/em><\/strong><\/span><\/p>\n<p>Registrace u \u010cesk\u00e9 asociace sester, z.s. je pod \u010d\u00edslem 529\/2018 a je ur\u010dena pro <span style=\"color: #000080;\">v\u0161eobecn\u00e9 sestry, porodn\u00ed asistentky, zdravotn\u00ed laboranty, asistenty ochrany ve\u0159ejn\u00e9ho zdrav\u00ed, nutri\u010dn\u00ed terapeuty, zubn\u00ed techniky, dent\u00e1ln\u00ed hygienisty, zdravotnick\u00e9 z\u00e1chran\u00e1\u0159e, farmaceutick\u00e9 asistentky, zdravotn\u011b soci\u00e1ln\u00ed pracovn\u00edky a radiologick\u00e9 pracovn\u00edky<\/span>, kte\u0159\u00ed hrad\u00ed 1\u00a0000 K\u010d.<\/p>\n<p><span style=\"color: #000080;\">Onko pacient<\/span>i za dva dny v\u010detn\u011b rautu a kulturn\u00edho programu hrad\u00ed 500 K\u010d. Pro onko pacienty je \u00fa\u010dast pouze na p\u0159edn\u00e1\u0161k\u00e1ch\u00a0 v sobotu 6.10.2018 zdarma.<\/p>\n<p>Ubytov\u00e1n\u00ed \u00fa\u010dastn\u00edk\u016fm nezaji\u0161\u0165ujeme. Nejbli\u017e\u0161\u00ed ubytov\u00e1n\u00ed na kongres doporu\u010dujeme :<\/p>\n<p><a href=\"http:\/\/www.edenpenzion.cz\/index2.php\" target=\"_blank\" rel=\"noopener\">http:\/\/www.edenpenzion.cz\/index2.php<\/a>\u00a0nebo\u00a0\u00a0<span style=\"color: #0066cc;\"><a href=\"http:\/\/www.penzionutonicka.cz\/\" target=\"_blank\" rel=\"noopener\">www.penzionutonicka.cz<\/a>.<\/span><\/p>\n<p>Bli\u017e\u0161\u00ed informace pod\u00e1 Jana Ko\u017eelsk\u00e1 ( mobil 603 533 288, e-mail: jana.kozelska.arcus@email.cz).<\/p>\n<p>&nbsp;<\/p>\n<p>Semin\u00e1\u0159 22.5.2018 se p\u0159esouv\u00e1 na term\u00edn <strong><span style=\"color: #008000;\">6.10.2018<\/span><\/strong>\u00a0Znojma a 6.11.2018 bude m\u00edsto v Olomouci v Hotelu M\u011bd\u00ednek v Kutn\u00e9 Ho\u0159e.<\/p>\n<p><span style=\"color: #0000ff;\"><a href=\"http:\/\/arcus-oc.org\/wordpress\/wp-content\/uploads\/2017\/12\/Pozv\u00e1nka-na-semin\u00e1\u0159-5.4.2018-platn\u00fd.pdf\"><span style=\"color: #0000ff;\">Pozv\u00e1nka na semin\u00e1\u0159 5.4.2018\u00a0<\/span><\/a><\/span><\/p>\n<p>Dal\u0161\u00ed semin\u00e1\u0159 na Krajsk\u00e9m \u00fa\u0159adu Olomouck\u00e9ho kraje se uskute\u010dn\u00ed<strong>\u00a05.4.2018<\/strong>\u00a0od 9,00 do 13,00 hod. a hlavn\u00edm t\u00e9matem bude o\u0161et\u0159en\u00ed a p\u00e9\u010de o lymfed\u00e9m. Registrace na jana.kozelska.arcus@email.cz.<\/p>\n<p><span style=\"color: #0000ff;\"><strong><em><a href=\"http:\/\/arcus-oc.org\/wordpress\/wp-content\/uploads\/2017\/11\/WOD2018_CZ__Infographics_final.pdf\"><span style=\"color: #0000ff;\">Sv\u011btov\u00fd den proti rakovin\u011b 4.2.2018<\/span><\/a><\/em><\/strong><\/span><\/p>\n<p>Dne\u00a0<span style=\"color: #008000;\"><strong>2.2.2018<\/strong><\/span>\u00a0se konal od 9,00 do 13,00 hod. semin\u00e1\u0159 na Krajsk\u00e9m \u00fa\u0159adu Olomouck\u00e9ho kraje ke Sv\u011btov\u00e9mu dni proti rakovin\u011b. V programu vystoupila Jana Ko\u017eelsk\u00e1, p\u0159edsedkyn\u011b ARCUS &#8211; onko centra, z.s. , Mgr. Veronika \u0160vecov\u00e1,Ph.D., vedouc\u00ed poradny NRZP \u010cR Olomouc a dal\u0161\u00ed. T\u00e9matem\u00a0 bude i nov\u00e1 d\u00e1vka nemocensk\u00e9ho poji\u0161t\u011bn\u00ed, kter\u00e1 bude zavedena od 1.6. 2018 : &#8222;<span style=\"color: #008000;\"><strong>Dlouhodob\u00e9 o\u0161et\u0159ovn\u00e9 a p\u0159\u00edsp\u011bvek na p\u00e9\u010di<\/strong><\/span>&#8222;.\u00a0 \u00a0Registrace na jana.kozelska.arcus@email.cz.\u00a0 Jana Ko\u017eelsk\u00e1 podepsala prvn\u00ed z \u010cR\u00a0 Pa\u0159\u00ed\u017eskou chartu proti rakovin\u011b 3.2.2000 na Pa\u0159\u00ed\u017esk\u00e9 radnici.<\/p>\n<p>D\u00edky podpo\u0159e Krajsk\u00e9ho \u00fa\u0159adu Olomouck\u00e9ho kraje m\u00e1me na rok 2018 p\u0159ipraven\u00e9 4 semin\u00e1\u0159e v konferen\u010dn\u00edm s\u00e1le Krajsk\u00e9ho \u00fa\u0159adu Olomouck\u00e9ho kraje v t\u011bchto term\u00ednech:<\/p>\n<p>Od 9,00 \u2013 13,00 hodin :\u00a0<strong><span style=\"color: #008000;\">2.2.2018, 5.4.2018, 22.5.2018 a 6.11.2018<\/span> <\/strong>v\u00a0r\u00e1mci na\u0161eho projektu <b>\u201eEduka\u010dn\u00edho pacientsk\u00e9ho programu ONKO\u201c.<\/b><\/p>\n<p>V roce\u00a0<b>2018<\/b>\u00a0p\u0159ipravil Robert Z\u00edtko kurz o lymf\u011b, kter\u00fd doporu\u010dujeme mas\u00e9r\u016fm, zdravotnick\u00fdm pracovn\u00edk\u016fm, lidem, kte\u0159\u00ed maj\u00ed probl\u00e9my s lymfou i jejich rodinn\u00fdm p\u0159\u00edslu\u0161n\u00edk\u016fm:\u00a0\u00a0<a href=\"http:\/\/arcus-oc.org\/wordpress\/wp-content\/uploads\/2017\/01\/Lymfa_Olomouc.pdf\"><b><i>informace lymfa 2018 Olomouc<\/i><\/b><\/a>.<\/p>\n","protected":false},"excerpt":{"rendered":"<p>Foto z Mezin\u00e1rodn\u00edho onkologick\u00e9ho kongresu ze Znojma, Louck\u00e9ho kl\u00e1\u0161tera. P\u0159ipravujeme DVD s p\u0159edn\u00e1\u0161kami a celou fotogaleri\u00ed. Moc d\u011bkujeme za foto Ludv\u00edkovi Hubicsakovi z Brna. &nbsp; &nbsp; &nbsp; &nbsp; Mezin\u00e1rodn\u00ed onkologick\u00fd kongres Znojmo 5.10. &#8211; 6.10.2018 Louck\u00fd kl\u00e1\u0161ter Program MOK 2018 Znojmo\u00a0 Z\u00e1\u0161titu nad kongresem p\u0159evzala p\u0159edsedkyn\u011b V\u00fdboru pro zdravotnictv\u00ed Poslaneck\u00e9 sn\u011bmovny Parlamentu \u010cR prof. MUDr. [&hellip;]<\/p>\n","protected":false},"author":1,"featured_media":0,"parent":0,"menu_order":0,"comment_status":"closed","ping_status":"open","template":"","meta":[],"_links":{"self":[{"href":"https:\/\/arcus-oc.org\/index.php?rest_route=\/wp\/v2\/pages\/2328"}],"collection":[{"href":"https:\/\/arcus-oc.org\/index.php?rest_route=\/wp\/v2\/pages"}],"about":[{"href":"https:\/\/arcus-oc.org\/index.php?rest_route=\/wp\/v2\/types\/page"}],"author":[{"embeddable":true,"href":"https:\/\/arcus-oc.org\/index.php?rest_route=\/wp\/v2\/users\/1"}],"replies":[{"embeddable":true,"href":"https:\/\/arcus-oc.org\/index.php?rest_route=%2Fwp%2Fv2%2Fcomments&post=2328"}],"version-history":[{"count":23,"href":"https:\/\/arcus-oc.org\/index.php?rest_route=\/wp\/v2\/pages\/2328\/revisions"}],"predecessor-version":[{"id":2519,"href":"https:\/\/arcus-oc.org\/index.php?rest_route=\/wp\/v2\/pages\/2328\/revisions\/2519"}],"wp:attachment":[{"href":"https:\/\/arcus-oc.org\/index.php?rest_route=%2Fwp%2Fv2%2Fmedia&parent=2328"}],"curies":[{"name":"wp","href":"https:\/\/api.w.org\/{rel}","templated":true}]}}