{"id":2070,"date":"2017-01-05T13:34:21","date_gmt":"2017-01-05T13:34:21","guid":{"rendered":"http:\/\/arcus-oc.org\/?page_id=2070"},"modified":"2017-08-27T22:00:54","modified_gmt":"2017-08-27T22:00:54","slug":"beneficni-akce-2017","status":"publish","type":"page","link":"https:\/\/arcus-oc.org\/?page_id=2070","title":{"rendered":"Benefi\u010dn\u00ed akce 2017"},"content":{"rendered":"<p>Dne\u00a0<strong>22.7.2017<\/strong>\u00a0se uskute\u010dnila benefi\u010dn\u00ed akce Rockov\u00e9 l\u00e9to v \u010cervence. uk\u00e1zky z akce naleznete nap\u0159. na t\u011bchto odkazech: <span style=\"color: #008000;\">\u00a0<a href=\"https:\/\/www.facebook.com\/vlkfoto\/photos\/a.1486526674719042.1073741942.125543324150724\/1486527318052311\/?type=3&amp;theater\" target=\"_blank\"><span style=\"color: #008000;\">https:\/\/www.facebook.com\/vlkfoto\/photos\/a.1486526674719042.1073741942.125543324150724\/1486527318052311\/?type=3&amp;theater<\/span><\/a><\/span><\/p>\n<p><strong><span style=\"color: #0000ff;\"><a href=\"https:\/\/www.youtube.com\/watch?v=5DvKI2CV8KA\" target=\"_blank\"><span style=\"color: #0000ff;\">https:\/\/www.youtube.com\/watch?v=5DvKI2CV8KA<\/span><\/a><\/span><\/strong><\/p>\n<p><a href=\"http:\/\/arcus-oc.org\/wordpress\/wp-content\/uploads\/2017\/01\/2.jpg\"><img decoding=\"async\" loading=\"lazy\" class=\"alignleft size-thumbnail wp-image-2220\" alt=\"2\" src=\"http:\/\/arcus-oc.org\/wordpress\/wp-content\/uploads\/2017\/01\/2-150x100.jpg\" width=\"150\" height=\"100\" srcset=\"https:\/\/arcus-oc.org\/wordpress\/wp-content\/uploads\/2017\/01\/2-150x100.jpg 150w, https:\/\/arcus-oc.org\/wordpress\/wp-content\/uploads\/2017\/01\/2-300x200.jpg 300w, https:\/\/arcus-oc.org\/wordpress\/wp-content\/uploads\/2017\/01\/2-250x166.jpg 250w, https:\/\/arcus-oc.org\/wordpress\/wp-content\/uploads\/2017\/01\/2.jpg 960w\" sizes=\"(max-width: 150px) 100vw, 150px\" \/><\/a><\/p>\n<p><a href=\"http:\/\/arcus-oc.org\/wordpress\/wp-content\/uploads\/2017\/01\/1.jpg\"><img decoding=\"async\" loading=\"lazy\" class=\"alignleft size-thumbnail wp-image-2219\" alt=\"1\" src=\"http:\/\/arcus-oc.org\/wordpress\/wp-content\/uploads\/2017\/01\/1-150x100.jpg\" width=\"150\" height=\"100\" srcset=\"https:\/\/arcus-oc.org\/wordpress\/wp-content\/uploads\/2017\/01\/1-150x100.jpg 150w, https:\/\/arcus-oc.org\/wordpress\/wp-content\/uploads\/2017\/01\/1-300x200.jpg 300w, https:\/\/arcus-oc.org\/wordpress\/wp-content\/uploads\/2017\/01\/1-250x166.jpg 250w, https:\/\/arcus-oc.org\/wordpress\/wp-content\/uploads\/2017\/01\/1.jpg 960w\" sizes=\"(max-width: 150px) 100vw, 150px\" \/><\/a><\/p>\n<p><a href=\"http:\/\/arcus-oc.org\/wordpress\/wp-content\/uploads\/2013\/05\/OSA_Partner_sluchatka-_LOGO-e1475683817246.jpg\"><img decoding=\"async\" loading=\"lazy\" class=\"alignleft size-thumbnail wp-image-1894\" alt=\"OSA_Partner_sluchatka _LOGO.ai\" src=\"http:\/\/arcus-oc.org\/wordpress\/wp-content\/uploads\/2013\/05\/OSA_Partner_sluchatka-_LOGO-150x150.jpg\" width=\"150\" height=\"150\" \/><\/a><\/p>\n<p>&nbsp;<\/p>\n<p>&nbsp;<\/p>\n<p>&nbsp;<\/p>\n<p>&nbsp;<\/p>\n<p>&nbsp;<\/p>\n<p>&nbsp;<\/p>\n<p>V roce 2017 jsme p\u0159ipravili tradi\u010dn\u011b benefi\u010dn\u00ed akci <strong><em><span style=\"color: #008080;\">22.7.2017<\/span><\/em><\/strong> v are\u00e1lu Ol\u0161e v <strong>\u010cervence<\/strong> u Litovle.<strong><em><span style=\"color: #008000;\"><span style=\"color: #008000;\"><a href=\"https:\/\/www.youtube.com\/watch?v=K3y9b69GcuU\">pozv\u00e1nka na akci<\/a>\u00a0\u00a0<\/span><\/span><\/em><\/strong><a href=\"https:\/\/www.youtube.com\/watch?v=K3y9b69GcuU\" target=\"_blank\">https:\/\/www.youtube.com\/watch?v=K3y9b69GcuU<\/a><iframe loading=\"lazy\" src=\"https:\/\/www.youtube.com\/embed\/K3y9b69GcuU\" height=\"390\" width=\"640\" frameborder=\"0\"><\/iframe><\/p>\n<div><a href=\"http:\/\/arcus-oc.org\/wordpress\/wp-content\/uploads\/2017\/01\/plak\u00e1t-1.jpg\"><img decoding=\"async\" loading=\"lazy\" class=\"alignright size-thumbnail wp-image-2205\" alt=\"plak\u00e1t 1\" src=\"http:\/\/arcus-oc.org\/wordpress\/wp-content\/uploads\/2017\/01\/plak\u00e1t-1-106x150.jpg\" width=\"106\" height=\"150\" srcset=\"https:\/\/arcus-oc.org\/wordpress\/wp-content\/uploads\/2017\/01\/plak\u00e1t-1-106x150.jpg 106w, https:\/\/arcus-oc.org\/wordpress\/wp-content\/uploads\/2017\/01\/plak\u00e1t-1-212x300.jpg 212w, https:\/\/arcus-oc.org\/wordpress\/wp-content\/uploads\/2017\/01\/plak\u00e1t-1-176x250.jpg 176w, https:\/\/arcus-oc.org\/wordpress\/wp-content\/uploads\/2017\/01\/plak\u00e1t-1.jpg 679w\" sizes=\"(max-width: 106px) 100vw, 106px\" \/><\/a>V sobotu\u00a022. \u010dervence\u00a0se m\u016f\u017eeme ji\u017e tradi\u010dn\u011b setkat na festivalu v obci\u00a0\u010cervenka u Litovle. Na p\u00f3diu\u00a0Rockov\u00e9ho l\u00e9ta\u00a0se odehraje celkem sedm koncert\u016f, kdy za\u010d\u00e1tek je \u00faderem 12. hodiny. Vystoup\u00ed zde kapely\u00a0Ortel,\u00a0Traktor, Perseus,\u00a0Reflexy,\u00a0Menhir, Notion Deep a\u00a0Sarkonia. Je zde tak\u00e9 mo\u017enost prostoru na stanov\u00e1n\u00ed. Dal\u0161\u00ed skv\u011bl\u00e1 nab\u00eddka po\u0159adatele je pro rodi\u010de s d\u011btmi. D\u011bti do 10ti let maj\u00ed v doprovodu rodi\u010d\u016f vstup zdarma!<\/div>\n<div>P\u0159edprodej vstupenek v IC olomouck\u00e9 radnice, v IC Litovel, Uni\u010dov.<\/div>\n<div>Pro ty vzd\u00e1len\u00e9 je mo\u017enost, \u017ee po zaplacen\u00ed vstupenky a po\u0161tovn\u00e9ho na ARCUS &#8211; OC \u00fa\u010det a to FIO BANKA Olomouc: 2700226536\/2010 za\u0161leme doporu\u010den\u011b na va\u0161i uvedenou adresu. Vstupenka v p\u0159edprodeji\u00a0stoj\u00ed 200 K\u010d plus po\u0161tovn\u00e9\u00a040 K\u010d. Va\u0161\u00ed adresu, kam chcete l\u00edstky poslat, nahlaste na adresu: arcus.vareka@seznam.cz nebo mobil: 777 761 717. V\u00fdt\u011b\u017eek op\u011bt poputuje na onkologick\u00fd pacientsk\u00fd program.<\/div>\n","protected":false},"excerpt":{"rendered":"<p>Dne\u00a022.7.2017\u00a0se uskute\u010dnila benefi\u010dn\u00ed akce Rockov\u00e9 l\u00e9to v \u010cervence. uk\u00e1zky z akce naleznete nap\u0159. na t\u011bchto odkazech: \u00a0https:\/\/www.facebook.com\/vlkfoto\/photos\/a.1486526674719042.1073741942.125543324150724\/1486527318052311\/?type=3&amp;theater https:\/\/www.youtube.com\/watch?v=5DvKI2CV8KA &nbsp; &nbsp; &nbsp; &nbsp; &nbsp; &nbsp; V roce 2017 jsme p\u0159ipravili tradi\u010dn\u011b benefi\u010dn\u00ed akci 22.7.2017 v are\u00e1lu Ol\u0161e v \u010cervence u Litovle.pozv\u00e1nka na akci\u00a0\u00a0https:\/\/www.youtube.com\/watch?v=K3y9b69GcuU V sobotu\u00a022. \u010dervence\u00a0se m\u016f\u017eeme ji\u017e tradi\u010dn\u011b setkat na festivalu v obci\u00a0\u010cervenka u Litovle. [&hellip;]<\/p>\n","protected":false},"author":1,"featured_media":0,"parent":106,"menu_order":0,"comment_status":"closed","ping_status":"open","template":"","meta":[],"_links":{"self":[{"href":"https:\/\/arcus-oc.org\/index.php?rest_route=\/wp\/v2\/pages\/2070"}],"collection":[{"href":"https:\/\/arcus-oc.org\/index.php?rest_route=\/wp\/v2\/pages"}],"about":[{"href":"https:\/\/arcus-oc.org\/index.php?rest_route=\/wp\/v2\/types\/page"}],"author":[{"embeddable":true,"href":"https:\/\/arcus-oc.org\/index.php?rest_route=\/wp\/v2\/users\/1"}],"replies":[{"embeddable":true,"href":"https:\/\/arcus-oc.org\/index.php?rest_route=%2Fwp%2Fv2%2Fcomments&post=2070"}],"version-history":[{"count":12,"href":"https:\/\/arcus-oc.org\/index.php?rest_route=\/wp\/v2\/pages\/2070\/revisions"}],"predecessor-version":[{"id":3081,"href":"https:\/\/arcus-oc.org\/index.php?rest_route=\/wp\/v2\/pages\/2070\/revisions\/3081"}],"up":[{"embeddable":true,"href":"https:\/\/arcus-oc.org\/index.php?rest_route=\/wp\/v2\/pages\/106"}],"wp:attachment":[{"href":"https:\/\/arcus-oc.org\/index.php?rest_route=%2Fwp%2Fv2%2Fmedia&parent=2070"}],"curies":[{"name":"wp","href":"https:\/\/api.w.org\/{rel}","templated":true}]}}