{"id":1642,"date":"2016-01-13T12:14:15","date_gmt":"2016-01-13T12:14:15","guid":{"rendered":"http:\/\/arcus-oc.org\/?page_id=1642"},"modified":"2016-12-12T13:18:38","modified_gmt":"2016-12-12T13:18:38","slug":"kongresy-a-seminare-2016","status":"publish","type":"page","link":"https:\/\/arcus-oc.org\/?page_id=1642","title":{"rendered":"Kongresy a semin\u00e1\u0159e 2016"},"content":{"rendered":"<p>P\u0159ehled akc\u00ed v roce 2017 naleznete :\u00a0<span style=\"color: #800000;\"><strong><em><a href=\"http:\/\/arcus-oc.org\/wordpress\/wp-content\/uploads\/2016\/01\/arcus-161.pdf\"><span style=\"color: #800000;\">\u010dasopis ARCUS \u010d.161<\/span><\/a><\/em><\/strong><\/span><\/p>\n<p><strong><em><span style=\"color: #0000ff;\"><a href=\"http:\/\/arcus-oc.rajce.idnes.cz\/seminar_8.11.2016_Ku_Olomouc\/\"><span style=\"color: #0000ff;\">foto z akce 8.11.2016 Olomouc<\/span><\/a><\/span><\/em><\/strong><\/p>\n<p>Dne\u00a0<span style=\"color: #008000;\"><strong>8.11.2016 od 9,00 hod. v kongresov\u00e9m s\u00e1le Krajsk\u00e9ho \u00fa\u0159adu v Olomouci<\/strong><\/span>\u00a0( naproti hlavn\u00edmu n\u00e1dra\u017e\u00ed) prob\u011bhne \u0161kol\u00edc\u00ed akce\u00a0<strong>&#8222;Co nov\u00e9ho pro zdravotn\u00ed sestry a onkologick\u00e9 pacienty v r\u00e1mci eduka\u010dn\u00edch program\u016f&#8220;,<\/strong>\u00a0kde vystoup\u00ed\u00a0\u00a0nap\u0159. prof. MUDr. V\u00edt\u011bzslav Kolek, DrSc., p\u0159edseda \u010cesk\u00e9 pneumologick\u00e9 a ftizeologick\u00e9 spole\u010dnosti \u010cLS a mnoho dal\u0161\u00edch bl\u00ed\u017ee v programu. Registrace je zdarma. Sta\u010d\u00ed nahl\u00e1sit jm\u00e9no a p\u0159\u00edjmen\u00ed, adresu bydli\u0161t\u011b a pro vystaven\u00ed certifik\u00e1tu datum narozen\u00ed na tento e-mail. Akce\u00a0je\u00a0\u00a0za\u0159azena tak\u00e9 do kreditn\u00edho syst\u00e9mu vzd\u011bl\u00e1v\u00e1n\u00ed \u010cAS pod\u00a0<strong>KK\/2254\/2016<\/strong>\u00a0a za tuto akci n\u00e1le\u017e\u00ed 4 kredity\u00a0pro v\u0161eobecn\u00e9 sestry, porodn\u00ed asistentky, zdravotn\u00ed laboranty, asistenty ochrany ve\u0159ejn\u00e9ho zdrav\u00ed, nutri\u010dn\u00ed terapeuty, zubn\u00ed techniky, dent\u00e1ln\u00ed hygienisty, zdravotnick\u00e9 z\u00e1chran\u00e1\u0159e, farmaceutick\u00e9 asistenty a zdravotn\u011b soci\u00e1ln\u00ed pracovn\u00edky.<\/p>\n<p><strong><em><span style=\"color: #0000ff;\"><span style=\"color: #0000ff;\"><a href=\"http:\/\/arcus-oc.org\/wordpress\/wp-content\/uploads\/2016\/01\/8.11.-2016-KU-Olomouc-program.pdf\">Program 8.11.2016 Olomouc<\/a><\/span><\/span><\/em><\/strong><\/p>\n<p><strong><em><\/em><\/strong>Ve dnech <strong><span style=\"color: #008080;\">7.10. &#8211; 8.10.2016<\/span><\/strong> se \u00a0konal v Louck\u00e9m kl\u00e1\u0161te\u0159e ve \u00a0Znojm\u011b ji\u017e tradi\u010dn\u011b Mezin\u00e1rodn\u00ed onkologick\u00fd kongres.<\/p>\n<p><strong><em><span style=\"color: #0000ff;\"><a href=\"http:\/\/arcus-oc.rajce.idnes.cz\/Mezinaroni_onkologicky_kongres_Znojmo_7.-_8.10.2016\/\"><span style=\"color: #0000ff;\">foto MOK 2016 Znojmo<\/span><\/a><\/span><\/em><\/strong><\/p>\n<p><strong><span style=\"color: #339966;\"><em><a href=\"http:\/\/arcus-oc.org\/wordpress\/wp-content\/uploads\/2016\/01\/MOK-program-2016-pracovn\u00ed.pdf\"><span style=\"color: #339966;\">MOK program 2016<\/span><\/a><\/em><\/span><\/strong><\/p>\n<p><strong><em><span style=\"color: #0000ff;\"><a href=\"http:\/\/arcus-oc.org\/wordpress\/wp-content\/uploads\/2016\/01\/Prihlaska-MOK-Znojmo-20161.doc\"><span style=\"color: #0000ff;\">P\u0159ihl\u00e1\u0161ka MOK Znojmo 2016<\/span><\/a><\/span><span style=\"color: #0000ff;\"><span style=\"color: #0000ff;\"><br \/>\n<\/span><\/span><\/em><\/strong><\/p>\n<p>Po vypln\u011bn\u00ed p\u0159ihl\u00e1\u0161ku za\u0161lete e-mailem na:\u00a0<strong>arcus.onko@email.cz<\/strong> nebo po\u0161tou na adresu:<\/p>\n<p>ARCUS &#8211; onko centrum, Je\u0161ov 24, 783 24 Luk\u00e1.<\/p>\n<p>\u010cesk\u00e1 asociace sester za\u0159adila akci do kreditn\u00edho syst\u00e9mu celo\u017eivotn\u00edho vzd\u011bl\u00e1v\u00e1n\u00ed a je vedena v archivu \u010cAS :<strong><em><span style=\"color: #008000;\"> KK\/1590\/2016<\/span>\u00a0<\/em><\/strong><em>pro v\u0161eobecn\u00e9 sestry, porodn\u00ed asistentky, zdravotn\u00ed laboranty, asistenty ochrany ve\u0159ejn\u00e9ho zdrav\u00ed, nutri\u010dn\u00ed terapeuty, zdravotnick\u00e9 z\u00e1chran\u00e1\u0159e, farmaceutick\u00e9 asistenty a zdravotn\u011b soci\u00e1ln\u00ed pracovn\u00edky. Za \u00fa\u010dast na dva dny je 10 kredit\u016f.<\/em><\/p>\n<p><em><\/em>Spole\u010dnost radiologick\u00fdch asistent\u016f \u010cesk\u00e9 republiky, z.s. za\u0159adila akci pod \u010d.j.<em><strong><span style=\"color: #008000;\">\u00a0<\/span><\/strong><\/em><strong><em><span style=\"color: #008000;\">SS37\/2016\/KH<\/span><\/em><\/strong><b>\u00a0<\/b><b>\u00a0<\/b>k\u00a0zapo\u010d\u00edt\u00e1n\u00ed do syst\u00e9mu celo\u017eivotn\u00edho vzd\u011bl\u00e1v\u00e1n\u00ed radiologick\u00fdch asistent\u016f.<\/p>\n<p><strong><span style=\"color: #993300;\"><em>K<a href=\"http:\/\/arcus-oc.org\/wordpress\/wp-content\/uploads\/2016\/01\/form-kredity34316-2.pdf\"><span style=\"color: #993300;\">redity pro odborn\u00e9 pracovn\u00edky v laboratorn\u00edch metod\u00e1ch a v p\u0159\u00edprav\u011b l\u00e9\u010div\u00fdch p\u0159\u00edpravk\u016f, odborn\u00e9 pracovn\u00edky v ochran\u011b a podpo\u0159e ve\u0159ejn\u00e9ho zdrav\u00ed a jin\u00e9 odborn\u00e9 pracovn\u00edky<\/span><\/a>.<\/em><\/span><span style=\"color: #008000;\"><span style=\"color: #008000;\"><br \/>\n<\/span><\/span><\/strong><\/p>\n<p>V p\u00e1tek po odborn\u00e9m programu vystoup\u00ed v r\u00e1mci kulturn\u00edho programu pan N\u00e1hlovsk\u00fd se skupinou.<\/p>\n<p>&nbsp;<\/p>\n<p><strong>V r\u00e1mci &#8222;Edu<\/strong>k<strong>a\u010dn\u00edho pacientsk\u00e9ho programu ONKO&#8220; jsme p\u0159ipravili \u0161kol\u00edc\u00ed akce v Olomouci v t\u011bchto term\u00ednech<\/strong>:<strong>\u00a0<span style=\"color: #008000;\">30.3., 10.5., 5.9. a 8.11.2016.<\/span><\/strong><\/p>\n<p><strong><em><span style=\"color: #800000;\"><a href=\"http:\/\/arcus-oc.org\/wordpress\/wp-content\/uploads\/2016\/01\/P\u0159ehled-\u0161kol\u00edc\u00edch-akc\u00ed-v-Olomouci-pro-rok-2016.pdf\"><span style=\"color: #800000;\">P\u0159ehled \u0161kol\u00edc\u00edch akc\u00ed v Olomouci pro rok 2016<\/span><\/a><\/span><\/em><\/strong><\/p>\n<p>M\u00edsto\u00a0<span style=\"color: #008000;\"><span style=\"color: #000000;\">14.6. 2016 bude dal\u0161\u00ed akce v pond\u011bl\u00ed<\/span><strong> 5.9.2016 od 9,00 hod. op\u011bt v kongresov\u00e9m s\u00e1le Krajsk\u00e9ho \u00fa\u0159adu v Olomouci<\/strong><\/span>\u00a0\u00a0prob\u011bhne dal\u0161\u00ed \u0161kol\u00edc\u00ed akce na t\u00e9ma: \u00a0&#8222;Co nov\u00e9ho pro onkologick\u00e9 pacienty a zdravotn\u00ed sestry v r\u00e1mci projektu EEP ONKO?&#8220;<\/p>\n<div><span style=\"color: #0000ff;\"><strong><em><a href=\"http:\/\/arcus-oc.rajce.idnes.cz\/Skolici_akce_Ku_10.5._Olomouc\/#Skolici_akce_Ku_10.5._Olomouc_020\"><span style=\"color: #0000ff;\">foto z akce 10.5.2016<\/span><\/a><\/em><\/strong><\/span><\/div>\n<div><a href=\"http:\/\/arcus-oc.org\/wordpress\/wp-content\/uploads\/2016\/01\/Skolici_akce_Ku_10.5._Olomouc_012.jpg\"><img decoding=\"async\" loading=\"lazy\" alt=\"Skolici_akce_Ku_10.5._Olomouc_012\" src=\"http:\/\/arcus-oc.org\/wordpress\/wp-content\/uploads\/2016\/01\/Skolici_akce_Ku_10.5._Olomouc_012-150x150.jpg\" width=\"150\" height=\"150\" \/><\/a>\u00a0<a href=\"http:\/\/arcus-oc.org\/wordpress\/wp-content\/uploads\/2016\/01\/Skolici_akce_Ku_10.5._Olomouc_021.jpg\"><img decoding=\"async\" loading=\"lazy\" alt=\"Skolici_akce_Ku_10.5._Olomouc_021\" src=\"http:\/\/arcus-oc.org\/wordpress\/wp-content\/uploads\/2016\/01\/Skolici_akce_Ku_10.5._Olomouc_021-150x150.jpg\" width=\"150\" height=\"150\" \/><\/a><a href=\"http:\/\/arcus-oc.org\/wordpress\/wp-content\/uploads\/2016\/01\/Skolici_akce_Ku_10.5._Olomouc_007.jpg\"><img decoding=\"async\" loading=\"lazy\" alt=\"Skolici_akce_Ku_10.5._Olomouc_007\" src=\"http:\/\/arcus-oc.org\/wordpress\/wp-content\/uploads\/2016\/01\/Skolici_akce_Ku_10.5._Olomouc_007-150x150.jpg\" width=\"150\" height=\"150\" \/><\/a><\/div>\n<p>&nbsp;<\/p>\n<p>Dne\u00a0<span style=\"color: #008000;\"><strong>10.5.2016 od 9,00 hod. v kongresov\u00e9m s\u00e1le Krajsk\u00e9ho \u00fa\u0159adu v Olomouci<\/strong><\/span>\u00a0prob\u011bhne \u0161kol\u00edc\u00ed akce &#8222;Podp\u016frn\u00e1 p\u00e9\u010de o onkologick\u00e9 pacienty jako sou\u010d\u00e1st komplexn\u00ed l\u00e9\u010dby a n\u00e1sledn\u00e9 p\u00e9\u010de&#8220;, kde vystoup\u00ed Jana Ko\u017eelsk\u00e1, Doc.MUDr.Eva Kr\u00e1l\u00edkov\u00e1, CSc., MUDr.Milena Wittnerov\u00e1 a Robert Z\u00edtko, kter\u00fd povede praktickou uk\u00e1zku u o\u0161et\u0159en\u00ed lymfed\u00e9mu \u00a0v\u010detn\u011b vyu\u017eit\u00ed tejpov\u00e1n\u00ed. Registrace zdarma.\u00a0<strong><em><span style=\"color: #0000ff;\"><a href=\"http:\/\/arcus-oc.org\/wordpress\/wp-content\/uploads\/2016\/01\/Pozv\u00e1nka-na-\u0161kol\u00edc\u00ed-akci-10.-05.-2016.pdf\"><span style=\"color: #0000ff;\">Pozv\u00e1nka na \u0161kol\u00edc\u00ed akci 10. 05. 2016<\/span><\/a><\/span>\u00a0.\u00a0<\/em><span style=\"color: #800000;\">Akce je\u00a0\u00a0za\u0159azena do kreditn\u00edho syst\u00e9mu vzd\u011bl\u00e1v\u00e1n\u00ed \u010cAS pod KK\/1151\/2016 a za tuto akci n\u00e1le\u017e\u00ed 4 kredity<\/span>\u00a0<\/strong>pro v\u0161eobecn\u00e9 sestry, porodn\u00ed asistentky, zdravotn\u00ed laboranty, asistenty ochrany ve\u0159ejn\u00e9ho zdrav\u00ed, nutri\u010dn\u00ed terapeuty, zubn\u00ed techniky, dent\u00e1ln\u00ed hygienisty, zdravotnick\u00e9 z\u00e1chran\u00e1\u0159e, farmaceutick\u00e9 asistenty a zdravotn\u011b soci\u00e1ln\u00ed pracovn\u00edky.<\/p>\n<p><em><span style=\"color: #0000ff;\"><strong><a href=\"http:\/\/arcus-oc.org\/wordpress\/wp-content\/uploads\/2016\/01\/30.-03.-2016-KU-Olomouc-program.pdf\"><span style=\"color: #0000ff;\">30. 03. 2016 Program K\u00da Olomouc<\/span><\/a><\/strong><\/span><\/em><span style=\"color: #0000ff;\"><strong><em><span style=\"color: #0000ff;\">\u00a0 \u00a0 \u00a0 <\/span><\/em><\/strong><\/span><span style=\"color: #0000ff;\"><strong><em>\u00a0\u00a0<\/em><\/strong><em><strong><a href=\"http:\/\/arcus-oc.rajce.idnes.cz\/\"><span style=\"color: #0000ff;\">foto z akce 30.3.2016<\/span><\/a><\/strong><\/em><\/span><\/p>\n<p>&nbsp;<\/p>\n<h1>Sv\u011btov\u00fd den boje proti rakovin\u011b 4.2.<\/h1>\n<p>Sv\u011btov\u00fd den boje proti rakovin\u011b n\u00e1m m\u00e1 v\u0161t\u00edpit jak z\u00e1va\u017en\u00e1 a \u010dast\u00e1 nemoc to v\u016fbec je, existuje mnoho p\u0159\u00ed\u010din jak tato nemoc propuk\u00e1 ale tak\u00e9 existuje spousta cest jak tomu p\u0159ech\u00e1zet a jak se starat o sv\u00e9 zdrav\u00ed. Zv\u00fd\u0161enou pozornost k t\u00e9to z\u00e1ke\u0159n\u00e9 nemoci upoutala pr\u00e1v\u011b Pa\u0159\u00ed\u017esk\u00e1 charta pr\u00e1v onkologick\u00fdch pacient\u016f, kterou p\u0159edkl\u00e1dalo Sdru\u017een\u00ed na obranu pr\u00e1v pacient\u016f a c\u00edlem t\u00e9to charty je zlep\u0161it l\u00e9\u010dbu rakoviny a tak\u00e9 zlep\u0161it v\u00fdzkum n\u00e1dorov\u00fdch onemocn\u011bn\u00ed. Den boji proti rakovin\u011b vyu\u017eiv\u00e1 k osv\u011bt\u011b \u017denevsk\u00e1 Mezin\u00e1rodn\u00ed unie boje proti rakovin\u011b.<\/p>\n<p>ARCUS &#8211; onko centrum, z.s. p\u0159ipravilo na<span style=\"color: #993300;\"><strong> 2.2.2016 <\/strong><\/span>semin\u00e1\u0159 k 16.v\u00fdro\u010d\u00ed od podeps\u00e1n\u00ed Pa\u0159\u00ed\u017esk\u00e9 charty proti rakovin\u011b a vyhl\u00e1\u0161en\u00ed Sv\u011btov\u00e9ho dne proti rakovin\u011b v kongresov\u00e9m s\u00e1lu Krajsk\u00e9ho \u00fa\u0159adu Olomouck\u00e9ho kraje. V programu nap\u0159. vystoupil <span style=\"color: #008000;\"><strong>prof. MUDr. V\u00edt\u011bzslav Kolek, DrSc., <\/strong><\/span>p\u0159edseda \u010cesk\u00e9 pneumologick\u00e9 a ftizeologick\u00e9 spole\u010dnosti \u010cLS JEP s p\u0159en\u00e1\u0161kou <em>&#8222;Personalizovan\u00e1 l\u00e9\u010dba &#8211; imunoterapie u karcinomu plic&#8220;.<\/em>\u00a0 <strong><span style=\"color: #0000ff;\"><a href=\"http:\/\/arcus-oc.rajce.idnes.cz\/Seminar_Spolu_proti_rakovine_2.2.2016_Olomouc\/\"><span style=\"color: #0000ff;\">foto z akce 2.2.2016<\/span><\/a><\/span><\/strong><\/p>\n<p><a href=\"http:\/\/arcus-oc.org\/wordpress\/wp-content\/uploads\/2016\/01\/2.2.2016-Olomouc-seminar.jpg\"><img decoding=\"async\" loading=\"lazy\" alt=\"2.2.2016 Olomouc seminar\" src=\"http:\/\/arcus-oc.org\/wordpress\/wp-content\/uploads\/2016\/01\/2.2.2016-Olomouc-seminar-300x228.jpg\" width=\"300\" height=\"228\" \/><\/a><\/p>\n<p>V roce 2016 tak\u00e9 p\u0159ipravujeme tradi\u010dn\u00ed <strong><span style=\"color: #008000;\">Mezin\u00e1rodn\u00ed onkologick\u00fd kongres ve Znojm\u011b<\/span><\/strong> v Louck\u00e9m kl\u00e1\u0161te\u0159e ve dnech <strong><span style=\"color: #993300;\">7.10.- 8.10.2016<\/span><\/strong>.<\/p>\n","protected":false},"excerpt":{"rendered":"<p>P\u0159ehled akc\u00ed v roce 2017 naleznete :\u00a0\u010dasopis ARCUS \u010d.161 foto z akce 8.11.2016 Olomouc Dne\u00a08.11.2016 od 9,00 hod. v kongresov\u00e9m s\u00e1le Krajsk\u00e9ho \u00fa\u0159adu v Olomouci\u00a0( naproti hlavn\u00edmu n\u00e1dra\u017e\u00ed) prob\u011bhne \u0161kol\u00edc\u00ed akce\u00a0&#8222;Co nov\u00e9ho pro zdravotn\u00ed sestry a onkologick\u00e9 pacienty v r\u00e1mci eduka\u010dn\u00edch program\u016f&#8220;,\u00a0kde vystoup\u00ed\u00a0\u00a0nap\u0159. prof. MUDr. V\u00edt\u011bzslav Kolek, DrSc., p\u0159edseda \u010cesk\u00e9 pneumologick\u00e9 a ftizeologick\u00e9 spole\u010dnosti \u010cLS [&hellip;]<\/p>\n","protected":false},"author":1,"featured_media":0,"parent":0,"menu_order":0,"comment_status":"closed","ping_status":"open","template":"","meta":[],"_links":{"self":[{"href":"https:\/\/arcus-oc.org\/index.php?rest_route=\/wp\/v2\/pages\/1642"}],"collection":[{"href":"https:\/\/arcus-oc.org\/index.php?rest_route=\/wp\/v2\/pages"}],"about":[{"href":"https:\/\/arcus-oc.org\/index.php?rest_route=\/wp\/v2\/types\/page"}],"author":[{"embeddable":true,"href":"https:\/\/arcus-oc.org\/index.php?rest_route=\/wp\/v2\/users\/1"}],"replies":[{"embeddable":true,"href":"https:\/\/arcus-oc.org\/index.php?rest_route=%2Fwp%2Fv2%2Fcomments&post=1642"}],"version-history":[{"count":35,"href":"https:\/\/arcus-oc.org\/index.php?rest_route=\/wp\/v2\/pages\/1642\/revisions"}],"predecessor-version":[{"id":2012,"href":"https:\/\/arcus-oc.org\/index.php?rest_route=\/wp\/v2\/pages\/1642\/revisions\/2012"}],"wp:attachment":[{"href":"https:\/\/arcus-oc.org\/index.php?rest_route=%2Fwp%2Fv2%2Fmedia&parent=1642"}],"curies":[{"name":"wp","href":"https:\/\/api.w.org\/{rel}","templated":true}]}}