{"id":164,"date":"2013-05-05T20:35:21","date_gmt":"2013-05-05T20:35:21","guid":{"rendered":"http:\/\/arcus-oc.org\/wordpress\/?page_id=164"},"modified":"2016-02-26T16:55:34","modified_gmt":"2016-02-26T16:55:34","slug":"aktuality","status":"publish","type":"page","link":"https:\/\/arcus-oc.org\/?page_id=164","title":{"rendered":"Aktuality"},"content":{"rendered":"<div>\n<div>25.2.2016 \u00a0\u010cT Ostrava nat\u00e1\u010dela report\u00e1\u017e o na\u0161em protestu proti zah\u00e1jen\u00ed t\u011b\u017eby v\u00e1pence na Bouzovsku. Za\u010d\u00e1tek \u00a0v\u00a09,50 min.<strong>\u00a0<em><span style=\"color: #008000;\"><a href=\"http:\/\/www.ceskatelevize.cz\/ivysilani\/10122978233-udalosti-v-regionech-ostrava\" target=\"_blank\"><span style=\"color: #008000;\">http:\/\/www.ceskatelevize.cz\/ivysilani\/10122978233-udalosti-v-regionech-ostrava<\/span><\/a><\/span><\/em><\/strong><\/div>\n<div>Pomozte n\u00e1m zabr\u00e1nit t\u00e9to t\u011b\u017eb\u011b. Podepsat se m\u016f\u017eete na:<em><strong><span style=\"color: #ff0000;\">\u00a0<a href=\"http:\/\/www.petice24.com\/petice_proti_vapencovemu_lomu_na_bouzovsku\" target=\"_blank\"><span style=\"color: #ff0000;\">http:\/\/www.petice24.com\/petice_proti_vapencovemu_lomu_na_bouzovsku<\/span><\/a>\u00a0<\/span><\/strong><\/em>.<\/div>\n<div><\/div>\n<div>\u010cl\u00e1nek o protestu tak\u00e9 \u00a0na\u00a0<a href=\"http:\/\/l.facebook.com\/l.php?u=http%3A%2F%2Fekolist.cz%2Fcz%2Fzpravodajstvi%2Fzpravy%2Fs-tezbou-vapence-u-bouzova-na-olomoucku-nesouhlasi-stovky-lidi&amp;h=BAQFx5t2-\" target=\"_blank\">http:\/\/ekolist.cz\/cz\/zpravodajstvi\/zpravy\/s-tezbou-vapence-u-bouzova-na-olomoucku-nesouhlasi-stovky-lidi<\/a><\/div>\n<\/div>\n<div><\/div>\n<div><a href=\"http:\/\/arcus-oc.org\/wordpress\/wp-content\/uploads\/2015\/01\/Cesky_rozhlas_-_Vetrnik_014.jpg\"><img decoding=\"async\" loading=\"lazy\" class=\"alignnone  wp-image-1386\" style=\"width: 191px;\" alt=\"Cesky_rozhlas_-_Vetrnik_014\" src=\"http:\/\/arcus-oc.org\/wordpress\/wp-content\/uploads\/2015\/01\/Cesky_rozhlas_-_Vetrnik_014-300x225.jpg\" width=\"216\" height=\"126\" \/><\/a><a href=\"http:\/\/arcus-oc.org\/wordpress\/wp-content\/uploads\/2015\/01\/Cesky_rozhlas_-_Vetrnik_002.jpg\"><img decoding=\"async\" loading=\"lazy\" class=\"alignnone  wp-image-1385\" style=\"width: 198px;\" alt=\"Cesky_rozhlas_-_Vetrnik_002\" src=\"http:\/\/arcus-oc.org\/wordpress\/wp-content\/uploads\/2015\/01\/Cesky_rozhlas_-_Vetrnik_002-300x225.jpg\" width=\"202\" height=\"124\" \/><\/a><\/div>\n<div><span style=\"color: #339966;\"><strong><em><a href=\"http:\/\/prehravac.rozhlas.cz\/audio\/3317897\"><span style=\"color: #339966;\">V\u011btrn\u00edk &#8211; Host ve studiu (17.02.2015 11:<\/span><\/a><\/em><\/strong><strong><em><a href=\"http:\/\/prehravac.rozhlas.cz\/audio\/3317897\"><span style=\"color: #339966;\">05<\/span><\/a><\/em><\/strong><strong><em><\/em><\/strong><strong><em><a href=\"http:\/\/prehravac.rozhlas.cz\/audio\/3317897\"><span style=\"color: #339966;\">)<\/span><\/a><\/em><\/strong><strong><em><\/em><\/strong><strong><em> <\/em><\/strong><\/span><strong>\u010cesk\u00fd rozhlas Olomouc<\/strong><\/div>\n<div>\n<p title=\"\">Rakovina! Tvrd\u00fd z\u00e1sah do \u017eivota pacienta i jeho rodiny. Jana Ko\u017eelsk\u00e1 rakovinou pro\u0161la, pak jej\u00ed matka i babi\u010dka. Za\u010dala druh\u00fdm pom\u00e1hat. P\u0159edsedkyn\u011b spolku ARCUS &#8211; ONKO CENTRUM, nositelka Ceny Olgy Havlov\u00e9, signat\u00e1\u0159ka Pa\u0159\u00ed\u017esk\u00e9 charty proti rakovin\u011b. <strong><em><a href=\"http:\/\/arcus-oc.rajce.idnes.cz\/Cesky_rozhlas_-_Vetrnik\/\">foto<\/a><\/em><\/strong><\/p>\n<p>Kone\u010dn\u011b vy\u0161la Zdravotnick\u00e1 ro\u010denka na\u00a0 <strong><a href=\"http:\/\/uzis.cz\/publikace\/zdravotnicka-rocenka-ceske-republiky-2013\">http:\/\/uzis.cz\/publikace\/zdravotnicka-rocenka-ceske-republiky-2013<\/a>.<\/strong><\/p>\n<\/div>\n<p><span style=\"color: #000080;\"><strong><a href=\"http:\/\/www.hlasprozivot.cz\/\"><span style=\"color: #000080;\">hlas pro \u017eivot<\/span><\/a><\/strong>\u00a0<\/span><strong>\u00a0 <span style=\"color: #800000;\">\u2013 hlasujte pro podporu\u00a0tohoto \u0161pi\u010dkov\u00e9ho \u00a0centra na sv\u011bt\u011b pro l\u00e9\u010dbu rakoviny<\/span><\/strong><\/p>\n<p>&nbsp;<\/p>\n","protected":false},"excerpt":{"rendered":"<p>25.2.2016 \u00a0\u010cT Ostrava nat\u00e1\u010dela report\u00e1\u017e o na\u0161em protestu proti zah\u00e1jen\u00ed t\u011b\u017eby v\u00e1pence na Bouzovsku. Za\u010d\u00e1tek \u00a0v\u00a09,50 min.\u00a0http:\/\/www.ceskatelevize.cz\/ivysilani\/10122978233-udalosti-v-regionech-ostrava Pomozte n\u00e1m zabr\u00e1nit t\u00e9to t\u011b\u017eb\u011b. Podepsat se m\u016f\u017eete na:\u00a0http:\/\/www.petice24.com\/petice_proti_vapencovemu_lomu_na_bouzovsku\u00a0. \u010cl\u00e1nek o protestu tak\u00e9 \u00a0na\u00a0http:\/\/ekolist.cz\/cz\/zpravodajstvi\/zpravy\/s-tezbou-vapence-u-bouzova-na-olomoucku-nesouhlasi-stovky-lidi V\u011btrn\u00edk &#8211; Host ve studiu (17.02.2015 11:05) \u010cesk\u00fd rozhlas Olomouc Rakovina! Tvrd\u00fd z\u00e1sah do \u017eivota pacienta i jeho rodiny. Jana Ko\u017eelsk\u00e1 rakovinou pro\u0161la, pak [&hellip;]<\/p>\n","protected":false},"author":1,"featured_media":0,"parent":0,"menu_order":0,"comment_status":"open","ping_status":"open","template":"","meta":[],"_links":{"self":[{"href":"https:\/\/arcus-oc.org\/index.php?rest_route=\/wp\/v2\/pages\/164"}],"collection":[{"href":"https:\/\/arcus-oc.org\/index.php?rest_route=\/wp\/v2\/pages"}],"about":[{"href":"https:\/\/arcus-oc.org\/index.php?rest_route=\/wp\/v2\/types\/page"}],"author":[{"embeddable":true,"href":"https:\/\/arcus-oc.org\/index.php?rest_route=\/wp\/v2\/users\/1"}],"replies":[{"embeddable":true,"href":"https:\/\/arcus-oc.org\/index.php?rest_route=%2Fwp%2Fv2%2Fcomments&post=164"}],"version-history":[{"count":18,"href":"https:\/\/arcus-oc.org\/index.php?rest_route=\/wp\/v2\/pages\/164\/revisions"}],"predecessor-version":[{"id":2088,"href":"https:\/\/arcus-oc.org\/index.php?rest_route=\/wp\/v2\/pages\/164\/revisions\/2088"}],"wp:attachment":[{"href":"https:\/\/arcus-oc.org\/index.php?rest_route=%2Fwp%2Fv2%2Fmedia&parent=164"}],"curies":[{"name":"wp","href":"https:\/\/api.w.org\/{rel}","templated":true}]}}