{"id":1620,"date":"2016-01-04T09:51:44","date_gmt":"2016-01-04T09:51:44","guid":{"rendered":"http:\/\/arcus-oc.org\/?page_id=1620"},"modified":"2017-03-30T21:41:00","modified_gmt":"2017-03-30T21:41:00","slug":"rekondicne-vzdelavaci-pobyty-2016","status":"publish","type":"page","link":"https:\/\/arcus-oc.org\/?page_id=1620","title":{"rendered":"Rekondi\u010dn\u011b vzd\u011bl\u00e1vac\u00ed pobyty 2017"},"content":{"rendered":"<p>V roce 2017 jsme pro v\u00e1s p\u0159ipravili tyto rekondi\u010dn\u011b vzd\u011bl\u00e1vac\u00ed pobyty:<\/p>\n<p><strong><span style=\"color: #993300;\">Montanie- Desn\u00e1 &#8211; Sou\u0161, Jizersk\u00e9 hory<\/span><\/strong><\/p>\n<p>17.6. &#8211; 24.6.2017<\/p>\n<p><strong><em><span style=\"color: #0000ff;\"><a href=\"http:\/\/arcus-oc.org\/wordpress\/wp-content\/uploads\/2016\/01\/Montanie-2017-n\u00e1st\u011bnka.pdf\"><span style=\"color: #0000ff;\">informace o pobytu a cen\u011b Montanie<\/span><\/a><\/span><\/em><\/strong><\/p>\n<p><span style=\"color: #0000ff;\"><em><strong><a href=\"http:\/\/arcus-oc.org\/wordpress\/wp-content\/uploads\/2016\/01\/prihlaska-Jizersk\u00e9-hory-Montanie-\u010derven-2017-z-MZ-\u010cR.doc\"><span style=\"color: #0000ff;\">p\u0159ihl\u00e1\u0161ka-Jizersk\u00e9 hory Montanie \u010derven 2017 z MZ \u010cR<\/span><\/a><\/strong><\/em><\/span><\/p>\n<table border=\"1\" cellspacing=\"0\" cellpadding=\"0\">\n<tbody>\n<tr>\n<td valign=\"top\" width=\"307\"><strong><span style=\"color: #993300;\">Teplice nad Be\u010dvou, penzion Diana<\/span><\/strong>&nbsp;<\/p>\n<p><span style=\"color: #000000;\">8.10. \u2013 14.10.2017<\/span><\/p>\n<p><strong><span style=\"color: #0000ff;\"><em><a href=\"http:\/\/arcus-oc.org\/wordpress\/wp-content\/uploads\/2016\/01\/Teplice-nad-Be\u010dvou-n\u00e1st\u011bnka.pdf\"><span style=\"color: #0000ff;\">informace k pobytu a cen\u011b Teplice nad Be\u010dvou <\/span><\/a><\/em><\/span><\/strong><\/p>\n<p><strong><span style=\"color: #0000ff;\"><em><a href=\"http:\/\/arcus-oc.org\/wordpress\/wp-content\/uploads\/2016\/01\/prihlaska-Teplice-nad-Be\u010dvou-2017-z-MZ-\u010cR.doc\"><span style=\"color: #0000ff;\">p\u0159ihl\u00e1\u0161ka Teplice nad Be\u010dvou z dotace MZ \u010cR<\/span><\/a><\/em><\/span><\/strong><\/p>\n<p><strong><span style=\"color: #993300;\">Karlovy Vary\u00a0, Bohemia &#8211; l\u00e1zn\u011b, a.s.<\/span> <\/strong><\/p>\n<p>22.10. &#8211; 29.10.2017<\/td>\n<\/tr>\n<\/tbody>\n<\/table>\n<p>Bli\u017e\u0161\u00ed informace na jana.kozelska.arcus@email.cz nebo mobil: 603 533 288.<\/p>\n","protected":false},"excerpt":{"rendered":"<p>V roce 2017 jsme pro v\u00e1s p\u0159ipravili tyto rekondi\u010dn\u011b vzd\u011bl\u00e1vac\u00ed pobyty: Montanie- Desn\u00e1 &#8211; Sou\u0161, Jizersk\u00e9 hory 17.6. &#8211; 24.6.2017 informace o pobytu a cen\u011b Montanie p\u0159ihl\u00e1\u0161ka-Jizersk\u00e9 hory Montanie \u010derven 2017 z MZ \u010cR Teplice nad Be\u010dvou, penzion Diana&nbsp; 8.10. \u2013 14.10.2017 informace k pobytu a cen\u011b Teplice nad Be\u010dvou p\u0159ihl\u00e1\u0161ka Teplice nad Be\u010dvou z [&hellip;]<\/p>\n","protected":false},"author":1,"featured_media":0,"parent":0,"menu_order":0,"comment_status":"closed","ping_status":"open","template":"","meta":[],"_links":{"self":[{"href":"https:\/\/arcus-oc.org\/index.php?rest_route=\/wp\/v2\/pages\/1620"}],"collection":[{"href":"https:\/\/arcus-oc.org\/index.php?rest_route=\/wp\/v2\/pages"}],"about":[{"href":"https:\/\/arcus-oc.org\/index.php?rest_route=\/wp\/v2\/types\/page"}],"author":[{"embeddable":true,"href":"https:\/\/arcus-oc.org\/index.php?rest_route=\/wp\/v2\/users\/1"}],"replies":[{"embeddable":true,"href":"https:\/\/arcus-oc.org\/index.php?rest_route=%2Fwp%2Fv2%2Fcomments&post=1620"}],"version-history":[{"count":11,"href":"https:\/\/arcus-oc.org\/index.php?rest_route=\/wp\/v2\/pages\/1620\/revisions"}],"predecessor-version":[{"id":2175,"href":"https:\/\/arcus-oc.org\/index.php?rest_route=\/wp\/v2\/pages\/1620\/revisions\/2175"}],"wp:attachment":[{"href":"https:\/\/arcus-oc.org\/index.php?rest_route=%2Fwp%2Fv2%2Fmedia&parent=1620"}],"curies":[{"name":"wp","href":"https:\/\/api.w.org\/{rel}","templated":true}]}}