{"id":159,"date":"2013-05-04T17:49:01","date_gmt":"2013-05-04T17:49:01","guid":{"rendered":"http:\/\/localhost\/wordpress\/?page_id=159"},"modified":"2013-12-03T10:46:51","modified_gmt":"2013-12-03T10:46:51","slug":"onkologicke-kongresy-2013","status":"publish","type":"page","link":"https:\/\/arcus-oc.org\/?page_id=159","title":{"rendered":"Onkologick\u00e9 kongresy 2013"},"content":{"rendered":"<p>Mezin\u00e1rodn\u00ed onkologick\u00fd kongresy v roce 2013\u00a0jsme p\u0159ipravili\u00a0ji\u017e tradi\u010dn\u011b ve Znojm\u011b v Louck\u00e9m kl\u00e1\u0161te\u0159e a letos poprv\u00e9 tak\u00e9 v Karlov\u00fdch Varech.<\/p>\n<p><strong><span style=\"color: #008080;\">Mezin\u00e1rodn\u00ed onkologick\u00fd kongres Znojmo 4.10.-5.10.2013<\/span><\/strong><\/p>\n<p>Ve dnech 4.10.- 5.10.2013 prob\u011bhl ji\u017e tradi\u010dn\u011b ve Znojm\u011b v Louck\u00e9m kl\u00e1\u0161te\u0159e\u00a0 dal\u0161\u00ed Mezin\u00e1rodn\u00ed onkologick\u00fd kongres v Louck\u00e9m kl\u00e1\u0161te\u0159e ve Znojm\u011b viz <strong><span style=\"color: #0000ff;\"><a href=\"http:\/\/arcus-oc.org\/wordpress\/wp-content\/uploads\/2013\/05\/kongres-program.pdf\"><span style=\"color: #0000ff;\">program MOK 2013 Znojmo<\/span><\/a>\u00a0 a\u00a0 <a href=\"http:\/\/arcus-oc.rajce.idnes.cz\/06.10.2013%2C_Mezinarodni_onkologicky_kongres_Znojmo_2013%2C_www.arcus-oc.org\/#\"><span style=\"color: #0000ff;\">foto<\/span><\/a> .<\/span><\/strong><\/p>\n<p><strong><span style=\"color: #008080;\">Mezin\u00e1rodn\u00ed onkologick\u00fd kongres Karlovy Vary 8.11.-10.11.2013<\/span><\/strong><\/p>\n<p>Ve dnech 8.11. &#8211; 10.11.2013 se uskute\u010dnil v sanatoriu Kriv\u00e1\u0148 dal\u0161\u00ed Mezin\u00e1rodn\u00ed onkologick\u00fd kongres , kter\u00fd byl\u00a0ur\u010den\u00a0 zdravotnick\u00e9mu person\u00e1lu a onkologick\u00fdm pacient\u016fm, jejich rodinn\u00fdm p\u0159\u00edslu\u0161n\u00edk\u016fm a p\u0159\u00e1tel\u016fm. Registra\u010dn\u00ed poplatek v\u010detn\u011b ubytov\u00e1n\u00ed a stravy \u010din\u00edl 1800 K\u010d. Za \u00fa\u010dast pouze na p\u0159edn\u00e1\u0161k\u00e1ch byl\u00a0 registra\u010dn\u00ed poplatek 400 K\u010d. \u010cesk\u00e1 asociace sester za\u0159adila kongres do kteditn\u00edho syst\u00e9mu celo\u017eivotn\u00edho vzd\u011bl\u00e1v\u00e1n\u00ed a je vedena v archivu \u010cAS : KK\/2505\/2013 . Za \u00fa\u010dast je 10 kredit\u016f.<\/p>\n<p><strong><span style=\"color: #0000ff;\"><a href=\"http:\/\/arcus-oc.org\/wordpress\/wp-content\/uploads\/2013\/05\/MOK-2013-podzim-Karlovy-Vary.pdf\"><span style=\"color: #0000ff;\">program MOK 2013 Karlovy Vary<\/span><\/a>\u00a0\u00a0\u00a0<span style=\"color: #800080;\"><a href=\"http:\/\/arcus-oc.rajce.idnes.cz\/13.11.2013%2C_Karlovy_Vary_2013_podzim\/\"><span style=\"color: #800080;\">foto MOK Karlovy Vary 2013<\/span><\/a><\/span><\/span><\/strong><\/p>\n<p><strong><span style=\"color: #800000;\"><a href=\"http:\/\/arcus-oc.org\/wordpress\/wp-content\/uploads\/2013\/05\/sponzo\u0159i-MOK-KV-2013.doc\"><span style=\"color: #800000;\">sponzo\u0159i MOK KV 2013<\/span><\/a><\/span><\/strong><\/p>\n<p><strong>\u00a0<\/strong><strong><span style=\"color: #008000;\"><a href=\"http:\/\/arcus-oc.org\/wordpress\/wp-content\/uploads\/2013\/05\/Prihlaska-KV-MOK-2013-pro-ubytovan\u00e9.doc\"><span style=\"color: #008000;\">Prihlaska KV MOK 2013 pro ubytovan\u00e9<\/span><\/a><\/span><\/strong><\/p>\n<p><span style=\"color: #008000;\"><strong><a href=\"http:\/\/arcus-oc.org\/wordpress\/wp-content\/uploads\/2013\/05\/Prihlaska-KV-MOK-2013-pouze-p\u0159edn\u00e1\u0161ky.doc\"><span style=\"color: #008000;\">Prihlaska KV MOK 2013 pouze p\u0159edn\u00e1\u0161ky<\/span><\/a><\/strong><\/span><\/p>\n","protected":false},"excerpt":{"rendered":"<p>Mezin\u00e1rodn\u00ed onkologick\u00fd kongresy v roce 2013\u00a0jsme p\u0159ipravili\u00a0ji\u017e tradi\u010dn\u011b ve Znojm\u011b v Louck\u00e9m kl\u00e1\u0161te\u0159e a letos poprv\u00e9 tak\u00e9 v Karlov\u00fdch Varech. Mezin\u00e1rodn\u00ed onkologick\u00fd kongres Znojmo 4.10.-5.10.2013 Ve dnech 4.10.- 5.10.2013 prob\u011bhl ji\u017e tradi\u010dn\u011b ve Znojm\u011b v Louck\u00e9m kl\u00e1\u0161te\u0159e\u00a0 dal\u0161\u00ed Mezin\u00e1rodn\u00ed onkologick\u00fd kongres v Louck\u00e9m kl\u00e1\u0161te\u0159e ve Znojm\u011b viz program MOK 2013 Znojmo\u00a0 a\u00a0 foto . Mezin\u00e1rodn\u00ed [&hellip;]<\/p>\n","protected":false},"author":1,"featured_media":0,"parent":0,"menu_order":0,"comment_status":"open","ping_status":"open","template":"","meta":[],"_links":{"self":[{"href":"https:\/\/arcus-oc.org\/index.php?rest_route=\/wp\/v2\/pages\/159"}],"collection":[{"href":"https:\/\/arcus-oc.org\/index.php?rest_route=\/wp\/v2\/pages"}],"about":[{"href":"https:\/\/arcus-oc.org\/index.php?rest_route=\/wp\/v2\/types\/page"}],"author":[{"embeddable":true,"href":"https:\/\/arcus-oc.org\/index.php?rest_route=\/wp\/v2\/users\/1"}],"replies":[{"embeddable":true,"href":"https:\/\/arcus-oc.org\/index.php?rest_route=%2Fwp%2Fv2%2Fcomments&post=159"}],"version-history":[{"count":20,"href":"https:\/\/arcus-oc.org\/index.php?rest_route=\/wp\/v2\/pages\/159\/revisions"}],"predecessor-version":[{"id":727,"href":"https:\/\/arcus-oc.org\/index.php?rest_route=\/wp\/v2\/pages\/159\/revisions\/727"}],"wp:attachment":[{"href":"https:\/\/arcus-oc.org\/index.php?rest_route=%2Fwp%2Fv2%2Fmedia&parent=159"}],"curies":[{"name":"wp","href":"https:\/\/api.w.org\/{rel}","templated":true}]}}