{"id":157,"date":"2013-05-04T17:47:12","date_gmt":"2013-05-04T17:47:12","guid":{"rendered":"http:\/\/localhost\/wordpress\/?page_id=157"},"modified":"2023-01-30T09:20:07","modified_gmt":"2023-01-30T09:20:07","slug":"kongresy","status":"publish","type":"page","link":"https:\/\/arcus-oc.org\/?page_id=157","title":{"rendered":"Kongresy a semin\u00e1\u0159e"},"content":{"rendered":"<p>ARCUS &#8211; onko centrum, z.s. ji\u017e od po\u010d\u00e1tku sv\u00e9 \u010dinnosti realizuje vzd\u011bl\u00e1v\u00e1n\u00ed nejenom onkologick\u00fdch pacient\u016f a jejich rodin, ale tak\u00e9 odborn\u00edk\u016f\u00a0, l\u00e9ka\u0159\u016f a st\u0159edn\u00edho zdravotnick\u00e9ho person\u00e1lu. Onkologick\u00e9 kongresy proto maj\u00ed akreditace. Prvn\u00ed mezin\u00e1rodn\u00ed onkologick\u00fd \u00a0kongres jsme uskute\u010dnili\u00a0 na Slovensku ji\u017e v roce 1998. Zn\u00e1m\u00e9 jsou na\u0161e Mezin\u00e1rodn\u00ed onkologick\u00e9 kongresy ve Znojm\u011b, kter\u00e9 po\u0159\u00e1d\u00e1me v louck\u00e9m kl\u00e1\u0161te\u0159e s p\u0159edn\u00edmi odborn\u00edky nejen z \u010cR. V r\u00e1mci programu m\u00e1me i doprovodn\u00fd kulturn\u00ed program. V roce 2013 po\u0159\u00e1d\u00e1me 1.Mezin\u00e1rodn\u00ed onkologick\u00fd kongres v Karlov\u00fdch Varech v r\u00e1mci rekondi\u010dn\u00edho pobytu onkologick\u00fdch pacient\u016f a jejich rodin.<\/p>\n<p><a href=\"http:\/\/arcus-oc.org\/wordpress\/wp-content\/uploads\/2013\/05\/Olomouc-18.9.KORUNN\u00cd-PEVN\u016eSTKA-006.jpg\"><img decoding=\"async\" loading=\"lazy\" class=\"alignnone size-medium wp-image-455\" alt=\"Olomouc 18.9.KORUNN\u00cd  PEVN\u016eSTKA 006\" src=\"http:\/\/arcus-oc.org\/wordpress\/wp-content\/uploads\/2013\/05\/Olomouc-18.9.KORUNN\u00cd-PEVN\u016eSTKA-006-300x225.jpg\" width=\"257\" height=\"177\" \/><\/a>\u00a0<a href=\"http:\/\/arcus-oc.org\/wordpress\/wp-content\/uploads\/2013\/05\/Olomouc-18.9.KORUNN\u00cd-PEVN\u016eSTKA-024.jpg\"><img decoding=\"async\" loading=\"lazy\" class=\"alignnone size-medium wp-image-458\" alt=\"MOK ZN 2012 24\" src=\"http:\/\/arcus-oc.org\/wordpress\/wp-content\/uploads\/2013\/05\/Olomouc-18.9.KORUNN\u00cd-PEVN\u016eSTKA-024-300x225.jpg\" width=\"258\" height=\"195\" srcset=\"https:\/\/arcus-oc.org\/wordpress\/wp-content\/uploads\/2013\/05\/Olomouc-18.9.KORUNN\u00cd-PEVN\u016eSTKA-024-300x225.jpg 300w, https:\/\/arcus-oc.org\/wordpress\/wp-content\/uploads\/2013\/05\/Olomouc-18.9.KORUNN\u00cd-PEVN\u016eSTKA-024-1024x768.jpg 1024w\" sizes=\"(max-width: 258px) 100vw, 258px\" \/><\/a><\/p>\n<p><a href=\"http:\/\/arcus-oc.org\/wordpress\/wp-content\/uploads\/2013\/05\/Olomouc-18.9.KORUNN\u00cd-PEVN\u016eSTKA-210.jpg\"><img decoding=\"async\" loading=\"lazy\" class=\"alignnone size-medium wp-image-457\" alt=\"Olomouc 18.9.KORUNN\u00cd  PEVN\u016eSTKA 210\" src=\"http:\/\/arcus-oc.org\/wordpress\/wp-content\/uploads\/2013\/05\/Olomouc-18.9.KORUNN\u00cd-PEVN\u016eSTKA-210-300x225.jpg\" width=\"265\" height=\"211\" \/><\/a>\u00a0<a href=\"http:\/\/arcus-oc.org\/wordpress\/wp-content\/uploads\/2013\/05\/Olomouc-18.9.KORUNN\u00cd-PEVN\u016eSTKA-091.jpg\"><img decoding=\"async\" loading=\"lazy\" class=\"alignnone size-medium wp-image-461\" alt=\"MOK 2012 91\" src=\"http:\/\/arcus-oc.org\/wordpress\/wp-content\/uploads\/2013\/05\/Olomouc-18.9.KORUNN\u00cd-PEVN\u016eSTKA-091-300x225.jpg\" width=\"262\" height=\"212\" \/><\/a><\/p>\n","protected":false},"excerpt":{"rendered":"<p>ARCUS &#8211; onko centrum, z.s. ji\u017e od po\u010d\u00e1tku sv\u00e9 \u010dinnosti realizuje vzd\u011bl\u00e1v\u00e1n\u00ed nejenom onkologick\u00fdch pacient\u016f a jejich rodin, ale tak\u00e9 odborn\u00edk\u016f\u00a0, l\u00e9ka\u0159\u016f a st\u0159edn\u00edho zdravotnick\u00e9ho person\u00e1lu. Onkologick\u00e9 kongresy proto maj\u00ed akreditace. Prvn\u00ed mezin\u00e1rodn\u00ed onkologick\u00fd \u00a0kongres jsme uskute\u010dnili\u00a0 na Slovensku ji\u017e v roce 1998. Zn\u00e1m\u00e9 jsou na\u0161e Mezin\u00e1rodn\u00ed onkologick\u00e9 kongresy ve Znojm\u011b, kter\u00e9 po\u0159\u00e1d\u00e1me v louck\u00e9m [&hellip;]<\/p>\n","protected":false},"author":1,"featured_media":0,"parent":0,"menu_order":0,"comment_status":"open","ping_status":"open","template":"","meta":[],"_links":{"self":[{"href":"https:\/\/arcus-oc.org\/index.php?rest_route=\/wp\/v2\/pages\/157"}],"collection":[{"href":"https:\/\/arcus-oc.org\/index.php?rest_route=\/wp\/v2\/pages"}],"about":[{"href":"https:\/\/arcus-oc.org\/index.php?rest_route=\/wp\/v2\/types\/page"}],"author":[{"embeddable":true,"href":"https:\/\/arcus-oc.org\/index.php?rest_route=\/wp\/v2\/users\/1"}],"replies":[{"embeddable":true,"href":"https:\/\/arcus-oc.org\/index.php?rest_route=%2Fwp%2Fv2%2Fcomments&post=157"}],"version-history":[{"count":9,"href":"https:\/\/arcus-oc.org\/index.php?rest_route=\/wp\/v2\/pages\/157\/revisions"}],"predecessor-version":[{"id":452,"href":"https:\/\/arcus-oc.org\/index.php?rest_route=\/wp\/v2\/pages\/157\/revisions\/452"}],"wp:attachment":[{"href":"https:\/\/arcus-oc.org\/index.php?rest_route=%2Fwp%2Fv2%2Fmedia&parent=157"}],"curies":[{"name":"wp","href":"https:\/\/api.w.org\/{rel}","templated":true}]}}