{"id":155,"date":"2013-05-04T17:48:47","date_gmt":"2013-05-04T17:48:47","guid":{"rendered":"http:\/\/localhost\/wordpress\/?page_id=155"},"modified":"2013-05-08T22:15:20","modified_gmt":"2013-05-08T22:15:20","slug":"onkologicke-kongresy-2012","status":"publish","type":"page","link":"https:\/\/arcus-oc.org\/?page_id=155","title":{"rendered":"Onkologick\u00e9 kongresy 2012"},"content":{"rendered":"<p><span style=\"color: #008080;\"><strong>Onkologick\u00fd kongres Znojmo<\/strong><\/span><br \/>\n5.10. &#8211; 6.10.2012\u00a0\u00a0 <strong><em><span style=\"color: #0000ff;\"><a href=\"http:\/\/arcus-oc.rajce.idnes.cz\/Kongres_Znojmo_2O12\/\"><span style=\"color: #0000ff;\">foto a video z akce<\/span><\/a>\u00a0\u00a0 <\/span><\/em><span style=\"color: #0000ff;\"><span style=\"color: #800000;\"><a href=\"http:\/\/arcus-oc.org\/wordpress\/wp-content\/uploads\/2013\/05\/program_ZN2012.pdf\"><span style=\"color: #800000;\">program Znojmo 2012<\/span><\/a><\/span><\/span><\/strong><\/p>\n<p>Tato akce byla za\u0159azena pod k\u00f3dem : 8115\/285\/N\/12\/1201 na IPVZ a byla realizov\u00e1na v r\u00e1mci individu\u00e1ln\u00edho projektu MZ \u010cR &#8222;Vzd\u011bl\u00e1v\u00e1n\u00ed nel\u00e9ka\u0159\u016f&#8220; a financov\u00e1na z prost\u0159edk\u016f Evropsk\u00e9ho soci\u00e1ln\u00edho fondu prost\u0159ednictv\u00edm Opera\u010dn\u00edho programu Lidsk\u00e9 zdroje a zam\u011bstnanost a st\u00e1tn\u00edho rozpo\u010dtu \u010cR viz<br \/>\n<a href=\"http:\/\/www.vzdelavani-zdravotniku.cz\/\" target=\"_blank\">www.vzdelavani-zdravotniku.cz<\/a> .<\/p>\n<p><a href=\"http:\/\/arcus-oc.org\/wordpress\/wp-content\/uploads\/2013\/05\/Olomouc-18.9.KORUNN\u00cd-PEVN\u016eSTKA-016.jpg\"><img decoding=\"async\" loading=\"lazy\" class=\"alignnone size-medium wp-image-471\" alt=\"MOK 2012- 016\" src=\"http:\/\/arcus-oc.org\/wordpress\/wp-content\/uploads\/2013\/05\/Olomouc-18.9.KORUNN\u00cd-PEVN\u016eSTKA-016-300x225.jpg\" width=\"276\" height=\"221\" \/><\/a>\u00a0<a href=\"http:\/\/arcus-oc.org\/wordpress\/wp-content\/uploads\/2013\/05\/Olomouc-18.9.KORUNN\u00cd-PEVN\u016eSTKA-018.jpg\"><img decoding=\"async\" loading=\"lazy\" class=\"alignnone size-medium wp-image-472\" alt=\"Olomouc 18.9.KORUNN\u00cd  PEVN\u016eSTKA 018\" src=\"http:\/\/arcus-oc.org\/wordpress\/wp-content\/uploads\/2013\/05\/Olomouc-18.9.KORUNN\u00cd-PEVN\u016eSTKA-018-300x225.jpg\" width=\"270\" height=\"206\" \/><\/a><\/p>\n<p>&nbsp;<\/p>\n<p><strong><span style=\"color: #008080;\">Onkologick\u00fd kongres Olomouc<\/span> <\/strong><\/p>\n<p>25.5. &#8211; 26.5.2012<br \/>\nOmlouv\u00e1me se v\u0161em z\u00e1jemc\u016fm o onkologick\u00fd kongres, kter\u00fd jsme byli nuceni zru\u0161it z organiza\u010dn\u00edch a finan\u010dn\u00edch d\u016fvod\u016f.<\/p>\n","protected":false},"excerpt":{"rendered":"<p>Onkologick\u00fd kongres Znojmo 5.10. &#8211; 6.10.2012\u00a0\u00a0 foto a video z akce\u00a0\u00a0 program Znojmo 2012 Tato akce byla za\u0159azena pod k\u00f3dem : 8115\/285\/N\/12\/1201 na IPVZ a byla realizov\u00e1na v r\u00e1mci individu\u00e1ln\u00edho projektu MZ \u010cR &#8222;Vzd\u011bl\u00e1v\u00e1n\u00ed nel\u00e9ka\u0159\u016f&#8220; a financov\u00e1na z prost\u0159edk\u016f Evropsk\u00e9ho soci\u00e1ln\u00edho fondu prost\u0159ednictv\u00edm Opera\u010dn\u00edho programu Lidsk\u00e9 zdroje a zam\u011bstnanost a st\u00e1tn\u00edho rozpo\u010dtu \u010cR viz www.vzdelavani-zdravotniku.cz [&hellip;]<\/p>\n","protected":false},"author":1,"featured_media":0,"parent":0,"menu_order":0,"comment_status":"open","ping_status":"open","template":"","meta":[],"_links":{"self":[{"href":"https:\/\/arcus-oc.org\/index.php?rest_route=\/wp\/v2\/pages\/155"}],"collection":[{"href":"https:\/\/arcus-oc.org\/index.php?rest_route=\/wp\/v2\/pages"}],"about":[{"href":"https:\/\/arcus-oc.org\/index.php?rest_route=\/wp\/v2\/types\/page"}],"author":[{"embeddable":true,"href":"https:\/\/arcus-oc.org\/index.php?rest_route=\/wp\/v2\/users\/1"}],"replies":[{"embeddable":true,"href":"https:\/\/arcus-oc.org\/index.php?rest_route=%2Fwp%2Fv2%2Fcomments&post=155"}],"version-history":[{"count":5,"href":"https:\/\/arcus-oc.org\/index.php?rest_route=\/wp\/v2\/pages\/155\/revisions"}],"predecessor-version":[{"id":389,"href":"https:\/\/arcus-oc.org\/index.php?rest_route=\/wp\/v2\/pages\/155\/revisions\/389"}],"wp:attachment":[{"href":"https:\/\/arcus-oc.org\/index.php?rest_route=%2Fwp%2Fv2%2Fmedia&parent=155"}],"curies":[{"name":"wp","href":"https:\/\/api.w.org\/{rel}","templated":true}]}}