{"id":1529,"date":"2015-10-09T12:48:36","date_gmt":"2015-10-09T12:48:36","guid":{"rendered":"http:\/\/arcus-oc.org\/?page_id=1529"},"modified":"2017-01-05T12:42:48","modified_gmt":"2017-01-05T12:42:48","slug":"rekondicni-pobyty-2016","status":"publish","type":"page","link":"https:\/\/arcus-oc.org\/?page_id=1529","title":{"rendered":"Rekondi\u010dn\u011b vzd\u011bl\u00e1vac\u00ed pobyty 2016"},"content":{"rendered":"<p align=\"LEFT\"><strong>P\u0159ehled rekondi\u010dn\u011b vzd\u011bl\u00e1vac\u00edch pobyt\u016f v roce 2016:<\/strong><\/p>\n<p align=\"LEFT\"><strong>Jizersk\u00e9 hory- Montanie &#8211; Desn\u00e1, Sou\u0161\u00a0: 26.6. &#8211; 3.7.2016 a 22.8.- 29.8.2016<\/strong><\/p>\n<p align=\"LEFT\"><em><strong><span style=\"color: #0000ff;\"><a href=\"http:\/\/arcus-oc.rajce.idnes.cz\/Rekondicni_pobyt_Jizerske_hory_26.6_-_3.7._2016\/\"><span style=\"color: #0000ff;\">foto : Rekondi\u010dn\u011b vzd\u011bl\u00e1vac\u00ed pobyt Jizersk\u00e9 hory 26.6.-3.7.2016<\/span><\/a><\/span><\/strong><\/em><\/p>\n<p align=\"LEFT\"><strong><span style=\"color: #800000;\">Jizersk\u00e9\u00a0hory &#8211; Montanie &#8211; Desn\u00e1, Sou\u0161:\u00a026.6. &#8211; 3.7.2016<\/span>\u00a0<\/strong><\/p>\n<p align=\"LEFT\">Cena pro onkologick\u00e9 pacienty po ukon\u010den\u00e9 l\u00e9\u010db\u011b je 1 500 K\u010d v\u010detn\u011b pln\u00e9 penze a odborn\u00e9ho programu. Z\u00e1jem o pobyt dop\u0159edu nahlaste<strong>\u00a0e-mailem na adresu:\u00a0<a href=\"mailto:jana.kozelska.arcus@email.cz\">jana.kozelska.arcus@email.cz<\/a>\u00a0 nebo telefonicky na mobil: 603 533 288.<\/strong><\/p>\n<p align=\"LEFT\"><em><span style=\"color: #008000;\"><a href=\"http:\/\/arcus-oc.org\/wordpress\/wp-content\/uploads\/2015\/10\/prihlaska-Jizersk\u00e9-hory-Montanie-\u010derven-2016-z-MZ-\u010cR.doc\"><span style=\"color: #008000;\">p\u0159ihl\u00e1\u0161ka-Jizersk\u00e9 hory Montanie \u010derven 2016 z MZ \u010cR<\/span><\/a><\/span><\/em><\/p>\n<p align=\"LEFT\"><strong>Potvrzen\u00e1 p\u0159ihl\u00e1\u0161ka od l\u00e9ka\u0159e se pot\u00e9 za\u0161le na adresu:\u00a0<\/strong><\/p>\n<p align=\"LEFT\"><strong><\/strong><strong>ARCUS &#8211; onko centrum, z.s. , Je\u0161ov 24, 783 24 Luk\u00e1.<\/strong><\/p>\n<p align=\"LEFT\">Je\u0161t\u011b na jaro a podzim jsme pl\u00e1novali rekondi\u010dn\u011b vzd\u011bl\u00e1vac\u00ed pobyty v Sanatorium Tatransk\u00e1\u00a0kotlina. Tam v\u0161ak na\u0161e \u017e\u00e1dost o dotaci\u00a0 z MZ \u010cR nepostoupila.<\/p>\n<p align=\"LEFT\"><strong><span style=\"color: #008000;\">Karlovy Vary<\/span>:\u00a0\u00a0\u00a0<\/strong><strong>2.4. &#8211; 9.4.2016 \u00a0 . Pobytu se z\u00fa\u010dastnilo 22 osob.<\/strong><em><span style=\"color: #993300;\"><a href=\"http:\/\/arcus-oc.org\/wordpress\/wp-content\/uploads\/2015\/10\/Prihlaska-pobyty-KV-2016.doc\"><span style=\"color: #993300;\"><br \/>\n<\/span><\/a><\/span><\/em><\/p>\n<p align=\"LEFT\">P\u0159ihl\u00e1\u0161ku m\u016f\u017eete poslat i e-mailem na adresu: <a href=\"mailto:jana.kozelska.arcus@email.cz\">jana.kozelska.arcus@email.cz<\/a> .<\/p>\n<p align=\"LEFT\"><strong><span style=\"color: #008000;\">\u00a0<\/span><\/strong><\/p>\n<p>&nbsp;<\/p>\n<p align=\"LEFT\"><strong>\u00a0<\/strong><\/p>\n","protected":false},"excerpt":{"rendered":"<p>P\u0159ehled rekondi\u010dn\u011b vzd\u011bl\u00e1vac\u00edch pobyt\u016f v roce 2016: Jizersk\u00e9 hory- Montanie &#8211; Desn\u00e1, Sou\u0161\u00a0: 26.6. &#8211; 3.7.2016 a 22.8.- 29.8.2016 foto : Rekondi\u010dn\u011b vzd\u011bl\u00e1vac\u00ed pobyt Jizersk\u00e9 hory 26.6.-3.7.2016 Jizersk\u00e9\u00a0hory &#8211; Montanie &#8211; Desn\u00e1, Sou\u0161:\u00a026.6. &#8211; 3.7.2016\u00a0 Cena pro onkologick\u00e9 pacienty po ukon\u010den\u00e9 l\u00e9\u010db\u011b je 1 500 K\u010d v\u010detn\u011b pln\u00e9 penze a odborn\u00e9ho programu. Z\u00e1jem o pobyt [&hellip;]<\/p>\n","protected":false},"author":1,"featured_media":0,"parent":167,"menu_order":6,"comment_status":"closed","ping_status":"open","template":"","meta":[],"_links":{"self":[{"href":"https:\/\/arcus-oc.org\/index.php?rest_route=\/wp\/v2\/pages\/1529"}],"collection":[{"href":"https:\/\/arcus-oc.org\/index.php?rest_route=\/wp\/v2\/pages"}],"about":[{"href":"https:\/\/arcus-oc.org\/index.php?rest_route=\/wp\/v2\/types\/page"}],"author":[{"embeddable":true,"href":"https:\/\/arcus-oc.org\/index.php?rest_route=\/wp\/v2\/users\/1"}],"replies":[{"embeddable":true,"href":"https:\/\/arcus-oc.org\/index.php?rest_route=%2Fwp%2Fv2%2Fcomments&post=1529"}],"version-history":[{"count":9,"href":"https:\/\/arcus-oc.org\/index.php?rest_route=\/wp\/v2\/pages\/1529\/revisions"}],"predecessor-version":[{"id":2063,"href":"https:\/\/arcus-oc.org\/index.php?rest_route=\/wp\/v2\/pages\/1529\/revisions\/2063"}],"up":[{"embeddable":true,"href":"https:\/\/arcus-oc.org\/index.php?rest_route=\/wp\/v2\/pages\/167"}],"wp:attachment":[{"href":"https:\/\/arcus-oc.org\/index.php?rest_route=%2Fwp%2Fv2%2Fmedia&parent=1529"}],"curies":[{"name":"wp","href":"https:\/\/api.w.org\/{rel}","templated":true}]}}