{"id":150,"date":"2013-05-04T17:55:35","date_gmt":"2013-05-04T17:55:35","guid":{"rendered":"http:\/\/localhost\/wordpress\/?page_id=150"},"modified":"2017-01-05T12:44:55","modified_gmt":"2017-01-05T12:44:55","slug":"spoluprace-s-odborniky-2","status":"publish","type":"page","link":"https:\/\/arcus-oc.org\/?page_id=150","title":{"rendered":"Spolupr\u00e1ce s odborn\u00edky s odkazy"},"content":{"rendered":"<p>P\u0159ehled odborn\u00edk\u016f, kte\u0159\u00ed n\u00e1m pom\u00e1haj\u00ed v realizaci na\u0161ich projekt\u016f:<\/p>\n<p><strong><span style=\"color: #008080;\"><em><a href=\"http:\/\/www.wittnerova.com\/\"><span style=\"color: #008080;\">MUDr. Milena Wittnerov\u00e1<\/span><\/a>\u00a0<\/em><\/span><\/strong><\/p>\n<p><strong><em><span style=\"color: #008080;\"><a href=\"http:\/\/www.avienclinic.cz\/nas-tym\/phdr-martin-koran-csc\"><span style=\"color: #008080;\">PhDr. Martin Ko\u0159\u00e1n<\/span><\/a>, CSc.<\/span><\/em><\/strong><\/p>\n<p><strong><span style=\"color: #008080;\"><em><a href=\"http:\/\/www.programhplus.cz\/nas-tym\/lekari-programu-h-plus\"><span style=\"color: #008080;\">MUDr. Milan Kolombo<\/span><\/a>\u00a0MD, FEBU<\/em><\/span><\/strong><\/p>\n<p><em><span style=\"color: #008080;\"><strong><a href=\"http:\/\/www.vfn.cz\/priloha\/4d9ae0880e079\/prof.-mudr.-jan-danes-csc.pdf\"><span style=\"color: #008080;\">Prof. MUDr. Jan Dane\u0161, PhD.<\/span><\/a><\/strong><\/span><\/em><\/p>\n<p><strong><em><span style=\"color: #008080;\"><a href=\"http:\/\/cs.wikipedia.org\/wiki\/Dalibor_%C5%A0tambera\"><span style=\"color: #008080;\">MUDr.Dalibor \u0160tambera<\/span><\/a>, MBA<\/span><\/em><\/strong><\/p>\n<p><strong><em><span style=\"color: #008080;\"><a href=\"http:\/\/www.zaloudik.cz\/\"><span style=\"color: #008080;\">Prof. MUDr. Jan \u017daloud\u00edk, CSc.<\/span><\/a><\/span><\/em><\/strong><\/p>\n<p><strong><em><span style=\"color: #008080;\"><a href=\"http:\/\/www.vyzula.cz\/\"><span style=\"color: #008080;\">Prof. MUDr.Rostislav Vyzula<\/span><\/a><\/span><\/em><\/strong><\/p>\n<p><strong><em><span style=\"color: #008080;\"><a href=\"http:\/\/www.sanquis.cz\/index2.php?linkID=art641\"><span style=\"color: #008080;\">MUDr.Edvard Geryk<\/span><\/a><\/span><\/em><\/strong><\/p>\n<p><strong><em><span style=\"color: #008080;\"><a href=\"http:\/\/cs.wikipedia.org\/wiki\/Pavel_Pafko\"><span style=\"color: #008080;\">prof.MUDr.Pavel Pafko<\/span><\/a><\/span><\/em><\/strong><\/p>\n<p><strong><em><span style=\"color: #008080;\"><a href=\"http:\/\/www.linkos.cz\/lide\/34861\/\"><span style=\"color: #008080;\">MUDr.Radovan Pilka<\/span><\/a>\u00a0<\/span><\/em><\/strong><\/p>\n<p><strong><em><span style=\"color: #008080;\">\u00a0<a href=\"http:\/\/www.linkos.cz\/lide\/120\/\"><span style=\"color: #008080;\">prof.MUDr. Oskar Andr\u00fdsek<\/span><\/a><\/span><\/em><\/strong><\/p>\n<p><strong><em><span style=\"color: #008080;\">\u00a0prim.<a href=\"http:\/\/www.kurakovaplice.cz\/koureni_cigaret\/ruzne\/odbornici-na-kurackou-tematiku\/72-mudr-eva-kralikova-csc-kontakt-telefon-email-adresa.html\"><span style=\"color: #008080;\">MUDr.Eva Kr\u00e1l\u00edkov\u00e1 , CSc.<\/span><\/a><\/span><\/em><\/strong><\/p>\n<p>MUDr.Leona Koubkov\u00e1<\/p>\n<p>MUDr.JUDr.Petr Hon\u011bk<\/p>\n<p><span style=\"color: #008080;\"><strong><em><a href=\"http:\/\/MUDr.RadimUzel,PhD.\"><span style=\"color: #008080;\">MUDr.Radim Uzel,CSc.<\/span><\/a><\/em><\/strong><\/span><\/p>\n<p><strong><em><span style=\"color: #008080;\">\u00a0<\/span><\/em><\/strong><span style=\"color: #000000;\"><span style=\"font-family: Calibri, serif;\"><span style=\"font-size: small;\">MUDr. Petr Libus<\/span><\/span><\/span><\/p>\n<p>Prof. MUDr. Vlastimil V\u00e1lek, PhD.<\/p>\n<p lang=\"cs-CZ\"><span style=\"color: #008080;\"><strong><em><span style=\"font-family: Calibri, serif;\"><span style=\"font-size: small;\"><a href=\"http:\/\/www.gynekolog.cz\/dvorak\/gynekologie\/dvorak.php\"><span style=\"color: #008080;\">MUDr. Vladim\u00edr Dvo\u0159\u00e1k<\/span><\/a>, PhD.<\/span><\/span><\/em><\/strong><\/span><\/p>\n<p lang=\"cs-CZ\"><span style=\"color: #008080;\"><strong><em><a href=\"http:\/\/www.ceva-edu.cz\/user\/profile.php?id=6\"><span style=\"color: #008080;\">Prim. MUDr. Richard Pikner, PhD.<\/span><\/a><\/em><\/strong><\/span><\/p>\n<p lang=\"cs-CZ\">RNDr.Petr \u0160\u00edma<\/p>\n<p lang=\"cs-CZ\"><span style=\"color: #008080;\"><em><strong><span style=\"color: #008080;\">Prof. MUDr. Pavel \u0160lampa, CSc.<\/span>\u00a0<\/strong><\/em><\/span><\/p>\n<p lang=\"cs-CZ\"><span style=\"color: #000000;\"><span style=\"font-family: Calibri, serif;\"><span style=\"font-size: small;\">MUDr. Milo\u0161 \u0160teffl, PhD.<\/span><\/span><\/span><\/p>\n<p lang=\"cs-CZ\"><strong><em><span style=\"color: #008080;\"><span style=\"font-family: Calibri, serif;\"><span style=\"font-size: small;\"><a href=\"http:\/\/www.linkos.cz\/search\/?q=Prof.+MUDr.+Jaroslav+%C5%A0t%C4%9Brba%2C+PhD.+&amp;submit.x=13&amp;submit.y=13\"><span style=\"color: #008080;\">Prof. MUDr. Jaroslav \u0160t\u011brba, PhD.<\/span><\/a>\u00a0<\/span><\/span><\/span><\/em><\/strong><\/p>\n<p lang=\"cs-CZ\">Doc. MUDr. Vladim\u00edr \u0160tudent<\/p>\n<p lang=\"cs-CZ\"><strong><em><span style=\"color: #008000;\"><a href=\"http:\/\/www.betaglukan.cz\/zivotopis\/\"><span style=\"color: #008000;\">Prof.Dr.V\u00e1clav V\u011btvi\u010dka<\/span><\/a>, PhD.<\/span><\/em><\/strong><\/p>\n<p lang=\"cs-CZ\">MUDr. Michael V\u00edt, Ph.D.<\/p>\n<p lang=\"cs-CZ\"><span style=\"color: #000000;\"><span style=\"font-family: Calibri, serif;\"><span style=\"font-size: small;\">Bc. Zuzana Holanov\u00e1,(\u010cR),\u00a0\u00a0Mgr.<\/span><\/span><\/span><span style=\"color: #000000;\"><span style=\"color: #000000;\"><span style=\"font-family: Calibri, serif;\"><span style=\"font-size: small;\"><span style=\"font-size: small;\">Dana Sou\u010dkov\u00e1 <\/span><\/span><\/span><\/span><\/span><\/p>\n<p lang=\"cs-CZ\">\n","protected":false},"excerpt":{"rendered":"<p>P\u0159ehled odborn\u00edk\u016f, kte\u0159\u00ed n\u00e1m pom\u00e1haj\u00ed v realizaci na\u0161ich projekt\u016f: MUDr. Milena Wittnerov\u00e1\u00a0 PhDr. Martin Ko\u0159\u00e1n, CSc. MUDr. Milan Kolombo\u00a0MD, FEBU Prof. MUDr. Jan Dane\u0161, PhD. MUDr.Dalibor \u0160tambera, MBA Prof. MUDr. Jan \u017daloud\u00edk, CSc. Prof. MUDr.Rostislav Vyzula MUDr.Edvard Geryk prof.MUDr.Pavel Pafko MUDr.Radovan Pilka\u00a0 \u00a0prof.MUDr. Oskar Andr\u00fdsek \u00a0prim.MUDr.Eva Kr\u00e1l\u00edkov\u00e1 , CSc. MUDr.Leona Koubkov\u00e1 MUDr.JUDr.Petr Hon\u011bk MUDr.Radim Uzel,CSc. [&hellip;]<\/p>\n","protected":false},"author":1,"featured_media":0,"parent":0,"menu_order":0,"comment_status":"open","ping_status":"open","template":"","meta":[],"_links":{"self":[{"href":"https:\/\/arcus-oc.org\/index.php?rest_route=\/wp\/v2\/pages\/150"}],"collection":[{"href":"https:\/\/arcus-oc.org\/index.php?rest_route=\/wp\/v2\/pages"}],"about":[{"href":"https:\/\/arcus-oc.org\/index.php?rest_route=\/wp\/v2\/types\/page"}],"author":[{"embeddable":true,"href":"https:\/\/arcus-oc.org\/index.php?rest_route=\/wp\/v2\/users\/1"}],"replies":[{"embeddable":true,"href":"https:\/\/arcus-oc.org\/index.php?rest_route=%2Fwp%2Fv2%2Fcomments&post=150"}],"version-history":[{"count":25,"href":"https:\/\/arcus-oc.org\/index.php?rest_route=\/wp\/v2\/pages\/150\/revisions"}],"predecessor-version":[{"id":1128,"href":"https:\/\/arcus-oc.org\/index.php?rest_route=\/wp\/v2\/pages\/150\/revisions\/1128"}],"wp:attachment":[{"href":"https:\/\/arcus-oc.org\/index.php?rest_route=%2Fwp%2Fv2%2Fmedia&parent=150"}],"curies":[{"name":"wp","href":"https:\/\/api.w.org\/{rel}","templated":true}]}}