{"id":142,"date":"2013-05-04T17:53:07","date_gmt":"2013-05-04T17:53:07","guid":{"rendered":"http:\/\/localhost\/wordpress\/?page_id=142"},"modified":"2024-09-04T05:54:21","modified_gmt":"2024-09-04T05:54:21","slug":"spoluprace","status":"publish","type":"page","link":"https:\/\/arcus-oc.org\/?page_id=142","title":{"rendered":"Spolupr\u00e1ce"},"content":{"rendered":"<p><span style=\"color: #0000ff;\"><strong><a href=\"http:\/\/www.betaglukan.cz\/zivotopis\/\"><span style=\"color: #0000ff;\">prof.MUDr.V.V\u011btvi\u010dka &#8211; O betaglukanech<\/span><\/a><\/strong><\/span><\/p>\n<p><span style=\"color: #0000ff;\"><strong><a href=\"http:\/\/www.gynpharma.cz\/\"><span style=\"color: #0000ff;\">Gynpharma<\/span><\/a>\u00a0<\/strong><\/span>&#8211; ARCUS &#8211; OC spolupracuje s firmou na Mezin\u00e1rodn\u00edch onkologick\u00fdch kongresech a podporuje na\u0161e pacienty i vzorky betaglukan\u016f\u00a0 pacient\u016fm na na\u0161ich akc\u00edch.<\/p>\n<p><strong><span style=\"color: #000080;\"><em><a href=\"http:\/\/www.zdravaimunita.cz\/produkty\/kozi-kolostrum\/\"><span style=\"color: #000080;\">Zdrav\u00e1 imunita<\/span><\/a>\u00a0: <a href=\"http:\/\/arcus-oc.org\/wordpress\/wp-content\/uploads\/2013\/05\/kk-letakA4.pdf\">Koz\u00ed kolostrum<\/a>\u00a0 <\/em><\/span><\/strong><\/p>\n<p><strong><span style=\"color: #000080;\"><em><a href=\"http:\/\/www.ptc.cz\/\"><span style=\"color: #000080;\">Protonov\u00e9 centrum<\/span><\/a><\/em><\/span><\/strong><span style=\"color: #008080;\">\u00a0<\/span><strong><span style=\"color: #008080;\">: <\/span><\/strong><span style=\"color: #000000;\">pacient\u016fm i rodinn\u00fdm p\u0159\u00edslu\u0161n\u00edk\u016fm pom\u00e1h\u00e1me p\u0159i kontaktu s protonov\u00fdm centrem.<\/span><\/p>\n<p><em><span style=\"color: #0000ff;\"><strong><a href=\"http:\/\/www.dobryandel.cz\"><span style=\"color: #0000ff;\">Dobr\u00fd and\u011bl<\/span><\/a>&#8211;<\/strong><\/span><\/em> nada\u010dn\u00ed fond, kter\u00fd finan\u010dn\u011b pom\u00e1h\u00e1 rodin\u00e1m s d\u011btmi, kde jsou rodi\u010d nebo d\u00edt\u011b onkologicky nemocn\u00e9<\/p>\n","protected":false},"excerpt":{"rendered":"<p>prof.MUDr.V.V\u011btvi\u010dka &#8211; O betaglukanech Gynpharma\u00a0&#8211; ARCUS &#8211; OC spolupracuje s firmou na Mezin\u00e1rodn\u00edch onkologick\u00fdch kongresech a podporuje na\u0161e pacienty i vzorky betaglukan\u016f\u00a0 pacient\u016fm na na\u0161ich akc\u00edch. Zdrav\u00e1 imunita\u00a0: Koz\u00ed kolostrum\u00a0 Protonov\u00e9 centrum\u00a0: pacient\u016fm i rodinn\u00fdm p\u0159\u00edslu\u0161n\u00edk\u016fm pom\u00e1h\u00e1me p\u0159i kontaktu s protonov\u00fdm centrem. Dobr\u00fd and\u011bl&#8211; nada\u010dn\u00ed fond, kter\u00fd finan\u010dn\u011b pom\u00e1h\u00e1 rodin\u00e1m s d\u011btmi, kde jsou rodi\u010d [&hellip;]<\/p>\n","protected":false},"author":1,"featured_media":0,"parent":0,"menu_order":0,"comment_status":"open","ping_status":"open","template":"","meta":[],"_links":{"self":[{"href":"https:\/\/arcus-oc.org\/index.php?rest_route=\/wp\/v2\/pages\/142"}],"collection":[{"href":"https:\/\/arcus-oc.org\/index.php?rest_route=\/wp\/v2\/pages"}],"about":[{"href":"https:\/\/arcus-oc.org\/index.php?rest_route=\/wp\/v2\/types\/page"}],"author":[{"embeddable":true,"href":"https:\/\/arcus-oc.org\/index.php?rest_route=\/wp\/v2\/users\/1"}],"replies":[{"embeddable":true,"href":"https:\/\/arcus-oc.org\/index.php?rest_route=%2Fwp%2Fv2%2Fcomments&post=142"}],"version-history":[{"count":12,"href":"https:\/\/arcus-oc.org\/index.php?rest_route=\/wp\/v2\/pages\/142\/revisions"}],"predecessor-version":[{"id":3510,"href":"https:\/\/arcus-oc.org\/index.php?rest_route=\/wp\/v2\/pages\/142\/revisions\/3510"}],"wp:attachment":[{"href":"https:\/\/arcus-oc.org\/index.php?rest_route=%2Fwp%2Fv2%2Fmedia&parent=142"}],"curies":[{"name":"wp","href":"https:\/\/api.w.org\/{rel}","templated":true}]}}