{"id":137,"date":"2013-05-04T17:54:26","date_gmt":"2013-05-04T17:54:26","guid":{"rendered":"http:\/\/localhost\/wordpress\/?page_id=137"},"modified":"2015-05-13T06:50:36","modified_gmt":"2015-05-13T06:50:36","slug":"rozhlas","status":"publish","type":"page","link":"https:\/\/arcus-oc.org\/?page_id=137","title":{"rendered":"Rozhlas"},"content":{"rendered":"<p><strong><em><a href=\"http:\/\/zdraviamy.cz\/\/m\/articles\/view\/Delsi-zivot-pro-nemocne-rakovinou-plic-personalizovana-lecba\" target=\"_blank\">http:\/\/zdraviamy.cz\/\/m\/articles\/view\/Delsi-zivot-pro-nemocne-rakovinou-plic-personalizovana-lecba<\/a><\/em><em><strong>\u00a0<\/strong>\u00a0\u00a0\u00a0\u00a0 z tiskov\u00e9 konference 11.5.2015 Hotel Jalta, Praha<\/em><\/strong><\/p>\n<p><span style=\"color: #008000;\"><strong><em><a href=\"http:\/\/prehravac.rozhlas.cz\/audio\/3317897\"><span style=\"color: #008000;\">V\u011btrn\u00edk &#8211; Host ve studiu (17.02.2015 11:<\/span><\/a><\/em><\/strong><strong><em><a href=\"http:\/\/prehravac.rozhlas.cz\/audio\/3317897\"><span style=\"color: #008000;\">05<\/span><\/a><\/em><\/strong><strong><em><\/em><\/strong><strong><em><a href=\"http:\/\/prehravac.rozhlas.cz\/audio\/3317897\"><span style=\"color: #008000;\">)<\/span><\/a><\/em><\/strong><strong><em><\/em><\/strong><strong><em> <\/em><\/strong><\/span><strong>\u010cesk\u00fd rozhlas Olomouc<\/strong><\/p>\n<p title=\"\">Rakovina! Tvrd\u00fd z\u00e1sah do \u017eivota pacienta i jeho rodiny. Jana Ko\u017eelsk\u00e1 rakovinou pro\u0161la, pak jej\u00ed matka i babi\u010dka. Za\u010dala druh\u00fdm pom\u00e1hat. P\u0159edsedkyn\u011b spolku ARCUS &#8211; ONKO CENTRUM, nositelka Ceny Olgy Havlov\u00e9, signat\u00e1\u0159ka Pa\u0159\u00ed\u017esk\u00e9 charty proti rakovin\u011b.<\/p>\n<p title=\"\"><a href=\"http:\/\/arcus-oc.org\/wordpress\/wp-content\/uploads\/2015\/01\/Cesky_rozhlas_-_Vetrnik_014.jpg\"><img decoding=\"async\" loading=\"lazy\" class=\"alignnone  wp-image-1386\" style=\"width: 272px;\" alt=\"Cesky_rozhlas_-_Vetrnik_014\" src=\"http:\/\/arcus-oc.org\/wordpress\/wp-content\/uploads\/2015\/01\/Cesky_rozhlas_-_Vetrnik_014-300x225.jpg\" width=\"281\" height=\"186\" \/><\/a>\u00a0<a href=\"http:\/\/arcus-oc.org\/wordpress\/wp-content\/uploads\/2015\/01\/Cesky_rozhlas_-_Vetrnik_002.jpg\"><img decoding=\"async\" loading=\"lazy\" class=\"alignnone  wp-image-1385\" alt=\"Cesky_rozhlas_-_Vetrnik_002\" src=\"http:\/\/arcus-oc.org\/wordpress\/wp-content\/uploads\/2015\/01\/Cesky_rozhlas_-_Vetrnik_002-300x225.jpg\" width=\"271\" height=\"193\" \/><\/a><\/p>\n<p>&nbsp;<\/p>\n<p>Medi\u00e1ln\u00ed partner benefi\u010dn\u00edch akc\u00ed 2014 je op\u011bt Radio Han\u00e1.<\/p>\n<p>Medi\u00e1ln\u00ed partner benefi\u010dn\u00edch akc\u00ed 2013 bylo Radio Han\u00e1:<a href=\"http:\/\/arcus-oc.org\/wordpress\/wp-content\/uploads\/2013\/05\/Logo-RH.jpg\"><img decoding=\"async\" loading=\"lazy\" class=\"alignnone size-medium wp-image-1079\" alt=\"Logo RH\" src=\"http:\/\/arcus-oc.org\/wordpress\/wp-content\/uploads\/2013\/05\/Logo-RH-300x167.jpg\" width=\"300\" height=\"167\" srcset=\"https:\/\/arcus-oc.org\/wordpress\/wp-content\/uploads\/2013\/05\/Logo-RH-300x167.jpg 300w, https:\/\/arcus-oc.org\/wordpress\/wp-content\/uploads\/2013\/05\/Logo-RH-1024x572.jpg 1024w, https:\/\/arcus-oc.org\/wordpress\/wp-content\/uploads\/2013\/05\/Logo-RH-250x139.jpg 250w, https:\/\/arcus-oc.org\/wordpress\/wp-content\/uploads\/2013\/05\/Logo-RH.jpg 1726w\" sizes=\"(max-width: 300px) 100vw, 300px\" \/><\/a><\/p>\n<p>Medi\u00e1ln\u00edm partnerem benefi\u010dn\u00ed akce 14.7.2012\u00a0 bylo <strong><span style=\"color: #008080;\"><a href=\"http:\/\/www.casradio.cz\"><span style=\"color: #008080;\">R\u00e1dio \u010cAS<\/span><\/a><\/span><\/strong><\/p>\n<p><strong><span style=\"color: #0000ff;\"><a href=\"http:\/\/arcus-oc.org\/wordpress\/wp-content\/uploads\/2013\/05\/RADIO-FRM+RP-PARTNER-FESTIVALU.wav\"><span style=\"color: #0000ff;\">RADIO FRM+RP-PARTNER FESTIVALU<\/span><\/a><\/span><\/strong><\/p>\n<p>Medi\u00e1ln\u00edm partnerem benefi\u010dn\u00ed akce 1.9.2012 je R\u00e1dio <strong><span style=\"color: #008080;\"><a href=\"http:\/\/www.fajnrockmusic.cz\"><span style=\"color: #008080;\">FAJN ROCK MUSIC<\/span><\/a><\/span><\/strong>&#8211; multimedi\u00e1ln\u00ed rockov\u00fd projekt<\/p>\n","protected":false},"excerpt":{"rendered":"<p>http:\/\/zdraviamy.cz\/\/m\/articles\/view\/Delsi-zivot-pro-nemocne-rakovinou-plic-personalizovana-lecba\u00a0\u00a0\u00a0\u00a0\u00a0 z tiskov\u00e9 konference 11.5.2015 Hotel Jalta, Praha V\u011btrn\u00edk &#8211; Host ve studiu (17.02.2015 11:05) \u010cesk\u00fd rozhlas Olomouc Rakovina! Tvrd\u00fd z\u00e1sah do \u017eivota pacienta i jeho rodiny. Jana Ko\u017eelsk\u00e1 rakovinou pro\u0161la, pak jej\u00ed matka i babi\u010dka. Za\u010dala druh\u00fdm pom\u00e1hat. P\u0159edsedkyn\u011b spolku ARCUS &#8211; ONKO CENTRUM, nositelka Ceny Olgy Havlov\u00e9, signat\u00e1\u0159ka Pa\u0159\u00ed\u017esk\u00e9 charty proti rakovin\u011b. \u00a0 [&hellip;]<\/p>\n","protected":false},"author":1,"featured_media":0,"parent":0,"menu_order":0,"comment_status":"open","ping_status":"open","template":"","meta":[],"_links":{"self":[{"href":"https:\/\/arcus-oc.org\/index.php?rest_route=\/wp\/v2\/pages\/137"}],"collection":[{"href":"https:\/\/arcus-oc.org\/index.php?rest_route=\/wp\/v2\/pages"}],"about":[{"href":"https:\/\/arcus-oc.org\/index.php?rest_route=\/wp\/v2\/types\/page"}],"author":[{"embeddable":true,"href":"https:\/\/arcus-oc.org\/index.php?rest_route=\/wp\/v2\/users\/1"}],"replies":[{"embeddable":true,"href":"https:\/\/arcus-oc.org\/index.php?rest_route=%2Fwp%2Fv2%2Fcomments&post=137"}],"version-history":[{"count":9,"href":"https:\/\/arcus-oc.org\/index.php?rest_route=\/wp\/v2\/pages\/137\/revisions"}],"predecessor-version":[{"id":1436,"href":"https:\/\/arcus-oc.org\/index.php?rest_route=\/wp\/v2\/pages\/137\/revisions\/1436"}],"wp:attachment":[{"href":"https:\/\/arcus-oc.org\/index.php?rest_route=%2Fwp%2Fv2%2Fmedia&parent=137"}],"curies":[{"name":"wp","href":"https:\/\/api.w.org\/{rel}","templated":true}]}}