{"id":129,"date":"2013-05-04T17:47:50","date_gmt":"2013-05-04T17:47:50","guid":{"rendered":"http:\/\/localhost\/wordpress\/?page_id=129"},"modified":"2013-05-04T17:47:50","modified_gmt":"2013-05-04T17:47:50","slug":"media","status":"publish","type":"page","link":"https:\/\/arcus-oc.org\/?page_id=129","title":{"rendered":"M\u00e9dia"},"content":{"rendered":"<p>ARCUS &#8211; ONKO CENTRUM ji\u017e od roku 1993 spolupracuje se sd\u011blovac\u00edmi prost\u0159edky. Bli\u017e\u0161\u00ed informace o jednotliv\u00fdch aktivit\u00e1ch a odkazech na n\u011bkter\u00e9 \u010dl\u00e1nky, rozhlasov\u00e9 relace \u010di televizn\u00ed po\u0159ady naleznete v rubrik\u00e1ch : tisk, filmy, rozhlas a tak\u00e9 v archivu str\u00e1nek do roku 2011.<\/p>\n","protected":false},"excerpt":{"rendered":"<p>ARCUS &#8211; ONKO CENTRUM ji\u017e od roku 1993 spolupracuje se sd\u011blovac\u00edmi prost\u0159edky. Bli\u017e\u0161\u00ed informace o jednotliv\u00fdch aktivit\u00e1ch a odkazech na n\u011bkter\u00e9 \u010dl\u00e1nky, rozhlasov\u00e9 relace \u010di televizn\u00ed po\u0159ady naleznete v rubrik\u00e1ch : tisk, filmy, rozhlas a tak\u00e9 v archivu str\u00e1nek do roku 2011.<\/p>\n","protected":false},"author":1,"featured_media":0,"parent":0,"menu_order":0,"comment_status":"open","ping_status":"open","template":"","meta":[],"_links":{"self":[{"href":"https:\/\/arcus-oc.org\/index.php?rest_route=\/wp\/v2\/pages\/129"}],"collection":[{"href":"https:\/\/arcus-oc.org\/index.php?rest_route=\/wp\/v2\/pages"}],"about":[{"href":"https:\/\/arcus-oc.org\/index.php?rest_route=\/wp\/v2\/types\/page"}],"author":[{"embeddable":true,"href":"https:\/\/arcus-oc.org\/index.php?rest_route=\/wp\/v2\/users\/1"}],"replies":[{"embeddable":true,"href":"https:\/\/arcus-oc.org\/index.php?rest_route=%2Fwp%2Fv2%2Fcomments&post=129"}],"version-history":[{"count":0,"href":"https:\/\/arcus-oc.org\/index.php?rest_route=\/wp\/v2\/pages\/129\/revisions"}],"wp:attachment":[{"href":"https:\/\/arcus-oc.org\/index.php?rest_route=%2Fwp%2Fv2%2Fmedia&parent=129"}],"curies":[{"name":"wp","href":"https:\/\/api.w.org\/{rel}","templated":true}]}}