{"id":120,"date":"2013-05-04T17:49:38","date_gmt":"2013-05-04T17:49:38","guid":{"rendered":"http:\/\/localhost\/wordpress\/?page_id=120"},"modified":"2013-05-08T08:02:52","modified_gmt":"2013-05-08T08:02:52","slug":"rekondicni-pobyty-2012","status":"publish","type":"page","link":"https:\/\/arcus-oc.org\/?page_id=120","title":{"rendered":"Rekondi\u010dn\u00ed pobyty 2012"},"content":{"rendered":"<p><span style=\"color: #008080;\"><strong><a href=\"http:\/\/arcus-oc.rajce.idnes.cz\/Karlovy_Vary_foto_2012_jaro.\/\"><span style=\"color: #008080;\">Karlovy Vary jaro 2012<\/span><\/a><\/strong><\/span><\/p>\n<p><span style=\"color: #008080;\"><strong><a href=\"http:\/\/arcus-oc.rajce.idnes.cz\/Jizerske_hory_2012\/\"><span style=\"color: #008080;\">Montanie &#8211; Jizersk\u00e9 hory 8.5.-15.5.201<\/span><\/a><\/strong><\/span><\/p>\n<p><strong><span style=\"color: #008080;\"><a href=\"http:\/\/arcus-oc.rajce.idnes.cz\/Karlovy_Vary_podzim_2012\/\"><span style=\"color: #008080;\">Karlovy Vary podzim 2012<\/span><\/a><\/span><\/strong><\/p>\n<p>podrobn\u00e9 informace naleznete na\u00a0 li\u0161t\u011b publikace &#8211; bro\u017eury &#8211; \u010dasopis ARCUS \u010d.153 a na odkaze: Star\u00e9 www.str\u00e1nky do roku 2011.<\/p>\n<p><strong><span style=\"color: #008080;\"><a href=\"http:\/\/arcus-oc.org\/wordpress\/wp-content\/uploads\/2013\/05\/Chorvatsko-Makarska-2012.pdf\"><span style=\"color: #008080;\">Chorvatsko Makarska-2012<\/span><\/a><\/span><\/strong><br \/>\n<strong><span style=\"color: #008080;\"><a href=\"http:\/\/arcus-oc.org\/wordpress\/wp-content\/uploads\/2013\/05\/Francie_2012.pdf\"><span style=\"color: #008080;\">Francie 2012<\/span><\/a><\/span><\/strong><\/p>\n","protected":false},"excerpt":{"rendered":"<p>Karlovy Vary jaro 2012 Montanie &#8211; Jizersk\u00e9 hory 8.5.-15.5.201 Karlovy Vary podzim 2012 podrobn\u00e9 informace naleznete na\u00a0 li\u0161t\u011b publikace &#8211; bro\u017eury &#8211; \u010dasopis ARCUS \u010d.153 a na odkaze: Star\u00e9 www.str\u00e1nky do roku 2011. Chorvatsko Makarska-2012 Francie 2012<\/p>\n","protected":false},"author":1,"featured_media":0,"parent":0,"menu_order":0,"comment_status":"open","ping_status":"open","template":"","meta":[],"_links":{"self":[{"href":"https:\/\/arcus-oc.org\/index.php?rest_route=\/wp\/v2\/pages\/120"}],"collection":[{"href":"https:\/\/arcus-oc.org\/index.php?rest_route=\/wp\/v2\/pages"}],"about":[{"href":"https:\/\/arcus-oc.org\/index.php?rest_route=\/wp\/v2\/types\/page"}],"author":[{"embeddable":true,"href":"https:\/\/arcus-oc.org\/index.php?rest_route=\/wp\/v2\/users\/1"}],"replies":[{"embeddable":true,"href":"https:\/\/arcus-oc.org\/index.php?rest_route=%2Fwp%2Fv2%2Fcomments&post=120"}],"version-history":[{"count":4,"href":"https:\/\/arcus-oc.org\/index.php?rest_route=\/wp\/v2\/pages\/120\/revisions"}],"predecessor-version":[{"id":358,"href":"https:\/\/arcus-oc.org\/index.php?rest_route=\/wp\/v2\/pages\/120\/revisions\/358"}],"wp:attachment":[{"href":"https:\/\/arcus-oc.org\/index.php?rest_route=%2Fwp%2Fv2%2Fmedia&parent=120"}],"curies":[{"name":"wp","href":"https:\/\/api.w.org\/{rel}","templated":true}]}}