{"id":12,"date":"2013-05-04T17:47:27","date_gmt":"2013-05-04T17:47:27","guid":{"rendered":"http:\/\/localhost\/wordpress\/?page_id=12"},"modified":"2022-09-20T16:52:31","modified_gmt":"2022-09-20T16:52:31","slug":"kontakty-arcus-oc","status":"publish","type":"page","link":"https:\/\/arcus-oc.org\/?page_id=12","title":{"rendered":"kontakty ARCUS &#8211; OC"},"content":{"rendered":"<p><strong><span style=\"color: #008000;\">mobiln\u00ed:<\/span><\/strong><\/p>\n<div><img decoding=\"async\" alt=\"Jana Ko\u017eelsk\u00e1\" src=\"http:\/\/arcus-oc.org\/stare_www\/img\/jana-kozelska.jpg\" \/><\/p>\n<h2>Jana Ko\u017eelsk\u00e1 : 603 533 288<\/h2>\n<p><strong>p\u0159edsedkyn\u011b p\u0159edstavenstva a \u0159editelka<\/strong><\/p>\n<ul>\n<li>nositelka <a href=\"http:\/\/arcus-oc.org\/stare_www\/aoc-oceneni.php\">ceny Olgy Havlov\u00e9<\/a><\/li>\n<li>ocen\u011bna presti\u017en\u00ed cenou <a href=\"http:\/\/arcus-oc.org\/stare_www\/aoc-oceneni.php\">WALD PRESS AWARD<\/a><\/li>\n<li>signat\u00e1\u0159ka <a href=\"http:\/\/arcus-oc.org\/stare_www\/aoc-oceneni.php\">Pa\u0159\u00ed\u017esk\u00e9 charty proti rakovin\u011b<\/a><\/li>\n<li>nositelka \u010destn\u00e9 soci\u00e1ln\u00ed ceny Tilia<\/li>\n<\/ul>\n<\/div>\n<p>&nbsp;<\/p>\n<p><img decoding=\"async\" loading=\"lazy\" class=\"alignnone size-medium wp-image-584\" alt=\"V.Va\u0159eka SVETOVY_DEN_ZDRAVI_Olomouc_016\" src=\"http:\/\/arcus-oc.org\/wordpress\/wp-content\/uploads\/2013\/05\/SVETOVY_DEN_ZDRAVI_Olomouc_016-300x225.jpg\" width=\"300\" height=\"225\" srcset=\"https:\/\/arcus-oc.org\/wordpress\/wp-content\/uploads\/2013\/05\/SVETOVY_DEN_ZDRAVI_Olomouc_016-300x225.jpg 300w, https:\/\/arcus-oc.org\/wordpress\/wp-content\/uploads\/2013\/05\/SVETOVY_DEN_ZDRAVI_Olomouc_016-1024x768.jpg 1024w, https:\/\/arcus-oc.org\/wordpress\/wp-content\/uploads\/2013\/05\/SVETOVY_DEN_ZDRAVI_Olomouc_016-250x187.jpg 250w, https:\/\/arcus-oc.org\/wordpress\/wp-content\/uploads\/2013\/05\/SVETOVY_DEN_ZDRAVI_Olomouc_016.jpg 2000w\" sizes=\"(max-width: 300px) 100vw, 300px\" \/><\/p>\n<h2>Vladim\u00edr Va\u0159eka\u00a0: 777 761 717<\/h2>\n<p>koordin\u00e1tor benefi\u010dn\u00ed akce<\/p>\n<p><strong><span style=\"color: #008000;\">e-mailov\u00e9:<\/span><\/strong><\/p>\n<p><a href=\"mailto:jana.kozelska.arcus@email.cz\">jana.kozelska.arcus@email.cz<\/a>\u00a0 &#8211; pro pobytov\u00e9 a vzd\u011bl\u00e1vac\u00ed akce<\/p>\n<p><a href=\"mailto:arcus.vareka@seznam.cz\">arcus.vareka@seznam.cz<\/a>\u00a0&#8211; pro benefi\u010dn\u00ed akce<\/p>\n<p><span style=\"color: #008080;\">arcus.onko@email.cz &#8211; pro Mezin\u00e1rodn\u00ed onkologick\u00fd kongres ve Znojm\u011b<\/span><\/p>\n<p><strong><span style=\"color: #008000;\">adresa na s\u00eddlo organizace:<\/span><\/strong><\/p>\n<p>ARCUS-ONKO CENTRUM, Je\u0161ov 24, 783 24 Slav\u011bt\u00edn<\/p>\n<p>&nbsp;<\/p>\n","protected":false},"excerpt":{"rendered":"<p>mobiln\u00ed: Jana Ko\u017eelsk\u00e1 : 603 533 288 p\u0159edsedkyn\u011b p\u0159edstavenstva a \u0159editelka nositelka ceny Olgy Havlov\u00e9 ocen\u011bna presti\u017en\u00ed cenou WALD PRESS AWARD signat\u00e1\u0159ka Pa\u0159\u00ed\u017esk\u00e9 charty proti rakovin\u011b nositelka \u010destn\u00e9 soci\u00e1ln\u00ed ceny Tilia &nbsp; Vladim\u00edr Va\u0159eka\u00a0: 777 761 717 koordin\u00e1tor benefi\u010dn\u00ed akce e-mailov\u00e9: jana.kozelska.arcus@email.cz\u00a0 &#8211; pro pobytov\u00e9 a vzd\u011bl\u00e1vac\u00ed akce arcus.vareka@seznam.cz\u00a0&#8211; pro benefi\u010dn\u00ed akce arcus.onko@email.cz &#8211; pro [&hellip;]<\/p>\n","protected":false},"author":1,"featured_media":0,"parent":0,"menu_order":0,"comment_status":"open","ping_status":"open","template":"","meta":[],"_links":{"self":[{"href":"https:\/\/arcus-oc.org\/index.php?rest_route=\/wp\/v2\/pages\/12"}],"collection":[{"href":"https:\/\/arcus-oc.org\/index.php?rest_route=\/wp\/v2\/pages"}],"about":[{"href":"https:\/\/arcus-oc.org\/index.php?rest_route=\/wp\/v2\/types\/page"}],"author":[{"embeddable":true,"href":"https:\/\/arcus-oc.org\/index.php?rest_route=\/wp\/v2\/users\/1"}],"replies":[{"embeddable":true,"href":"https:\/\/arcus-oc.org\/index.php?rest_route=%2Fwp%2Fv2%2Fcomments&post=12"}],"version-history":[{"count":11,"href":"https:\/\/arcus-oc.org\/index.php?rest_route=\/wp\/v2\/pages\/12\/revisions"}],"predecessor-version":[{"id":581,"href":"https:\/\/arcus-oc.org\/index.php?rest_route=\/wp\/v2\/pages\/12\/revisions\/581"}],"wp:attachment":[{"href":"https:\/\/arcus-oc.org\/index.php?rest_route=%2Fwp%2Fv2%2Fmedia&parent=12"}],"curies":[{"name":"wp","href":"https:\/\/api.w.org\/{rel}","templated":true}]}}