{"id":118,"date":"2013-05-04T17:52:38","date_gmt":"2013-05-04T17:52:38","guid":{"rendered":"http:\/\/localhost\/wordpress\/?page_id=118"},"modified":"2013-11-15T11:56:57","modified_gmt":"2013-11-15T11:56:57","slug":"rekondicni-pobyty-2013","status":"publish","type":"page","link":"https:\/\/arcus-oc.org\/?page_id=118","title":{"rendered":"Rekondi\u010dn\u00ed pobyty 2013"},"content":{"rendered":"<p><strong><span style=\"color: #008080;\"><a href=\"http:\/\/arcus-oc.org\/wordpress\/wp-content\/uploads\/2013\/05\/prehled-pobytu-2013.pdf\"><span style=\"color: #008080;\">P\u0159ehled pobyt\u016f 2013<\/span><\/a><\/span><\/strong><\/p>\n<p><strong><span style=\"color: #008080;\"><a href=\"http:\/\/arcus-oc.org\/wordpress\/wp-content\/uploads\/2013\/05\/Prihlaska-pobyty-2013.doc\"><span style=\"color: #008080;\">Prihl\u00e1\u0161ka pobyty 2013<\/span><\/a><\/span><\/strong><\/p>\n<p><span style=\"color: #800080;\"><strong><a href=\"http:\/\/arcus-oc.rajce.idnes.cz\/13.11.2013%2C_Karlovy_Vary_2013_podzim\/\"><span style=\"color: #800080;\">Karlovy Vary 2013 &#8211; podzim<\/span><\/a><\/strong><\/span><\/p>\n<p><strong><span style=\"color: #008080;\"><span style=\"color: #008080;\"><span style=\"color: #008080;\"><a href=\"http:\/\/arcus-oc.org\/wordpress\/wp-content\/uploads\/2013\/05\/Montanie-20131.pdf\">Montanie 2013<\/a><\/span>\u00a0\u00a0 <span style=\"color: #993300;\"><a href=\"http:\/\/montanie.cz\/.\"><span style=\"color: #993300;\">Hotel Montanie<\/span><\/a>\u00a0<em><span style=\"color: #0000ff;\"><a href=\"http:\/\/arcus-oc.rajce.idnes.cz\/21.05.2013%2C_Jizerske_hory_2013\/\"><span style=\"color: #0000ff;\">foto z pobytu<\/span><\/a>\u00a0<\/span><\/em><\/span><\/span><\/span><\/strong><\/p>\n<p><a href=\"http:\/\/arcus-oc.org\/wordpress\/wp-content\/uploads\/2013\/05\/Jizerske_hory_2013_040.jpg\"><img decoding=\"async\" loading=\"lazy\" class=\"alignnone size-medium wp-image-654\" alt=\"Jizerske_hory_2013_040\" src=\"http:\/\/arcus-oc.org\/wordpress\/wp-content\/uploads\/2013\/05\/Jizerske_hory_2013_040-300x225.jpg\" width=\"180\" height=\"146\" \/><\/a><a href=\"http:\/\/arcus-oc.org\/wordpress\/wp-content\/uploads\/2013\/05\/Jizerske_hory_2013_086.jpg\"><img decoding=\"async\" loading=\"lazy\" class=\"alignnone size-medium wp-image-656\" alt=\"Jizerske_hory_2013_086\" src=\"http:\/\/arcus-oc.org\/wordpress\/wp-content\/uploads\/2013\/05\/Jizerske_hory_2013_086-300x225.jpg\" width=\"175\" height=\"135\" \/><\/a>\u00a0<a href=\"http:\/\/arcus-oc.org\/wordpress\/wp-content\/uploads\/2013\/05\/Jizerske_hory_2013_160.jpg\"><img decoding=\"async\" loading=\"lazy\" class=\"alignnone size-medium wp-image-657\" alt=\"Jizerske_hory_2013_160\" src=\"http:\/\/arcus-oc.org\/wordpress\/wp-content\/uploads\/2013\/05\/Jizerske_hory_2013_160-300x225.jpg\" width=\"177\" height=\"134\" srcset=\"https:\/\/arcus-oc.org\/wordpress\/wp-content\/uploads\/2013\/05\/Jizerske_hory_2013_160-300x225.jpg 300w, https:\/\/arcus-oc.org\/wordpress\/wp-content\/uploads\/2013\/05\/Jizerske_hory_2013_160-1024x768.jpg 1024w, https:\/\/arcus-oc.org\/wordpress\/wp-content\/uploads\/2013\/05\/Jizerske_hory_2013_160.jpg 2000w\" sizes=\"(max-width: 177px) 100vw, 177px\" \/><\/a><\/p>\n<p><strong><span style=\"color: #008080;\"><a href=\"http:\/\/arcus-oc.org\/wordpress\/wp-content\/uploads\/2013\/05\/popis-pobytu-KV-jaro-2013.pdf\"><span style=\"color: #008080;\">Karlovy Vary jaro 2013<\/span><\/a><\/span><\/strong>\u00a0 <strong><span style=\"color: #000080;\"><a href=\"http:\/\/arcus-oc.rajce.idnes.cz\/08.04.2013_Karlovy_Vary_jaro\/\"><span style=\"color: #000080;\">foto<\/span><\/a>\u00a0z pobytu<\/span><\/strong><\/p>\n<p><a href=\"http:\/\/arcus-oc.org\/wordpress\/wp-content\/uploads\/2013\/05\/Karlovy_Vary_2013_jaro_049.jpg\"><img decoding=\"async\" loading=\"lazy\" class=\"alignnone size-medium wp-image-659\" alt=\"Karlovy_Vary_2013_jaro_049\" src=\"http:\/\/arcus-oc.org\/wordpress\/wp-content\/uploads\/2013\/05\/Karlovy_Vary_2013_jaro_049-300x225.jpg\" width=\"179\" height=\"144\" \/><\/a>\u00a0<a href=\"http:\/\/arcus-oc.org\/wordpress\/wp-content\/uploads\/2013\/05\/Karlovy_Vary_2013_jaro_051.jpg\"><img decoding=\"async\" loading=\"lazy\" class=\"alignnone size-medium wp-image-660\" alt=\"Karlovy_Vary_2013_jaro_051\" src=\"http:\/\/arcus-oc.org\/wordpress\/wp-content\/uploads\/2013\/05\/Karlovy_Vary_2013_jaro_051-300x225.jpg\" width=\"179\" height=\"133\" srcset=\"https:\/\/arcus-oc.org\/wordpress\/wp-content\/uploads\/2013\/05\/Karlovy_Vary_2013_jaro_051-300x225.jpg 300w, https:\/\/arcus-oc.org\/wordpress\/wp-content\/uploads\/2013\/05\/Karlovy_Vary_2013_jaro_051-1024x768.jpg 1024w, https:\/\/arcus-oc.org\/wordpress\/wp-content\/uploads\/2013\/05\/Karlovy_Vary_2013_jaro_051-250x187.jpg 250w, https:\/\/arcus-oc.org\/wordpress\/wp-content\/uploads\/2013\/05\/Karlovy_Vary_2013_jaro_051.jpg 2000w\" sizes=\"(max-width: 179px) 100vw, 179px\" \/><\/a>\u00a0<a href=\"http:\/\/arcus-oc.org\/wordpress\/wp-content\/uploads\/2013\/05\/Karlovy_Vary_2013_jaro_061.jpg\"><img decoding=\"async\" loading=\"lazy\" class=\"alignnone size-medium wp-image-661\" alt=\"Karlovy_Vary_2013_jaro_061\" src=\"http:\/\/arcus-oc.org\/wordpress\/wp-content\/uploads\/2013\/05\/Karlovy_Vary_2013_jaro_061-300x225.jpg\" width=\"174\" height=\"164\" \/><\/a><\/p>\n","protected":false},"excerpt":{"rendered":"<p>P\u0159ehled pobyt\u016f 2013 Prihl\u00e1\u0161ka pobyty 2013 Karlovy Vary 2013 &#8211; podzim Montanie 2013\u00a0\u00a0 Hotel Montanie\u00a0foto z pobytu\u00a0 \u00a0 Karlovy Vary jaro 2013\u00a0 foto\u00a0z pobytu \u00a0\u00a0<\/p>\n","protected":false},"author":1,"featured_media":0,"parent":0,"menu_order":0,"comment_status":"open","ping_status":"open","template":"","meta":[],"_links":{"self":[{"href":"https:\/\/arcus-oc.org\/index.php?rest_route=\/wp\/v2\/pages\/118"}],"collection":[{"href":"https:\/\/arcus-oc.org\/index.php?rest_route=\/wp\/v2\/pages"}],"about":[{"href":"https:\/\/arcus-oc.org\/index.php?rest_route=\/wp\/v2\/types\/page"}],"author":[{"embeddable":true,"href":"https:\/\/arcus-oc.org\/index.php?rest_route=\/wp\/v2\/users\/1"}],"replies":[{"embeddable":true,"href":"https:\/\/arcus-oc.org\/index.php?rest_route=%2Fwp%2Fv2%2Fcomments&post=118"}],"version-history":[{"count":11,"href":"https:\/\/arcus-oc.org\/index.php?rest_route=\/wp\/v2\/pages\/118\/revisions"}],"predecessor-version":[{"id":488,"href":"https:\/\/arcus-oc.org\/index.php?rest_route=\/wp\/v2\/pages\/118\/revisions\/488"}],"wp:attachment":[{"href":"https:\/\/arcus-oc.org\/index.php?rest_route=%2Fwp%2Fv2%2Fmedia&parent=118"}],"curies":[{"name":"wp","href":"https:\/\/api.w.org\/{rel}","templated":true}]}}