{"id":116,"date":"2013-05-04T17:49:19","date_gmt":"2013-05-04T17:49:19","guid":{"rendered":"http:\/\/localhost\/wordpress\/?page_id=116"},"modified":"2014-11-09T12:41:31","modified_gmt":"2014-11-09T12:41:31","slug":"rekondicni-a-ozdravne-pobyty","status":"publish","type":"page","link":"https:\/\/arcus-oc.org\/?page_id=116","title":{"rendered":"Rekondi\u010dn\u00ed a ozdravn\u00e9 pobyty 2014"},"content":{"rendered":"<p>Na\u0161e sdru\u017een\u00ed od roku 1993 po\u0159\u00e1d\u00e1 rekondi\u010dn\u00ed a ozdravn\u00e9 pobyty pro pacienty po ukon\u010den\u00e9 onkologick\u00e9 l\u00e9\u010db\u011b. Nejprve pobyty v \u010cR byly dotovan\u00e9 MZ \u010cR a ozdravn\u00e9 pobyty v zahrani\u010d\u00ed byly dotovan\u00e9 pro poji\u0161t\u011bnce VZP \u010cR do roku 2008. Pobyty byly za \u00fa\u010dasti l\u00e9ka\u0159\u016f, zdravotn\u00edch sester, psycholog\u016f a rehabilita\u010dn\u00edch pracovn\u00edk\u016f. Ka\u017ed\u00e1 skupina m\u011bla sv\u00e9ho vedouc\u00edho. P\u0159es velk\u00fd z\u00e1jem z \u0159ad pacient\u016f a kladn\u011b hodnocen\u00fd i odborn\u00edky, v\u0161ak\u00a0v sou\u010dan\u00e9 dob\u011b\u00a0 n\u00e1m st\u00e1t na tyto pobyty nep\u0159isp\u00edv\u00e1 a tak je po\u0159\u00e1d\u00e1me bez dotace.<\/p>\n<p>Rekondi\u010dn\u00ed pobyt \u00a0Karlovy Vary\u00a0<strong><span style=\"color: #ff0000;\"> 2.11. &#8211; 12.12.2014\u00a0\u00a0<span style=\"color: #0000ff;\"><em><a href=\"http:\/\/arcus-oc.rajce.idnes.cz\/09.11.2014%2C_Karlovy_Vary_podzim_2.11_-_12.11._2014\/\"><span style=\"color: #0000ff;\">foto<\/span><\/a><\/em><\/span><\/span><\/strong><\/p>\n<p><strong><em><span style=\"color: #0000ff;\"><a href=\"http:\/\/arcus-oc.org\/wordpress\/wp-content\/uploads\/2013\/05\/popis-pobytu-KV-podzim-2014.pdf\"><span style=\"color: #0000ff;\">popis pobytu Karlovy Vary podzim 2014<\/span><\/a><\/span><\/em><\/strong><\/p>\n<p><strong><em><span style=\"color: #008000;\"><a href=\"http:\/\/arcus-oc.org\/wordpress\/wp-content\/uploads\/2013\/05\/Prihlaska-pobyty-KV-podzim141.doc\"><span style=\"color: #008000;\">P\u0159ihl\u00e1\u0161ka na pobyt Karlovy Vary podzim14<\/span><\/a><\/span><\/em><\/strong><\/p>\n<p>&nbsp;<\/p>\n<p>V roce 2014 p\u0159ipravilo sdru\u017een\u00ed bez dotace \u00a0tyto pobyty pro onkologick\u00e9 pacienty a jejich rodiny \u00a0viz <a href=\"http:\/\/arcus-oc.org\/wordpress\/wp-content\/uploads\/2013\/05\/Pobyty-2014.pdf\"><span style=\"color: #008080;\"><strong>Pobyty 2014<\/strong><\/span><\/a>.<\/p>\n<p><span style=\"color: #0000ff;\">\u00a0<\/span><strong><em><span style=\"color: #0000ff;\"><a href=\"http:\/\/www.spaconsulting.eu\/\"><span style=\"color: #0000ff;\">Hana Cathala z Francie\u00a0<\/span><\/a><\/span><\/em><\/strong>se ka\u017ed\u00fd rok \u00a0\u00fa\u010dastn\u00ed na rekondi\u010dn\u00edm pobyt\u011b na Montanii v Jizersk\u00fdch hor\u00e1ch, kde\u00a0 z\u00e1jemce\u00a0 mas\u00edruje, d\u011bl\u00e1 ve\u010dery s\u00a0povid\u00e1nim o Indii s fotkami,\u00a0m\u00e1 \u00a0&#8222;p\u0159edn\u00e1\u0161ku&#8220; o ayurv\u00e9d\u011b a ayrv\u00e9dsk\u00e9 medicin\u011b a o jedn\u00e9\u00a0 nov\u00e9 metod\u011b, AORA, kter\u00e1 n\u00e1s vede k vnit\u0159ni rovnov\u00e1ze (podobn\u00e9 H&#8217;opono pono), no a samoz\u0159ejm\u011b\u00a0tak\u00e9 s n\u00e1mi m\u00e1\u00a0rozcvicky a Tai chi.<\/p>\n<p><strong><em><span style=\"color: #008000;\"><a href=\"http:\/\/montanie.cz\/hotel\/ubytovani\/\"><span style=\"color: #008000;\">Montanie-Destn\u00e1,Sou\u0161<\/span><\/a><\/span><\/em><\/strong><\/p>\n<p>Nov\u00fd term\u00edn a m\u00edsto pobytu:<\/p>\n<p><em><strong><span style=\"color: #0000ff;\">Francouzsk\u00e1 riviera &#8211; Port Grimaud, z\u00e1liv St.Tropez<\/span> <\/strong><strong><span style=\"color: #3366ff;\"><span style=\"color: #ff6600;\">29.8.- 7.9.2014<\/span>.\u00a0 <\/span><\/strong><\/em>Cena 5990,- K\u010d zahrnuje dopravu autobusem s d\u00e1lkovou \u00fapravou, ubytov\u00e1n\u00ed je zaji\u0161t\u011bno v obytn\u00fdch mobilhomech po 4 osob\u00e1ch. daleg\u00e1ta v m\u00edst\u011b pobytu, DPH a dal\u0161\u00ed poplatky. Nezahrnuje vratnou kauci , pobytovou taxu a z\u00e1v\u011bre\u010dn\u00fd \u00faklid, kter\u00fd se hrad\u00ed na m\u00edst\u011b. Informace o pobytu na mobilu 603533288 nebo\u00a0\u00a0\u00a0\u00a0\u00a0 e-mailem na : <a href=\"mailto:jana.kozelska.arcus@email.cz\">jana.kozelska.arcus@email.cz<\/a>.<\/p>\n<p><em><strong><span style=\"color: #339966;\"><a href=\"http:\/\/arcus-oc.org\/wordpress\/wp-content\/uploads\/2013\/05\/Francie-popis.pdf\"><span style=\"color: #339966;\">Francie popis<\/span><\/a>\u00a0<img decoding=\"async\" loading=\"lazy\" class=\"alignnone  wp-image-959\" style=\"width: 133px;\" alt=\"l7\" src=\"http:\/\/arcus-oc.org\/wordpress\/wp-content\/uploads\/2013\/05\/l7-300x225.jpg\" width=\"151\" height=\"73\" \/><a href=\"http:\/\/arcus-oc.org\/wordpress\/wp-content\/uploads\/2013\/05\/l66.jpg\"><img decoding=\"async\" loading=\"lazy\" class=\"alignnone  wp-image-960\" style=\"width: 141px;\" alt=\"l66\" src=\"http:\/\/arcus-oc.org\/wordpress\/wp-content\/uploads\/2013\/05\/l66-300x225.jpg\" width=\"149\" height=\"87\" \/><\/a><a href=\"http:\/\/arcus-oc.org\/wordpress\/wp-content\/uploads\/2013\/05\/l35.jpg\"><img decoding=\"async\" loading=\"lazy\" class=\"alignnone  wp-image-961\" style=\"width: 172px;\" alt=\"l35\" src=\"http:\/\/arcus-oc.org\/wordpress\/wp-content\/uploads\/2013\/05\/l35-300x199.jpg\" width=\"188\" height=\"95\" \/><\/a>\u00a0<img decoding=\"async\" loading=\"lazy\" class=\"alignnone  wp-image-962\" style=\"width: 202px;\" alt=\"l22\" src=\"http:\/\/arcus-oc.org\/wordpress\/wp-content\/uploads\/2013\/05\/l22-300x199.jpg\" width=\"209\" height=\"118\" \/>\u00a0<a href=\"http:\/\/arcus-oc.org\/wordpress\/wp-content\/uploads\/2013\/05\/l13.jpg\"><img decoding=\"async\" loading=\"lazy\" class=\"alignnone  wp-image-965\" alt=\"l13\" src=\"http:\/\/arcus-oc.org\/wordpress\/wp-content\/uploads\/2013\/05\/l13-225x300.jpg\" width=\"113\" height=\"109\" \/><\/a><a href=\"http:\/\/arcus-oc.org\/wordpress\/wp-content\/uploads\/2013\/05\/l10.jpg\"><img decoding=\"async\" loading=\"lazy\" class=\"alignnone  wp-image-964\" style=\"width: 203px;\" alt=\"l10\" src=\"http:\/\/arcus-oc.org\/wordpress\/wp-content\/uploads\/2013\/05\/l10-300x219.jpg\" width=\"300\" height=\"121\" \/><\/a><\/span><\/strong><\/em><\/p>\n<p><span style=\"color: #800080;\"><em><strong><a href=\"http:\/\/arcus-oc.org\/wordpress\/wp-content\/uploads\/2013\/05\/P\u0159ihl\u00e1\u0161ka-pobyt-Francie-2014.doc\"><span style=\"color: #800080;\">P\u0159ihl\u00e1\u0161ka pobyt Francie 2014<\/span><\/a><\/strong><\/em><\/span><\/p>\n<p><em><strong><span style=\"color: #800080;\"><a href=\"http:\/\/arcus-oc.org\/wordpress\/wp-content\/uploads\/2013\/05\/prihlaska-Jizersk\u00e9-hory-Montanie2014.doc\"><span style=\"color: #800080;\">P\u0159ihl\u00e1\u0161ka-Jizersk\u00e9 hory Montanie <\/span><\/a><\/span><\/strong><\/em><em><strong><span style=\"color: #800080;\"><a href=\"http:\/\/arcus-oc.org\/wordpress\/wp-content\/uploads\/2013\/05\/prihlaska-Jizersk\u00e9-hory-Montanie2014.doc\"><span style=\"color: #800080;\">2014<\/span><\/a><\/span><\/strong><\/em><\/p>\n<p><strong><em><span style=\"color: #800080;\"><a href=\"http:\/\/arcus-oc.org\/wordpress\/wp-content\/uploads\/2013\/05\/Prihlaska-pobyty-KV-jaro14.doc\"><span style=\"color: #800080;\">Prihl\u00e1\u0161ka pobyty Karlovy Vary jaro 2014<\/span><\/a><\/span><\/em><\/strong><\/p>\n<p><strong><em><span style=\"color: #800080;\"><a href=\"http:\/\/arcus-oc.org\/wordpress\/wp-content\/uploads\/2013\/05\/Prihlaska-pobyty-KV-podzim14.doc\"><span style=\"color: #800080;\">P\u0159ihl\u00e1\u0161ka pobyty Karlovy Vary podzim 2014<\/span><\/a><\/span><\/em><\/strong><\/p>\n<p>Informace o m\u00edstech pobytu:<\/p>\n<p><span style=\"color: #993300;\"><strong><a href=\"http:\/\/arcus-oc.org\/wordpress\/wp-content\/uploads\/2013\/05\/Montanie.pdf\"><span style=\"color: #993300;\">Montanie<\/span><\/a><\/strong><\/span><\/p>\n<p><span style=\"color: #993300;\"><strong><a href=\"http:\/\/arcus-oc.org\/wordpress\/wp-content\/uploads\/2013\/05\/popis-pobytu-KV.pdf\"><span style=\"color: #993300;\">Karlovy Vary<\/span><\/a><\/strong><\/span><\/p>\n<p>&nbsp;<\/p>\n<p>&nbsp;<\/p>\n<p>&nbsp;<\/p>\n<p><strong><span style=\"color: #008080;\"><a href=\"http:\/\/arcus-oc.org\/wordpress\/wp-content\/uploads\/2013\/05\/Montanie-2013.pdf\">Montanie 2013<\/a>\u00a0 <\/span><\/strong><\/p>\n<p><strong><span style=\"color: #008080;\"><a href=\"http:\/\/arcus-oc.org\/wordpress\/wp-content\/uploads\/2013\/05\/popis-pobytu-KV-jaro-2013.pdf\">Karlovy Vary jaro 2013<\/a><\/span><\/strong><\/p>\n","protected":false},"excerpt":{"rendered":"<p>Na\u0161e sdru\u017een\u00ed od roku 1993 po\u0159\u00e1d\u00e1 rekondi\u010dn\u00ed a ozdravn\u00e9 pobyty pro pacienty po ukon\u010den\u00e9 onkologick\u00e9 l\u00e9\u010db\u011b. Nejprve pobyty v \u010cR byly dotovan\u00e9 MZ \u010cR a ozdravn\u00e9 pobyty v zahrani\u010d\u00ed byly dotovan\u00e9 pro poji\u0161t\u011bnce VZP \u010cR do roku 2008. Pobyty byly za \u00fa\u010dasti l\u00e9ka\u0159\u016f, zdravotn\u00edch sester, psycholog\u016f a rehabilita\u010dn\u00edch pracovn\u00edk\u016f. Ka\u017ed\u00e1 skupina m\u011bla sv\u00e9ho vedouc\u00edho. P\u0159es [&hellip;]<\/p>\n","protected":false},"author":1,"featured_media":0,"parent":0,"menu_order":0,"comment_status":"open","ping_status":"open","template":"","meta":[],"_links":{"self":[{"href":"https:\/\/arcus-oc.org\/index.php?rest_route=\/wp\/v2\/pages\/116"}],"collection":[{"href":"https:\/\/arcus-oc.org\/index.php?rest_route=\/wp\/v2\/pages"}],"about":[{"href":"https:\/\/arcus-oc.org\/index.php?rest_route=\/wp\/v2\/types\/page"}],"author":[{"embeddable":true,"href":"https:\/\/arcus-oc.org\/index.php?rest_route=\/wp\/v2\/users\/1"}],"replies":[{"embeddable":true,"href":"https:\/\/arcus-oc.org\/index.php?rest_route=%2Fwp%2Fv2%2Fcomments&post=116"}],"version-history":[{"count":16,"href":"https:\/\/arcus-oc.org\/index.php?rest_route=\/wp\/v2\/pages\/116\/revisions"}],"predecessor-version":[{"id":1272,"href":"https:\/\/arcus-oc.org\/index.php?rest_route=\/wp\/v2\/pages\/116\/revisions\/1272"}],"wp:attachment":[{"href":"https:\/\/arcus-oc.org\/index.php?rest_route=%2Fwp%2Fv2%2Fmedia&parent=116"}],"curies":[{"name":"wp","href":"https:\/\/api.w.org\/{rel}","templated":true}]}}