{"id":110,"date":"2013-05-04T17:44:44","date_gmt":"2013-05-04T17:44:44","guid":{"rendered":"http:\/\/localhost\/wordpress\/?page_id=110"},"modified":"2013-05-09T06:41:09","modified_gmt":"2013-05-09T06:41:09","slug":"beneficni-akce-2012","status":"publish","type":"page","link":"https:\/\/arcus-oc.org\/?page_id=110","title":{"rendered":"Benefi\u010dn\u00ed akce 2012"},"content":{"rendered":"<p><span style=\"color: #008000;\">14.7.2012\u00a0\u00a0\u00a0\u00a0<strong><span style=\"color: #0000ff;\"><a href=\"http:\/\/arcus-oc.org\/wordpress\/wp-content\/uploads\/2013\/05\/sponzori-benefice-14.7.2012.pdf\"><span style=\"color: #0000ff;\">sponzo\u0159i benefi\u010dn\u00ed akce 14.7.2012<\/span><\/a><\/span><\/strong><\/span>\u00a0\u00a0\u00a0\u00a0 Na akci Rockov\u00e9 l\u00e9to vystoupily kapely : <strong><span style=\"color: #008080;\"><a href=\"http:\/\/bandzone.cz\/calibosms?at=gig&amp;np=10\"><span style=\"color: #008080;\">Callibos M.S<\/span><\/a>.<\/span><span style=\"color: #008080;\"><span style=\"color: #008080;\">,<\/span><\/span> <span style=\"color: #008080;\"><a href=\"http:\/\/r-i-b.wgz.cz\/\"><span style=\"color: #008080;\">R.I.B.<\/span><\/a><\/span><\/strong>,\u00a0 <strong><span style=\"color: #008080;\"><a href=\"http:\/\/www.janatomam.cz\/index.php\/kapela.html\"><span style=\"color: #008080;\">Natural<\/span><\/a><\/span><\/strong><span id=\"SLOVNIK_HIGHLIGHT\">, Kraken<\/span>, <span style=\"color: #008080;\"><strong><a href=\"http:\/\/www.zakazanyovoce.cz\"><span style=\"color: #008080;\">Zak\u00e1zan\u00dd ovoce<\/span><\/a><\/strong><\/span>, <strong><span style=\"color: #008080;\"><a href=\"http:\/\/www.spocena.com\"><span style=\"color: #008080;\">SPOCEN\u00c1 UKL\u00cdZE\u010cKA<\/span><\/a><\/span><\/strong>, <strong><span style=\"color: #008080;\"><a href=\"http:\/\/revival-kabat.cz\"><span style=\"color: #008080;\">Revival Kab\u00e1t Morava<\/span><\/a><\/span><\/strong><\/p>\n<p><a href=\"http:\/\/arcus-oc.org\/wordpress\/wp-content\/uploads\/2013\/05\/Kamil_Rozsypal.jpg\"><img decoding=\"async\" loading=\"lazy\" class=\"alignnone size-medium wp-image-380\" alt=\"Kamil Rozsypal\" src=\"http:\/\/arcus-oc.org\/wordpress\/wp-content\/uploads\/2013\/05\/Kamil_Rozsypal-300x225.jpg\" width=\"184\" height=\"147\" \/><\/a><a href=\"http:\/\/arcus-oc.org\/wordpress\/wp-content\/uploads\/2013\/05\/rockove-leto-2012.jpg\"><img decoding=\"async\" loading=\"lazy\" class=\"alignnone size-medium wp-image-368\" alt=\"rockove leto 2012\" src=\"http:\/\/arcus-oc.org\/wordpress\/wp-content\/uploads\/2013\/05\/rockove-leto-2012-219x300.jpg\" width=\"138\" height=\"147\" \/><\/a><a href=\"http:\/\/arcus-oc.org\/wordpress\/wp-content\/uploads\/2013\/05\/Rockove_leto_14_7__2012_017.jpg\"><img decoding=\"async\" loading=\"lazy\" class=\"alignnone size-medium wp-image-366\" alt=\"Rockove leto14.7.2012\" src=\"http:\/\/arcus-oc.org\/wordpress\/wp-content\/uploads\/2013\/05\/Rockove_leto_14_7__2012_017-300x225.jpg\" width=\"190\" height=\"147\" \/><\/a><\/p>\n<p>akci moderoval Zdenek Hor\u00e1k a zvu\u010dil\u00a0<span style=\"color: #800000;\"><a href=\"http:\/\/www.oksound.cz\/\"><span style=\"color: #800000;\">Kamil Rozsypal<\/span><\/a><\/span>\u00a0\u00a0\u00a0\u00a0 <strong><em><span style=\"color: #0000ff;\"><a href=\"http:\/\/arcus-oc.rajce.idnes.cz\/Rockove_leto_14.7.Cervenka\/\"><span style=\"color: #0000ff;\">foto z akce<\/span><\/a><\/span><\/em><\/strong><\/p>\n<p><strong><span style=\"color: #008000;\">1.9.2012<\/span><\/strong><br \/>\nNa akci Rockov\u00e9 l\u00e9to vystoupily skupiny <strong><em><span style=\"color: #008080;\"><a href=\"http:\/\/www.rybicky48.cz\"><span style=\"color: #008080;\">Rybi\u010dky 48<\/span><\/a><\/span><\/em><\/strong>, <em><strong><span style=\"color: #008080;\"><a href=\"http:\/\/premier-rock.cz\"><span style=\"color: #008080;\">Premier<\/span><\/a>,<\/span><\/strong> <strong><span style=\"color: #008080;\"><a href=\"http:\/\/www.venefica.cz\"><span style=\"color: #008080;\">Venefica<\/span><\/a><\/span><\/strong><\/em>, <em><strong><span style=\"color: #008080;\"><a href=\"http:\/\/bandzone.cz\/parnilucie\"><span style=\"color: #008080;\">Parn\u00ed Lucie<\/span><\/a><\/span><\/strong><\/em>,\u00a0<em><strong><span style=\"color: #008080;\"><a href=\"http:\/\/www.iron-maiden-revival.cz\"><span style=\"color: #008080;\">Iron Madeiden Revival<\/span><\/a>\u00a0<\/span><\/strong><\/em> , <strong><em><span style=\"color: #008080;\"><a href=\"http:\/\/www.ramm-stein.cz\"><span style=\"color: #008080;\">Ramm Stein! CZ<\/span><\/a><\/span><\/em><\/strong>, <strong><em><span style=\"color: #008080;\"><a href=\"http:\/\/metallica-revival-litovel.webnode.cz\/o-nas\/\"><span style=\"color: #008080;\">Metallica Revival<\/span><\/a><\/span><\/em><\/strong>akci moderovala\u00a0 Iva Bokov\u00e1 a Petr Machovec\u00a0<span style=\"color: #800000;\"><em>\u00a0<a href=\"http:\/\/www.rockzone.cz\"><span style=\"color: #800000;\">Rockzone 105.9<\/span><\/a><\/em><\/span> , <em><span style=\"color: #800000;\"><a href=\"http:\/\/www.latexxxteens.com\"><span style=\"color: #800000;\">Latexxxteens<\/span><\/a>\u00a0<\/span><\/em>,\u00a0\u00a0<span style=\"color: #800000;\"><em><a href=\"http:\/\/www.abradio.cz\"><span style=\"color: #800000;\">ABradio<\/span><\/a><\/em><\/span> , <span style=\"color: #800000;\"><a href=\"http:\/\/www.pink_rock.net\"><span style=\"color: #800000;\">Pink Rock<\/span><\/a><\/span><\/p>\n<p>\u00a0medi\u00e1ln\u00ed partne\u0159i: <span style=\"color: #800000;\"><a href=\"http:\/\/www.zazabavou.cz\/\" target=\"_blank\"><span style=\"color: #800000;\">www.zazabavou.cz<\/span><\/a><\/span> ,\u00a0\u00a0 <strong><span style=\"color: #0000ff;\"><a href=\"http:\/\/arcus-oc.org\/wordpress\/wp-content\/uploads\/2013\/05\/RADIO-FRM+RP-PARTNER-FESTIVALU.wav\"><span style=\"color: #0000ff;\">RADIO FRM+RP-PARTNER FESTIVALU<\/span><\/a><\/span><\/strong>\u00a0,\u00a0\u00a0\u00a0<span style=\"color: #800000;\">\u00a0<a href=\"http:\/\/olomouc.nejlepsi-adresa.cz\"><span style=\"color: #800000;\">NEJLEP\u0160\u00cd-ADRESA-CZ<\/span><\/a><\/span>\u00a0<a href=\"http:\/\/www.nejlepsi-adresa.cz\u00a0\u00a0\" target=\"_blank\">\u00a0<\/a>,<span style=\"color: #800000;\"><a href=\"http:\/\/www.facebook.com\/rockparada\"><span style=\"color: #800000;\">ROCK PAR\u00c1DA<\/span><\/a><em><strong><\/strong><\/em><\/span><\/p>\n<p><a href=\"http:\/\/arcus-oc.org\/wordpress\/wp-content\/uploads\/2013\/05\/logo-osa-partner.jpg\"><img decoding=\"async\" loading=\"lazy\" class=\"alignnone size-medium wp-image-531\" alt=\"logo osa partner\" src=\"http:\/\/arcus-oc.org\/wordpress\/wp-content\/uploads\/2013\/05\/logo-osa-partner-300x274.jpg\" width=\"108\" height=\"139\" \/><\/a><\/p>\n<p><em><strong><span style=\"color: #0000ff;\"><a href=\"http:\/\/arcus-oc.rajce.idnes.cz\/Rockove_leto_1.9.CERVENKA\/\"><span style=\"color: #0000ff;\">foto z akce<\/span><\/a><\/span><\/strong><\/em>\u00a0\u00a0\u00a0 Akci zvu\u010dil Kamil Rozsypal OK Sound\u00a0\u00a0\u00a0\u00a0\u00a0\u00a0\u00a0<\/p>\n<p><a href=\"http:\/\/arcus-oc.org\/wordpress\/wp-content\/uploads\/2013\/05\/Rockove_leto_1_9_2012_Cervenka_241.jpg\"><img decoding=\"async\" loading=\"lazy\" class=\"alignnone size-medium wp-image-443\" alt=\"Rockove_leto_1_9_2012_Cervenka_241\" src=\"http:\/\/arcus-oc.org\/wordpress\/wp-content\/uploads\/2013\/05\/Rockove_leto_1_9_2012_Cervenka_241-300x225.jpg\" width=\"329\" height=\"252\" \/><\/a>\u00a0<a href=\"http:\/\/arcus-oc.org\/wordpress\/wp-content\/uploads\/2013\/05\/rock-leto-2.jpg\"><img decoding=\"async\" loading=\"lazy\" class=\"alignnone size-medium wp-image-528\" alt=\"rock leto 2\" src=\"http:\/\/arcus-oc.org\/wordpress\/wp-content\/uploads\/2013\/05\/rock-leto-2-213x300.jpg\" width=\"213\" height=\"300\" srcset=\"https:\/\/arcus-oc.org\/wordpress\/wp-content\/uploads\/2013\/05\/rock-leto-2-213x300.jpg 213w, https:\/\/arcus-oc.org\/wordpress\/wp-content\/uploads\/2013\/05\/rock-leto-2-730x1024.jpg 730w, https:\/\/arcus-oc.org\/wordpress\/wp-content\/uploads\/2013\/05\/rock-leto-2-178x250.jpg 178w, https:\/\/arcus-oc.org\/wordpress\/wp-content\/uploads\/2013\/05\/rock-leto-2.jpg 827w\" sizes=\"(max-width: 213px) 100vw, 213px\" \/><\/a><\/p>\n<p><strong><span style=\"color: #008000;\">1.12.2012<\/span><\/strong><br \/>\nV programu vystoupily kapely <strong><span style=\"color: #008080;\"><a href=\"http:\/\/citron-group.cz\"><span style=\"color: #008080;\">Citron<\/span><\/a><\/span><\/strong>\u00a0a\u00a0 <strong><span style=\"color: #008080;\"><a href=\"http:\/\/herrgott.cz\"><span style=\"color: #008080;\">Herrgott<\/span><\/a><\/span><\/strong>.<\/p>\n<p><span style=\"color: #0000ff;\"><strong><a href=\"http:\/\/arcus-oc.rajce.idnes.cz\/03.12.2012\"><span style=\"color: #0000ff;\">foto z akce<\/span><\/a><\/strong><\/span><br \/>\n<strong><span style=\"color: #000080;\"><img decoding=\"async\" loading=\"lazy\" class=\"alignnone size-medium wp-image-334\" alt=\"plak\u00e1t lostice\" src=\"http:\/\/arcus-oc.org\/wordpress\/wp-content\/uploads\/2013\/05\/lostice-213x300.jpg\" width=\"176\" height=\"289\" \/>\u00a0\u00a0\u00a0\u00a0\u00a0\u00a0\u00a0\u00a0\u00a0\u00a0\u00a0\u00a0\u00a0\u00a0\u00a0\u00a0\u00a0\u00a0\u00a0 <\/span><\/strong><strong><span style=\"color: #008080;\"><a href=\"http:\/\/arcus-oc.org\/wordpress\/wp-content\/uploads\/2013\/05\/sponzori-1.12..pdf\"><span style=\"color: #008080;\">sponzori 1.12.2012<\/span><\/a><\/span><\/strong><\/p>\n","protected":false},"excerpt":{"rendered":"<p>14.7.2012\u00a0\u00a0\u00a0\u00a0sponzo\u0159i benefi\u010dn\u00ed akce 14.7.2012\u00a0\u00a0\u00a0\u00a0 Na akci Rockov\u00e9 l\u00e9to vystoupily kapely : Callibos M.S., R.I.B.,\u00a0 Natural, Kraken, Zak\u00e1zan\u00dd ovoce, SPOCEN\u00c1 UKL\u00cdZE\u010cKA, Revival Kab\u00e1t Morava akci moderoval Zdenek Hor\u00e1k a zvu\u010dil\u00a0Kamil Rozsypal\u00a0\u00a0\u00a0\u00a0 foto z akce 1.9.2012 Na akci Rockov\u00e9 l\u00e9to vystoupily skupiny Rybi\u010dky 48, Premier, Venefica, Parn\u00ed Lucie,\u00a0Iron Madeiden Revival\u00a0 , Ramm Stein! CZ, Metallica Revivalakci moderovala\u00a0 [&hellip;]<\/p>\n","protected":false},"author":1,"featured_media":0,"parent":0,"menu_order":0,"comment_status":"open","ping_status":"open","template":"","meta":[],"_links":{"self":[{"href":"https:\/\/arcus-oc.org\/index.php?rest_route=\/wp\/v2\/pages\/110"}],"collection":[{"href":"https:\/\/arcus-oc.org\/index.php?rest_route=\/wp\/v2\/pages"}],"about":[{"href":"https:\/\/arcus-oc.org\/index.php?rest_route=\/wp\/v2\/types\/page"}],"author":[{"embeddable":true,"href":"https:\/\/arcus-oc.org\/index.php?rest_route=\/wp\/v2\/users\/1"}],"replies":[{"embeddable":true,"href":"https:\/\/arcus-oc.org\/index.php?rest_route=%2Fwp%2Fv2%2Fcomments&post=110"}],"version-history":[{"count":44,"href":"https:\/\/arcus-oc.org\/index.php?rest_route=\/wp\/v2\/pages\/110\/revisions"}],"predecessor-version":[{"id":329,"href":"https:\/\/arcus-oc.org\/index.php?rest_route=\/wp\/v2\/pages\/110\/revisions\/329"}],"wp:attachment":[{"href":"https:\/\/arcus-oc.org\/index.php?rest_route=%2Fwp%2Fv2%2Fmedia&parent=110"}],"curies":[{"name":"wp","href":"https:\/\/api.w.org\/{rel}","templated":true}]}}