{"id":108,"date":"2013-05-04T17:44:58","date_gmt":"2013-05-04T17:44:58","guid":{"rendered":"http:\/\/localhost\/wordpress\/?page_id=108"},"modified":"2013-12-13T17:23:14","modified_gmt":"2013-12-13T17:23:14","slug":"beneficni-akce-2013","status":"publish","type":"page","link":"https:\/\/arcus-oc.org\/?page_id=108","title":{"rendered":"Benefi\u010dn\u00ed akce 2013"},"content":{"rendered":"<div><strong><span style=\"color: #008080;\">Lo\u0161tice 2013<\/span><\/strong><\/div>\n<div><strong><span style=\"color: #993300;\">30.11.2013 od 18,00 hod.<\/span><\/strong> Kulturn\u00ed d\u016fm\u00a0 Lo\u0161tice<\/div>\n<div>V\u00a0programu Mikul\u00e1\u0161sk\u00e9 z\u00e1bavy vystoupil Zlat\u00fd slav\u00edk 2012 a St\u0159\u00edbrn\u00fd slav\u00edk 2013 \u00a0<strong><span style=\"color: #008000;\"><a href=\"http:\/\/www.tomasklus.cz\"><span style=\"color: #008000;\">Tom\u00e1\u0161 Klus<\/span><\/a><\/span>\u00a0<\/strong>a\u00a0kapela <span style=\"color: #008000;\"><strong><a href=\"http:\/\/bandzone.cz\/herrgott?at=gallery&amp;ii=92526\"><span style=\"color: #008000;\">Herrgott<\/span><\/a><\/strong>,<\/span> zvuk\u00a0<strong><span style=\"color: #008000;\"><a href=\"http:\/\/www.oksound.cz\/\"><span style=\"color: #008000;\">OK Sound Kamil Rozsypal<\/span><\/a>.\u00a0<\/span><\/strong><\/div>\n<div><\/div>\n<div><a href=\"http:\/\/arcus-oc.org\/wordpress\/wp-content\/uploads\/2013\/05\/tom\u00e1\u0161-klus-3.jpg\"><img decoding=\"async\" loading=\"lazy\" class=\"alignnone size-medium wp-image-778\" alt=\"30.11.2013\" src=\"http:\/\/arcus-oc.org\/wordpress\/wp-content\/uploads\/2013\/05\/tom\u00e1\u0161-klus-3-211x300.jpg\" width=\"211\" height=\"300\" srcset=\"https:\/\/arcus-oc.org\/wordpress\/wp-content\/uploads\/2013\/05\/tom\u00e1\u0161-klus-3-211x300.jpg 211w, https:\/\/arcus-oc.org\/wordpress\/wp-content\/uploads\/2013\/05\/tom\u00e1\u0161-klus-3-176x250.jpg 176w, https:\/\/arcus-oc.org\/wordpress\/wp-content\/uploads\/2013\/05\/tom\u00e1\u0161-klus-3.jpg 494w\" sizes=\"(max-width: 211px) 100vw, 211px\" \/><\/a><\/div>\n<div><\/div>\n<div><strong><span style=\"color: #0000ff;\"><a href=\"https:\/\/www.youtube.com\/watch?v=-S7dDMOgEfY\"><span style=\"color: #0000ff;\">videouk\u00e1zka 30.11.2013 Lo\u0161tice<\/span><\/a><\/span><\/strong><\/div>\n<div><span style=\"color: #ff00ff;\"><a href=\"http:\/\/arcus-oc.org\/wordpress\/wp-content\/uploads\/2013\/05\/sponzo\u0159i-benef.akce_.pdf\"><span style=\"color: #ff00ff;\">sponzo\u0159i benefi\u010dn\u00ed akce 30.11.2013<\/span><\/a><\/span><\/div>\n<div><a href=\"http:\/\/www.irockshock.net\/modules.php?name=News&amp;file=article&amp;sid=3846\">\u010dl\u00e1nek z benefi\u010dn\u00ed akce<\/a><\/div>\n<div><\/div>\n<div><\/div>\n<div><span style=\"color: #008080;\"><strong>\u010cervenka 2013<\/strong><\/span><\/div>\n<div><strong><span style=\"color: #800000;\">20.7.2013 od 14 hod.<\/span>\u00a0<\/strong>venkovn\u00ed are\u00e1l Ol\u0161e , \u010cervenka<br \/>\nv programu vystoupily tyto kapely:<br \/>\n<span style=\"color: #008000;\"><strong><a href=\"http:\/\/www.koblizci.net\/\"><span style=\"color: #008000;\">Kobl\u00ed\u017eci<\/span><\/a>,\u00a0<a href=\"http:\/\/r-i-b.wgz.cz\/\"><span style=\"color: #008000;\">R.I.B.<\/span><\/a>, <a href=\"http:\/\/www.kern-remember.com\/\"><span style=\"color: #008000;\">KERN<\/span><\/a>\u00a0, <a href=\"http:\/\/bandzone.cz\/segment?at=gig\"><span id=\"SLOVNIK_HIGHLIGHT\" style=\"color: #008000;\">Segment<\/span><\/a>\u00a0,\u00a0<a href=\"http:\/\/bandzone.cz\/calibosms\"><span style=\"color: #008000;\">Callibos M.S.<\/span><\/a>\u00a0, <a href=\"http:\/\/www.jaksitaksi.cz\/clanek\/show\/19\/koncerty\"><span style=\"color: #008000;\">Jaksi Taksi<\/span><\/a>,\u00a0\u00a0<a href=\"http:\/\/bandzone.cz\/straceneraj?at=gig\"><span style=\"color: #008000;\">Stracen\u00e9 R\u00e1j<\/span><\/a><\/strong><\/span><\/div>\n<div>\u00a0<a href=\"http:\/\/arcus-oc.org\/wordpress\/wp-content\/uploads\/2013\/05\/MSt1bPeyofdlP87eTrn5k7jLW455Jdzhhof0z2mtwy0EkCjSbLYSLMkc0-ZVKF_y0DTr_l4.jpg\"><img decoding=\"async\" loading=\"lazy\" class=\"alignnone size-medium wp-image-689\" alt=\"rockov\u00e9 l\u00e9to 2013\" src=\"http:\/\/arcus-oc.org\/wordpress\/wp-content\/uploads\/2013\/05\/MSt1bPeyofdlP87eTrn5k7jLW455Jdzhhof0z2mtwy0EkCjSbLYSLMkc0-ZVKF_y0DTr_l4-214x300.jpg\" width=\"214\" height=\"300\" srcset=\"https:\/\/arcus-oc.org\/wordpress\/wp-content\/uploads\/2013\/05\/MSt1bPeyofdlP87eTrn5k7jLW455Jdzhhof0z2mtwy0EkCjSbLYSLMkc0-ZVKF_y0DTr_l4-214x300.jpg 214w, https:\/\/arcus-oc.org\/wordpress\/wp-content\/uploads\/2013\/05\/MSt1bPeyofdlP87eTrn5k7jLW455Jdzhhof0z2mtwy0EkCjSbLYSLMkc0-ZVKF_y0DTr_l4-178x250.jpg 178w, https:\/\/arcus-oc.org\/wordpress\/wp-content\/uploads\/2013\/05\/MSt1bPeyofdlP87eTrn5k7jLW455Jdzhhof0z2mtwy0EkCjSbLYSLMkc0-ZVKF_y0DTr_l4.jpg 501w\" sizes=\"(max-width: 214px) 100vw, 214px\" \/><\/a><a href=\"http:\/\/arcus-oc.org\/wordpress\/wp-content\/uploads\/2013\/05\/HANAweb90x90.jpg\"><img decoding=\"async\" loading=\"lazy\" class=\"alignnone size-full wp-image-696\" alt=\"HANAweb90x90\" src=\"http:\/\/arcus-oc.org\/wordpress\/wp-content\/uploads\/2013\/05\/HANAweb90x90.jpg\" width=\"90\" height=\"90\" srcset=\"https:\/\/arcus-oc.org\/wordpress\/wp-content\/uploads\/2013\/05\/HANAweb90x90.jpg 90w, https:\/\/arcus-oc.org\/wordpress\/wp-content\/uploads\/2013\/05\/HANAweb90x90-48x48.jpg 48w\" sizes=\"(max-width: 90px) 100vw, 90px\" \/><\/a><a href=\"http:\/\/arcus-oc.org\/wordpress\/wp-content\/uploads\/2013\/05\/spot.mpeg\">spot<\/a><\/div>\n<div>\u00a0odkaz:\u00a0 <em><span style=\"color: #993300;\"><a href=\"http:\/\/www.zazabavou.cz\/akce\/zabavni-akce\/\"><span style=\"color: #993300;\">http:\/\/www.zazabavou.cz\/akce\/zabavni-akce\/<\/span><\/a><\/span><\/em><\/div>\n<div><span style=\"color: #800000;\"><a href=\"https:\/\/www.facebook.com\/events\/341881125925096\/386274391485769\/?notif\"><span style=\"color: #800000;\">facebook Rockov\u00e9 l\u00e9to \u010cervenka 20.7.2013<\/span><\/a><\/span><\/div>\n<div><\/div>\n<div><span style=\"color: #0000ff;\"><a href=\"http:\/\/www.rajce.net\/a8488282\"><span style=\"color: #0000ff;\">foto Vladim\u00edr Va\u0159eka<\/span><\/a><\/span>\u00a0\u00a0 <span style=\"color: #0000ff;\"><a href=\"http:\/\/www.rajce.net\/a8510014\"><span style=\"color: #0000ff;\">foto Luk\u00e1\u0161 Nosek<\/span><\/a>\u00a0\u00a0\u00a0\u00a0\u00a0\u00a0 <a href=\"http:\/\/arcus-oc.org\/wordpress\/wp-content\/uploads\/2013\/05\/Logo-Luk\u00e1\u0161-Nosek.jpg\"><img decoding=\"async\" loading=\"lazy\" class=\"alignnone size-medium wp-image-707\" alt=\"Logo Luk\u00e1\u0161 Nosek\" src=\"http:\/\/arcus-oc.org\/wordpress\/wp-content\/uploads\/2013\/05\/Logo-Luk\u00e1\u0161-Nosek-300x93.jpg\" width=\"201\" height=\"43\" \/><\/a><\/span><\/div>\n<p><span style=\"color: #008000;\"><strong><a href=\"http:\/\/arcus-oc.org\/wordpress\/wp-content\/uploads\/2013\/05\/sponzo\u0159i-benef.akce-20.7.2013.doc\"><span style=\"color: #008000;\">sponzo\u0159i benefi\u010dn\u00ed akce 20.7.2013<\/span><\/a><\/strong><\/span><\/p>\n<div>videouk\u00e1zky:\u00a0<span style=\"color: #800080;\"><a href=\"http:\/\/www.youtube.com\/watch?v=Tx_9CqTlP8U\"><span style=\"color: #800080;\">Kobl\u00ed\u017eci<\/span><\/a><\/span><\/div>\n<div>\u00a0\u00a0\u00a0\u00a0\u00a0\u00a0\u00a0\u00a0\u00a0\u00a0\u00a0\u00a0\u00a0\u00a0\u00a0\u00a0\u00a0\u00a0\u00a0\u00a0<span style=\"color: #800080;\"> <a href=\"http:\/\/www.youtube.com\/watch?v=7_Nlnd-AGzU\"><span style=\"color: #800080;\">CALLIBOS M.S:<\/span><\/a><\/span><\/div>\n<div>\u00a0\u00a0\u00a0\u00a0\u00a0\u00a0\u00a0\u00a0\u00a0\u00a0\u00a0\u00a0\u00a0\u00a0\u00a0\u00a0\u00a0\u00a0\u00a0\u00a0<span style=\"color: #800080;\"> <a href=\"http:\/\/www.youtube.com\/watch?v=7ikThobgHPY\"><span style=\"color: #800080;\">KERN<\/span><\/a><\/span><\/div>\n<div>\u00a0\u00a0\u00a0\u00a0\u00a0\u00a0\u00a0\u00a0\u00a0\u00a0\u00a0\u00a0\u00a0\u00a0\u00a0\u00a0\u00a0\u00a0\u00a0\u00a0<span style=\"color: #800080;\"> <a href=\"http:\/\/www.youtube.com\/watch?v=AvuNzIKmV8I\"><span style=\"color: #800080;\">SEGMENT<\/span><\/a>\u00a0<\/span><\/div>\n<div>\u00a0\u00a0\u00a0\u00a0\u00a0\u00a0\u00a0\u00a0\u00a0\u00a0\u00a0\u00a0\u00a0\u00a0\u00a0\u00a0\u00a0\u00a0\u00a0\u00a0<span style=\"color: #800080;\"> <a href=\"http:\/\/www.youtube.com\/watch?v=rBr8tDfVamU\"><span style=\"color: #800080;\">R.I.B.<\/span><\/a><\/span><\/div>\n<div><\/div>\n<div><\/div>\n<div><span style=\"color: #008080;\"><strong>Litovel 2013<\/strong><\/span><br \/>\nRockov\u00e9 velikonoce\u00a0 benefi\u010dn\u00ed akce na podporu onkologick\u00fdch program\u016f<br \/>\n<span style=\"color: #800000;\">30.3.2013 od 18 hod<\/span>. Z\u00e1lo\u017ena Litovel\u00a0\u00a0\u00a0 v programu vystoupily kapely : <strong><span style=\"color: #008000;\"><a href=\"http:\/\/www.brichta.cz\/index.php?option=com_content&amp;view=article&amp;id=390:arcus--onko-centrum-&amp;catid=1:latest-news&amp;Itemid=156\"><span style=\"color: #008000;\">Ale\u0161 Brichta AB Band<\/span><\/a>\u00a0, <a href=\"http:\/\/www.blackbullrock.com\/start.php\"><span style=\"color: #008000;\">Black Bull<\/span><\/a><\/span>,\u00a0<span style=\"color: #008000;\"><a href=\"http:\/\/venefica.cz\"><span style=\"color: #008000;\">Venefica<\/span><\/a>\u00a0<\/span> a\u00a0\u00a0 <span style=\"color: #008000;\"><a href=\"http:\/\/bandzone.cz\/metallicarevivallitovel\"><span style=\"color: #008000;\">Metallica Revival Litovel<\/span><\/a><\/span><\/strong><\/div>\n<p><strong><span style=\"color: #0000ff;\"><a href=\"http:\/\/arcus-oc.rajce.idnes.cz\/foto_Rockove_velikonoce_30.3.2013\"><span style=\"color: #0000ff;\">foto z akce<\/span><\/a><\/span><\/strong><strong><span style=\"color: #008080;\">\u00a0\u00a0\u00a0\u00a0\u00a0\u00a0\u00a0\u00a0\u00a0\u00a0\u00a0\u00a0\u00a0\u00a0\u00a0\u00a0\u00a0\u00a0\u00a0\u00a0\u00a0\u00a0\u00a0\u00a0\u00a0\u00a0\u00a0\u00a0\u00a0\u00a0\u00a0\u00a0\u00a0\u00a0\u00a0\u00a0\u00a0\u00a0\u00a0\u00a0\u00a0\u00a0\u00a0 <a href=\"http:\/\/arcus-oc.org\/wordpress\/wp-content\/uploads\/2013\/05\/sponzori-30.3.20131.pdf\"><span style=\"color: #008080;\">sponzo\u0159i 30.3.2013<\/span><\/a><\/span><\/strong><\/p>\n<p><a href=\"http:\/\/arcus-oc.org\/wordpress\/wp-content\/uploads\/2013\/05\/Plak\u00e1t-30.3.-VELIKONOCE.jpg-2.jpg\"><img decoding=\"async\" loading=\"lazy\" class=\"alignnone size-medium wp-image-299\" alt=\"Plak\u00e1t 30.3. ROCKOV\u00c9 VELIKONOCE.\" src=\"http:\/\/arcus-oc.org\/wordpress\/wp-content\/uploads\/2013\/05\/Plak\u00e1t-30.3.-VELIKONOCE.jpg-2-205x300.jpg\" width=\"205\" height=\"300\" srcset=\"https:\/\/arcus-oc.org\/wordpress\/wp-content\/uploads\/2013\/05\/Plak\u00e1t-30.3.-VELIKONOCE.jpg-2-205x300.jpg 205w, https:\/\/arcus-oc.org\/wordpress\/wp-content\/uploads\/2013\/05\/Plak\u00e1t-30.3.-VELIKONOCE.jpg-2-171x250.jpg 171w, https:\/\/arcus-oc.org\/wordpress\/wp-content\/uploads\/2013\/05\/Plak\u00e1t-30.3.-VELIKONOCE.jpg-2.jpg 414w\" sizes=\"(max-width: 205px) 100vw, 205px\" \/><\/a>\u00a0<a href=\"http:\/\/arcus-oc.org\/wordpress\/wp-content\/uploads\/2013\/05\/Ales-brichta.jpg\"><img decoding=\"async\" loading=\"lazy\" class=\"alignnone size-medium wp-image-552\" alt=\"Ales brichta\" src=\"http:\/\/arcus-oc.org\/wordpress\/wp-content\/uploads\/2013\/05\/Ales-brichta-300x199.jpg\" width=\"327\" height=\"234\" \/><\/a><\/p>\n","protected":false},"excerpt":{"rendered":"<p>Lo\u0161tice 2013 30.11.2013 od 18,00 hod. Kulturn\u00ed d\u016fm\u00a0 Lo\u0161tice V\u00a0programu Mikul\u00e1\u0161sk\u00e9 z\u00e1bavy vystoupil Zlat\u00fd slav\u00edk 2012 a St\u0159\u00edbrn\u00fd slav\u00edk 2013 \u00a0Tom\u00e1\u0161 Klus\u00a0a\u00a0kapela Herrgott, zvuk\u00a0OK Sound Kamil Rozsypal.\u00a0 videouk\u00e1zka 30.11.2013 Lo\u0161tice sponzo\u0159i benefi\u010dn\u00ed akce 30.11.2013 \u010dl\u00e1nek z benefi\u010dn\u00ed akce \u010cervenka 2013 20.7.2013 od 14 hod.\u00a0venkovn\u00ed are\u00e1l Ol\u0161e , \u010cervenka v programu vystoupily tyto kapely: Kobl\u00ed\u017eci,\u00a0R.I.B., KERN\u00a0, [&hellip;]<\/p>\n","protected":false},"author":1,"featured_media":0,"parent":0,"menu_order":0,"comment_status":"open","ping_status":"open","template":"","meta":[],"_links":{"self":[{"href":"https:\/\/arcus-oc.org\/index.php?rest_route=\/wp\/v2\/pages\/108"}],"collection":[{"href":"https:\/\/arcus-oc.org\/index.php?rest_route=\/wp\/v2\/pages"}],"about":[{"href":"https:\/\/arcus-oc.org\/index.php?rest_route=\/wp\/v2\/types\/page"}],"author":[{"embeddable":true,"href":"https:\/\/arcus-oc.org\/index.php?rest_route=\/wp\/v2\/users\/1"}],"replies":[{"embeddable":true,"href":"https:\/\/arcus-oc.org\/index.php?rest_route=%2Fwp%2Fv2%2Fcomments&post=108"}],"version-history":[{"count":51,"href":"https:\/\/arcus-oc.org\/index.php?rest_route=\/wp\/v2\/pages\/108\/revisions"}],"predecessor-version":[{"id":288,"href":"https:\/\/arcus-oc.org\/index.php?rest_route=\/wp\/v2\/pages\/108\/revisions\/288"}],"wp:attachment":[{"href":"https:\/\/arcus-oc.org\/index.php?rest_route=%2Fwp%2Fv2%2Fmedia&parent=108"}],"curies":[{"name":"wp","href":"https:\/\/api.w.org\/{rel}","templated":true}]}}